{"id":6907,"date":"2025-08-29T05:46:28","date_gmt":"2025-08-29T05:46:28","guid":{"rendered":"https:\/\/dersuessestopp.com\/?post_type=product&#038;p=6907"},"modified":"2025-08-29T05:50:21","modified_gmt":"2025-08-29T05:50:21","slug":"spaceman-6378ab-c-ultra-visokozmogljiv-twin-twist-zamrzovalnik-za-brezalkoholne-pijace","status":"publish","type":"product","link":"https:\/\/dersuessestopp.com\/sl\/product\/spaceman-6378ab-c-ultra-high-capacity-twin-twist-soft-serve-freezer\/","title":{"rendered":"Spaceman 6378AB-C - izjemno zmogljiva zamrzovalna skrinja z dvojnim zasukom za mehke jedi"},"content":{"rendered":"<p data-start=\"198\" data-end=\"535\">Spaceman 6378AB-C je visokozmogljiv zamrzovalnik z dvojnim obra\u010danjem, namenjen podjetjem, ki zahtevajo najve\u010djo zmogljivost in stalno kakovost izdelkov. Z zmo\u017enostjo proizvodnje do <strong data-start=\"386\" data-end=\"417\">800 obrokov (80 g) na uro<\/strong>, je ta model idealen za prometne prodajalne sladoleda, verige zamrznjenih jogurtov, zabavi\u0161\u010dne lokale in restavracije z velikim \u0161tevilom obiskovalcev.<\/p>\n<p data-start=\"537\" data-end=\"847\">Predstavljamo <strong data-start=\"547\" data-end=\"579\">dva 10L hladilna lijaka<\/strong> in . <strong data-start=\"584\" data-end=\"615\">dva 3,2-litrska zamrzovalna valja<\/strong>, 6378AB-C zagotavlja izjemno zmogljivost, hitro obnavljanje in gladko, kremasto teksturo izdelka. Izdelan je z napredno Spacemanovo tehnologijo zamrzovanja, ki zagotavlja zanesljivost in u\u010dinkovitost tudi med najve\u010djimi delovnimi urami.<\/p>\n<hr data-start=\"935\" data-end=\"938\" \/>\n<h3 data-start=\"849\" data-end=\"867\">Klju\u010dne lastnosti<\/h3>\n<ul data-start=\"868\" data-end=\"1787\">\n<li data-start=\"868\" data-end=\"960\">\n<p data-start=\"870\" data-end=\"960\"><strong data-start=\"870\" data-end=\"895\">Doziranje Twin Twist<\/strong> - Ponuja dva okusa in mo\u017enost zasuka za raznolikost menija.<\/p>\n<\/li>\n<li data-start=\"961\" data-end=\"1073\">\n<p data-start=\"963\" data-end=\"1073\"><strong data-start=\"963\" data-end=\"984\">Izjemno visoka zmogljivost<\/strong> - Proizvaja do <strong data-start=\"1002\" data-end=\"1033\">800 obrokov (80 g) na uro<\/strong>, zasnovan za podjetja z velikim povpra\u0161evanjem.<\/p>\n<\/li>\n<li data-start=\"1074\" data-end=\"1171\">\n<p data-start=\"1076\" data-end=\"1171\"><strong data-start=\"1076\" data-end=\"1104\">Veliki zamrzovalni valji<\/strong> - 2 \u00d7 3,2-litrska jeklenke za dalj\u0161o proizvodnjo in hitro regeneracijo.<\/p>\n<\/li>\n<li data-start=\"1172\" data-end=\"1267\">\n<p data-start=\"1174\" data-end=\"1267\"><strong data-start=\"1174\" data-end=\"1198\">Hladilni zalogovniki<\/strong> - 2 \u00d7 10L rezervoarja ohranjata me\u0161anico sve\u017eo in pripravljeno za neprekinjeno uporabo.<\/p>\n<\/li>\n<li data-start=\"1268\" data-end=\"1388\">\n<p data-start=\"1270\" data-end=\"1388\"><strong data-start=\"1270\" data-end=\"1304\">Uporabniku prijazni digitalni upravljalniki<\/strong> - Enostaven vmesnik za spremljanje skladnosti, temperature in u\u010dinkovitosti.<\/p>\n<\/li>\n<li data-start=\"1389\" data-end=\"1485\">\n<p data-start=\"1391\" data-end=\"1485\"><strong data-start=\"1391\" data-end=\"1430\">Na\u010dini pripravljenosti, blagega zagona in odmrzovanja<\/strong> - Pove\u010dajte udobje, varnost in enostavnost \u010di\u0161\u010denja.<\/p>\n<\/li>\n<li data-start=\"1486\" data-end=\"1598\">\n<p data-start=\"1488\" data-end=\"1598\"><strong data-start=\"1488\" data-end=\"1515\">Vgrajeni varnostni sistemi<\/strong> - Vklju\u010duje opozorilo o nizki koli\u010dini me\u0161anice, za\u0161\u010dito pred preobremenitvijo motorja in temperaturne za\u0161\u010dite.<\/p>\n<\/li>\n<li data-start=\"1599\" data-end=\"1698\">\n<p data-start=\"1601\" data-end=\"1698\"><strong data-start=\"1601\" data-end=\"1644\">Te\u017eka konstrukcija iz nerjave\u010dega jekla<\/strong> - Trajna, mobilna zasnova za dolgoro\u010dno zanesljivost.<\/p>\n<\/li>\n<li data-start=\"1699\" data-end=\"1787\">\n<p data-start=\"1701\" data-end=\"1787\"><strong data-start=\"1701\" data-end=\"1722\">Razpolo\u017eljive mo\u017enosti<\/strong> - Vodno hlajeni sistem in zra\u010dni \u017eleb za prilagodljivo namestitev.<\/p>\n<\/li>\n<\/ul>\n<hr data-start=\"935\" data-end=\"938\" \/>\n<h3 data-start=\"1789\" data-end=\"1809\">Specifikacije<\/h3>\n<table>\n<thead>\n<tr>\n<th>Funkcija<\/th>\n<th>Podrobnosti<\/th>\n<\/tr>\n<\/thead>\n<tbody>\n<tr>\n<td><strong>Okusi<\/strong><\/td>\n<td>2 + Twist<\/td>\n<\/tr>\n<tr>\n<td><strong>Zmogljivost (80 g)<\/strong><\/td>\n<td>800 obrokov\/uro<\/td>\n<\/tr>\n<tr>\n<td><strong>Cilindri<\/strong><\/td>\n<td>2 \u00d7 3.2L<\/td>\n<\/tr>\n<tr>\n<td><strong>Hoperji<\/strong><\/td>\n<td>2 \u00d7 10L<\/td>\n<\/tr>\n<tr>\n<td><strong>Napajanje (50 Hz \/ 60 Hz)<\/strong><\/td>\n<td>5,5 kW \/ 5,8 kW<\/td>\n<\/tr>\n<tr>\n<td><strong>Neto\/ladijska te\u017ea (kg)<\/strong><\/td>\n<td>273 \/ 295<\/td>\n<\/tr>\n<tr>\n<td><strong>Neto mere (mm)<\/strong><\/td>\n<td>553 \u00d7 706 \u00d7 1613<\/td>\n<\/tr>\n<tr>\n<td><strong>Dimenzije ladje (mm)<\/strong><\/td>\n<td>770 \u00d7 890 \u00d7 1720<\/td>\n<\/tr>\n<tr>\n<td><strong>Napajanje<\/strong><\/td>\n<td>380V\/3Ph\/50Hz, 220V\/3Ph\/60Hz<\/td>\n<\/tr>\n<tr>\n<td><strong>Razpolo\u017eljive mo\u017enosti<\/strong><\/td>\n<td>Vodno hlajenje, zra\u010dni \u017eleb<\/td>\n<\/tr>\n<\/tbody>\n<\/table>","protected":false},"excerpt":{"rendered":"<p>The Spaceman 6378AB-C is a heavy-duty, twin-twist soft serve freezer engineered for businesses that demand maximum output and consistent product quality. With the ability to produce up to 800 servings (80g) per hour, this model is ideal for busy ice cream shops, frozen yogurt chains, amusement venues, and high-volume restaurants. Featuring two 10L refrigerated hoppers [&hellip;]<\/p>\n","protected":false},"featured_media":6908,"comment_status":"open","ping_status":"closed","template":"","meta":[],"product_brand":[],"product_cat":[33],"product_tag":[],"class_list":{"0":"post-6907","1":"product","2":"type-product","3":"status-publish","4":"has-post-thumbnail","6":"product_cat-elite-series","8":"first","9":"instock","10":"shipping-taxable","11":"product-type-simple"},"_links":{"self":[{"href":"https:\/\/dersuessestopp.com\/sl\/wp-json\/wp\/v2\/product\/6907","targetHints":{"allow":["GET"]}}],"collection":[{"href":"https:\/\/dersuessestopp.com\/sl\/wp-json\/wp\/v2\/product"}],"about":[{"href":"https:\/\/dersuessestopp.com\/sl\/wp-json\/wp\/v2\/types\/product"}],"replies":[{"embeddable":true,"href":"https:\/\/dersuessestopp.com\/sl\/wp-json\/wp\/v2\/comments?post=6907"}],"version-history":[{"count":3,"href":"https:\/\/dersuessestopp.com\/sl\/wp-json\/wp\/v2\/product\/6907\/revisions"}],"predecessor-version":[{"id":6911,"href":"https:\/\/dersuessestopp.com\/sl\/wp-json\/wp\/v2\/product\/6907\/revisions\/6911"}],"wp:featuredmedia":[{"embeddable":true,"href":"https:\/\/dersuessestopp.com\/sl\/wp-json\/wp\/v2\/media\/6908"}],"wp:attachment":[{"href":"https:\/\/dersuessestopp.com\/sl\/wp-json\/wp\/v2\/media?parent=6907"}],"wp:term":[{"taxonomy":"product_brand","embeddable":true,"href":"https:\/\/dersuessestopp.com\/sl\/wp-json\/wp\/v2\/product_brand?post=6907"},{"taxonomy":"product_cat","embeddable":true,"href":"https:\/\/dersuessestopp.com\/sl\/wp-json\/wp\/v2\/product_cat?post=6907"},{"taxonomy":"product_tag","embeddable":true,"href":"https:\/\/dersuessestopp.com\/sl\/wp-json\/wp\/v2\/product_tag?post=6907"}],"curies":[{"name":"wp","href":"https:\/\/api.w.org\/{rel}","templated":true}]}}