{"id":6901,"date":"2025-08-29T05:35:33","date_gmt":"2025-08-29T05:35:33","guid":{"rendered":"https:\/\/dersuessestopp.com\/?post_type=product&#038;p=6901"},"modified":"2025-08-29T05:35:33","modified_gmt":"2025-08-29T05:35:33","slug":"spaceman-6368ab-c-visokozmogljiv-twin-twist-zamrzovalnik-za-brezalkoholne-pijace","status":"publish","type":"product","link":"https:\/\/dersuessestopp.com\/sl\/product\/spaceman-6368ab-c-high-capacity-twin-twist-soft-serve-freezer\/","title":{"rendered":"Spaceman 6368AB-C - Visokokapacitetna zamrzovalna skrinja z dvojnim zasukom za mehke jedi"},"content":{"rendered":"<p data-start=\"204\" data-end=\"601\">Spaceman 6368AB-C je zmogljiv zamrzovalnik z dvojnim obra\u010danjem, namenjen podjetjem, ki potrebujejo zanesljivo delovanje in visoko zmogljivost. Z zmogljivostjo za proizvodnjo do <strong data-start=\"377\" data-end=\"408\">620 obrokov (80 g) na uro<\/strong>, je ta model idealen za prometne prodajalne sladoleda, prodajalne zamrznjenega jogurta, zabavi\u0161\u010dne lokale in restavracije z velikim \u0161tevilom obiskovalcev, ki \u017eelijo postre\u010di z dvema okusoma in mo\u017enostjo zasuka z dosledno kakovostjo.<\/p>\n<p data-start=\"603\" data-end=\"926\">Opremljen z <strong data-start=\"617\" data-end=\"648\">dva hladilna lijaka po 8 l<\/strong> in . <strong data-start=\"653\" data-end=\"684\">dva 1,7-litrska zamrzovalna valja<\/strong>, 6368AB-C zagotavlja gladko, kremasto mehko hrano in ohranja sve\u017eino skozi ves dan. Njegova robustna zasnova in napredna tehnologija zamrzovanja zagotavljata hitro obnavljanje, zato je popolnoma primeren za neprekinjeno uporabo med prometnimi konicami.<\/p>\n<hr data-start=\"935\" data-end=\"938\" \/>\n<h3 data-start=\"928\" data-end=\"946\">Klju\u010dne lastnosti<\/h3>\n<ul data-start=\"947\" data-end=\"1813\">\n<li data-start=\"947\" data-end=\"1032\">\n<p data-start=\"949\" data-end=\"1032\"><strong data-start=\"949\" data-end=\"974\">Doziranje Twin Twist<\/strong> - Dva okusa in mo\u017enost zasuka za raznolikost menija.<\/p>\n<\/li>\n<li data-start=\"1033\" data-end=\"1143\">\n<p data-start=\"1035\" data-end=\"1143\"><strong data-start=\"1035\" data-end=\"1059\">Visoka izhodna zmogljivost<\/strong> - Proizvaja do <strong data-start=\"1077\" data-end=\"1108\">620 obrokov (80 g) na uro<\/strong>, ki je zasnovan za zahtevne operacije.<\/p>\n<\/li>\n<li data-start=\"1144\" data-end=\"1251\">\n<p data-start=\"1146\" data-end=\"1251\"><strong data-start=\"1146\" data-end=\"1173\">Dvojni zamrzovalni valji<\/strong> - 2 valja s prostornino 1,7 l zagotavljata konsistentno strukturo izdelka in hitro regeneracijo.<\/p>\n<\/li>\n<li data-start=\"1252\" data-end=\"1335\">\n<p data-start=\"1254\" data-end=\"1335\"><strong data-start=\"1254\" data-end=\"1278\">Hladilni zalogovniki<\/strong> - V 2 \u00d7 8-litrskih zalogovnikih je me\u0161anica sve\u017ea in pripravljena za uporabo.<\/p>\n<\/li>\n<li data-start=\"1336\" data-end=\"1427\">\n<p data-start=\"1338\" data-end=\"1427\"><strong data-start=\"1338\" data-end=\"1372\">Uporabniku prijazni digitalni upravljalniki<\/strong> - Vmesnik, enostaven za uporabo, s spremljanjem u\u010dinkovitosti.<\/p>\n<\/li>\n<li data-start=\"1428\" data-end=\"1520\">\n<p data-start=\"1430\" data-end=\"1520\"><strong data-start=\"1430\" data-end=\"1457\">Na\u010dini pripravljenosti in odmrzovanja<\/strong> - Pove\u010dajte varnost, \u010di\u0161\u010denje in udobje med izpadom.<\/p>\n<\/li>\n<li data-start=\"1521\" data-end=\"1627\">\n<p data-start=\"1523\" data-end=\"1627\"><strong data-start=\"1523\" data-end=\"1550\">Vgrajeni varnostni sistemi<\/strong> - Vklju\u010duje opozorilo o nizki koli\u010dini me\u0161anice, za\u0161\u010dito pred preobremenitvijo in temperaturne za\u0161\u010dite.<\/p>\n<\/li>\n<li data-start=\"1628\" data-end=\"1723\">\n<p data-start=\"1630\" data-end=\"1723\"><strong data-start=\"1630\" data-end=\"1664\">Trajna zasnova iz nerjave\u010dega jekla<\/strong> - Visokozmogljiva konstrukcija z mobilnostjo za prilagodljivo namestitev.<\/p>\n<\/li>\n<li data-start=\"1724\" data-end=\"1813\">\n<p data-start=\"1726\" data-end=\"1813\"><strong data-start=\"1726\" data-end=\"1747\">Razpolo\u017eljive mo\u017enosti<\/strong> - Vodno hlajeni sistem in zra\u010dni \u017eleb za prilagodljivo namestitev.<\/p>\n<\/li>\n<\/ul>\n<hr data-start=\"935\" data-end=\"938\" \/>\n<h3 data-start=\"1815\" data-end=\"1835\">Specifikacije<\/h3>\n<table>\n<thead>\n<tr>\n<th>Funkcija<\/th>\n<th>Podrobnosti<\/th>\n<\/tr>\n<\/thead>\n<tbody>\n<tr>\n<td><strong>Okusi<\/strong><\/td>\n<td>2 + Twist<\/td>\n<\/tr>\n<tr>\n<td><strong>Zmogljivost (80 g)<\/strong><\/td>\n<td>620 obrokov\/uro<\/td>\n<\/tr>\n<tr>\n<td><strong>Cilindri<\/strong><\/td>\n<td>2 \u00d7 1.7L<\/td>\n<\/tr>\n<tr>\n<td><strong>Hoperji<\/strong><\/td>\n<td>2 \u00d7 8L<\/td>\n<\/tr>\n<tr>\n<td><strong>Napajanje (50 Hz \/ 60 Hz)<\/strong><\/td>\n<td>4,6 kW \/ 4,8 kW<\/td>\n<\/tr>\n<tr>\n<td><strong>Neto\/ladijska te\u017ea (kg)<\/strong><\/td>\n<td>250 \/ 270<\/td>\n<\/tr>\n<tr>\n<td><strong>Neto mere (mm)<\/strong><\/td>\n<td>532 \u00d7 652 \u00d7 1494<\/td>\n<\/tr>\n<tr>\n<td><strong>Dimenzije ladje (mm)<\/strong><\/td>\n<td>650 \u00d7 820 \u00d7 1640<\/td>\n<\/tr>\n<tr>\n<td><strong>Napajanje<\/strong><\/td>\n<td>380V\/3Ph\/50Hz, 220V\/3Ph\/60Hz<\/td>\n<\/tr>\n<tr>\n<td><strong>Razpolo\u017eljive mo\u017enosti<\/strong><\/td>\n<td>Vodno hlajenje, zra\u010dni \u017eleb<\/td>\n<\/tr>\n<\/tbody>\n<\/table>","protected":false},"excerpt":{"rendered":"<p>The Spaceman 6368AB-C is a powerful twin-twist soft serve freezer designed for businesses that need reliable performance and high output. With the capacity to produce up to 620 servings (80g) per hour, this model is ideal for busy ice cream shops, frozen yogurt stores, amusement venues, and high-volume restaurants that want to serve two flavors [&hellip;]<\/p>\n","protected":false},"featured_media":6902,"comment_status":"open","ping_status":"closed","template":"","meta":[],"product_brand":[],"product_cat":[33],"product_tag":[],"class_list":{"0":"post-6901","1":"product","2":"type-product","3":"status-publish","4":"has-post-thumbnail","6":"product_cat-elite-series","8":"first","9":"instock","10":"shipping-taxable","11":"product-type-simple"},"_links":{"self":[{"href":"https:\/\/dersuessestopp.com\/sl\/wp-json\/wp\/v2\/product\/6901","targetHints":{"allow":["GET"]}}],"collection":[{"href":"https:\/\/dersuessestopp.com\/sl\/wp-json\/wp\/v2\/product"}],"about":[{"href":"https:\/\/dersuessestopp.com\/sl\/wp-json\/wp\/v2\/types\/product"}],"replies":[{"embeddable":true,"href":"https:\/\/dersuessestopp.com\/sl\/wp-json\/wp\/v2\/comments?post=6901"}],"version-history":[{"count":1,"href":"https:\/\/dersuessestopp.com\/sl\/wp-json\/wp\/v2\/product\/6901\/revisions"}],"predecessor-version":[{"id":6903,"href":"https:\/\/dersuessestopp.com\/sl\/wp-json\/wp\/v2\/product\/6901\/revisions\/6903"}],"wp:featuredmedia":[{"embeddable":true,"href":"https:\/\/dersuessestopp.com\/sl\/wp-json\/wp\/v2\/media\/6902"}],"wp:attachment":[{"href":"https:\/\/dersuessestopp.com\/sl\/wp-json\/wp\/v2\/media?parent=6901"}],"wp:term":[{"taxonomy":"product_brand","embeddable":true,"href":"https:\/\/dersuessestopp.com\/sl\/wp-json\/wp\/v2\/product_brand?post=6901"},{"taxonomy":"product_cat","embeddable":true,"href":"https:\/\/dersuessestopp.com\/sl\/wp-json\/wp\/v2\/product_cat?post=6901"},{"taxonomy":"product_tag","embeddable":true,"href":"https:\/\/dersuessestopp.com\/sl\/wp-json\/wp\/v2\/product_tag?post=6901"}],"curies":[{"name":"wp","href":"https:\/\/api.w.org\/{rel}","templated":true}]}}