{"id":6898,"date":"2025-08-29T05:28:39","date_gmt":"2025-08-29T05:28:39","guid":{"rendered":"https:\/\/dersuessestopp.com\/?post_type=product&#038;p=6898"},"modified":"2025-08-29T05:28:40","modified_gmt":"2025-08-29T05:28:40","slug":"spaceman-6234ab-c-kompaktna-zamrzovalna-skrinja-z-dvojnim-dvojckom","status":"publish","type":"product","link":"https:\/\/dersuessestopp.com\/sl\/product\/spaceman-6234ab-c-compact-twin-twist-soft-serve-freezer\/","title":{"rendered":"Spaceman 6234AB-C - Kompaktna zamrzovalna skrinja z dvema zavrtljajema"},"content":{"rendered":"<p data-start=\"208\" data-end=\"596\">Spaceman 6234AB-C je kompaktna zamrzovalna naprava z dvema zvitkoma, namenjena podjetjem, ki \u017eelijo ponuditi dva okusa in mo\u017enost zvitka, ne da bi zavzela preve\u010d prostora. Z mo\u017enostjo proizvodnje do <strong data-start=\"416\" data-end=\"447\">280 obrokov (80 g) na uro<\/strong>, ta model je primeren za kavarne, majhne restavracije, trgovine z zamrznjenim jogurtom in prodajalne, ki \u017eelijo popestriti ponudbo sladic.<\/p>\n<p data-start=\"598\" data-end=\"888\">Opremljen z <strong data-start=\"612\" data-end=\"643\">dva 5L hladilna lijaka<\/strong> in . <strong data-start=\"648\" data-end=\"679\">dva 1,2-litrska zamrzovalna valja<\/strong>, 6234AB-C zagotavlja dosledno kakovost in gladko teksturo izdelka. Zaradi majhnih dimenzij je idealen za uporabo na pultu, Spacemanova napredna tehnologija zamrzovanja pa zagotavlja u\u010dinkovitost in zanesljivost.<\/p>\n<hr data-start=\"935\" data-end=\"938\" \/>\n<h3 data-start=\"890\" data-end=\"908\">Klju\u010dne lastnosti<\/h3>\n<ul data-start=\"909\" data-end=\"1782\">\n<li data-start=\"909\" data-end=\"1014\">\n<p data-start=\"911\" data-end=\"1014\"><strong data-start=\"911\" data-end=\"936\">Doziranje Twin Twist<\/strong> - Ponuja dva posamezna okusa in mo\u017enost twist za dodatno raznolikost menija.<\/p>\n<\/li>\n<li data-start=\"1015\" data-end=\"1134\">\n<p data-start=\"1017\" data-end=\"1134\"><strong data-start=\"1017\" data-end=\"1040\">Kompaktna zmogljivost<\/strong> - Proizvaja do <strong data-start=\"1058\" data-end=\"1089\">280 obrokov (80 g) na uro<\/strong>, ki je idealen za manj\u0161e in srednje obse\u017ene dejavnosti.<\/p>\n<\/li>\n<li data-start=\"1135\" data-end=\"1234\">\n<p data-start=\"1137\" data-end=\"1234\"><strong data-start=\"1137\" data-end=\"1164\">Dvojni zamrzovalni valji<\/strong> - 2 \u00d7 1,2-litrski jeklenki zagotavljata enakomerno zamrzovanje in hitro regeneracijo.<\/p>\n<\/li>\n<li data-start=\"1235\" data-end=\"1327\">\n<p data-start=\"1237\" data-end=\"1327\"><strong data-start=\"1237\" data-end=\"1261\">Hladilni zalogovniki<\/strong> - 2 \u00d7 5L rezervoarja poskrbita za ohlajeno in sve\u017eo me\u0161anico ves dan.<\/p>\n<\/li>\n<li data-start=\"1328\" data-end=\"1422\">\n<p data-start=\"1330\" data-end=\"1422\"><strong data-start=\"1330\" data-end=\"1356\">Uporabniku prijazni upravljalni elementi<\/strong> - Enostaven vmesnik s spremljanjem temperature in konsistence.<\/p>\n<\/li>\n<li data-start=\"1423\" data-end=\"1513\">\n<p data-start=\"1425\" data-end=\"1513\"><strong data-start=\"1425\" data-end=\"1441\">Na\u010din pripravljenosti<\/strong> - Pomaga ohranjati varnost \u017eivil in sve\u017eino izdelkov v \u010dasu mirovanja.<\/p>\n<\/li>\n<li data-start=\"1514\" data-end=\"1615\">\n<p data-start=\"1516\" data-end=\"1615\"><strong data-start=\"1516\" data-end=\"1535\">Varnostne funkcije<\/strong> - Vklju\u010duje opozorila o ravni me\u0161anice, za\u0161\u010dito pred preobremenitvijo in temperaturne za\u0161\u010dite.<\/p>\n<\/li>\n<li data-start=\"1616\" data-end=\"1718\">\n<p data-start=\"1618\" data-end=\"1718\"><strong data-start=\"1618\" data-end=\"1652\">Trajna zasnova iz nerjave\u010dega jekla<\/strong> - Izdelan je za zanesljivost s kompaktnim, prostorsko var\u010dnim tlorisom.<\/p>\n<\/li>\n<li data-start=\"1719\" data-end=\"1782\">\n<p data-start=\"1721\" data-end=\"1782\"><strong data-start=\"1721\" data-end=\"1741\">Razpolo\u017eljiva mo\u017enost<\/strong> - Zra\u010dni \u017eleb za prilagodljivo namestitev.<\/p>\n<\/li>\n<\/ul>\n<hr data-start=\"935\" data-end=\"938\" \/>\n<h3 data-start=\"1784\" data-end=\"1804\">Specifikacije<\/h3>\n<table>\n<thead>\n<tr>\n<th>Funkcija<\/th>\n<th>Podrobnosti<\/th>\n<\/tr>\n<\/thead>\n<tbody>\n<tr>\n<td><strong>Okusi<\/strong><\/td>\n<td>2 + Twist<\/td>\n<\/tr>\n<tr>\n<td><strong>Zmogljivost (80 g)<\/strong><\/td>\n<td>280 servisov\/uro<\/td>\n<\/tr>\n<tr>\n<td><strong>Cilindri<\/strong><\/td>\n<td>2 \u00d7 1.2L<\/td>\n<\/tr>\n<tr>\n<td><strong>Hoperji<\/strong><\/td>\n<td>2 \u00d7 5L<\/td>\n<\/tr>\n<tr>\n<td><strong>Napajanje (50 Hz \/ 60 Hz)<\/strong><\/td>\n<td>2,3 kW \/ 2,4 kW<\/td>\n<\/tr>\n<tr>\n<td><strong>Neto\/ladijska te\u017ea (kg)<\/strong><\/td>\n<td>145 \/ 160<\/td>\n<\/tr>\n<tr>\n<td><strong>Neto mere (mm)<\/strong><\/td>\n<td>444 \u00d7 705 \u00d7 880<\/td>\n<\/tr>\n<tr>\n<td><strong>Dimenzije ladje (mm)<\/strong><\/td>\n<td>530 \u00d7 830 \u00d7 1080<\/td>\n<\/tr>\n<tr>\n<td><strong>Napajanje<\/strong><\/td>\n<td>220V\/1Ph\/50Hz, 220V\/1Ph\/60Hz<\/td>\n<\/tr>\n<tr>\n<td><strong>Razpolo\u017eljive mo\u017enosti<\/strong><\/td>\n<td>Zra\u010dni \u017eleb<\/td>\n<\/tr>\n<\/tbody>\n<\/table>","protected":false},"excerpt":{"rendered":"<p>The Spaceman 6234AB-C is a compact twin-twist soft serve freezer designed for businesses that want to offer two flavors plus a twist option without taking up too much space. With the ability to produce up to 280 servings (80g) per hour, this model is a great fit for caf\u00e9s, small restaurants, frozen yogurt shops, and [&hellip;]<\/p>\n","protected":false},"featured_media":6899,"comment_status":"open","ping_status":"closed","template":"","meta":[],"product_brand":[],"product_cat":[33],"product_tag":[],"class_list":{"0":"post-6898","1":"product","2":"type-product","3":"status-publish","4":"has-post-thumbnail","6":"product_cat-elite-series","8":"first","9":"instock","10":"shipping-taxable","11":"product-type-simple"},"_links":{"self":[{"href":"https:\/\/dersuessestopp.com\/sl\/wp-json\/wp\/v2\/product\/6898","targetHints":{"allow":["GET"]}}],"collection":[{"href":"https:\/\/dersuessestopp.com\/sl\/wp-json\/wp\/v2\/product"}],"about":[{"href":"https:\/\/dersuessestopp.com\/sl\/wp-json\/wp\/v2\/types\/product"}],"replies":[{"embeddable":true,"href":"https:\/\/dersuessestopp.com\/sl\/wp-json\/wp\/v2\/comments?post=6898"}],"version-history":[{"count":1,"href":"https:\/\/dersuessestopp.com\/sl\/wp-json\/wp\/v2\/product\/6898\/revisions"}],"predecessor-version":[{"id":6900,"href":"https:\/\/dersuessestopp.com\/sl\/wp-json\/wp\/v2\/product\/6898\/revisions\/6900"}],"wp:featuredmedia":[{"embeddable":true,"href":"https:\/\/dersuessestopp.com\/sl\/wp-json\/wp\/v2\/media\/6899"}],"wp:attachment":[{"href":"https:\/\/dersuessestopp.com\/sl\/wp-json\/wp\/v2\/media?parent=6898"}],"wp:term":[{"taxonomy":"product_brand","embeddable":true,"href":"https:\/\/dersuessestopp.com\/sl\/wp-json\/wp\/v2\/product_brand?post=6898"},{"taxonomy":"product_cat","embeddable":true,"href":"https:\/\/dersuessestopp.com\/sl\/wp-json\/wp\/v2\/product_cat?post=6898"},{"taxonomy":"product_tag","embeddable":true,"href":"https:\/\/dersuessestopp.com\/sl\/wp-json\/wp\/v2\/product_tag?post=6898"}],"curies":[{"name":"wp","href":"https:\/\/api.w.org\/{rel}","templated":true}]}}