{"id":6894,"date":"2025-08-29T05:16:37","date_gmt":"2025-08-29T05:16:37","guid":{"rendered":"https:\/\/dersuessestopp.com\/?post_type=product&#038;p=6894"},"modified":"2025-08-29T05:17:17","modified_gmt":"2025-08-29T05:17:17","slug":"spaceman-6338ab-c-zamrzovalnik-za-brezalkoholne-pijace-z-enim-okusom-in-kompaktnim-visokim-dizajnom","status":"publish","type":"product","link":"https:\/\/dersuessestopp.com\/sl\/product\/spaceman-6338ab-c-single-flavor-soft-serve-freezer-with-compact-tall-design\/","title":{"rendered":"Spaceman 6338AB-C - Zamrzovalnik za brezalkoholne napitke z enim okusom in kompaktno visoko obliko"},"content":{"rendered":"<p data-start=\"244\" data-end=\"647\">Spaceman 6338AB-C je visoko u\u010dinkovit zamrzovalnik brezalkoholnih pija\u010d z enim okusom, zasnovan za operaterje, ki potrebujejo zanesljivo zmogljivost v prostorsko var\u010dni navpi\u010dni zasnovi. Sposoben proizvesti do <strong data-start=\"433\" data-end=\"464\">400 obrokov (80 g) na uro<\/strong>, je ta model odli\u010dna izbira za kavarne, manj\u0161e prodajalne sladoleda, restavracije in trgovine, ki \u017eelijo postre\u010di z vrhunsko kakovostjo brezalkoholnih jedi in hkrati optimizirati prostor.<\/p>\n<p data-start=\"649\" data-end=\"898\">Vklju\u010duje <strong data-start=\"661\" data-end=\"688\">10L hladilni lijak<\/strong> in <strong data-start=\"695\" data-end=\"721\">3,2-litrski zamrzovalni valj<\/strong>, 6338AB-C zagotavlja gladko, kremasto teksturo in stalno kakovost. Njegova vi\u0161ja zasnova ohi\u0161ja omogo\u010da tanek odtis, hkrati pa zagotavlja enostavno upravljanje in vzdr\u017eevanje.<\/p>\n<hr data-start=\"935\" data-end=\"938\" \/>\n<h3 data-start=\"900\" data-end=\"918\">Klju\u010dne lastnosti<\/h3>\n<ul data-start=\"919\" data-end=\"1835\">\n<li data-start=\"919\" data-end=\"1016\">\n<p data-start=\"921\" data-end=\"1016\"><strong data-start=\"921\" data-end=\"949\">Doziranje posameznega okusa<\/strong> - Odli\u010dno za poenostavljene menije in dosledno dostavo izdelkov.<\/p>\n<\/li>\n<li data-start=\"1017\" data-end=\"1126\">\n<p data-start=\"1019\" data-end=\"1126\"><strong data-start=\"1019\" data-end=\"1038\">Zanesljiv izhod<\/strong> - Proizvaja do <strong data-start=\"1056\" data-end=\"1087\">400 obrokov (80 g) na uro<\/strong>, ki je idealen za srednje zahtevne operacije.<\/p>\n<\/li>\n<li data-start=\"1127\" data-end=\"1232\">\n<p data-start=\"1129\" data-end=\"1232\"><strong data-start=\"1129\" data-end=\"1160\">U\u010dinkovit zamrzovalni cilinder<\/strong> - 1 \u00d7 3,2-litrski valj za hitro regeneracijo in gladko mehko teksturo.<\/p>\n<\/li>\n<li data-start=\"1233\" data-end=\"1321\">\n<p data-start=\"1235\" data-end=\"1321\"><strong data-start=\"1235\" data-end=\"1258\">Hladilni zalogovnik<\/strong> - 10L rezervoar poskrbi za ohlajeno in sve\u017eo me\u0161anico ves dan.<\/p>\n<\/li>\n<li data-start=\"1322\" data-end=\"1439\">\n<p data-start=\"1324\" data-end=\"1439\"><strong data-start=\"1324\" data-end=\"1358\">Uporabniku prijazni digitalni upravljalniki<\/strong> - Enostavno spremljajte in prilagajate konsistenco, temperaturo in zmogljivost izdelka.<\/p>\n<\/li>\n<li data-start=\"1440\" data-end=\"1521\">\n<p data-start=\"1442\" data-end=\"1521\"><strong data-start=\"1442\" data-end=\"1469\">Na\u010dini pripravljenosti in odmrzovanja<\/strong> - Pove\u010dajte udobje, \u010di\u0161\u010denje in varnost \u017eivil.<\/p>\n<\/li>\n<li data-start=\"1522\" data-end=\"1639\">\n<p data-start=\"1524\" data-end=\"1639\"><strong data-start=\"1524\" data-end=\"1543\">Varnostne funkcije<\/strong> - Opozorilo o nizki koli\u010dini me\u0161anice, za\u0161\u010dita pred preobremenitvijo in temperaturni za\u0161\u010ditni elementi zagotavljajo zanesljivo delovanje.<\/p>\n<\/li>\n<li data-start=\"1640\" data-end=\"1746\">\n<p data-start=\"1642\" data-end=\"1746\"><strong data-start=\"1642\" data-end=\"1675\">Trajna izdelava iz nerjave\u010dega jekla<\/strong> - Tanka, navpi\u010dna zasnova ohi\u0161ja za vzdr\u017eljivost in prostorsko u\u010dinkovitost.<\/p>\n<\/li>\n<li data-start=\"1747\" data-end=\"1835\">\n<p data-start=\"1749\" data-end=\"1835\"><strong data-start=\"1749\" data-end=\"1770\">Razpolo\u017eljive mo\u017enosti<\/strong> - Vodno hlajeni sistem in zra\u010dni \u017eleb za prilagodljivo namestitev.<\/p>\n<\/li>\n<\/ul>\n<hr data-start=\"935\" data-end=\"938\" \/>\n<h3 data-start=\"1837\" data-end=\"1857\">Specifikacije<\/h3>\n<table>\n<thead>\n<tr>\n<th>Funkcija<\/th>\n<th>Podrobnosti<\/th>\n<\/tr>\n<\/thead>\n<tbody>\n<tr>\n<td><strong>Okusi<\/strong><\/td>\n<td>1<\/td>\n<\/tr>\n<tr>\n<td><strong>Zmogljivost (80 g)<\/strong><\/td>\n<td>400 obrokov\/uro<\/td>\n<\/tr>\n<tr>\n<td><strong>Cilindri<\/strong><\/td>\n<td>1 \u00d7 3.2L<\/td>\n<\/tr>\n<tr>\n<td><strong>Hoperji<\/strong><\/td>\n<td>1 \u00d7 10L<\/td>\n<\/tr>\n<tr>\n<td><strong>Napajanje (50 Hz \/ 60 Hz)<\/strong><\/td>\n<td>2,9 kW \/ 3,1 kW<\/td>\n<\/tr>\n<tr>\n<td><strong>Neto\/ladijska te\u017ea (kg)<\/strong><\/td>\n<td>188 \/ 198<\/td>\n<\/tr>\n<tr>\n<td><strong>Neto mere (mm)<\/strong><\/td>\n<td>444 \u00d7 680 \u00d7 1543<\/td>\n<\/tr>\n<tr>\n<td><strong>Dimenzije ladje (mm)<\/strong><\/td>\n<td>520 \u00d7 860 \u00d7 1680<\/td>\n<\/tr>\n<tr>\n<td><strong>Napajanje<\/strong><\/td>\n<td>380V\/3Ph\/50Hz, 220V\/3Ph\/60Hz<\/td>\n<\/tr>\n<tr>\n<td><strong>Razpolo\u017eljive mo\u017enosti<\/strong><\/td>\n<td>Vodno hlajenje, zra\u010dni \u017eleb<\/td>\n<\/tr>\n<\/tbody>\n<\/table>","protected":false},"excerpt":{"rendered":"<p>The Spaceman 6338AB-C is a high-efficiency, single-flavor soft serve freezer engineered for operators who need reliable output in a space-saving vertical design. Capable of producing up to 400 servings (80g) per hour, this model is an excellent choice for caf\u00e9s, small ice cream shops, restaurants, and convenience stores that want to serve premium-quality soft serve [&hellip;]<\/p>\n","protected":false},"featured_media":6895,"comment_status":"open","ping_status":"closed","template":"","meta":[],"product_brand":[],"product_cat":[33],"product_tag":[],"class_list":{"0":"post-6894","1":"product","2":"type-product","3":"status-publish","4":"has-post-thumbnail","6":"product_cat-elite-series","8":"first","9":"instock","10":"shipping-taxable","11":"product-type-simple"},"_links":{"self":[{"href":"https:\/\/dersuessestopp.com\/sl\/wp-json\/wp\/v2\/product\/6894","targetHints":{"allow":["GET"]}}],"collection":[{"href":"https:\/\/dersuessestopp.com\/sl\/wp-json\/wp\/v2\/product"}],"about":[{"href":"https:\/\/dersuessestopp.com\/sl\/wp-json\/wp\/v2\/types\/product"}],"replies":[{"embeddable":true,"href":"https:\/\/dersuessestopp.com\/sl\/wp-json\/wp\/v2\/comments?post=6894"}],"version-history":[{"count":2,"href":"https:\/\/dersuessestopp.com\/sl\/wp-json\/wp\/v2\/product\/6894\/revisions"}],"predecessor-version":[{"id":6897,"href":"https:\/\/dersuessestopp.com\/sl\/wp-json\/wp\/v2\/product\/6894\/revisions\/6897"}],"wp:featuredmedia":[{"embeddable":true,"href":"https:\/\/dersuessestopp.com\/sl\/wp-json\/wp\/v2\/media\/6895"}],"wp:attachment":[{"href":"https:\/\/dersuessestopp.com\/sl\/wp-json\/wp\/v2\/media?parent=6894"}],"wp:term":[{"taxonomy":"product_brand","embeddable":true,"href":"https:\/\/dersuessestopp.com\/sl\/wp-json\/wp\/v2\/product_brand?post=6894"},{"taxonomy":"product_cat","embeddable":true,"href":"https:\/\/dersuessestopp.com\/sl\/wp-json\/wp\/v2\/product_cat?post=6894"},{"taxonomy":"product_tag","embeddable":true,"href":"https:\/\/dersuessestopp.com\/sl\/wp-json\/wp\/v2\/product_tag?post=6894"}],"curies":[{"name":"wp","href":"https:\/\/api.w.org\/{rel}","templated":true}]}}