{"id":6890,"date":"2025-08-29T05:08:14","date_gmt":"2025-08-29T05:08:14","guid":{"rendered":"https:\/\/dersuessestopp.com\/?post_type=product&#038;p=6890"},"modified":"2025-08-29T05:08:14","modified_gmt":"2025-08-29T05:08:14","slug":"spaceman-6236ab-c-kompaktna-visoko-zmogljiva-zamrzovalna-naprava-za-mehko-hrano","status":"publish","type":"product","link":"https:\/\/dersuessestopp.com\/sl\/product\/spaceman-6236ab-c-compact-high-performance-soft-serve-freezer\/","title":{"rendered":"Spaceman 6236AB-C - Kompaktna visoko zmogljiva zamrzovalna skrinja za mehke jedi"},"content":{"rendered":"<p data-start=\"226\" data-end=\"642\">Spaceman 6236AB-C je kompakten zamrzovalnik za brezalkoholne jedi z enim okusom, zasnovan za srednje- do velikoserijske dejavnosti, ki zahtevajo zanesljivo delovanje in stalno kakovost izdelkov. Z zmo\u017enostjo proizvodnje do <strong data-start=\"441\" data-end=\"472\">440 obrokov (80 g) na uro<\/strong>, je ta model popolnoma primeren za kavarne, majhne prodajalne sladoleda, prodajalne zamrznjenega jogurta, prodajalne s hitro prehrano in restavracije, ki \u017eelijo raz\u0161iriti svojo ponudbo sladic.<\/p>\n<p data-start=\"644\" data-end=\"973\">Kljub manj\u0161im dimenzijam naprava 6236AB-C vklju\u010duje Spacemanovo napredno tehnologijo zamrzovanja, ki vsaki\u010d zagotavlja gladek in kremast brezmesni napitek. En 12-litrski zalogovnik in 3,2-litrski zamrzovalni valj zagotavljata odli\u010dno zmogljivost ob ohranjanju sve\u017eine, zato je idealen za upravljavce, ki potrebujejo u\u010dinkovitost, ne da bi pri tem ogrozili kakovost.<\/p>\n<hr data-start=\"935\" data-end=\"938\" \/>\n<h3 data-start=\"975\" data-end=\"993\">Klju\u010dne lastnosti<\/h3>\n<ul data-start=\"994\" data-end=\"1899\">\n<li data-start=\"994\" data-end=\"1086\">\n<p data-start=\"996\" data-end=\"1086\"><strong data-start=\"996\" data-end=\"1024\">Doziranje posameznega okusa<\/strong> - Racionalizirana zasnova za dosledne in visokokakovostne obroke.<\/p>\n<\/li>\n<li data-start=\"1087\" data-end=\"1198\">\n<p data-start=\"1089\" data-end=\"1198\"><strong data-start=\"1089\" data-end=\"1113\">Visoka izhodna zmogljivost<\/strong> - Proizvaja do <strong data-start=\"1131\" data-end=\"1162\">440 obrokov (80 g) na uro<\/strong>, ki je idealen za srednje obse\u017ene operacije.<\/p>\n<\/li>\n<li data-start=\"1199\" data-end=\"1297\">\n<p data-start=\"1201\" data-end=\"1297\"><strong data-start=\"1201\" data-end=\"1232\">U\u010dinkovit zamrzovalni cilinder<\/strong> - 1 \u00d7 3,2-litrski valj zagotavlja hitro regeneracijo in gladko teksturo.<\/p>\n<\/li>\n<li data-start=\"1298\" data-end=\"1376\">\n<p data-start=\"1300\" data-end=\"1376\"><strong data-start=\"1300\" data-end=\"1323\">Hladilni zalogovnik<\/strong> - Zmogljivost 12 l omogo\u010da, da me\u0161anica ostane sve\u017ea ves dan.<\/p>\n<\/li>\n<li data-start=\"1377\" data-end=\"1494\">\n<p data-start=\"1379\" data-end=\"1494\"><strong data-start=\"1379\" data-end=\"1413\">Uporabniku prijazni digitalni upravljalniki<\/strong> - Enostavno upravljanje s spremljanjem konsistence, temperature in u\u010dinkovitosti.<\/p>\n<\/li>\n<li data-start=\"1495\" data-end=\"1595\">\n<p data-start=\"1497\" data-end=\"1595\"><strong data-start=\"1497\" data-end=\"1524\">Na\u010dini pripravljenosti in odmrzovanja<\/strong> - Poenostavlja delovanje, hkrati pa zagotavlja varnost \u017eivil in enostavno \u010di\u0161\u010denje.<\/p>\n<\/li>\n<li data-start=\"1596\" data-end=\"1708\">\n<p data-start=\"1598\" data-end=\"1708\"><strong data-start=\"1598\" data-end=\"1625\">Vgrajeni varnostni sistemi<\/strong> - Vklju\u010duje opozorilo o nizki koli\u010dini me\u0161anice, za\u0161\u010dito pred preobremenitvijo motorja in temperaturne za\u0161\u010dite.<\/p>\n<\/li>\n<li data-start=\"1709\" data-end=\"1804\">\n<p data-start=\"1711\" data-end=\"1804\"><strong data-start=\"1711\" data-end=\"1751\">Trajna konstrukcija iz nerjave\u010dega jekla<\/strong> - Kompaktna, a robustna zasnova z mo\u017enostjo mobilnosti.<\/p>\n<\/li>\n<li data-start=\"1805\" data-end=\"1899\">\n<p data-start=\"1807\" data-end=\"1899\"><strong data-start=\"1807\" data-end=\"1828\">Razpolo\u017eljive mo\u017enosti<\/strong> - Vodno hlajeni sistem in zra\u010dni \u017eleb za prilagodljivo namestitev.<\/p>\n<\/li>\n<\/ul>\n<hr data-start=\"935\" data-end=\"938\" \/>\n<h3 data-start=\"1901\" data-end=\"1921\">Specifikacije<\/h3>\n<table>\n<thead>\n<tr>\n<th>Funkcija<\/th>\n<th>Podrobnosti<\/th>\n<\/tr>\n<\/thead>\n<tbody>\n<tr>\n<td><strong>Okusi<\/strong><\/td>\n<td>1<\/td>\n<\/tr>\n<tr>\n<td><strong>Zmogljivost (80 g)<\/strong><\/td>\n<td>440 obrokov\/uro<\/td>\n<\/tr>\n<tr>\n<td><strong>Cilindri<\/strong><\/td>\n<td>1 \u00d7 3.2L<\/td>\n<\/tr>\n<tr>\n<td><strong>Hoperji<\/strong><\/td>\n<td>1 \u00d7 12L<\/td>\n<\/tr>\n<tr>\n<td><strong>Napajanje (50 Hz \/ 60 Hz)<\/strong><\/td>\n<td>2,9 kW \/ 3,1 kW<\/td>\n<\/tr>\n<tr>\n<td><strong>Neto\/ladijska te\u017ea (kg)<\/strong><\/td>\n<td>170 \/ 186<\/td>\n<\/tr>\n<tr>\n<td><strong>Neto mere (mm)<\/strong><\/td>\n<td>454 \u00d7 681 \u00d7 976<\/td>\n<\/tr>\n<tr>\n<td><strong>Dimenzije ladje (mm)<\/strong><\/td>\n<td>520 \u00d7 870 \u00d7 1180<\/td>\n<\/tr>\n<tr>\n<td><strong>Napajanje<\/strong><\/td>\n<td>380V\/3Ph\/50Hz, 220V\/3Ph\/60Hz<\/td>\n<\/tr>\n<tr>\n<td><strong>Razpolo\u017eljive mo\u017enosti<\/strong><\/td>\n<td>Vodno hlajenje, zra\u010dni \u017eleb<\/td>\n<\/tr>\n<\/tbody>\n<\/table>","protected":false},"excerpt":{"rendered":"<p>The Spaceman 6236AB-C is a compact, single-flavor soft serve freezer designed for medium to high-volume operations that require reliable performance and consistent product quality. With the ability to produce up to 440 servings (80g) per hour, this model is perfectly suited for caf\u00e9s, small ice cream shops, frozen yogurt outlets, convenience stores, and restaurants looking [&hellip;]<\/p>\n","protected":false},"featured_media":6891,"comment_status":"open","ping_status":"closed","template":"","meta":[],"product_brand":[],"product_cat":[33],"product_tag":[],"class_list":{"0":"post-6890","1":"product","2":"type-product","3":"status-publish","4":"has-post-thumbnail","6":"product_cat-elite-series","8":"first","9":"instock","10":"shipping-taxable","11":"product-type-simple"},"_links":{"self":[{"href":"https:\/\/dersuessestopp.com\/sl\/wp-json\/wp\/v2\/product\/6890","targetHints":{"allow":["GET"]}}],"collection":[{"href":"https:\/\/dersuessestopp.com\/sl\/wp-json\/wp\/v2\/product"}],"about":[{"href":"https:\/\/dersuessestopp.com\/sl\/wp-json\/wp\/v2\/types\/product"}],"replies":[{"embeddable":true,"href":"https:\/\/dersuessestopp.com\/sl\/wp-json\/wp\/v2\/comments?post=6890"}],"version-history":[{"count":2,"href":"https:\/\/dersuessestopp.com\/sl\/wp-json\/wp\/v2\/product\/6890\/revisions"}],"predecessor-version":[{"id":6893,"href":"https:\/\/dersuessestopp.com\/sl\/wp-json\/wp\/v2\/product\/6890\/revisions\/6893"}],"wp:featuredmedia":[{"embeddable":true,"href":"https:\/\/dersuessestopp.com\/sl\/wp-json\/wp\/v2\/media\/6891"}],"wp:attachment":[{"href":"https:\/\/dersuessestopp.com\/sl\/wp-json\/wp\/v2\/media?parent=6890"}],"wp:term":[{"taxonomy":"product_brand","embeddable":true,"href":"https:\/\/dersuessestopp.com\/sl\/wp-json\/wp\/v2\/product_brand?post=6890"},{"taxonomy":"product_cat","embeddable":true,"href":"https:\/\/dersuessestopp.com\/sl\/wp-json\/wp\/v2\/product_cat?post=6890"},{"taxonomy":"product_tag","embeddable":true,"href":"https:\/\/dersuessestopp.com\/sl\/wp-json\/wp\/v2\/product_tag?post=6890"}],"curies":[{"name":"wp","href":"https:\/\/api.w.org\/{rel}","templated":true}]}}