{"id":6883,"date":"2025-08-29T04:55:02","date_gmt":"2025-08-29T04:55:02","guid":{"rendered":"https:\/\/dersuessestopp.com\/?post_type=product&#038;p=6883"},"modified":"2025-08-29T09:39:38","modified_gmt":"2025-08-29T09:39:38","slug":"3l-komercialni-aparat-za-pripravo-sladke-brozge-je-kot-nalasc-za-ledeno-kavo-granita-zamrznjene-pijace","status":"publish","type":"product","link":"https:\/\/dersuessestopp.com\/sl\/product\/3l-commercial-slushy-maker-patty-perfect-for-iced-coffee-granita-frozen-drinks\/","title":{"rendered":"3L komercialni aparat za pripravo smutijev Patty - odli\u010den za ledeno kavo, granito in zamrznjene pija\u010de"},"content":{"rendered":"<p data-start=\"247\" data-end=\"605\">Spletna stran <strong data-start=\"251\" data-end=\"277\">Patty 3.0 Slushy Maker<\/strong> je kompaktna, a zmogljiva re\u0161itev za kavarne, bare, prodajalne sladoleda in gostinske storitve. Vklju\u010duje <strong data-start=\"382\" data-end=\"406\">3L dvoslojni rezervoar<\/strong> in <strong data-start=\"413\" data-end=\"458\">trajni uparjalnik iz nerjave\u010dega jekla SUS304<\/strong>, zagotavlja hitro in u\u010dinkovito hlajenje, kristalno \u010disto vidljivost in zmanj\u0161ano kondenzacijo za privla\u010dno predstavitev zamrznjenih pija\u010d.<\/p>\n<hr data-start=\"607\" data-end=\"610\" \/>\n<h2 data-start=\"612\" data-end=\"640\">Glavne zna\u010dilnosti in prednosti<\/h2>\n<p data-start=\"642\" data-end=\"657\"><strong data-start=\"642\" data-end=\"655\">Zmogljivost:<\/strong><\/p>\n<ul data-start=\"658\" data-end=\"815\">\n<li data-start=\"658\" data-end=\"675\">\n<p data-start=\"660\" data-end=\"675\">Neto: 2 litra<\/p>\n<\/li>\n<li data-start=\"676\" data-end=\"815\">\n<p data-start=\"678\" data-end=\"815\">Bruto: 3 litre<br data-start=\"693\" data-end=\"696\" \/>Veliko prostora za postre\u017ebo razli\u010dnih zamrznjenih pija\u010d, kot so granita, zamrznjeni koktajli, ledena kava in sadna ka\u0161a.<\/p>\n<\/li>\n<\/ul>\n<p data-start=\"817\" data-end=\"840\"><strong data-start=\"817\" data-end=\"838\">Hitra priprava:<\/strong><\/p>\n<ul data-start=\"841\" data-end=\"970\">\n<li data-start=\"841\" data-end=\"877\">\n<p data-start=\"843\" data-end=\"877\">Samo <strong data-start=\"848\" data-end=\"862\">15 minut<\/strong> za smutije<\/p>\n<\/li>\n<li data-start=\"878\" data-end=\"970\">\n<p data-start=\"880\" data-end=\"970\">Samo <strong data-start=\"885\" data-end=\"899\">25 minut<\/strong> za pija\u010de na osnovi smetane<br data-start=\"922\" data-end=\"925\" \/>Hitra storitev za okolja z velikim povpra\u0161evanjem.<\/p>\n<\/li>\n<\/ul>\n<p data-start=\"972\" data-end=\"1090\"><strong data-start=\"972\" data-end=\"1009\">Temperaturno obmo\u010dje -8 \u00b0C do +6 \u00b0C:<\/strong><br data-start=\"1009\" data-end=\"1012\" \/>Zagotavlja popolno hlajenje pija\u010d v obliki smutijev, ne da bi jih preve\u010d zamrznil.<\/p>\n<p data-start=\"1092\" data-end=\"1129\"><strong data-start=\"1092\" data-end=\"1127\">Tiho delovanje in osvetlitev LED:<\/strong><\/p>\n<ul data-start=\"1130\" data-end=\"1286\">\n<li data-start=\"1130\" data-end=\"1191\">\n<p data-start=\"1132\" data-end=\"1191\">Raven hrupa pod <strong data-start=\"1150\" data-end=\"1162\">60 dB(A)<\/strong> - idealno za kavarne in bare<\/p>\n<\/li>\n<li data-start=\"1192\" data-end=\"1286\">\n<p data-start=\"1194\" data-end=\"1286\">Vgrajena osvetlitev LED daje sodoben, eleganten videz in lepo prikazuje pija\u010do.<\/p>\n<\/li>\n<\/ul>\n<p data-start=\"1288\" data-end=\"1327\"><strong data-start=\"1288\" data-end=\"1325\">Trajna izdelava in zanesljivo hlajenje:<\/strong><\/p>\n<ul data-start=\"1328\" data-end=\"1500\">\n<li data-start=\"1328\" data-end=\"1383\">\n<p data-start=\"1330\" data-end=\"1383\"><strong data-start=\"1330\" data-end=\"1367\">Izparilnik iz nerjave\u010dega jekla SUS304<\/strong> za dolgo \u017eivljenjsko dobo<\/p>\n<\/li>\n<li data-start=\"1384\" data-end=\"1421\">\n<p data-start=\"1386\" data-end=\"1421\">Visokokakovostno zunanje ohi\u0161je iz ABS<\/p>\n<\/li>\n<li data-start=\"1422\" data-end=\"1500\">\n<p data-start=\"1424\" data-end=\"1500\">Dvoplastna posoda zmanj\u0161uje kondenzacijo in ohranja optimalno temperaturo<\/p>\n<\/li>\n<\/ul>\n<p data-start=\"1502\" data-end=\"1655\"><strong data-start=\"1502\" data-end=\"1526\">Enostavna uporaba in \u010di\u0161\u010denje:<\/strong><br data-start=\"1526\" data-end=\"1529\" \/>Zaradi preprostega delovanja, kompaktne velikosti in lahko dostopnih sestavnih delov je ta aparat za pripravo smutijev odli\u010den za profesionalno in vsakodnevno uporabo.<\/p>\n<p data-start=\"1657\" data-end=\"1681\"><strong data-start=\"1657\" data-end=\"1679\">Certificirana kakovost:<\/strong><\/p>\n<ul data-start=\"1682\" data-end=\"1775\">\n<li data-start=\"1682\" data-end=\"1775\">\n<p data-start=\"1684\" data-end=\"1775\">CE, LFBG, EU ZA \u017dIVILA<br data-start=\"1707\" data-end=\"1710\" \/>Zagotavljanje najvi\u0161jih varnostnih, higienskih in \u017eivilskih standardov.<\/p>\n<\/li>\n<\/ul>\n<hr data-start=\"1777\" data-end=\"1780\" \/>\n<h2 data-start=\"1782\" data-end=\"1799\">Aplikacije<\/h2>\n<ul data-start=\"1801\" data-end=\"2131\">\n<li data-start=\"1801\" data-end=\"1913\">\n<p data-start=\"1803\" data-end=\"1913\"><strong data-start=\"1803\" data-end=\"1834\">Granita in zamrznjeni koktajli:<\/strong> Ponudite osve\u017eilno granito italijanskega sloga in ustvarjalne recepte za zamrznjene koktajle.<\/p>\n<\/li>\n<li data-start=\"1914\" data-end=\"1994\">\n<p data-start=\"1916\" data-end=\"1994\"><strong data-start=\"1916\" data-end=\"1945\">Ledena kava in mle\u010dni napitki:<\/strong> Nepogre\u0161ljiv del kavarn in poletnih menijev.<\/p>\n<\/li>\n<li data-start=\"1995\" data-end=\"2131\">\n<p data-start=\"1997\" data-end=\"2131\"><strong data-start=\"1997\" data-end=\"2019\">Catering in dogodki:<\/strong> Odli\u010dno se obnese v kavarnah, barih, prodajalnah sladoleda, bifejih in prireditvah na prostem - vedno zagotavlja stalno kakovost.<\/p>\n<\/li>\n<\/ul>\n<hr data-start=\"2133\" data-end=\"2136\" \/>\n<h2 data-start=\"2138\" data-end=\"2179\"><strong data-start=\"185\" data-end=\"201\">Specifikacije<\/strong><\/h2>\n<table>\n<thead>\n<tr>\n<th>Specifikacija<\/th>\n<th>Podrobnosti<\/th>\n<\/tr>\n<\/thead>\n<tbody>\n<tr>\n<td><strong>Prostornina rezervoarja<\/strong><\/td>\n<td>3L (priporo\u010dljivo: 1,5L kreme \/ 2,0L teko\u010de vode)<\/td>\n<\/tr>\n<tr>\n<td><strong>Zunanje dimenzije<\/strong><\/td>\n<td>196 \u00d7 500 \u00d7 453 mm<\/td>\n<\/tr>\n<tr>\n<td><strong>Velikost embala\u017ee<\/strong><\/td>\n<td>258 \u00d7 549 \u00d7 507 mm<\/td>\n<\/tr>\n<tr>\n<td><strong>Neto \/ bruto te\u017ea<\/strong><\/td>\n<td>15,3 \/ 16,7 kg<\/td>\n<\/tr>\n<tr>\n<td><strong>Napetost \/ frekvenca<\/strong><\/td>\n<td>220-240 V \/ 50 Hz<\/td>\n<\/tr>\n<tr>\n<td><strong>Hladilno sredstvo<\/strong><\/td>\n<td>R290<\/td>\n<\/tr>\n<tr>\n<td><strong>Poraba energije<\/strong><\/td>\n<td>240W<\/td>\n<\/tr>\n<\/tbody>\n<\/table>","protected":false},"excerpt":{"rendered":"<p>The Patty 3.0 Slushy Maker is a compact yet powerful solution for caf\u00e9s, bars, ice cream shops, and catering services. Featuring a 3L double-layer tank and a durable SUS304 stainless steel evaporator, it ensures fast and efficient cooling, crystal-clear visibility, and reduced condensation for an attractive presentation of your frozen drinks. Key Features &amp; Benefits [&hellip;]<\/p>\n","protected":false},"featured_media":6886,"comment_status":"open","ping_status":"closed","template":"","meta":[],"product_brand":[],"product_cat":[34],"product_tag":[],"class_list":{"0":"post-6883","1":"product","2":"type-product","3":"status-publish","4":"has-post-thumbnail","6":"product_cat-slush-machines","8":"first","9":"instock","10":"shipping-taxable","11":"product-type-simple"},"_links":{"self":[{"href":"https:\/\/dersuessestopp.com\/sl\/wp-json\/wp\/v2\/product\/6883","targetHints":{"allow":["GET"]}}],"collection":[{"href":"https:\/\/dersuessestopp.com\/sl\/wp-json\/wp\/v2\/product"}],"about":[{"href":"https:\/\/dersuessestopp.com\/sl\/wp-json\/wp\/v2\/types\/product"}],"replies":[{"embeddable":true,"href":"https:\/\/dersuessestopp.com\/sl\/wp-json\/wp\/v2\/comments?post=6883"}],"version-history":[{"count":4,"href":"https:\/\/dersuessestopp.com\/sl\/wp-json\/wp\/v2\/product\/6883\/revisions"}],"predecessor-version":[{"id":6974,"href":"https:\/\/dersuessestopp.com\/sl\/wp-json\/wp\/v2\/product\/6883\/revisions\/6974"}],"wp:featuredmedia":[{"embeddable":true,"href":"https:\/\/dersuessestopp.com\/sl\/wp-json\/wp\/v2\/media\/6886"}],"wp:attachment":[{"href":"https:\/\/dersuessestopp.com\/sl\/wp-json\/wp\/v2\/media?parent=6883"}],"wp:term":[{"taxonomy":"product_brand","embeddable":true,"href":"https:\/\/dersuessestopp.com\/sl\/wp-json\/wp\/v2\/product_brand?post=6883"},{"taxonomy":"product_cat","embeddable":true,"href":"https:\/\/dersuessestopp.com\/sl\/wp-json\/wp\/v2\/product_cat?post=6883"},{"taxonomy":"product_tag","embeddable":true,"href":"https:\/\/dersuessestopp.com\/sl\/wp-json\/wp\/v2\/product_tag?post=6883"}],"curies":[{"name":"wp","href":"https:\/\/api.w.org\/{rel}","templated":true}]}}