{"id":6686,"date":"2025-08-28T06:44:51","date_gmt":"2025-08-28T06:44:51","guid":{"rendered":"https:\/\/dersuessestopp.com\/?post_type=product&#038;p=6686"},"modified":"2025-08-28T06:44:51","modified_gmt":"2025-08-28T06:44:51","slug":"stroj-za-blato-model-xsc-3-3-rezervoarji-po-15-l-z-led-lucjo","status":"publish","type":"product","link":"https:\/\/dersuessestopp.com\/sl\/product\/slush-machine-model-xsc-3-3-tanks-15l-each-with-led-light\/","title":{"rendered":"Stroj za blato - model XSC-3 (3 rezervoarji, vsak po 15 l, z LED lu\u010djo)"},"content":{"rendered":"<p data-start=\"253\" data-end=\"621\">Spletna stran <strong data-start=\"257\" data-end=\"280\">XSC-3 Stroj za brozgo<\/strong> je najbolj\u0161a izbira za stre\u017ebo pija\u010d v velikih koli\u010dinah. S spletno stranjo <strong data-start=\"343\" data-end=\"367\">trije 15-litrski rezervoarji<\/strong> in . <strong data-start=\"372\" data-end=\"399\">vgrajena osvetlitev LED<\/strong>, ponuja najve\u010djo zmogljivost, \u0161tevilne mo\u017enosti okusov in privla\u010dno predstavitev. Ta aparat, ki je zasnovan za restavracije, kavarne, bare, zabavi\u0161\u010dne parke in velike prireditve, zagotavlja vrhunsko zmogljivost in privla\u010dnost za stranke.<\/p>\n<h4 data-start=\"623\" data-end=\"642\">Klju\u010dne lastnosti<\/h4>\n<ul data-start=\"643\" data-end=\"1309\">\n<li data-start=\"643\" data-end=\"755\">\n<p data-start=\"645\" data-end=\"755\"><strong data-start=\"645\" data-end=\"662\">Osvetlitev LED:<\/strong> Ustvari privla\u010den prikaz, ki poudari va\u0161e pija\u010de in pritegne pozornost kupcev.<\/p>\n<\/li>\n<li data-start=\"756\" data-end=\"846\">\n<p data-start=\"758\" data-end=\"846\"><strong data-start=\"758\" data-end=\"783\">Trojna zmogljivost rezervoarja:<\/strong> Trije 15-litrski rezervoarji vam omogo\u010dajo, da postre\u017eete z ve\u010d okusi hkrati.<\/p>\n<\/li>\n<li data-start=\"847\" data-end=\"932\">\n<p data-start=\"849\" data-end=\"932\"><strong data-start=\"849\" data-end=\"870\">Visoka zmogljivost:<\/strong> 900W motor z zmogljivim hlajenjem je zasnovan za zahtevno uporabo.<\/p>\n<\/li>\n<li data-start=\"933\" data-end=\"1044\">\n<p data-start=\"935\" data-end=\"1044\"><strong data-start=\"935\" data-end=\"964\">Prilagodljive mo\u017enosti napetosti:<\/strong> Zdru\u017eljiv z 220 V\/50 Hz, 60 Hz in 110 V\/60 Hz - primeren za svetovne trge.<\/p>\n<\/li>\n<li data-start=\"1045\" data-end=\"1126\">\n<p data-start=\"1047\" data-end=\"1126\"><strong data-start=\"1047\" data-end=\"1067\">Optimalno hlajenje:<\/strong> Vzdr\u017euje <strong data-start=\"1078\" data-end=\"1094\">-1 \u00b0C do -4 \u00b0C<\/strong> za dosledno strukturo blede\u017ea.<\/p>\n<\/li>\n<li data-start=\"1127\" data-end=\"1217\">\n<p data-start=\"1129\" data-end=\"1217\"><strong data-start=\"1129\" data-end=\"1154\">Trajna konstrukcija:<\/strong> Izdelan je iz robustnih materialov za dolgotrajno komercialno uporabo.<\/p>\n<\/li>\n<li data-start=\"1218\" data-end=\"1309\">\n<p data-start=\"1220\" data-end=\"1309\"><strong data-start=\"1220\" data-end=\"1253\">Velika zmogljivost, pametno oblikovanje:<\/strong> Kljub svoji velikosti se lepo prilega ve\u010dini pultov.<\/p>\n<\/li>\n<\/ul>\n<h4 data-start=\"1311\" data-end=\"1330\">Aplikacije<\/h4>\n<p data-start=\"1331\" data-end=\"1360\">Spletna stran <strong data-start=\"1335\" data-end=\"1344\">XSC-3<\/strong> je idealen za:<\/p>\n<ul data-start=\"1361\" data-end=\"1436\">\n<li data-start=\"1361\" data-end=\"1380\">\n<p data-start=\"1363\" data-end=\"1380\">Slush in granita<\/p>\n<\/li>\n<li data-start=\"1381\" data-end=\"1401\">\n<p data-start=\"1383\" data-end=\"1401\">Zamrznjeni koktajli<\/p>\n<\/li>\n<li data-start=\"1402\" data-end=\"1436\">\n<p data-start=\"1404\" data-end=\"1436\">Mle\u010dni napitki in ohlajene pija\u010de<\/p>\n<\/li>\n<\/ul>\n<h4 data-start=\"1438\" data-end=\"1466\">Kakovost in zanesljivost<\/h4>\n<p data-start=\"1467\" data-end=\"1681\">Naprava XSC-3 je zasnovana za okolja z velikimi zahtevami in zdru\u017euje <strong data-start=\"1528\" data-end=\"1579\">velika zmogljivost, vzdr\u017eljivost in predstavitev LED<\/strong> za zagotavljanje zmogljivosti in sloga v enem. Vrhunska re\u0161itev za vsako profesionalno podjetje, ki se ukvarja s proizvodnjo pija\u010d.<\/p>\n<h4 data-start=\"1438\" data-end=\"1466\">Specifikacija<\/h4>\n<table>\n<thead>\n<tr>\n<th><strong>Model<\/strong><\/th>\n<th><strong>XSC-3 (z lu\u010dko LED)<\/strong><\/th>\n<\/tr>\n<\/thead>\n<tbody>\n<tr>\n<td><strong>Zmogljivost<\/strong><\/td>\n<td>3 \u00d7 15L<\/td>\n<\/tr>\n<tr>\n<td><strong>Napetost<\/strong><\/td>\n<td>220V \/ 50Hz, 60Hz \/ 110V 60Hz<\/td>\n<\/tr>\n<tr>\n<td><strong>Napajanje<\/strong><\/td>\n<td>900W<\/td>\n<\/tr>\n<tr>\n<td><strong>Temperatura hlajenja<\/strong><\/td>\n<td>-1\u00b0C ~ -4\u00b0C<\/td>\n<\/tr>\n<tr>\n<td><strong>Neto mere (\u0160 \u00d7 G \u00d7 V)<\/strong><\/td>\n<td>545 \u00d7 475 \u00d7 720 mm<\/td>\n<\/tr>\n<tr>\n<td><strong>Dimenzije pakiranja (\u0160 \u00d7 G \u00d7 V)<\/strong><\/td>\n<td>615 \u00d7 545 \u00d7 800 mm<\/td>\n<\/tr>\n<tr>\n<td><strong>Neto te\u017ea (N.W.)<\/strong><\/td>\n<td>53 kg<\/td>\n<\/tr>\n<tr>\n<td><strong>Bruto te\u017ea (G.W.)<\/strong><\/td>\n<td>70 kg<\/td>\n<\/tr>\n<\/tbody>\n<\/table>","protected":false},"excerpt":{"rendered":"<p>The XSC-3 Slush Machine is the ultimate choice for high-volume beverage service. With three 15-liter tanks and integrated LED lighting, it offers maximum capacity, multiple flavor options, and an eye-catching presentation. Designed for restaurants, caf\u00e9s, bars, amusement parks, and large events, this machine ensures top performance and customer appeal. Key Features LED Lighting: Creates an [&hellip;]<\/p>\n","protected":false},"featured_media":6689,"comment_status":"open","ping_status":"closed","template":"","meta":[],"product_brand":[],"product_cat":[34],"product_tag":[],"class_list":{"0":"post-6686","1":"product","2":"type-product","3":"status-publish","4":"has-post-thumbnail","6":"product_cat-slush-machines","8":"first","9":"instock","10":"shipping-taxable","11":"product-type-simple"},"_links":{"self":[{"href":"https:\/\/dersuessestopp.com\/sl\/wp-json\/wp\/v2\/product\/6686","targetHints":{"allow":["GET"]}}],"collection":[{"href":"https:\/\/dersuessestopp.com\/sl\/wp-json\/wp\/v2\/product"}],"about":[{"href":"https:\/\/dersuessestopp.com\/sl\/wp-json\/wp\/v2\/types\/product"}],"replies":[{"embeddable":true,"href":"https:\/\/dersuessestopp.com\/sl\/wp-json\/wp\/v2\/comments?post=6686"}],"version-history":[{"count":1,"href":"https:\/\/dersuessestopp.com\/sl\/wp-json\/wp\/v2\/product\/6686\/revisions"}],"predecessor-version":[{"id":6690,"href":"https:\/\/dersuessestopp.com\/sl\/wp-json\/wp\/v2\/product\/6686\/revisions\/6690"}],"wp:featuredmedia":[{"embeddable":true,"href":"https:\/\/dersuessestopp.com\/sl\/wp-json\/wp\/v2\/media\/6689"}],"wp:attachment":[{"href":"https:\/\/dersuessestopp.com\/sl\/wp-json\/wp\/v2\/media?parent=6686"}],"wp:term":[{"taxonomy":"product_brand","embeddable":true,"href":"https:\/\/dersuessestopp.com\/sl\/wp-json\/wp\/v2\/product_brand?post=6686"},{"taxonomy":"product_cat","embeddable":true,"href":"https:\/\/dersuessestopp.com\/sl\/wp-json\/wp\/v2\/product_cat?post=6686"},{"taxonomy":"product_tag","embeddable":true,"href":"https:\/\/dersuessestopp.com\/sl\/wp-json\/wp\/v2\/product_tag?post=6686"}],"curies":[{"name":"wp","href":"https:\/\/api.w.org\/{rel}","templated":true}]}}