{"id":6673,"date":"2025-08-28T06:31:57","date_gmt":"2025-08-28T06:31:57","guid":{"rendered":"https:\/\/dersuessestopp.com\/?post_type=product&#038;p=6673"},"modified":"2025-08-28T06:31:57","modified_gmt":"2025-08-28T06:31:57","slug":"stroj-za-blato-model-xsc-2-2-rezervoarja-po-15-l-z-led-lucjo","status":"publish","type":"product","link":"https:\/\/dersuessestopp.com\/sl\/product\/slush-machine-model-xsc-2-2-tanks-15l-each-with-led-light\/","title":{"rendered":"Stroj za blato - model XSC-2 (2 rezervoarja, vsak po 15 l, z LED lu\u010djo)"},"content":{"rendered":"<p data-start=\"221\" data-end=\"552\">Spletna stran <strong data-start=\"225\" data-end=\"248\">XSC-2 Stroj za brozgo<\/strong> ponuja popolno ravnovesje med zmogljivostjo in predstavitvijo. Na spletni strani . <strong data-start=\"311\" data-end=\"333\">dva 15-litrska rezervoarja<\/strong> in . <strong data-start=\"338\" data-end=\"365\">vgrajena osvetlitev LED<\/strong>, vam omogo\u010da, da postre\u017eete z ve\u010d okusi in hkrati ustvarite privla\u010den prikaz. Ta model je zasnovan za kavarne, bare, restavracije in prireditvene prostore ter zagotavlja zmogljivost in slog.<\/p>\n<h4 data-start=\"554\" data-end=\"573\">Klju\u010dne lastnosti<\/h4>\n<ul data-start=\"574\" data-end=\"1252\">\n<li data-start=\"574\" data-end=\"676\">\n<p data-start=\"576\" data-end=\"676\"><strong data-start=\"576\" data-end=\"593\">Osvetlitev LED:<\/strong> Pove\u010da prepoznavnost in privla\u010dnost va\u0161ih pija\u010d ter privablja ve\u010d kupcev.<\/p>\n<\/li>\n<li data-start=\"677\" data-end=\"764\">\n<p data-start=\"679\" data-end=\"764\"><strong data-start=\"679\" data-end=\"702\">Dvojna zmogljivost rezervoarja:<\/strong> Dva 15-litrska rezervoarja za hkratno serviranje razli\u010dnih okusov.<\/p>\n<\/li>\n<li data-start=\"765\" data-end=\"854\">\n<p data-start=\"767\" data-end=\"854\"><strong data-start=\"767\" data-end=\"792\">Mo\u010dna zmogljivost:<\/strong> 700W motor z u\u010dinkovitim hlajenjem za neprekinjeno delovanje.<\/p>\n<\/li>\n<li data-start=\"855\" data-end=\"964\">\n<p data-start=\"857\" data-end=\"964\"><strong data-start=\"857\" data-end=\"886\">Prilagodljive mo\u017enosti napetosti:<\/strong> Deluje pri 220 V\/50 Hz, 60 Hz in 110 V\/60 Hz - primerno za mednarodno uporabo.<\/p>\n<\/li>\n<li data-start=\"965\" data-end=\"1071\">\n<p data-start=\"967\" data-end=\"1071\"><strong data-start=\"967\" data-end=\"987\">Optimalno hlajenje:<\/strong> Ohranja enakomeren obseg <strong data-start=\"1020\" data-end=\"1036\">-1 \u00b0C do -4 \u00b0C<\/strong>, kar zagotavlja popolno strukturo blede\u017ea.<\/p>\n<\/li>\n<li data-start=\"1072\" data-end=\"1162\">\n<p data-start=\"1074\" data-end=\"1162\"><strong data-start=\"1074\" data-end=\"1092\">Trajna izdelava:<\/strong> Izdelan je iz visokokakovostnih materialov za vsakodnevno profesionalno uporabo.<\/p>\n<\/li>\n<li data-start=\"1163\" data-end=\"1252\">\n<p data-start=\"1165\" data-end=\"1252\"><strong data-start=\"1165\" data-end=\"1187\">Kompakten odtis:<\/strong> Kljub dvojni zmogljivosti se lepo prilega ve\u010dini pultov.<\/p>\n<\/li>\n<\/ul>\n<h4 data-start=\"1254\" data-end=\"1273\">Aplikacije<\/h4>\n<p data-start=\"1274\" data-end=\"1325\">Spletna stran <strong data-start=\"1278\" data-end=\"1287\">XSC-2<\/strong> je idealen za pripravo in serviranje:<\/p>\n<ul data-start=\"1326\" data-end=\"1407\">\n<li data-start=\"1326\" data-end=\"1345\">\n<p data-start=\"1328\" data-end=\"1345\">Slush in granita<\/p>\n<\/li>\n<li data-start=\"1346\" data-end=\"1366\">\n<p data-start=\"1348\" data-end=\"1366\">Zamrznjeni koktajli<\/p>\n<\/li>\n<li data-start=\"1367\" data-end=\"1407\">\n<p data-start=\"1369\" data-end=\"1407\">Mle\u010dni napitki in druge ohlajene pija\u010de<\/p>\n<\/li>\n<\/ul>\n<h4 data-start=\"1409\" data-end=\"1437\">Kakovost in zanesljivost<\/h4>\n<p data-start=\"1438\" data-end=\"1629\">XSC-2 zdru\u017euje visoko zmogljivost, zanesljivo hlajenje in privla\u010dno predstavitev s svetle\u010do diodo, zato je zasnovan tako, da zagotavlja dolgotrajno zmogljivost, hkrati pa dodaja pridih sloga va\u0161i ponudbi pija\u010d.<\/p>\n<h4 data-start=\"1409\" data-end=\"1437\">Specifikacija<\/h4>\n<table>\n<thead>\n<tr>\n<th><strong>Model<\/strong><\/th>\n<th><strong>XSC-2 (z lu\u010dko LED)<\/strong><\/th>\n<\/tr>\n<\/thead>\n<tbody>\n<tr>\n<td><strong>Zmogljivost<\/strong><\/td>\n<td>2 \u00d7 15L<\/td>\n<\/tr>\n<tr>\n<td><strong>Napetost<\/strong><\/td>\n<td>220V \/ 50Hz, 60Hz \/ 110V 60Hz<\/td>\n<\/tr>\n<tr>\n<td><strong>Napajanje<\/strong><\/td>\n<td>700W<\/td>\n<\/tr>\n<tr>\n<td><strong>Temperatura hlajenja<\/strong><\/td>\n<td>-1\u00b0C ~ -4\u00b0C<\/td>\n<\/tr>\n<tr>\n<td><strong>Neto mere (\u0160 \u00d7 G \u00d7 V)<\/strong><\/td>\n<td>365 \u00d7 475 \u00d7 720 mm<\/td>\n<\/tr>\n<tr>\n<td><strong>Dimenzije pakiranja (\u0160 \u00d7 G \u00d7 V)<\/strong><\/td>\n<td>435 \u00d7 545 \u00d7 800 mm<\/td>\n<\/tr>\n<tr>\n<td><strong>Neto te\u017ea (N.W.)<\/strong><\/td>\n<td>40 kg<\/td>\n<\/tr>\n<tr>\n<td><strong>Bruto te\u017ea (G.W.)<\/strong><\/td>\n<td>50 kg<\/td>\n<\/tr>\n<\/tbody>\n<\/table>","protected":false},"excerpt":{"rendered":"<p>The XSC-2 Slush Machine offers the perfect balance of capacity and presentation. With two 15-liter tanks and integrated LED lighting, it allows you to serve multiple flavors while creating an eye-catching display. Designed for caf\u00e9s, bars, restaurants, and event venues, this model ensures both performance and style. Key Features LED Lighting: Enhances the visibility and [&hellip;]<\/p>\n","protected":false},"featured_media":6677,"comment_status":"open","ping_status":"closed","template":"","meta":[],"product_brand":[],"product_cat":[34],"product_tag":[],"class_list":{"0":"post-6673","1":"product","2":"type-product","3":"status-publish","4":"has-post-thumbnail","6":"product_cat-slush-machines","8":"first","9":"instock","10":"shipping-taxable","11":"product-type-simple"},"_links":{"self":[{"href":"https:\/\/dersuessestopp.com\/sl\/wp-json\/wp\/v2\/product\/6673","targetHints":{"allow":["GET"]}}],"collection":[{"href":"https:\/\/dersuessestopp.com\/sl\/wp-json\/wp\/v2\/product"}],"about":[{"href":"https:\/\/dersuessestopp.com\/sl\/wp-json\/wp\/v2\/types\/product"}],"replies":[{"embeddable":true,"href":"https:\/\/dersuessestopp.com\/sl\/wp-json\/wp\/v2\/comments?post=6673"}],"version-history":[{"count":1,"href":"https:\/\/dersuessestopp.com\/sl\/wp-json\/wp\/v2\/product\/6673\/revisions"}],"predecessor-version":[{"id":6678,"href":"https:\/\/dersuessestopp.com\/sl\/wp-json\/wp\/v2\/product\/6673\/revisions\/6678"}],"wp:featuredmedia":[{"embeddable":true,"href":"https:\/\/dersuessestopp.com\/sl\/wp-json\/wp\/v2\/media\/6677"}],"wp:attachment":[{"href":"https:\/\/dersuessestopp.com\/sl\/wp-json\/wp\/v2\/media?parent=6673"}],"wp:term":[{"taxonomy":"product_brand","embeddable":true,"href":"https:\/\/dersuessestopp.com\/sl\/wp-json\/wp\/v2\/product_brand?post=6673"},{"taxonomy":"product_cat","embeddable":true,"href":"https:\/\/dersuessestopp.com\/sl\/wp-json\/wp\/v2\/product_cat?post=6673"},{"taxonomy":"product_tag","embeddable":true,"href":"https:\/\/dersuessestopp.com\/sl\/wp-json\/wp\/v2\/product_tag?post=6673"}],"curies":[{"name":"wp","href":"https:\/\/api.w.org\/{rel}","templated":true}]}}