{"id":6668,"date":"2025-08-28T06:22:58","date_gmt":"2025-08-28T06:22:58","guid":{"rendered":"https:\/\/dersuessestopp.com\/?post_type=product&#038;p=6668"},"modified":"2025-08-28T06:38:54","modified_gmt":"2025-08-28T06:38:54","slug":"stroj-za-blato-model-xsc-1-1-rezervoar-15l-z-led-lucjo","status":"publish","type":"product","link":"https:\/\/dersuessestopp.com\/sl\/product\/slush-machine-model-xsc-1-1-tank-15l-with-led-light\/","title":{"rendered":"Stroj za pripravo brozge - model XSC-1 (1 rezervoar, 15L, z LED lu\u010djo)"},"content":{"rendered":"<p data-start=\"229\" data-end=\"536\">Spletna stran <strong data-start=\"233\" data-end=\"256\">XSC-1 Stroj za brozgo<\/strong> je popolna re\u0161itev za podjetja, ki \u017eelijo slog in zmogljivost v enem. Z <strong data-start=\"343\" data-end=\"360\">15-litrski rezervoar<\/strong> in . <strong data-start=\"365\" data-end=\"392\">vgrajena osvetlitev LED<\/strong>, ta model ne zagotavlja le u\u010dinkovitega hlajenja pija\u010d, temve\u010d tudi privla\u010dno predstavitev - idealen za kavarne, bare, restavracije in prireditve.<\/p>\n<h4 data-start=\"538\" data-end=\"557\">Klju\u010dne lastnosti<\/h4>\n<ul data-start=\"558\" data-end=\"1254\">\n<li data-start=\"558\" data-end=\"674\">\n<p data-start=\"560\" data-end=\"674\"><strong data-start=\"560\" data-end=\"581\">Osvetlitev LED:<\/strong> Pove\u010da vizualno privla\u010dnost va\u0161ih pija\u010d, tako da so za kupce bolj privla\u010dne.<\/p>\n<\/li>\n<li data-start=\"675\" data-end=\"747\">\n<p data-start=\"677\" data-end=\"747\"><strong data-start=\"677\" data-end=\"696\">Velika zmogljivost:<\/strong> En 15-litrski rezervoar, idealen za srednje velike koli\u010dine.<\/p>\n<\/li>\n<li data-start=\"748\" data-end=\"844\">\n<p data-start=\"750\" data-end=\"844\"><strong data-start=\"750\" data-end=\"776\">U\u010dinkovito delovanje:<\/strong> 500W motor z zanesljivim hladilnim sistemom za dosledne rezultate.<\/p>\n<\/li>\n<li data-start=\"845\" data-end=\"952\">\n<p data-start=\"847\" data-end=\"952\"><strong data-start=\"847\" data-end=\"876\">Prilagodljive mo\u017enosti napetosti:<\/strong> Podpira 220 V\/50 Hz, 60 Hz in 110 V\/60 Hz - primerno za mednarodno uporabo.<\/p>\n<\/li>\n<li data-start=\"953\" data-end=\"1062\">\n<p data-start=\"955\" data-end=\"1062\"><strong data-start=\"955\" data-end=\"975\">Optimalno hlajenje:<\/strong> Vzdr\u017euje temperaturno obmo\u010dje <strong data-start=\"1009\" data-end=\"1025\">-1 \u00b0C do -4 \u00b0C<\/strong>, ki zagotavlja popolno strukturo blede\u017ea.<\/p>\n<\/li>\n<li data-start=\"1063\" data-end=\"1157\">\n<p data-start=\"1065\" data-end=\"1157\"><strong data-start=\"1065\" data-end=\"1090\">Trajna konstrukcija:<\/strong> Zasnovan z visokokakovostnimi materiali za profesionalno vsakodnevno uporabo.<\/p>\n<\/li>\n<li data-start=\"1158\" data-end=\"1254\">\n<p data-start=\"1160\" data-end=\"1254\"><strong data-start=\"1160\" data-end=\"1185\">Kompakten, a zmogljiv:<\/strong> Zlahka se prilega ve\u010dini prostorov na pultu, ne da bi se pri tem zmanj\u0161ala zmogljivost.<\/p>\n<\/li>\n<\/ul>\n<h4 data-start=\"1256\" data-end=\"1275\">Aplikacije<\/h4>\n<p data-start=\"1276\" data-end=\"1315\">Spletna stran <strong data-start=\"1280\" data-end=\"1289\">XSC-1<\/strong> je kot nala\u0161\u010d za serviranje:<\/p>\n<ul data-start=\"1316\" data-end=\"1391\">\n<li data-start=\"1316\" data-end=\"1335\">\n<p data-start=\"1318\" data-end=\"1335\">Slush in granita<\/p>\n<\/li>\n<li data-start=\"1336\" data-end=\"1356\">\n<p data-start=\"1338\" data-end=\"1356\">Zamrznjeni koktajli<\/p>\n<\/li>\n<li data-start=\"1357\" data-end=\"1391\">\n<p data-start=\"1359\" data-end=\"1391\">Mle\u010dni napitki in ohlajene pija\u010de<\/p>\n<\/li>\n<\/ul>\n<h4 data-start=\"1393\" data-end=\"1421\">Kakovost in zanesljivost<\/h4>\n<p data-start=\"1422\" data-end=\"1602\">XSC-1 s predstavitvijo LED in robustno konstrukcijo zdru\u017euje zmogljivost z estetiko, zato je pametna izbira za prizori\u0161\u010da, ki cenijo tako funkcionalnost kot privla\u010dnost za stranke.<\/p>\n<h4 data-start=\"1393\" data-end=\"1421\">Specifikacija<\/h4>\n<table>\n<thead>\n<tr>\n<th><strong>Model<\/strong><\/th>\n<th><strong>XSC-1 (s svetlobo LED)<\/strong><\/th>\n<\/tr>\n<\/thead>\n<tbody>\n<tr>\n<td><strong>Zmogljivost<\/strong><\/td>\n<td>1 \u00d7 15L<\/td>\n<\/tr>\n<tr>\n<td><strong>Napetost<\/strong><\/td>\n<td>220V \/ 50Hz, 60Hz \/ 110V 60Hz<\/td>\n<\/tr>\n<tr>\n<td><strong>Napajanje<\/strong><\/td>\n<td>500W<\/td>\n<\/tr>\n<tr>\n<td><strong>Temperatura hlajenja<\/strong><\/td>\n<td>-1\u00b0C ~ -4\u00b0C<\/td>\n<\/tr>\n<tr>\n<td><strong>Neto mere (\u0160 \u00d7 G \u00d7 V)<\/strong><\/td>\n<td>305 \u00d7 475 \u00d7 720 mm<\/td>\n<\/tr>\n<tr>\n<td><strong>Dimenzije pakiranja (\u0160 \u00d7 G \u00d7 V)<\/strong><\/td>\n<td>375 \u00d7 545 \u00d7 800 mm<\/td>\n<\/tr>\n<tr>\n<td><strong>Neto te\u017ea (N.W.)<\/strong><\/td>\n<td>28 kg<\/td>\n<\/tr>\n<tr>\n<td><strong>Bruto te\u017ea (G.W.)<\/strong><\/td>\n<td>40 kg<\/td>\n<\/tr>\n<\/tbody>\n<\/table>","protected":false},"excerpt":{"rendered":"<p>The XSC-1 Slush Machine is the perfect solution for businesses that want style and performance in one. With a 15-liter tank and integrated LED lighting, this model ensures not only efficient beverage cooling but also an attractive presentation \u2013 ideal for caf\u00e9s, bars, restaurants, and events. Key Features LED Illumination: Enhances the visual appeal of [&hellip;]<\/p>\n","protected":false},"featured_media":6671,"comment_status":"open","ping_status":"closed","template":"","meta":[],"product_brand":[],"product_cat":[34],"product_tag":[],"class_list":{"0":"post-6668","1":"product","2":"type-product","3":"status-publish","4":"has-post-thumbnail","6":"product_cat-slush-machines","8":"first","9":"instock","10":"shipping-taxable","11":"product-type-simple"},"_links":{"self":[{"href":"https:\/\/dersuessestopp.com\/sl\/wp-json\/wp\/v2\/product\/6668","targetHints":{"allow":["GET"]}}],"collection":[{"href":"https:\/\/dersuessestopp.com\/sl\/wp-json\/wp\/v2\/product"}],"about":[{"href":"https:\/\/dersuessestopp.com\/sl\/wp-json\/wp\/v2\/types\/product"}],"replies":[{"embeddable":true,"href":"https:\/\/dersuessestopp.com\/sl\/wp-json\/wp\/v2\/comments?post=6668"}],"version-history":[{"count":1,"href":"https:\/\/dersuessestopp.com\/sl\/wp-json\/wp\/v2\/product\/6668\/revisions"}],"predecessor-version":[{"id":6672,"href":"https:\/\/dersuessestopp.com\/sl\/wp-json\/wp\/v2\/product\/6668\/revisions\/6672"}],"wp:featuredmedia":[{"embeddable":true,"href":"https:\/\/dersuessestopp.com\/sl\/wp-json\/wp\/v2\/media\/6671"}],"wp:attachment":[{"href":"https:\/\/dersuessestopp.com\/sl\/wp-json\/wp\/v2\/media?parent=6668"}],"wp:term":[{"taxonomy":"product_brand","embeddable":true,"href":"https:\/\/dersuessestopp.com\/sl\/wp-json\/wp\/v2\/product_brand?post=6668"},{"taxonomy":"product_cat","embeddable":true,"href":"https:\/\/dersuessestopp.com\/sl\/wp-json\/wp\/v2\/product_cat?post=6668"},{"taxonomy":"product_tag","embeddable":true,"href":"https:\/\/dersuessestopp.com\/sl\/wp-json\/wp\/v2\/product_tag?post=6668"}],"curies":[{"name":"wp","href":"https:\/\/api.w.org\/{rel}","templated":true}]}}