{"id":6661,"date":"2025-08-28T06:17:12","date_gmt":"2025-08-28T06:17:12","guid":{"rendered":"https:\/\/dersuessestopp.com\/?post_type=product&#038;p=6661"},"modified":"2025-08-28T06:17:12","modified_gmt":"2025-08-28T06:17:12","slug":"stroj-za-blato-model-sc-3-3-rezervoarji-po-12-l","status":"publish","type":"product","link":"https:\/\/dersuessestopp.com\/sl\/product\/slush-machine-model-sc-3-3-tanks-12l-each\/","title":{"rendered":"Stroj za brozgo - model SC-3 (3 rezervoarji, vsak po 12 l)"},"content":{"rendered":"<p data-start=\"228\" data-end=\"563\">\u017delite postre\u010di s \u0161iroko paleto okusov z veliko zmogljivostjo? . <strong data-start=\"292\" data-end=\"314\">SC-3 Stroj za brozgo<\/strong> je zasnovan za zasedena prizori\u0161\u010da, ki potrebujejo zmogljivost in vsestranskost. Z <strong data-start=\"384\" data-end=\"408\">trije 12-litrski rezervoarji<\/strong>, omogo\u010da pripravo in postre\u017ebo ve\u010d okusov hkrati, zato je idealen za restavracije, kavarne, bare, zabavi\u0161\u010dne parke in velike dogodke.<\/p>\n<h4 data-start=\"565\" data-end=\"584\">Klju\u010dne lastnosti<\/h4>\n<ul data-start=\"585\" data-end=\"1143\">\n<li data-start=\"585\" data-end=\"669\">\n<p data-start=\"587\" data-end=\"669\"><strong data-start=\"587\" data-end=\"610\">Zasnova trojnega rezervoarja:<\/strong> Trije 12-litrski rezervoarji za najve\u010djo zmogljivost in raznolikost okusov.<\/p>\n<\/li>\n<li data-start=\"670\" data-end=\"752\">\n<p data-start=\"672\" data-end=\"752\"><strong data-start=\"672\" data-end=\"693\">Visoka zmogljivost:<\/strong> 900W motor z zmogljivim in u\u010dinkovitim hladilnim sistemom.<\/p>\n<\/li>\n<li data-start=\"753\" data-end=\"862\">\n<p data-start=\"755\" data-end=\"862\"><strong data-start=\"755\" data-end=\"784\">Prilagodljive mo\u017enosti napetosti:<\/strong> Deluje pri 220 V\/50 Hz, 60 Hz in 110 V\/60 Hz - primerno za mednarodno uporabo.<\/p>\n<\/li>\n<li data-start=\"863\" data-end=\"956\">\n<p data-start=\"865\" data-end=\"956\"><strong data-start=\"865\" data-end=\"885\">Optimalno hlajenje:<\/strong> Temperaturno obmo\u010dje <strong data-start=\"907\" data-end=\"923\">-1 \u00b0C do -4 \u00b0C<\/strong> za popolno konsistenco blede\u017ea.<\/p>\n<\/li>\n<li data-start=\"957\" data-end=\"1043\">\n<p data-start=\"959\" data-end=\"1043\"><strong data-start=\"959\" data-end=\"982\">Trajno in zanesljivo:<\/strong> Izdelan je iz visokokakovostnih materialov za intenzivno vsakodnevno uporabo.<\/p>\n<\/li>\n<li data-start=\"1044\" data-end=\"1143\">\n<p data-start=\"1046\" data-end=\"1143\"><strong data-start=\"1046\" data-end=\"1079\">Prostorsko u\u010dinkovit glede na velikost:<\/strong> Kljub svoji zmogljivosti se lepo prilega standardnim pultom.<\/p>\n<\/li>\n<\/ul>\n<h4 data-start=\"1145\" data-end=\"1164\">Aplikacije<\/h4>\n<p data-start=\"1165\" data-end=\"1203\">Spletna stran <strong data-start=\"1169\" data-end=\"1177\">SC-3<\/strong> je kot nala\u0161\u010d za serviranje:<\/p>\n<ul data-start=\"1204\" data-end=\"1279\">\n<li data-start=\"1204\" data-end=\"1223\">\n<p data-start=\"1206\" data-end=\"1223\">Slush in granita<\/p>\n<\/li>\n<li data-start=\"1224\" data-end=\"1244\">\n<p data-start=\"1226\" data-end=\"1244\">Zamrznjeni koktajli<\/p>\n<\/li>\n<li data-start=\"1245\" data-end=\"1279\">\n<p data-start=\"1247\" data-end=\"1279\">Mle\u010dni napitki in ohlajene pija\u010de<\/p>\n<\/li>\n<\/ul>\n<h4 data-start=\"1281\" data-end=\"1309\">Kakovost in zanesljivost<\/h4>\n<p data-start=\"1310\" data-end=\"1515\">SC-3 je zasnovan za intenzivno komercialno uporabo in zdru\u017euje robustno konstrukcijo z enostavnim vzdr\u017eevanjem in dolgotrajnim delovanjem. Popolna re\u0161itev za podjetja, ki potrebujejo tako <strong data-start=\"1488\" data-end=\"1512\">zmogljivost in raznolikost<\/strong>.<\/p>\n<h4 data-start=\"1281\" data-end=\"1309\">Specifikacija<\/h4>\n<table>\n<thead>\n<tr>\n<th><strong>Model<\/strong><\/th>\n<th><strong>SC-3<\/strong><\/th>\n<\/tr>\n<\/thead>\n<tbody>\n<tr>\n<td><strong>Zmogljivost<\/strong><\/td>\n<td>3 \u00d7 12L<\/td>\n<\/tr>\n<tr>\n<td><strong>Napetost<\/strong><\/td>\n<td>220V \/ 50Hz, 60Hz \/ 110V 60Hz<\/td>\n<\/tr>\n<tr>\n<td><strong>Napajanje<\/strong><\/td>\n<td>900W<\/td>\n<\/tr>\n<tr>\n<td><strong>Temperatura hlajenja<\/strong><\/td>\n<td>-1\u00b0C ~ -4\u00b0C<\/td>\n<\/tr>\n<tr>\n<td><strong>Neto mere (\u0160 \u00d7 G \u00d7 V)<\/strong><\/td>\n<td>545 \u00d7 475 \u00d7 700 mm<\/td>\n<\/tr>\n<tr>\n<td><strong>Dimenzije pakiranja (\u0160 \u00d7 G \u00d7 V)<\/strong><\/td>\n<td>615 \u00d7 545 \u00d7 735 mm<\/td>\n<\/tr>\n<tr>\n<td><strong>Neto te\u017ea (N.W.)<\/strong><\/td>\n<td>53 kg<\/td>\n<\/tr>\n<tr>\n<td><strong>Bruto te\u017ea (G.W.)<\/strong><\/td>\n<td>70 kg<\/td>\n<\/tr>\n<\/tbody>\n<\/table>","protected":false},"excerpt":{"rendered":"<p>Want to serve a wide variety of flavors with high capacity? The SC-3 Slush Machine is built for busy venues that need performance and versatility. With three 12-liter tanks, it allows you to prepare and serve multiple flavors at the same time \u2013 making it ideal for restaurants, caf\u00e9s, bars, amusement parks, and large events. [&hellip;]<\/p>\n","protected":false},"featured_media":6665,"comment_status":"open","ping_status":"closed","template":"","meta":[],"product_brand":[],"product_cat":[34],"product_tag":[],"class_list":{"0":"post-6661","1":"product","2":"type-product","3":"status-publish","4":"has-post-thumbnail","6":"product_cat-slush-machines","8":"first","9":"instock","10":"shipping-taxable","11":"product-type-simple"},"_links":{"self":[{"href":"https:\/\/dersuessestopp.com\/sl\/wp-json\/wp\/v2\/product\/6661","targetHints":{"allow":["GET"]}}],"collection":[{"href":"https:\/\/dersuessestopp.com\/sl\/wp-json\/wp\/v2\/product"}],"about":[{"href":"https:\/\/dersuessestopp.com\/sl\/wp-json\/wp\/v2\/types\/product"}],"replies":[{"embeddable":true,"href":"https:\/\/dersuessestopp.com\/sl\/wp-json\/wp\/v2\/comments?post=6661"}],"version-history":[{"count":1,"href":"https:\/\/dersuessestopp.com\/sl\/wp-json\/wp\/v2\/product\/6661\/revisions"}],"predecessor-version":[{"id":6667,"href":"https:\/\/dersuessestopp.com\/sl\/wp-json\/wp\/v2\/product\/6661\/revisions\/6667"}],"wp:featuredmedia":[{"embeddable":true,"href":"https:\/\/dersuessestopp.com\/sl\/wp-json\/wp\/v2\/media\/6665"}],"wp:attachment":[{"href":"https:\/\/dersuessestopp.com\/sl\/wp-json\/wp\/v2\/media?parent=6661"}],"wp:term":[{"taxonomy":"product_brand","embeddable":true,"href":"https:\/\/dersuessestopp.com\/sl\/wp-json\/wp\/v2\/product_brand?post=6661"},{"taxonomy":"product_cat","embeddable":true,"href":"https:\/\/dersuessestopp.com\/sl\/wp-json\/wp\/v2\/product_cat?post=6661"},{"taxonomy":"product_tag","embeddable":true,"href":"https:\/\/dersuessestopp.com\/sl\/wp-json\/wp\/v2\/product_tag?post=6661"}],"curies":[{"name":"wp","href":"https:\/\/api.w.org\/{rel}","templated":true}]}}