{"id":6655,"date":"2025-08-28T06:05:33","date_gmt":"2025-08-28T06:05:33","guid":{"rendered":"https:\/\/dersuessestopp.com\/?post_type=product&#038;p=6655"},"modified":"2025-08-28T06:05:33","modified_gmt":"2025-08-28T06:05:33","slug":"stroj-za-blato-model-sc-2-2-rezervoarja-po-12-l","status":"publish","type":"product","link":"https:\/\/dersuessestopp.com\/sl\/product\/slush-machine-model-sc-2-2-tanks-12l-each\/","title":{"rendered":"Stroj za brozgo - model SC-2 (2 rezervoarja, vsak po 12 l)"},"content":{"rendered":"<p data-start=\"232\" data-end=\"496\">\u017delite postre\u010di ve\u010d strankam z ve\u010d okusi naenkrat? Spletna stran <strong data-start=\"299\" data-end=\"321\">SC-2 Stroj za brozgo<\/strong> je odli\u010dna izbira. Opremljen je z <strong data-start=\"359\" data-end=\"381\">dva 12-litrska rezervoarja<\/strong>, zdru\u017euje u\u010dinkovitost, vzdr\u017eljivost in preprosto uporabo, zato je idealen za kavarne, bare, restavracije in prireditve.<\/p>\n<h4 data-start=\"498\" data-end=\"517\">Klju\u010dne lastnosti<\/h4>\n<ul data-start=\"518\" data-end=\"1127\">\n<li data-start=\"518\" data-end=\"622\">\n<p data-start=\"520\" data-end=\"622\"><strong data-start=\"520\" data-end=\"541\">Zasnova z dvema rezervoarjema:<\/strong> Dva 12-litrska rezervoarja vam omogo\u010data hkratno pripravo in serviranje razli\u010dnih okusov.<\/p>\n<\/li>\n<li data-start=\"623\" data-end=\"725\">\n<p data-start=\"625\" data-end=\"725\"><strong data-start=\"625\" data-end=\"651\">U\u010dinkovito delovanje:<\/strong> 700W motor z zmogljivim hladilnim sistemom zagotavlja neprekinjeno delovanje.<\/p>\n<\/li>\n<li data-start=\"726\" data-end=\"840\">\n<p data-start=\"728\" data-end=\"840\"><strong data-start=\"728\" data-end=\"757\">Prilagodljive mo\u017enosti napetosti:<\/strong> Zdru\u017eljiv z 220 V\/50 Hz, 60 Hz in 110 V\/60 Hz - primeren za mednarodno uporabo.<\/p>\n<\/li>\n<li data-start=\"841\" data-end=\"942\">\n<p data-start=\"843\" data-end=\"942\"><strong data-start=\"843\" data-end=\"863\">Optimalno hlajenje:<\/strong> Vzdr\u017euje temperaturno obmo\u010dje <strong data-start=\"897\" data-end=\"913\">-1 \u00b0C do -4 \u00b0C<\/strong> za popolno strukturo blede\u017ea.<\/p>\n<\/li>\n<li data-start=\"943\" data-end=\"1041\">\n<p data-start=\"945\" data-end=\"1041\"><strong data-start=\"945\" data-end=\"976\">Vzdr\u017eljiv in enostaven za vzdr\u017eevanje:<\/strong> Izdelan je iz robustnih materialov, zasnovanih za vsakodnevno komercialno uporabo.<\/p>\n<\/li>\n<li data-start=\"1042\" data-end=\"1127\">\n<p data-start=\"1044\" data-end=\"1127\"><strong data-start=\"1044\" data-end=\"1066\">Kompakten odtis:<\/strong> Kljub dvojni zmogljivosti se lepo prilega ve\u010dini pultov.<\/p>\n<\/li>\n<\/ul>\n<h4 data-start=\"1129\" data-end=\"1148\">Aplikacije<\/h4>\n<p data-start=\"1149\" data-end=\"1179\">Spletna stran <strong data-start=\"1153\" data-end=\"1161\">SC-2<\/strong> je kot nala\u0161\u010d za:<\/p>\n<ul data-start=\"1180\" data-end=\"1261\">\n<li data-start=\"1180\" data-end=\"1199\">\n<p data-start=\"1182\" data-end=\"1199\">Slush in granita<\/p>\n<\/li>\n<li data-start=\"1200\" data-end=\"1220\">\n<p data-start=\"1202\" data-end=\"1220\">Zamrznjeni koktajli<\/p>\n<\/li>\n<li data-start=\"1221\" data-end=\"1261\">\n<p data-start=\"1223\" data-end=\"1261\">Mle\u010dni napitki in druge ohlajene pija\u010de<\/p>\n<\/li>\n<\/ul>\n<h4 data-start=\"1263\" data-end=\"1291\">Kakovost in zanesljivost<\/h4>\n<p data-start=\"1292\" data-end=\"1460\">Kot vsi na\u0161i modeli je tudi SC-2 zasnovan za dolgotrajno delovanje, preprosto \u010di\u0161\u010denje in dosledne rezultate. Pametna izbira za vse profesionalne storitve za pripravo pija\u010d.<\/p>\n<h4 data-start=\"1263\" data-end=\"1291\">Specifikacija<\/h4>\n<table>\n<thead>\n<tr>\n<th><strong>Model<\/strong><\/th>\n<th><strong>SC-2<\/strong><\/th>\n<\/tr>\n<\/thead>\n<tbody>\n<tr>\n<td><strong>Zmogljivost<\/strong><\/td>\n<td>2 \u00d7 12L<\/td>\n<\/tr>\n<tr>\n<td><strong>Napetost<\/strong><\/td>\n<td>220V \/ 50Hz, 60Hz \/ 110V 60Hz<\/td>\n<\/tr>\n<tr>\n<td><strong>Napajanje<\/strong><\/td>\n<td>700W<\/td>\n<\/tr>\n<tr>\n<td><strong>Temperatura hlajenja<\/strong><\/td>\n<td>-1\u00b0C ~ -4\u00b0C<\/td>\n<\/tr>\n<tr>\n<td><strong>Neto mere (\u0160 \u00d7 G \u00d7 V)<\/strong><\/td>\n<td>365 \u00d7 475 \u00d7 700 mm<\/td>\n<\/tr>\n<tr>\n<td><strong>Dimenzije pakiranja (\u0160 \u00d7 G \u00d7 V)<\/strong><\/td>\n<td>435 \u00d7 545 \u00d7 735 mm<\/td>\n<\/tr>\n<tr>\n<td><strong>Neto te\u017ea (N.W.)<\/strong><\/td>\n<td>40 kg<\/td>\n<\/tr>\n<tr>\n<td><strong>Bruto te\u017ea (G.W.)<\/strong><\/td>\n<td>50 kg<\/td>\n<\/tr>\n<\/tbody>\n<\/table>","protected":false},"excerpt":{"rendered":"<p>Looking to serve more customers with multiple flavors at once? The SC-2 Slush Machine is the perfect choice. Equipped with two 12-liter tanks, it combines efficiency, durability, and ease of use \u2013 making it ideal for caf\u00e9s, bars, restaurants, and events. Key Features Dual Tank Design: Two 12L tanks allow you to prepare and serve [&hellip;]<\/p>\n","protected":false},"featured_media":6658,"comment_status":"open","ping_status":"closed","template":"","meta":[],"product_brand":[],"product_cat":[34],"product_tag":[],"class_list":{"0":"post-6655","1":"product","2":"type-product","3":"status-publish","4":"has-post-thumbnail","6":"product_cat-slush-machines","8":"first","9":"instock","10":"shipping-taxable","11":"product-type-simple"},"_links":{"self":[{"href":"https:\/\/dersuessestopp.com\/sl\/wp-json\/wp\/v2\/product\/6655","targetHints":{"allow":["GET"]}}],"collection":[{"href":"https:\/\/dersuessestopp.com\/sl\/wp-json\/wp\/v2\/product"}],"about":[{"href":"https:\/\/dersuessestopp.com\/sl\/wp-json\/wp\/v2\/types\/product"}],"replies":[{"embeddable":true,"href":"https:\/\/dersuessestopp.com\/sl\/wp-json\/wp\/v2\/comments?post=6655"}],"version-history":[{"count":1,"href":"https:\/\/dersuessestopp.com\/sl\/wp-json\/wp\/v2\/product\/6655\/revisions"}],"predecessor-version":[{"id":6660,"href":"https:\/\/dersuessestopp.com\/sl\/wp-json\/wp\/v2\/product\/6655\/revisions\/6660"}],"wp:featuredmedia":[{"embeddable":true,"href":"https:\/\/dersuessestopp.com\/sl\/wp-json\/wp\/v2\/media\/6658"}],"wp:attachment":[{"href":"https:\/\/dersuessestopp.com\/sl\/wp-json\/wp\/v2\/media?parent=6655"}],"wp:term":[{"taxonomy":"product_brand","embeddable":true,"href":"https:\/\/dersuessestopp.com\/sl\/wp-json\/wp\/v2\/product_brand?post=6655"},{"taxonomy":"product_cat","embeddable":true,"href":"https:\/\/dersuessestopp.com\/sl\/wp-json\/wp\/v2\/product_cat?post=6655"},{"taxonomy":"product_tag","embeddable":true,"href":"https:\/\/dersuessestopp.com\/sl\/wp-json\/wp\/v2\/product_tag?post=6655"}],"curies":[{"name":"wp","href":"https:\/\/api.w.org\/{rel}","templated":true}]}}