{"id":6643,"date":"2025-08-28T05:44:00","date_gmt":"2025-08-28T05:44:00","guid":{"rendered":"https:\/\/dersuessestopp.com\/?post_type=product&#038;p=6643"},"modified":"2025-08-28T06:00:13","modified_gmt":"2025-08-28T06:00:13","slug":"stroj-za-blato-model-sc-1-1-rezervoar-12l","status":"publish","type":"product","link":"https:\/\/dersuessestopp.com\/sl\/product\/slush-machine-model-sc-1-1-tank-12l\/","title":{"rendered":"Stroj za brozgo - model SC-1 (1 rezervoar, 12L)"},"content":{"rendered":"<p data-start=\"182\" data-end=\"443\">I\u0161\u010dete kompaktno re\u0161itev za serviranje osve\u017eilnih zamrznjenih pija\u010d? Na spletni strani . <strong data-start=\"252\" data-end=\"275\">SC-1 Stroj za brozgo<\/strong> je odli\u010dna izbira! Z enim 12-litrskim rezervoarjem ta aparat zdru\u017euje zmogljivost, vzdr\u017eljivost in preprosto uporabo - idealen je za kavarne, bare, restavracije in manj\u0161e prireditve.<\/p>\n<h4 data-start=\"445\" data-end=\"464\">Klju\u010dne lastnosti<\/h4>\n<ul data-start=\"465\" data-end=\"1056\">\n<li data-start=\"465\" data-end=\"567\">\n<p data-start=\"467\" data-end=\"567\"><strong data-start=\"467\" data-end=\"486\">Kompaktna zasnova:<\/strong> Meri le 305 \u00d7 475 \u00d7 700 mm, zato se zlahka prilega manj\u0161im to\u010dilnim pultom.<\/p>\n<\/li>\n<li data-start=\"568\" data-end=\"642\">\n<p data-start=\"570\" data-end=\"642\"><strong data-start=\"570\" data-end=\"595\">Mo\u010dna zmogljivost:<\/strong> 500W motor z u\u010dinkovitim hladilnim sistemom.<\/p>\n<\/li>\n<li data-start=\"643\" data-end=\"756\">\n<p data-start=\"645\" data-end=\"756\"><strong data-start=\"645\" data-end=\"674\">Prilagodljive mo\u017enosti napetosti:<\/strong> Zdru\u017eljiv z 220 V\/50 Hz, 60 Hz in 110 V\/60 Hz - kot nala\u0161\u010d za mednarodno uporabo.<\/p>\n<\/li>\n<li data-start=\"757\" data-end=\"871\">\n<p data-start=\"759\" data-end=\"871\"><strong data-start=\"759\" data-end=\"779\">Optimalno hlajenje:<\/strong> Delovna temperatura od <strong data-start=\"807\" data-end=\"823\">-1 \u00b0C do -4 \u00b0C<\/strong>, ki je idealen za brozgo, granito in zamrznjene pija\u010de.<\/p>\n<\/li>\n<li data-start=\"872\" data-end=\"952\">\n<p data-start=\"874\" data-end=\"952\"><strong data-start=\"874\" data-end=\"892\">Trajna izdelava:<\/strong> Visokokakovostni materiali so zasnovani za vsakodnevno komercialno uporabo.<\/p>\n<\/li>\n<li data-start=\"953\" data-end=\"1056\">\n<p data-start=\"955\" data-end=\"1056\"><strong data-start=\"955\" data-end=\"973\">Enostavno rokovanje:<\/strong> Lahka, le 28 kg (neto); varno pakirana, 40 kg (bruto) za prevoz.<\/p>\n<\/li>\n<\/ul>\n<h4 data-start=\"1058\" data-end=\"1077\">Aplikacije<\/h4>\n<p data-start=\"1078\" data-end=\"1118\">Spletna stran <strong data-start=\"1082\" data-end=\"1090\">SC-1<\/strong> je kot nala\u0161\u010d za pripravo:<\/p>\n<ul data-start=\"1119\" data-end=\"1202\">\n<li data-start=\"1119\" data-end=\"1140\">\n<p data-start=\"1121\" data-end=\"1140\">Slush in granita<\/p>\n<\/li>\n<li data-start=\"1141\" data-end=\"1161\">\n<p data-start=\"1143\" data-end=\"1161\">Zamrznjeni koktajli<\/p>\n<\/li>\n<li data-start=\"1162\" data-end=\"1202\">\n<p data-start=\"1164\" data-end=\"1202\">Mle\u010dni napitki in druge ohlajene pija\u010de<\/p>\n<\/li>\n<\/ul>\n<h4 data-start=\"1204\" data-end=\"1232\">Kakovost in zanesljivost<\/h4>\n<p data-start=\"1233\" data-end=\"1412\">Tako kot vse na\u0161e modele tudi SC-1 odlikujejo trpe\u017ena konstrukcija, enostavno \u010di\u0161\u010denje in zanesljivo hlajenje, zato je odli\u010dna izbira za vse gostinske obrate.<\/p>\n<h4 data-start=\"1204\" data-end=\"1232\">Specifikacija<\/h4>\n<table>\n<thead>\n<tr>\n<th><strong>Model<\/strong><\/th>\n<th><strong>SC-1<\/strong><\/th>\n<\/tr>\n<\/thead>\n<tbody>\n<tr>\n<td><strong>Zmogljivost<\/strong><\/td>\n<td>12L<\/td>\n<\/tr>\n<tr>\n<td><strong>Napetost<\/strong><\/td>\n<td>220V \/ 50Hz, 60Hz \/ 110V 60Hz<\/td>\n<\/tr>\n<tr>\n<td><strong>Napajanje<\/strong><\/td>\n<td>500W<\/td>\n<\/tr>\n<tr>\n<td><strong>Temperatura hlajenja<\/strong><\/td>\n<td>-1\u00b0C ~ -4\u00b0C<\/td>\n<\/tr>\n<tr>\n<td><strong>Neto mere (\u0160 \u00d7 G \u00d7 V)<\/strong><\/td>\n<td>305 \u00d7 475 \u00d7 700 mm<\/td>\n<\/tr>\n<tr>\n<td><strong>Dimenzije pakiranja (\u0160 \u00d7 G \u00d7 V)<\/strong><\/td>\n<td>375 \u00d7 545 \u00d7 735 mm<\/td>\n<\/tr>\n<tr>\n<td><strong>Neto te\u017ea (N.W.)<\/strong><\/td>\n<td>28 kg<\/td>\n<\/tr>\n<tr>\n<td><strong>Bruto te\u017ea (G.W.)<\/strong><\/td>\n<td>40 kg<\/td>\n<\/tr>\n<\/tbody>\n<\/table>","protected":false},"excerpt":{"rendered":"<p>Looking for a compact solution to serve refreshing frozen drinks? The SC-1 Slush Machine is the perfect choice! With one 12-liter tank, this machine combines performance, durability, and ease of use \u2013 ideal for caf\u00e9s, bars, restaurants, and small events. Key Features Compact Design: Measuring just 305 \u00d7 475 \u00d7 700 mm, it fits easily [&hellip;]<\/p>\n","protected":false},"featured_media":6646,"comment_status":"open","ping_status":"closed","template":"","meta":[],"product_brand":[],"product_cat":[34],"product_tag":[],"class_list":{"0":"post-6643","1":"product","2":"type-product","3":"status-publish","4":"has-post-thumbnail","6":"product_cat-slush-machines","8":"first","9":"instock","10":"shipping-taxable","11":"product-type-simple"},"_links":{"self":[{"href":"https:\/\/dersuessestopp.com\/sl\/wp-json\/wp\/v2\/product\/6643","targetHints":{"allow":["GET"]}}],"collection":[{"href":"https:\/\/dersuessestopp.com\/sl\/wp-json\/wp\/v2\/product"}],"about":[{"href":"https:\/\/dersuessestopp.com\/sl\/wp-json\/wp\/v2\/types\/product"}],"replies":[{"embeddable":true,"href":"https:\/\/dersuessestopp.com\/sl\/wp-json\/wp\/v2\/comments?post=6643"}],"version-history":[{"count":6,"href":"https:\/\/dersuessestopp.com\/sl\/wp-json\/wp\/v2\/product\/6643\/revisions"}],"predecessor-version":[{"id":6654,"href":"https:\/\/dersuessestopp.com\/sl\/wp-json\/wp\/v2\/product\/6643\/revisions\/6654"}],"wp:featuredmedia":[{"embeddable":true,"href":"https:\/\/dersuessestopp.com\/sl\/wp-json\/wp\/v2\/media\/6646"}],"wp:attachment":[{"href":"https:\/\/dersuessestopp.com\/sl\/wp-json\/wp\/v2\/media?parent=6643"}],"wp:term":[{"taxonomy":"product_brand","embeddable":true,"href":"https:\/\/dersuessestopp.com\/sl\/wp-json\/wp\/v2\/product_brand?post=6643"},{"taxonomy":"product_cat","embeddable":true,"href":"https:\/\/dersuessestopp.com\/sl\/wp-json\/wp\/v2\/product_cat?post=6643"},{"taxonomy":"product_tag","embeddable":true,"href":"https:\/\/dersuessestopp.com\/sl\/wp-json\/wp\/v2\/product_tag?post=6643"}],"curies":[{"name":"wp","href":"https:\/\/api.w.org\/{rel}","templated":true}]}}