{"id":6335,"date":"2025-08-26T12:41:23","date_gmt":"2025-08-26T12:41:23","guid":{"rendered":"https:\/\/dersuessestopp.com\/?post_type=product&#038;p=6335"},"modified":"2025-08-27T10:02:45","modified_gmt":"2025-08-27T10:02:45","slug":"spaceman-6378-c-6378a-c-stroj-za-sladoled","status":"publish","type":"product","link":"https:\/\/dersuessestopp.com\/sl\/product\/spaceman-6378-c-6378a-c-soft-serve-ice-cream-machine\/","title":{"rendered":"Spaceman 6378-C \/ 6378A-C Stroj za sladoled"},"content":{"rendered":"<p data-start=\"254\" data-end=\"606\">Spletna stran <strong data-start=\"258\" data-end=\"287\">Spaceman 6378-C \/ 6378A-C<\/strong> je <strong data-start=\"293\" data-end=\"341\">visokozmogljiv zamrzovalnik z dvojnim zasukom za brezalkoholne pija\u010de<\/strong> zasnovan za podjetja, ki zahtevajo najve\u010djo zmogljivost in dosledno kakovost. Z zmo\u017enostjo izdelave do <strong data-start=\"453\" data-end=\"484\">720 obrokov (80 g) na uro<\/strong>, ta model je idealen za <strong data-start=\"510\" data-end=\"603\">zasedenost prodajaln sladoleda, verig zamrznjenih jogurtov, zabavi\u0161\u010dnih prizori\u0161\u010d in restavracij z velikim \u0161tevilom obiskovalcev.<\/strong>.<\/p>\n<p data-start=\"608\" data-end=\"933\">Ponudba <strong data-start=\"617\" data-end=\"652\">dva okusa in mo\u017enost zasuka<\/strong>, serija 6378 zagotavlja vsestranskost, hkrati pa ohranja konsistentnost izdelkov z napredno tehnologijo zamrzovanja in me\u0161anja dru\u017ebe Spaceman. Na voljo v <strong data-start=\"799\" data-end=\"824\">gravitacijski dovod (6378-C)<\/strong> ali <strong data-start=\"828\" data-end=\"851\">napajanje \u010drpalke (6378A-C)<\/strong>, operaterjem omogo\u010da, da izberejo najbolj\u0161o konfiguracijo za svoj poslovni model.<\/p>\n<hr data-start=\"935\" data-end=\"938\" \/>\n<h3 data-start=\"940\" data-end=\"958\">Klju\u010dne lastnosti<\/h3>\n<ul data-start=\"959\" data-end=\"1997\">\n<li data-start=\"959\" data-end=\"1045\">\n<p data-start=\"961\" data-end=\"1045\"><strong data-start=\"961\" data-end=\"986\">Doziranje Twin Twist<\/strong> - Dva okusa in kombinacija twist za raznolikost menija.<\/p>\n<\/li>\n<li data-start=\"1046\" data-end=\"1158\">\n<p data-start=\"1048\" data-end=\"1158\"><strong data-start=\"1048\" data-end=\"1069\">Izjemno visoka zmogljivost<\/strong> - Zagotavlja do <strong data-start=\"1087\" data-end=\"1109\">720 obrokov (80 g)<\/strong> na uro, ki je zasnovan za velike koli\u010dine dela.<\/p>\n<\/li>\n<li data-start=\"1159\" data-end=\"1261\">\n<p data-start=\"1161\" data-end=\"1261\"><strong data-start=\"1161\" data-end=\"1185\">Veliki dvojni cilindri<\/strong> - 2 \u00d7 3,2-litrski zamrzovalni jeklenki za dalj\u0161o proizvodnjo in hitro regeneracijo.<\/p>\n<\/li>\n<li data-start=\"1262\" data-end=\"1374\">\n<p data-start=\"1264\" data-end=\"1374\"><strong data-start=\"1264\" data-end=\"1293\">Hladilni dvojni zalogovniki<\/strong> - Me\u0161anico ohranja sve\u017eo ves dan (prostornina 2 \u00d7 12 l ali 2 \u00d7 10 l pri modelu A).<\/p>\n<\/li>\n<li data-start=\"1375\" data-end=\"1459\">\n<p data-start=\"1377\" data-end=\"1459\"><strong data-start=\"1377\" data-end=\"1397\">me\u0161alniki za lijak<\/strong> - Zagotovite stalno kakovost izdelka in prepre\u010dite lo\u010devanje.<\/p>\n<\/li>\n<li data-start=\"1460\" data-end=\"1577\">\n<p data-start=\"1462\" data-end=\"1577\"><strong data-start=\"1462\" data-end=\"1496\">Uporabniku prijazni digitalni upravljalniki<\/strong> - Enostavno upravljanje s spremljanjem temperature, konsistence in u\u010dinkovitosti.<\/p>\n<\/li>\n<li data-start=\"1578\" data-end=\"1678\">\n<p data-start=\"1580\" data-end=\"1678\"><strong data-start=\"1580\" data-end=\"1619\">Na\u010dini pripravljenosti, blagega zagona in odmrzovanja<\/strong> - Pove\u010dajte udobje, varnost in enostavnost vzdr\u017eevanja.<\/p>\n<\/li>\n<li data-start=\"1679\" data-end=\"1810\">\n<p data-start=\"1681\" data-end=\"1810\"><strong data-start=\"1681\" data-end=\"1708\">Vgrajeni varnostni sistemi<\/strong> - Vklju\u010duje opozorilo o nizki koli\u010dini me\u0161anice, odklop motorja zaradi preobremenitve, visokotla\u010dno stikalo in temperaturna varovala.<\/p>\n<\/li>\n<li data-start=\"1811\" data-end=\"1908\">\n<p data-start=\"1813\" data-end=\"1908\"><strong data-start=\"1813\" data-end=\"1840\">Te\u017eka gradnja<\/strong> - Trajna zasnova iz nerjave\u010dega jekla s kolesi za mobilnost.<\/p>\n<\/li>\n<li data-start=\"1909\" data-end=\"1997\">\n<p data-start=\"1911\" data-end=\"1997\"><strong data-start=\"1911\" data-end=\"1932\">Razpolo\u017eljive mo\u017enosti<\/strong> - Vodno hlajeni sistem in zra\u010dni \u017eleb za prilagodljivo namestitev.<\/p>\n<\/li>\n<\/ul>\n<hr data-start=\"1999\" data-end=\"2002\" \/>\n<h3><strong>Specifikacije<\/strong><\/h3>\n<table>\n<tbody>\n<tr>\n<td>Okusi<\/td>\n<td>2 + Twist<\/td>\n<\/tr>\n<tr>\n<td>Zmogljivost (80 g)<\/td>\n<td>720 obrokov\/uro<\/td>\n<\/tr>\n<tr>\n<td>Cilindri<\/td>\n<td>2 x 3,2 l<\/td>\n<\/tr>\n<tr>\n<td>Hoperji<\/td>\n<td>\n<p class=\"p1\">2 x 12L (10L za A)<\/p>\n<\/td>\n<\/tr>\n<tr>\n<td>\n<p class=\"p1\">Napajanje ( 50 Hz \/ 60 Hz)<\/p>\n<\/td>\n<td>\n<p class=\"p1\">4,7 kW \/ 5,0 kW<\/p>\n<\/td>\n<\/tr>\n<tr>\n<td>\n<p class=\"p1\">Neto\/ladijska te\u017ea (kg)<\/p>\n<\/td>\n<td>\n<p class=\"p1\">253 \/ 273 263 \/ 283 (A)<\/p>\n<\/td>\n<\/tr>\n<tr>\n<td>Neto mere (mm)<\/td>\n<td>\n<p class=\"p1\">532 x 704 x 1563<\/p>\n<\/td>\n<\/tr>\n<tr>\n<td>Dimenzije ladje (mm)<\/td>\n<td>\n<p class=\"p1\">710 x 890 x 1720<\/p>\n<\/td>\n<\/tr>\n<tr>\n<td>\n<p class=\"p1\">Napajanje<\/p>\n<\/td>\n<td>\n<p class=\"p1\">380V\/3Ph\/50Hz, 220V\/3Ph\/60Hz<\/p>\n<\/td>\n<\/tr>\n<tr>\n<td>Razpolo\u017eljive mo\u017enosti<\/td>\n<td>Vodno hlajenje, Airchute<\/td>\n<\/tr>\n<\/tbody>\n<\/table>","protected":false},"excerpt":{"rendered":"<p>The Spaceman 6378-C \/ 6378A-C is a high-capacity, twin-twist soft serve freezer engineered for businesses that demand maximum output and consistent quality. With the ability to produce up to 720 servings (80g) per hour, this model is ideal for busy ice cream shops, frozen yogurt chains, amusement venues, and high-volume restaurants. Offering two flavors plus [&hellip;]<\/p>\n","protected":false},"featured_media":6336,"comment_status":"open","ping_status":"closed","template":"","meta":[],"product_brand":[],"product_cat":[32],"product_tag":[],"class_list":{"0":"post-6335","1":"product","2":"type-product","3":"status-publish","4":"has-post-thumbnail","6":"product_cat-premier-series","8":"first","9":"instock","10":"shipping-taxable","11":"product-type-simple"},"_links":{"self":[{"href":"https:\/\/dersuessestopp.com\/sl\/wp-json\/wp\/v2\/product\/6335","targetHints":{"allow":["GET"]}}],"collection":[{"href":"https:\/\/dersuessestopp.com\/sl\/wp-json\/wp\/v2\/product"}],"about":[{"href":"https:\/\/dersuessestopp.com\/sl\/wp-json\/wp\/v2\/types\/product"}],"replies":[{"embeddable":true,"href":"https:\/\/dersuessestopp.com\/sl\/wp-json\/wp\/v2\/comments?post=6335"}],"version-history":[{"count":5,"href":"https:\/\/dersuessestopp.com\/sl\/wp-json\/wp\/v2\/product\/6335\/revisions"}],"predecessor-version":[{"id":6380,"href":"https:\/\/dersuessestopp.com\/sl\/wp-json\/wp\/v2\/product\/6335\/revisions\/6380"}],"wp:featuredmedia":[{"embeddable":true,"href":"https:\/\/dersuessestopp.com\/sl\/wp-json\/wp\/v2\/media\/6336"}],"wp:attachment":[{"href":"https:\/\/dersuessestopp.com\/sl\/wp-json\/wp\/v2\/media?parent=6335"}],"wp:term":[{"taxonomy":"product_brand","embeddable":true,"href":"https:\/\/dersuessestopp.com\/sl\/wp-json\/wp\/v2\/product_brand?post=6335"},{"taxonomy":"product_cat","embeddable":true,"href":"https:\/\/dersuessestopp.com\/sl\/wp-json\/wp\/v2\/product_cat?post=6335"},{"taxonomy":"product_tag","embeddable":true,"href":"https:\/\/dersuessestopp.com\/sl\/wp-json\/wp\/v2\/product_tag?post=6335"}],"curies":[{"name":"wp","href":"https:\/\/api.w.org\/{rel}","templated":true}]}}