{"id":6331,"date":"2025-08-26T12:36:35","date_gmt":"2025-08-26T12:36:35","guid":{"rendered":"https:\/\/dersuessestopp.com\/?post_type=product&#038;p=6331"},"modified":"2025-08-27T09:17:33","modified_gmt":"2025-08-27T09:17:33","slug":"spaceman-6235-c-6235a-c-stroj-za-sladoled","status":"publish","type":"product","link":"https:\/\/dersuessestopp.com\/sl\/product\/spaceman-6235-c-6235a-c-soft-serve-ice-cream-machine\/","title":{"rendered":"Spaceman 6235-C \/ 6235A-C Stroj za pripravo sladoleda"},"content":{"rendered":"<p data-start=\"336\" data-end=\"753\">Spletna stran <strong data-start=\"340\" data-end=\"369\">Spaceman 6235-C \/ 6235A-C<\/strong> je <strong data-start=\"375\" data-end=\"425\">stroj za mehko postre\u017ebo s srednjo zmogljivostjo in dvojnim zasukom<\/strong> zasnovan za upravljavce, ki potrebujejo vsestranskost in zmogljivost na kompaktni povr\u0161ini. Ponudba <strong data-start=\"519\" data-end=\"554\">dva okusa in mo\u017enost zasuka<\/strong>, ta model je kot nala\u0161\u010d za sladoledarne, bare z zamrznjenim jogurtom, restavracije in kavarne, ki \u017eelijo postre\u010di z razli\u010dnimi brezmesnimi izdelki, kot so <strong data-start=\"702\" data-end=\"750\">sladoled, zamrznjeni jogurt, gelato in sorbet<\/strong>.<\/p>\n<p data-start=\"755\" data-end=\"1052\">Z mo\u017enostjo proizvodnje do <strong data-start=\"789\" data-end=\"820\">450 obrokov (80 g) na uro<\/strong>, serija 6235 zagotavlja zanesljiv izpis z gladko konsistenco. Na voljo v <strong data-start=\"901\" data-end=\"926\">gravitacijski dovod (6235-C)<\/strong> ali <strong data-start=\"930\" data-end=\"953\">napajanje \u010drpalke (6235A-C)<\/strong> razli\u010dice, omogo\u010da upravljavcem prilagodljivost glede na njihov na\u010din stre\u017ebe in potrebe po prekora\u010ditvi.<\/p>\n<hr data-start=\"1054\" data-end=\"1057\" \/>\n<h3 data-start=\"1059\" data-end=\"1077\">Klju\u010dne lastnosti<\/h3>\n<ul data-start=\"1078\" data-end=\"2120\">\n<li data-start=\"1078\" data-end=\"1162\">\n<p data-start=\"1080\" data-end=\"1162\"><strong data-start=\"1080\" data-end=\"1105\">Doziranje Twin Twist<\/strong> - Postrezite dva posamezna okusa ali kombinacijo zvitkov.<\/p>\n<\/li>\n<li data-start=\"1163\" data-end=\"1243\">\n<p data-start=\"1165\" data-end=\"1243\"><strong data-start=\"1165\" data-end=\"1191\">Srednja zmogljivost Izhodna zmogljivost<\/strong> - Proizvaja do <strong data-start=\"1209\" data-end=\"1231\">450 obrokov (80 g)<\/strong> na uro.<\/p>\n<\/li>\n<li data-start=\"1244\" data-end=\"1347\">\n<p data-start=\"1246\" data-end=\"1347\"><strong data-start=\"1246\" data-end=\"1273\">Dvojni zamrzovalni valji<\/strong> - 2 \u00d7 1,7-litrska jeklenke za dosledno strukturo izdelka in hitro regeneracijo.<\/p>\n<\/li>\n<li data-start=\"1348\" data-end=\"1441\">\n<p data-start=\"1350\" data-end=\"1441\"><strong data-start=\"1350\" data-end=\"1379\">Hladilni dvojni zalogovniki<\/strong> - Me\u0161anico ohranjajte sve\u017eo (prostornina 2 \u00d7 12 l ali 2 \u00d7 8 l za model A).<\/p>\n<\/li>\n<li data-start=\"1442\" data-end=\"1536\">\n<p data-start=\"1444\" data-end=\"1536\"><strong data-start=\"1444\" data-end=\"1464\">me\u0161alniki za lijak<\/strong> - Ohranite kakovost izdelka in prepre\u010dite lo\u010devanje ves dan.<\/p>\n<\/li>\n<li data-start=\"1537\" data-end=\"1652\">\n<p data-start=\"1539\" data-end=\"1652\"><strong data-start=\"1539\" data-end=\"1573\">Uporabniku prijazni digitalni upravljalniki<\/strong> - Enostaven vmesnik za spremljanje temperature, skladnosti in u\u010dinkovitosti.<\/p>\n<\/li>\n<li data-start=\"1653\" data-end=\"1748\">\n<p data-start=\"1655\" data-end=\"1748\"><strong data-start=\"1655\" data-end=\"1682\">Na\u010dini pripravljenosti in odmrzovanja<\/strong> - Ohranja izdelek varen v \u010dasu mirovanja in poenostavlja \u010di\u0161\u010denje.<\/p>\n<\/li>\n<li data-start=\"1749\" data-end=\"1837\">\n<p data-start=\"1751\" data-end=\"1837\"><strong data-start=\"1751\" data-end=\"1776\">Tehnologija mehkega zagona<\/strong> - Za\u0161\u010diti mehanske komponente in podalj\u0161a \u017eivljenjsko dobo stroja.<\/p>\n<\/li>\n<li data-start=\"1838\" data-end=\"1959\">\n<p data-start=\"1840\" data-end=\"1959\"><strong data-start=\"1840\" data-end=\"1867\">Vgrajeni varnostni sistemi<\/strong> - Indikator nizke koli\u010dine me\u0161anice, toplotna preobremenitev, za\u0161\u010dita pred visokim tlakom in temperaturni izklopi.<\/p>\n<\/li>\n<li data-start=\"1960\" data-end=\"2057\">\n<p data-start=\"1962\" data-end=\"2057\"><strong data-start=\"1962\" data-end=\"1989\">Kompaktna, vzdr\u017eljiva zasnova<\/strong> - Ohi\u0161je iz nerjave\u010dega jekla z zmogljivimi kolesi za enostavno mobilnost.<\/p>\n<\/li>\n<li data-start=\"2058\" data-end=\"2120\">\n<p data-start=\"2060\" data-end=\"2120\"><strong data-start=\"2060\" data-end=\"2081\">Razpolo\u017eljive mo\u017enosti<\/strong> - Vodno hlajeni sistem in zra\u010dni \u017eleb.<\/p>\n<\/li>\n<\/ul>\n<hr data-start=\"2122\" data-end=\"2125\" \/>\n<h3 data-start=\"1059\" data-end=\"1077\">Specifikacije<\/h3>\n<table>\n<tbody>\n<tr>\n<td>Okusi<\/td>\n<td>2 + Twist<\/td>\n<\/tr>\n<tr>\n<td>Zmogljivost (80 g)<\/td>\n<td>450 obrokov\/uro<\/td>\n<\/tr>\n<tr>\n<td>Cilindri<\/td>\n<td>2 x 1,7 l<\/td>\n<\/tr>\n<tr>\n<td>Hoperji<\/td>\n<td>\n<p class=\"p1\">2 x 12L (8L za A)<\/p>\n<\/td>\n<\/tr>\n<tr>\n<td>\n<p class=\"p1\">Napajanje ( 50 Hz \/ 60 Hz)<\/p>\n<\/td>\n<td>\n<p class=\"p1\">3,3 kW \/ 3,6 kW<\/p>\n<\/td>\n<\/tr>\n<tr>\n<td>Neto\/ladijska te\u017ea (kg)<\/td>\n<td>\n<p class=\"p1\">186\/ 200 196 \/ 210 (A)<\/p>\n<\/td>\n<\/tr>\n<tr>\n<td>\n<p class=\"p1\">Neto mere (mm)<\/p>\n<\/td>\n<td>\n<p class=\"p1\">532 x 651 x 977<\/p>\n<\/td>\n<\/tr>\n<tr>\n<td>Dimenzije ladje (mm)<\/td>\n<td>\n<p class=\"p1\">610 x 805 x 1100<\/p>\n<\/td>\n<\/tr>\n<tr>\n<td>\n<p class=\"p1\">Napajanje<\/p>\n<\/td>\n<td>\n<p class=\"p1\">220V\/1Ph\/50Hz, 220V\/1Ph\/60Hz<\/p>\n<\/td>\n<\/tr>\n<tr>\n<td>Razpolo\u017eljive mo\u017enosti<\/td>\n<td>Vodno hlajenje, Airchute<\/td>\n<\/tr>\n<\/tbody>\n<\/table>","protected":false},"excerpt":{"rendered":"<p>The Spaceman 6235-C \/ 6235A-C is a medium-capacity, twin-twist soft serve machine designed for operators who need versatility and performance in a compact footprint. Offering two flavors plus a twist option, this model is perfect for ice cream shops, frozen yogurt bars, restaurants, and caf\u00e9s looking to serve a variety of soft serve products including [&hellip;]<\/p>\n","protected":false},"featured_media":6332,"comment_status":"open","ping_status":"closed","template":"","meta":[],"product_brand":[],"product_cat":[32],"product_tag":[],"class_list":{"0":"post-6331","1":"product","2":"type-product","3":"status-publish","4":"has-post-thumbnail","6":"product_cat-premier-series","8":"first","9":"instock","10":"shipping-taxable","11":"product-type-simple"},"_links":{"self":[{"href":"https:\/\/dersuessestopp.com\/sl\/wp-json\/wp\/v2\/product\/6331","targetHints":{"allow":["GET"]}}],"collection":[{"href":"https:\/\/dersuessestopp.com\/sl\/wp-json\/wp\/v2\/product"}],"about":[{"href":"https:\/\/dersuessestopp.com\/sl\/wp-json\/wp\/v2\/types\/product"}],"replies":[{"embeddable":true,"href":"https:\/\/dersuessestopp.com\/sl\/wp-json\/wp\/v2\/comments?post=6331"}],"version-history":[{"count":5,"href":"https:\/\/dersuessestopp.com\/sl\/wp-json\/wp\/v2\/product\/6331\/revisions"}],"predecessor-version":[{"id":6375,"href":"https:\/\/dersuessestopp.com\/sl\/wp-json\/wp\/v2\/product\/6331\/revisions\/6375"}],"wp:featuredmedia":[{"embeddable":true,"href":"https:\/\/dersuessestopp.com\/sl\/wp-json\/wp\/v2\/media\/6332"}],"wp:attachment":[{"href":"https:\/\/dersuessestopp.com\/sl\/wp-json\/wp\/v2\/media?parent=6331"}],"wp:term":[{"taxonomy":"product_brand","embeddable":true,"href":"https:\/\/dersuessestopp.com\/sl\/wp-json\/wp\/v2\/product_brand?post=6331"},{"taxonomy":"product_cat","embeddable":true,"href":"https:\/\/dersuessestopp.com\/sl\/wp-json\/wp\/v2\/product_cat?post=6331"},{"taxonomy":"product_tag","embeddable":true,"href":"https:\/\/dersuessestopp.com\/sl\/wp-json\/wp\/v2\/product_tag?post=6331"}],"curies":[{"name":"wp","href":"https:\/\/api.w.org\/{rel}","templated":true}]}}