{"id":6326,"date":"2025-08-26T12:30:19","date_gmt":"2025-08-26T12:30:19","guid":{"rendered":"https:\/\/dersuessestopp.com\/?post_type=product&#038;p=6326"},"modified":"2025-08-27T07:33:03","modified_gmt":"2025-08-27T07:33:03","slug":"spaceman-6250-c-6250a-c-stroj-za-sladoled","status":"publish","type":"product","link":"https:\/\/dersuessestopp.com\/sl\/product\/spaceman-6250-c-6250a-c-soft-serve-ice-cream-machine\/","title":{"rendered":"Spaceman 6250-C \/ 6250A-C Stroj za sladoled"},"content":{"rendered":"<p data-start=\"291\" data-end=\"656\">Spletna stran <strong data-start=\"295\" data-end=\"324\">Spaceman 6250-C \/ 6250A-C<\/strong> je visokozmogljiv zamrzovalnik z dvojnim zasukom, namenjen podjetjem, ki potrebujejo zanesljivo proizvodnjo in dosledno kakovost. Popolnoma primeren za serviranje <strong data-start=\"471\" data-end=\"530\">sladoled, zamrznjeni jogurt, gelato, kreme in sorbeti<\/strong>, ta talni model z gravitacijskim dovodom zagotavlja odli\u010dno u\u010dinkovitost in strukturo izdelkov v prodajalnah s srednjo do veliko koli\u010dino izdelkov.<\/p>\n<p data-start=\"658\" data-end=\"914\">Z mo\u017enostjo proizvodnje do <strong data-start=\"692\" data-end=\"717\">450 obrokov na uro<\/strong>, napredni hladilni sistemi in vesoljski <strong data-start=\"766\" data-end=\"799\">patentirana tehnologija metlic V2<\/strong>, ta model zagotavlja hitro obnavljanje, gladko konsistenco in manj vzdr\u017eevanja v primerjavi s tradicionalnimi stroji.<\/p>\n<hr data-start=\"916\" data-end=\"919\" \/>\n<h3 data-start=\"921\" data-end=\"937\">Klju\u010dne lastnosti<\/h3>\n<ul data-start=\"938\" data-end=\"2024\">\n<li data-start=\"938\" data-end=\"1025\">\n<p data-start=\"940\" data-end=\"1025\"><strong data-start=\"940\" data-end=\"976\">Dozirnik Twin Twist (2 + Twist)<\/strong> - Ponuja dva okusa in kombinacijo twist.<\/p>\n<\/li>\n<li data-start=\"1026\" data-end=\"1133\">\n<p data-start=\"1028\" data-end=\"1133\"><strong data-start=\"1028\" data-end=\"1043\">Visoka zmogljivost<\/strong> - Proizvaja do <strong data-start=\"1061\" data-end=\"1083\">450 obrokov (80 g)<\/strong> na uro, kar je idealno za srednje zmogljive postopke.<\/p>\n<\/li>\n<li data-start=\"1134\" data-end=\"1254\">\n<p data-start=\"1136\" data-end=\"1254\"><strong data-start=\"1136\" data-end=\"1165\">Dvojni hladilni zalogovniki<\/strong> - Ohranjajte izdelek sve\u017e in varen dlje \u010dasa (2 x 12 l prostornine ali 2 x 8 l pri modelu A).<\/p>\n<\/li>\n<li data-start=\"1255\" data-end=\"1361\">\n<p data-start=\"1257\" data-end=\"1361\"><strong data-start=\"1257\" data-end=\"1280\">U\u010dinkoviti cilindri<\/strong> - 2 x 1,7-litrski zamrzovalni jeklenki s hitrim \u010dasom regeneracije za neprekinjeno delovanje.<\/p>\n<\/li>\n<li data-start=\"1362\" data-end=\"1508\">\n<p data-start=\"1364\" data-end=\"1508\"><strong data-start=\"1364\" data-end=\"1398\">Uporabniku prijazni digitalni upravljalniki<\/strong> - Vmesnik, enostaven za uporabo, zagotavlja doslednost izdelka, spremljanje temperature v zalogovniku in nadzor doziranja.<\/p>\n<\/li>\n<li data-start=\"1509\" data-end=\"1577\">\n<p data-start=\"1511\" data-end=\"1577\"><strong data-start=\"1511\" data-end=\"1535\">Na\u010din pripravljenosti in spanja<\/strong> - Ohranja izdelek na varnem v \u010dasu mirovanja.<\/p>\n<\/li>\n<li data-start=\"1578\" data-end=\"1663\">\n<p data-start=\"1580\" data-end=\"1663\"><strong data-start=\"1580\" data-end=\"1600\">me\u0161alniki za lijak<\/strong> - Ohranite teksturo in sve\u017eino izdelka skozi ves dan.<\/p>\n<\/li>\n<li data-start=\"1664\" data-end=\"1810\">\n<p data-start=\"1666\" data-end=\"1810\"><strong data-start=\"1666\" data-end=\"1687\">Varnostna za\u0161\u010dita<\/strong> - Opremljen je z indikatorjem nizke koli\u010dine me\u0161anice, toplotno za\u0161\u010dito\/za\u0161\u010dito motorja pred preobremenitvijo, visokotla\u010dnim stikalom in izklopom nizke temperature.<\/p>\n<\/li>\n<li data-start=\"1811\" data-end=\"1940\">\n<p data-start=\"1813\" data-end=\"1940\"><strong data-start=\"1813\" data-end=\"1837\">Trajna konstrukcija<\/strong> - Robustna kolesca z blokado za enostavno premikanje in zasnova iz nerjavnega jekla za dolgoro\u010dno zanesljivost.<\/p>\n<\/li>\n<li data-start=\"1941\" data-end=\"2024\">\n<p data-start=\"1943\" data-end=\"2024\"><strong data-start=\"1943\" data-end=\"1964\">Razpolo\u017eljive mo\u017enosti<\/strong> - Vodno hlajeni sistem in zra\u010dni \u017eleb za ve\u010djo u\u010dinkovitost.<\/p>\n<\/li>\n<\/ul>\n<hr data-start=\"916\" data-end=\"919\" \/>\n<h4 data-start=\"1956\" data-end=\"1995\">Zakaj izbrati 6250-C \/ 6250A-C?<\/h4>\n<p data-start=\"1996\" data-end=\"2307\">Ta model je idealen za podjetja, ki \u017eelijo visoko zmogljivost na <strong data-start=\"2063\" data-end=\"2097\">220V enofazno napajanje<\/strong>, in tako odpravi potrebo po dragi trifazni napeljavi. Z zanesljivo zmogljivostjo, uporabniku prijaznim delovanjem in kompaktnimi merami je popolna izbira za majhne trgovine, kioske, tovornjake s hrano in zagonska podjetja.<\/p>\n<p data-start=\"2309\" data-end=\"2415\">Zagotavljajte vrhunsko, kremasto mehko postre\u017ebo in hkrati pove\u010dajte u\u010dinkovitost - z <strong data-start=\"2383\" data-end=\"2412\">Spaceman 6250-C \/ 6250A-C<\/strong>.<\/p>\n<h3><strong>Specifikacije<\/strong><\/h3>\n<table>\n<tbody>\n<tr>\n<td>Okusi<\/td>\n<td>2 + Twist<\/td>\n<\/tr>\n<tr>\n<td>Zmogljivost (80 g)<\/td>\n<td>450 obrokov\/uro<\/td>\n<\/tr>\n<tr>\n<td>Cilindri<\/td>\n<td>2 x 1,7 l<\/td>\n<\/tr>\n<tr>\n<td>Hoperji<\/td>\n<td>\n<p class=\"p1\">2 x 12L (8L za A)<\/p>\n<\/td>\n<\/tr>\n<tr>\n<td>\n<p class=\"p1\">Napajanje ( 50 Hz \/ 60 Hz)<\/p>\n<\/td>\n<td>\n<p class=\"p1\">3,3 kW \/ 3,6 kW<\/p>\n<\/td>\n<\/tr>\n<tr>\n<td>\n<p class=\"p1\">Neto\/ladijska te\u017ea (kg)<\/p>\n<\/td>\n<td>\n<p class=\"p1\">210 \/ 230 220 \/ 240 (A)<\/p>\n<\/td>\n<\/tr>\n<tr>\n<td>\n<p class=\"p1\">Neto mere (mm)<\/p>\n<\/td>\n<td>\n<p class=\"p1\">532 x 652 x 1474<\/p>\n<\/td>\n<\/tr>\n<tr>\n<td>Dimenzije ladje (mm)<\/td>\n<td>650 x 820 x 1640<\/td>\n<\/tr>\n<tr>\n<td>\n<p class=\"p1\">Napajanje<\/p>\n<\/td>\n<td>\n<p class=\"p1\">220V\/1Ph\/50Hz, 220V\/1Ph\/60Hz<\/p>\n<\/td>\n<\/tr>\n<tr>\n<td>Razpolo\u017eljive mo\u017enosti<\/td>\n<td>Vodno hlajenje, Airchute<\/td>\n<\/tr>\n<\/tbody>\n<\/table>\n<p>&nbsp;<\/p>\n<p><a style=\"padding: 14px 40px;font-size: 18px;font-weight: 500;color: #324a6d;background: transparent;border: 2px solid #324A6D;border-radius: 40px;text-decoration: none;cursor: pointer\" href=\"https:\/\/dersuessestopp.com\/wp-content\/uploads\/2025\/08\/6250-C-6250A-C.pdf\" target=\"_blank\" rel=\"noopener\">Specifikacijski list<br \/>\n<\/a><\/p>","protected":false},"excerpt":{"rendered":"<p>The Spaceman 6250-C \/ 6250A-C is a high-performance twin twist soft serve freezer designed for businesses that need reliable output and consistent quality. Perfect for serving ice cream, frozen yogurt, gelato, custards, and sorbets, this floor-standing, gravity-fed model delivers excellent efficiency and product texture in medium to high-volume outlets. With the ability to produce up [&hellip;]<\/p>\n","protected":false},"featured_media":6353,"comment_status":"open","ping_status":"closed","template":"","meta":[],"product_brand":[],"product_cat":[32],"product_tag":[],"class_list":{"0":"post-6326","1":"product","2":"type-product","3":"status-publish","4":"has-post-thumbnail","6":"product_cat-premier-series","8":"first","9":"instock","10":"shipping-taxable","11":"product-type-simple"},"_links":{"self":[{"href":"https:\/\/dersuessestopp.com\/sl\/wp-json\/wp\/v2\/product\/6326","targetHints":{"allow":["GET"]}}],"collection":[{"href":"https:\/\/dersuessestopp.com\/sl\/wp-json\/wp\/v2\/product"}],"about":[{"href":"https:\/\/dersuessestopp.com\/sl\/wp-json\/wp\/v2\/types\/product"}],"replies":[{"embeddable":true,"href":"https:\/\/dersuessestopp.com\/sl\/wp-json\/wp\/v2\/comments?post=6326"}],"version-history":[{"count":14,"href":"https:\/\/dersuessestopp.com\/sl\/wp-json\/wp\/v2\/product\/6326\/revisions"}],"predecessor-version":[{"id":6360,"href":"https:\/\/dersuessestopp.com\/sl\/wp-json\/wp\/v2\/product\/6326\/revisions\/6360"}],"wp:featuredmedia":[{"embeddable":true,"href":"https:\/\/dersuessestopp.com\/sl\/wp-json\/wp\/v2\/media\/6353"}],"wp:attachment":[{"href":"https:\/\/dersuessestopp.com\/sl\/wp-json\/wp\/v2\/media?parent=6326"}],"wp:term":[{"taxonomy":"product_brand","embeddable":true,"href":"https:\/\/dersuessestopp.com\/sl\/wp-json\/wp\/v2\/product_brand?post=6326"},{"taxonomy":"product_cat","embeddable":true,"href":"https:\/\/dersuessestopp.com\/sl\/wp-json\/wp\/v2\/product_cat?post=6326"},{"taxonomy":"product_tag","embeddable":true,"href":"https:\/\/dersuessestopp.com\/sl\/wp-json\/wp\/v2\/product_tag?post=6326"}],"curies":[{"name":"wp","href":"https:\/\/api.w.org\/{rel}","templated":true}]}}