{"id":6310,"date":"2025-08-26T11:16:14","date_gmt":"2025-08-26T11:16:14","guid":{"rendered":"https:\/\/dersuessestopp.com\/?post_type=product&#038;p=6310"},"modified":"2025-08-27T09:01:06","modified_gmt":"2025-08-27T09:01:06","slug":"spaceman-6236-c-6236a-c-stroj-za-pripravo-sladoleda","status":"publish","type":"product","link":"https:\/\/dersuessestopp.com\/sl\/product\/spaceman-6236-c-6236a-c-soft-serve-ice-cream-machine\/","title":{"rendered":"Spaceman 6236-C \/ 6236A-C Stroj za pripravo sladoleda"},"content":{"rendered":"<p data-start=\"330\" data-end=\"688\">Spletna stran <strong data-start=\"334\" data-end=\"363\">Spaceman 6236-C \/ 6236A-C<\/strong> je <strong data-start=\"369\" data-end=\"420\">zamrzovalnik za brezalkoholne pija\u010de z visoko zmogljivostjo in enim okusom<\/strong> zasnovan za upravljavce, ki potrebujejo zanesljivo delovanje in veliko zmogljivost na kompaktni povr\u0161ini. Zagotavlja do <strong data-start=\"532\" data-end=\"563\">400 obrokov (80 g) na uro<\/strong>, je ta stroj idealen za trgovine z velikim povpra\u0161evanjem, kot so restavracije s hitro prehrano, sla\u0161\u010di\u010darne in zabavi\u0161\u010dni lokali.<\/p>\n<p data-start=\"690\" data-end=\"1020\">Na voljo v <strong data-start=\"703\" data-end=\"728\">gravitacijski dovod (6236-C)<\/strong> ali <strong data-start=\"732\" data-end=\"755\">napajanje \u010drpalke (6236A-C)<\/strong>, je stroj izdelan s Spacemanovo napredno tehnologijo zamrzovanja, ki zagotavlja gladko, kremasto konsistenco in u\u010dinkovito delovanje. Njegova spletna stran <strong data-start=\"889\" data-end=\"912\">velik 3,2-litrski valj<\/strong> omogo\u010da dalj\u0161e vo\u017enje med posameznimi polnjenji, hkrati pa ohranja odli\u010dno hitrost obnavljanja za neprekinjeno delovanje.<\/p>\n<hr data-start=\"1022\" data-end=\"1025\" \/>\n<h3 data-start=\"1027\" data-end=\"1045\">Klju\u010dne lastnosti<\/h3>\n<ul data-start=\"1046\" data-end=\"2094\">\n<li data-start=\"1046\" data-end=\"1132\">\n<p data-start=\"1048\" data-end=\"1132\"><strong data-start=\"1048\" data-end=\"1076\">Doziranje posameznega okusa<\/strong> - Posve\u010deno enemu okusu za poenostavljeno delovanje.<\/p>\n<\/li>\n<li data-start=\"1133\" data-end=\"1230\">\n<p data-start=\"1135\" data-end=\"1230\"><strong data-start=\"1135\" data-end=\"1150\">Visoka zmogljivost<\/strong> - Proizvaja do <strong data-start=\"1168\" data-end=\"1190\">400 obrokov (80 g)<\/strong> na uro, kot nala\u0161\u010d za prometne lokacije.<\/p>\n<\/li>\n<li data-start=\"1231\" data-end=\"1324\">\n<p data-start=\"1233\" data-end=\"1324\"><strong data-start=\"1233\" data-end=\"1260\">Veliki zamrzovalni valj<\/strong> - 1 \u00d7 3,2-litrski valj za ve\u010djo zmogljivost in hitrej\u0161o regeneracijo.<\/p>\n<\/li>\n<li data-start=\"1325\" data-end=\"1413\">\n<p data-start=\"1327\" data-end=\"1413\"><strong data-start=\"1327\" data-end=\"1350\">Hladilni zalogovnik<\/strong> - Ohranja sve\u017eo in varno me\u0161anico (12-litrski zalogovnik pri modelu C, 8-litrski pri modelu A).<\/p>\n<\/li>\n<li data-start=\"1414\" data-end=\"1511\">\n<p data-start=\"1416\" data-end=\"1511\"><strong data-start=\"1416\" data-end=\"1435\">Me\u0161alnik za lijak<\/strong> - Zagotavlja konsistenco izdelka in prepre\u010duje lo\u010devanje \u010dez dan.<\/p>\n<\/li>\n<li data-start=\"1512\" data-end=\"1606\">\n<p data-start=\"1514\" data-end=\"1606\"><strong data-start=\"1514\" data-end=\"1534\">Digitalni nadzor<\/strong> - Uporabniku prijazen vmesnik za upravljanje temperature in skladnosti.<\/p>\n<\/li>\n<li data-start=\"1607\" data-end=\"1699\">\n<p data-start=\"1609\" data-end=\"1699\"><strong data-start=\"1609\" data-end=\"1636\">Na\u010dini pripravljenosti in odmrzovanja<\/strong> - Ohranite izdelek na varnem med mirovanjem in poenostavite \u010di\u0161\u010denje.<\/p>\n<\/li>\n<li data-start=\"1700\" data-end=\"1792\">\n<p data-start=\"1702\" data-end=\"1792\"><strong data-start=\"1702\" data-end=\"1727\">Tehnologija mehkega zagona<\/strong> - Zmanj\u0161a obrabo notranjih sestavnih delov in podalj\u0161a \u017eivljenjsko dobo stroja.<\/p>\n<\/li>\n<li data-start=\"1793\" data-end=\"1918\">\n<p data-start=\"1795\" data-end=\"1918\"><strong data-start=\"1795\" data-end=\"1823\">Vgrajene varnostne funkcije<\/strong> - Indikator nizke koli\u010dine me\u0161anice, za\u0161\u010dita motorja pred preobremenitvijo in temperaturni izklop varujejo delovanje.<\/p>\n<\/li>\n<li data-start=\"1919\" data-end=\"2031\">\n<p data-start=\"1921\" data-end=\"2031\"><strong data-start=\"1921\" data-end=\"1948\">Trpe\u017ena, kompaktna zasnova<\/strong> - Konstrukcija iz nerjavnega jekla z majhnimi dimenzijami je idealna za komercialno uporabo.<\/p>\n<\/li>\n<li data-start=\"2032\" data-end=\"2094\">\n<p data-start=\"2034\" data-end=\"2094\"><strong data-start=\"2034\" data-end=\"2055\">Razpolo\u017eljive mo\u017enosti<\/strong> - Vodno hlajeni sistem in zra\u010dni \u017eleb.<\/p>\n<\/li>\n<\/ul>\n<hr data-start=\"1022\" data-end=\"1025\" \/>\n<h3><strong>Specifikacije<\/strong><\/h3>\n<p>&nbsp;<\/p>\n<table>\n<tbody>\n<tr>\n<td>Okusi<\/td>\n<td>1<\/td>\n<\/tr>\n<tr>\n<td>Zmogljivost (80 g)<\/td>\n<td>400 obrokov\/uro<\/td>\n<\/tr>\n<tr>\n<td>Cilindri<\/td>\n<td>1 x 3,2 l<\/td>\n<\/tr>\n<tr>\n<td>Hoperji<\/td>\n<td>\n<p class=\"p1\">1 x 12L (8L za A)<\/p>\n<\/td>\n<\/tr>\n<tr>\n<td>\n<p class=\"p1\">Napajanje ( 50 Hz \/ 60 Hz)<\/p>\n<\/td>\n<td>\n<p class=\"p1\">2,5 kW \/ 2,8 kW<\/p>\n<\/td>\n<\/tr>\n<tr>\n<td>\n<p class=\"p1\">Neto\/ladijska te\u017ea (kg)<\/p>\n<\/td>\n<td>\n<p class=\"p1\">139 \/ 152 144 \/ 157 (A)<\/p>\n<\/td>\n<\/tr>\n<tr>\n<td>\n<p class=\"p1\">Neto mere (mm)<\/p>\n<\/td>\n<td>\n<p class=\"p1\">454 x 681 x 930<\/p>\n<\/td>\n<\/tr>\n<tr>\n<td>Dimenzije ladje (mm)<\/td>\n<td>\n<p class=\"p1\">500 x 870 x 1080<\/p>\n<\/td>\n<\/tr>\n<tr>\n<td>\n<p class=\"p1\">Napajanje<\/p>\n<\/td>\n<td>\n<p class=\"p1\">220V\/1Ph\/50Hz, 220V\/1Ph\/60Hz<\/p>\n<\/td>\n<\/tr>\n<tr>\n<td>\n<p class=\"p1\">Razpolo\u017eljive mo\u017enosti<\/p>\n<\/td>\n<td>\n<p class=\"p1\">Vodno hlajenje, zra\u010dni \u017eleb<\/p>\n<\/td>\n<\/tr>\n<\/tbody>\n<\/table>","protected":false},"excerpt":{"rendered":"<p>The Spaceman 6236-C \/ 6236A-C is a high-capacity, single-flavor soft serve freezer designed for operators who need reliable performance and large output in a compact footprint. Delivering up to 400 servings (80g) per hour, this machine is ideal for high-demand outlets such as quick-service restaurants, dessert shops, and entertainment venues. Available in gravity feed (6236-C) [&hellip;]<\/p>\n","protected":false},"featured_media":6311,"comment_status":"open","ping_status":"closed","template":"","meta":[],"product_brand":[],"product_cat":[32],"product_tag":[],"class_list":{"0":"post-6310","1":"product","2":"type-product","3":"status-publish","4":"has-post-thumbnail","6":"product_cat-premier-series","8":"first","9":"instock","10":"shipping-taxable","11":"product-type-simple"},"_links":{"self":[{"href":"https:\/\/dersuessestopp.com\/sl\/wp-json\/wp\/v2\/product\/6310","targetHints":{"allow":["GET"]}}],"collection":[{"href":"https:\/\/dersuessestopp.com\/sl\/wp-json\/wp\/v2\/product"}],"about":[{"href":"https:\/\/dersuessestopp.com\/sl\/wp-json\/wp\/v2\/types\/product"}],"replies":[{"embeddable":true,"href":"https:\/\/dersuessestopp.com\/sl\/wp-json\/wp\/v2\/comments?post=6310"}],"version-history":[{"count":6,"href":"https:\/\/dersuessestopp.com\/sl\/wp-json\/wp\/v2\/product\/6310\/revisions"}],"predecessor-version":[{"id":6368,"href":"https:\/\/dersuessestopp.com\/sl\/wp-json\/wp\/v2\/product\/6310\/revisions\/6368"}],"wp:featuredmedia":[{"embeddable":true,"href":"https:\/\/dersuessestopp.com\/sl\/wp-json\/wp\/v2\/media\/6311"}],"wp:attachment":[{"href":"https:\/\/dersuessestopp.com\/sl\/wp-json\/wp\/v2\/media?parent=6310"}],"wp:term":[{"taxonomy":"product_brand","embeddable":true,"href":"https:\/\/dersuessestopp.com\/sl\/wp-json\/wp\/v2\/product_brand?post=6310"},{"taxonomy":"product_cat","embeddable":true,"href":"https:\/\/dersuessestopp.com\/sl\/wp-json\/wp\/v2\/product_cat?post=6310"},{"taxonomy":"product_tag","embeddable":true,"href":"https:\/\/dersuessestopp.com\/sl\/wp-json\/wp\/v2\/product_tag?post=6310"}],"curies":[{"name":"wp","href":"https:\/\/api.w.org\/{rel}","templated":true}]}}