{"id":6257,"date":"2025-08-26T09:50:26","date_gmt":"2025-08-26T09:50:26","guid":{"rendered":"https:\/\/dersuessestopp.com\/?post_type=product&#038;p=6257"},"modified":"2025-08-27T08:44:55","modified_gmt":"2025-08-27T08:44:55","slug":"spaceman-6210-c-6210a-c-stroj-za-sladoled","status":"publish","type":"product","link":"https:\/\/dersuessestopp.com\/sl\/product\/spaceman-6210-c-6210a-c-soft-serve-ice-cream-machine\/","title":{"rendered":"Spaceman 6210-C \/ 6210A-C Stroj za sladoled"},"content":{"rendered":"<p data-start=\"311\" data-end=\"691\">Spletna stran <strong data-start=\"315\" data-end=\"344\">Spaceman 6210-C \/ 6210A-C<\/strong> je kompakten in u\u010dinkovit zamrzovalnik za brezalkoholne jedi, namenjen manj\u0161im prodajalnam ali podjetjem, ki i\u0161\u010dejo zanesljivo in prostorsko var\u010dno re\u0161itev. Z mo\u017enostjo postre\u017ebe do <strong data-start=\"513\" data-end=\"538\">360 obrokov na uro<\/strong>, je ta stroj idealen za kavarne, prodajalne sladic in restavracije, ki \u017eelijo ponuditi vrhunski sladoled, zamrznjeni jogurt, kremne rezine ali sorbete.<\/p>\n<p data-start=\"693\" data-end=\"1005\">Zgrajeno z <strong data-start=\"704\" data-end=\"729\">gravitacijski dovod (6210-C)<\/strong> ali <strong data-start=\"733\" data-end=\"756\">napajanje \u010drpalke (6210A-C)<\/strong> mo\u017enosti, enota zagotavlja odli\u010dno vsestranskost glede na potrebe delovanja. Zaradi digitalnega krmiljenja, varnostnih za\u0161\u010dit in priro\u010dnih funkcij v stanju pripravljenosti je njeno upravljanje preprosto, hkrati pa vsaki\u010d zagotavlja dosledno gladek in kremast izdelek.<\/p>\n<hr data-start=\"1007\" data-end=\"1010\" \/>\n<h3 data-start=\"1012\" data-end=\"1030\">Klju\u010dne lastnosti<\/h3>\n<ul data-start=\"1031\" data-end=\"2108\">\n<li data-start=\"1031\" data-end=\"1117\">\n<p data-start=\"1033\" data-end=\"1117\"><strong data-start=\"1033\" data-end=\"1061\">Doziranje posameznega okusa<\/strong> - Enostavna in kompaktna zasnova, idealna za osredoto\u010dene menije.<\/p>\n<\/li>\n<li data-start=\"1118\" data-end=\"1236\">\n<p data-start=\"1120\" data-end=\"1236\"><strong data-start=\"1120\" data-end=\"1140\">U\u010dinkovita proizvodnja<\/strong> - Proizvaja do <strong data-start=\"1158\" data-end=\"1180\">360 obrokov (80 g)<\/strong> na uro, kar je idealno za lokacije z majhnim do srednjim povpra\u0161evanjem.<\/p>\n<\/li>\n<li data-start=\"1237\" data-end=\"1325\">\n<p data-start=\"1239\" data-end=\"1325\"><strong data-start=\"1239\" data-end=\"1260\">Cilinder za zamrzovanje<\/strong> - 1 \u00d7 1,7-litrski valj za hitro obnavljanje in konsistentno teksturo.<\/p>\n<\/li>\n<li data-start=\"1326\" data-end=\"1411\">\n<p data-start=\"1328\" data-end=\"1411\"><strong data-start=\"1328\" data-end=\"1351\">Hladilni zalogovnik<\/strong> - Ohranja sve\u017eino izdelkov (prostornina 12 l ali 10 l za model A).<\/p>\n<\/li>\n<li data-start=\"1412\" data-end=\"1511\">\n<p data-start=\"1414\" data-end=\"1511\"><strong data-start=\"1414\" data-end=\"1433\">Me\u0161alnik za lijak<\/strong> - Ohranja konsistenco izdelka in prepre\u010duje lo\u010devanje \u010dez dan.<\/p>\n<\/li>\n<li data-start=\"1512\" data-end=\"1609\">\n<p data-start=\"1514\" data-end=\"1609\"><strong data-start=\"1514\" data-end=\"1534\">Digitalni nadzor<\/strong> - Enostaven vmesnik za spremljanje temperature in nastavitve izdelkov.<\/p>\n<\/li>\n<li data-start=\"1610\" data-end=\"1704\">\n<p data-start=\"1612\" data-end=\"1704\"><strong data-start=\"1612\" data-end=\"1639\">Na\u010dini pripravljenosti in odmrzovanja<\/strong> - Zagotovite varnost in udobje med mirovanjem ali \u010di\u0161\u010denjem.<\/p>\n<\/li>\n<li data-start=\"1705\" data-end=\"1799\">\n<p data-start=\"1707\" data-end=\"1799\"><strong data-start=\"1707\" data-end=\"1732\">Tehnologija mehkega zagona<\/strong> - Zmanj\u0161a obremenitev notranjih sestavnih delov in podalj\u0161a \u017eivljenjsko dobo stroja.<\/p>\n<\/li>\n<li data-start=\"1800\" data-end=\"1908\">\n<p data-start=\"1802\" data-end=\"1908\"><strong data-start=\"1802\" data-end=\"1824\">Varnostna za\u0161\u010dita<\/strong> - Vklju\u010duje indikator nizke koli\u010dine me\u0161anice, odklop motorja zaradi preobremenitve in temperaturne za\u0161\u010dite.<\/p>\n<\/li>\n<li data-start=\"1909\" data-end=\"2021\">\n<p data-start=\"1911\" data-end=\"2021\"><strong data-start=\"1911\" data-end=\"1938\">Kompaktna, vzdr\u017eljiva zasnova<\/strong> - Oblika iz nerjave\u010dega jekla z mo\u010dno konstrukcijo, ki je idealna za manj\u0161e prostore.<\/p>\n<\/li>\n<li data-start=\"2022\" data-end=\"2108\">\n<p data-start=\"2024\" data-end=\"2108\"><strong data-start=\"2024\" data-end=\"2045\">Razpolo\u017eljive mo\u017enosti<\/strong> - Na voljo sta sistem z vodnim hlajenjem in konfiguracija z zra\u010dnim \u017elebom.<\/p>\n<\/li>\n<\/ul>\n<hr data-start=\"2110\" data-end=\"2113\" \/>\n<h3><strong>Specifikacije<\/strong><\/h3>\n<table style=\"height: 529px\" width=\"425\">\n<tbody>\n<tr>\n<td>Okusi<\/td>\n<td>1<\/td>\n<\/tr>\n<tr>\n<td>Zmogljivost (80 g)<\/td>\n<td>360 obrokov\/uro<\/td>\n<\/tr>\n<tr>\n<td>Cilindri<\/td>\n<td>1x 1,7L<\/td>\n<\/tr>\n<tr>\n<td>Hoperji<\/td>\n<td>1 x 12L (10L za A)<\/td>\n<\/tr>\n<tr>\n<td>Napajanje ( 50 Hz \/ 60 Hz)<\/td>\n<td>2,5 kW \/ 2,7 kW<\/td>\n<\/tr>\n<tr>\n<td>Neto\/ladijska te\u017ea (kg)<\/td>\n<td>115 \/ 127 120 \/ 132 (A)<\/td>\n<\/tr>\n<tr>\n<td>Neto mere (mm)<\/td>\n<td>384 x 720 x 846<\/td>\n<\/tr>\n<tr>\n<td>Dimenzije ladje (mm)<\/td>\n<td>500 x 870 x 990<\/td>\n<\/tr>\n<tr>\n<td>Napajanje<\/td>\n<td>220V\/1Ph\/50Hz, 220V\/1Ph\/60Hz<\/td>\n<\/tr>\n<tr>\n<td>Razpolo\u017eljive mo\u017enosti<\/td>\n<td>Vodno hlajenje, zra\u010dni \u017eleb<\/td>\n<\/tr>\n<\/tbody>\n<\/table>","protected":false},"excerpt":{"rendered":"<p>The Spaceman 6210-C \/ 6210A-C is a compact and efficient soft serve freezer designed for smaller outlets or businesses looking for a reliable, space-saving solution. With the ability to serve up to 360 portions per hour, this machine is ideal for cafes, dessert shops, and restaurants that want to offer premium soft serve ice cream, [&hellip;]<\/p>\n","protected":false},"featured_media":6258,"comment_status":"open","ping_status":"closed","template":"","meta":[],"product_brand":[],"product_cat":[32],"product_tag":[],"class_list":{"0":"post-6257","1":"product","2":"type-product","3":"status-publish","4":"has-post-thumbnail","6":"product_cat-premier-series","8":"first","9":"instock","10":"shipping-taxable","11":"product-type-simple"},"_links":{"self":[{"href":"https:\/\/dersuessestopp.com\/sl\/wp-json\/wp\/v2\/product\/6257","targetHints":{"allow":["GET"]}}],"collection":[{"href":"https:\/\/dersuessestopp.com\/sl\/wp-json\/wp\/v2\/product"}],"about":[{"href":"https:\/\/dersuessestopp.com\/sl\/wp-json\/wp\/v2\/types\/product"}],"replies":[{"embeddable":true,"href":"https:\/\/dersuessestopp.com\/sl\/wp-json\/wp\/v2\/comments?post=6257"}],"version-history":[{"count":11,"href":"https:\/\/dersuessestopp.com\/sl\/wp-json\/wp\/v2\/product\/6257\/revisions"}],"predecessor-version":[{"id":6362,"href":"https:\/\/dersuessestopp.com\/sl\/wp-json\/wp\/v2\/product\/6257\/revisions\/6362"}],"wp:featuredmedia":[{"embeddable":true,"href":"https:\/\/dersuessestopp.com\/sl\/wp-json\/wp\/v2\/media\/6258"}],"wp:attachment":[{"href":"https:\/\/dersuessestopp.com\/sl\/wp-json\/wp\/v2\/media?parent=6257"}],"wp:term":[{"taxonomy":"product_brand","embeddable":true,"href":"https:\/\/dersuessestopp.com\/sl\/wp-json\/wp\/v2\/product_brand?post=6257"},{"taxonomy":"product_cat","embeddable":true,"href":"https:\/\/dersuessestopp.com\/sl\/wp-json\/wp\/v2\/product_cat?post=6257"},{"taxonomy":"product_tag","embeddable":true,"href":"https:\/\/dersuessestopp.com\/sl\/wp-json\/wp\/v2\/product_tag?post=6257"}],"curies":[{"name":"wp","href":"https:\/\/api.w.org\/{rel}","templated":true}]}}