{"id":1383,"date":"2025-05-03T11:35:25","date_gmt":"2025-05-03T11:35:25","guid":{"rendered":"https:\/\/dersuessestopp.com\/product\/professionelle-softeismaschine-pasmo-s111\/"},"modified":"2025-09-24T20:20:41","modified_gmt":"2025-09-24T20:20:41","slug":"profesionalni-softeizmasine-pasmo-s111","status":"publish","type":"product","link":"https:\/\/dersuessestopp.com\/sl\/product\/professionelle-softeismaschine-pasmo-s111\/","title":{"rendered":"Profesionalna sede\u017ena garnitura PASMO S111"},"content":{"rendered":"<p>\u201cEis wie nie zuvor\u201d - Die professionelle Softeismaschine Pasmo S111 setzt neue Ma\u00dfst\u00e4be in der Eisherstellung. Als kompaktere Version der Pasmo S121 beh\u00e4lt sie viele ihrer Spitzenfunktionen bei und eignet sich ideal f\u00fcr die Produktion einer einzelnen Softeissorte oder Frozen Jogurts.<\/p>\n<ul>\n<li><strong>Kapaciteta:<\/strong> Proizvodnja 50 litrov softeisa ali zamrznjenega jogurta na dan<\/li>\n<li><strong>Trichterkapazit\u00e4t:<\/strong> 25 litrov<\/li>\n<li><strong>Zylinderkapazit\u00e4t:<\/strong> 2,5 litra<\/li>\n<li><strong>Merkmale:<\/strong>\n<ul>\n<li>Mikro-Heizung z avtomatskim odpiranjem<\/li>\n<li>Inteligentna inverterska tehnologija za hitrej\u0161i zagon in u\u010dinkovito rabo energije<\/li>\n<li>Sistem zra\u010dnih \u010drpalk z zobniki<\/li>\n<li>Personalisierbare Anzeigetafel f\u00fcr individuelles Design<\/li>\n<li>Funkcija samopostre\u017enega upravljanja in nizka alarmna stopnja Mix-Low-Alarm za najvi\u0161jo stopnjo izena\u010denosti<\/li>\n<li>Langlebiger und leicht zu reinigender SS304 Edelstahl-Beater<\/li>\n<li>Integriran me\u0161alnik v zalogovniku za kakovostno me\u0161anje<\/li>\n<li>Kompresor EMBRACO\/TECUMSEH z zmogljivostjo 4827BTU\/h<\/li>\n<li>Wahl zwischen Luftk\u00fchlung und optionaler Wasserk\u00fchlung<\/li>\n<li>Fortschrittliches \u00dcberlaufsystem f\u00fcr kontinuierliche Eisabgabe<\/li>\n<li>Leiser Betrieb und Energieeffizienz<\/li>\n<li>Innovatives Tiefk\u00fchlsystem f\u00fcr h\u00f6chste Hygiene<\/li>\n<li>Pasteurisierungsfunktion f\u00fcr Sicherheit und l\u00e4ngere Haltbarkeit<\/li>\n<li>One-Touch-Zyklusheizung gegen eingefrorene Zylinder<\/li>\n<li>Funkcija pripravljenosti za uravnavanje temperature v no\u010dnem \u010dasu<\/li>\n<\/ul>\n<\/li>\n<\/ul>\n<p>Die Pasmo S111 ist eine exzellente Wahl f\u00fcr one Eisladen oder jedes Restaurant, das eine zuverl\u00e4ssige, leistungsstarke und benutzerfreundliche Maschine f\u00fcr Softeis oder Frozen Jogurt sucht. Mit ihrer beeindruckenden Kombination aus hoher Kapazit\u00e4t, erstklassiger Qualit\u00e4t und ausgezeichneter Hygiene bietet sie eine un\u00fcbertroffene Erfahrung in der Eisherstellung.<\/p>","protected":false},"excerpt":{"rendered":"<p>&#8220;Eis wie nie zuvor&#8221; \u2013 Die professionelle Softeismaschine Pasmo S111 setzt neue Ma\u00dfst\u00e4be in der Eisherstellung. Als kompaktere Version der Pasmo S121 beh\u00e4lt sie viele ihrer Spitzenfunktionen bei und eignet sich ideal f\u00fcr die Produktion einer einzelnen Softeissorte oder Frozen Jogurts. Kapazit\u00e4t: Produziert 50 Liter Softeis oder Frozen Jogurt pro Stunde Trichterkapazit\u00e4t: 25 Liter Zylinderkapazit\u00e4t: [&hellip;]<\/p>\n","protected":false},"featured_media":1693,"comment_status":"open","ping_status":"closed","template":"","meta":[],"product_brand":[],"product_cat":[63],"product_tag":[],"class_list":{"0":"post-1383","1":"product","2":"type-product","3":"status-publish","4":"has-post-thumbnail","6":"product_cat-pasmo","8":"first","9":"instock","10":"shipping-taxable","11":"purchasable","12":"product-type-simple"},"_links":{"self":[{"href":"https:\/\/dersuessestopp.com\/sl\/wp-json\/wp\/v2\/product\/1383","targetHints":{"allow":["GET"]}}],"collection":[{"href":"https:\/\/dersuessestopp.com\/sl\/wp-json\/wp\/v2\/product"}],"about":[{"href":"https:\/\/dersuessestopp.com\/sl\/wp-json\/wp\/v2\/types\/product"}],"replies":[{"embeddable":true,"href":"https:\/\/dersuessestopp.com\/sl\/wp-json\/wp\/v2\/comments?post=1383"}],"version-history":[{"count":1,"href":"https:\/\/dersuessestopp.com\/sl\/wp-json\/wp\/v2\/product\/1383\/revisions"}],"predecessor-version":[{"id":9282,"href":"https:\/\/dersuessestopp.com\/sl\/wp-json\/wp\/v2\/product\/1383\/revisions\/9282"}],"wp:featuredmedia":[{"embeddable":true,"href":"https:\/\/dersuessestopp.com\/sl\/wp-json\/wp\/v2\/media\/1693"}],"wp:attachment":[{"href":"https:\/\/dersuessestopp.com\/sl\/wp-json\/wp\/v2\/media?parent=1383"}],"wp:term":[{"taxonomy":"product_brand","embeddable":true,"href":"https:\/\/dersuessestopp.com\/sl\/wp-json\/wp\/v2\/product_brand?post=1383"},{"taxonomy":"product_cat","embeddable":true,"href":"https:\/\/dersuessestopp.com\/sl\/wp-json\/wp\/v2\/product_cat?post=1383"},{"taxonomy":"product_tag","embeddable":true,"href":"https:\/\/dersuessestopp.com\/sl\/wp-json\/wp\/v2\/product_tag?post=1383"}],"curies":[{"name":"wp","href":"https:\/\/api.w.org\/{rel}","templated":true}]}}