{"id":1375,"date":"2025-05-03T11:35:25","date_gmt":"2025-05-03T11:35:25","guid":{"rendered":"https:\/\/dersuessestopp.com\/product\/professionelle-softeismaschine-pasmo-s121\/"},"modified":"2025-09-24T20:21:56","modified_gmt":"2025-09-24T20:21:56","slug":"profesionalna-softeismaschine-pasmo-s121","status":"publish","type":"product","link":"https:\/\/dersuessestopp.com\/sl\/product\/professionelle-softeismaschine-pasmo-s121\/","title":{"rendered":"Profesionalna sede\u017ena garnitura Pasmo S121"},"content":{"rendered":"<p>Die richtige Softeismaschine, die Ihr Gesch\u00e4ft zum Erfolg f\u00fchrt: V tem primeru se lahko na trgu pojavijo nove, kompaktne in interne strukture, ki so v celoti prilagojene vsem Pasmo-Modellen.<\/p>\n<ul>\n<li><strong>Kapaciteta:<\/strong> Proizvedeno 80 litrov softeis pro Stunde<\/li>\n<li><strong>Trichterkapazit\u00e4t:<\/strong> Zwei Beh\u00e4lter mit je 9,5 Litern<\/li>\n<li><strong>Zylinderkapazit\u00e4t:<\/strong> 2 litra<\/li>\n<li><strong>Merkmale:<\/strong>\n<ul>\n<li>Micro-Heizung mit automatischer Abtaufunktion<\/li>\n<li>Inteligentna inverterska tehnologija<\/li>\n<li>Sistem zra\u010dnih \u010drpalk z zobniki<\/li>\n<li>Pasteurisierungsfunktion<\/li>\n<li>Doppelsystem f\u00fcr pr\u00e4zise ein-zu-eins-Steuerung<\/li>\n<li>Lo\u010deni kompresorski sistemi za vsakega uporabnika<\/li>\n<li>Funkcija samopostre\u017enega upravljanja in nizki alarm Mix-Low-Alarm za trajno kakovost<\/li>\n<li>Langlebiger und leicht zu reinigender SS304 Edelstahl-Beater<\/li>\n<li>Hranilnik za homogeno obdelavo hrane z nasipom<\/li>\n<li>EMBRACO\/TECUMSEH-Kompresor s 3753BTU\/h*2 Kapaciteto<\/li>\n<li>Wahl zwischen Luftk\u00fchlung und optionaler Wasserk\u00fchlung<\/li>\n<li>Fortschrittliches \u00dcberlaufsystem f\u00fcr kontinuierliche Eisabgabe<\/li>\n<li>Leiser Betrieb und Energieeffizienz<\/li>\n<li>Inovativni sistem Tiefk\u00fchlsystem f\u00fcr h\u00f6chste Hygienestandards<\/li>\n<li>One-Touch-Zyklusheizung zur Vermeidung eingefrorener Zylinder<\/li>\n<li>Funkcija pripravljenosti za uravnavanje temperature v no\u010dnem \u010dasu<\/li>\n<\/ul>\n<\/li>\n<\/ul>\n<p>Die Pasmo S121 ist als professionelle Softeismaschine und Frozen-Jogurt-Maschine die ideale Wahl f\u00fcr Eisl\u00e4den und Restaurants, die eine zuverl\u00e4ssige, leistungsstarke und benutzerfreundliche L\u00f6sung suchen. Mit ihrer beeindruckenden Kombination aus hoher Kapazit\u00e4t, exzellenter Qualit\u00e4t und erstklassiger Hygiene garantiert sie den Erfolg Ihres Gesch\u00e4fts.<\/p>","protected":false},"excerpt":{"rendered":"<p>Die richtige Softeismaschine, die Ihr Gesch\u00e4ft zum Erfolg f\u00fchrt: Die professionelle Softeismaschine Pasmo S121, entwickelt f\u00fcr Fachleute, die nach Innovation streben, revolutioniert mit ihrer kompaktesten internen Struktur unter allen Pasmo-Modellen den Markt. Kapazit\u00e4t: Produziert 80 Liter Softeis pro Stunde Trichterkapazit\u00e4t: Zwei Beh\u00e4lter mit je 9,5 Litern Zylinderkapazit\u00e4t: 2 Liter Merkmale: Micro-Heizung mit automatischer Abtaufunktion Intelligente [&hellip;]<\/p>\n","protected":false},"featured_media":1696,"comment_status":"open","ping_status":"closed","template":"","meta":[],"product_brand":[],"product_cat":[63],"product_tag":[],"class_list":{"0":"post-1375","1":"product","2":"type-product","3":"status-publish","4":"has-post-thumbnail","6":"product_cat-pasmo","8":"first","9":"instock","10":"shipping-taxable","11":"purchasable","12":"product-type-simple"},"_links":{"self":[{"href":"https:\/\/dersuessestopp.com\/sl\/wp-json\/wp\/v2\/product\/1375","targetHints":{"allow":["GET"]}}],"collection":[{"href":"https:\/\/dersuessestopp.com\/sl\/wp-json\/wp\/v2\/product"}],"about":[{"href":"https:\/\/dersuessestopp.com\/sl\/wp-json\/wp\/v2\/types\/product"}],"replies":[{"embeddable":true,"href":"https:\/\/dersuessestopp.com\/sl\/wp-json\/wp\/v2\/comments?post=1375"}],"version-history":[{"count":1,"href":"https:\/\/dersuessestopp.com\/sl\/wp-json\/wp\/v2\/product\/1375\/revisions"}],"predecessor-version":[{"id":9285,"href":"https:\/\/dersuessestopp.com\/sl\/wp-json\/wp\/v2\/product\/1375\/revisions\/9285"}],"wp:featuredmedia":[{"embeddable":true,"href":"https:\/\/dersuessestopp.com\/sl\/wp-json\/wp\/v2\/media\/1696"}],"wp:attachment":[{"href":"https:\/\/dersuessestopp.com\/sl\/wp-json\/wp\/v2\/media?parent=1375"}],"wp:term":[{"taxonomy":"product_brand","embeddable":true,"href":"https:\/\/dersuessestopp.com\/sl\/wp-json\/wp\/v2\/product_brand?post=1375"},{"taxonomy":"product_cat","embeddable":true,"href":"https:\/\/dersuessestopp.com\/sl\/wp-json\/wp\/v2\/product_cat?post=1375"},{"taxonomy":"product_tag","embeddable":true,"href":"https:\/\/dersuessestopp.com\/sl\/wp-json\/wp\/v2\/product_tag?post=1375"}],"curies":[{"name":"wp","href":"https:\/\/api.w.org\/{rel}","templated":true}]}}