{"id":12358,"date":"2025-10-09T03:40:09","date_gmt":"2025-10-09T03:40:09","guid":{"rendered":"https:\/\/dersuessestopp.com\/?post_type=product&#038;p=12358"},"modified":"2025-10-09T03:40:10","modified_gmt":"2025-10-09T03:40:10","slug":"komplet-3-cassetti-cxf","status":"publish","type":"product","link":"https:\/\/dersuessestopp.com\/sl\/product\/set-3-cassetti-cxf\/","title":{"rendered":"KOMPLET 3 CASSETTI CXF"},"content":{"rendered":"<h2 data-start=\"214\" data-end=\"628\">Opis izdelka<\/h2>\n<p data-start=\"214\" data-end=\"628\">Spletna stran <strong data-start=\"218\" data-end=\"240\">KOMPLET 3 CASSETTI CXF<\/strong> je profesionalni <strong data-start=\"259\" data-end=\"273\">komplet predalov<\/strong> zasnovan za <strong data-start=\"287\" data-end=\"323\">Hladilni pulti serije CXF<\/strong>, ki vklju\u010duje <strong data-start=\"335\" data-end=\"377\">trije predali iz nerjave\u010dega jekla velikosti 1\/3<\/strong>. V celoti zgrajen iz <strong data-start=\"399\" data-end=\"427\">AISI 304 nerjave\u010de jeklo<\/strong>, zagotavlja higieno, trdnost in dolgotrajno delovanje. Idealen je za restavracije, hotele in gostinske kuhinje, saj zagotavlja organizirano in u\u010dinkovito shranjevanje v hladilniku z gladkim delovanjem predalov.<\/p>\n<p data-start=\"630\" data-end=\"649\"><strong data-start=\"630\" data-end=\"647\">Klju\u010dne lastnosti:<\/strong><\/p>\n<ul data-start=\"650\" data-end=\"937\">\n<li data-start=\"650\" data-end=\"706\">\n<p data-start=\"652\" data-end=\"706\"><strong data-start=\"652\" data-end=\"704\">Zdru\u017eljiv s hladilnimi pulti serije CXF<\/strong><\/p>\n<\/li>\n<li data-start=\"707\" data-end=\"749\">\n<p data-start=\"709\" data-end=\"749\"><strong data-start=\"709\" data-end=\"747\">Vklju\u010duje 3 predale (vsak velikosti 1\/3)<\/strong><\/p>\n<\/li>\n<li data-start=\"750\" data-end=\"790\">\n<p data-start=\"752\" data-end=\"790\"><strong data-start=\"752\" data-end=\"788\">Narejen je iz nerjave\u010dega jekla AISI 304<\/strong><\/p>\n<\/li>\n<li data-start=\"791\" data-end=\"835\">\n<p data-start=\"793\" data-end=\"835\"><strong data-start=\"793\" data-end=\"833\">Trajno, higieni\u010dno in enostavno za \u010di\u0161\u010denje<\/strong><\/p>\n<\/li>\n<li data-start=\"836\" data-end=\"881\">\n<p data-start=\"838\" data-end=\"881\"><strong data-start=\"838\" data-end=\"879\">Gladek drsni sistem za enostaven dostop<\/strong><\/p>\n<\/li>\n<li data-start=\"882\" data-end=\"937\">\n<p data-start=\"884\" data-end=\"937\"><strong data-start=\"884\" data-end=\"935\">Idealno za profesionalno uporabo v kuhinji in gostinstvu<\/strong><\/p>\n<\/li>\n<\/ul>","protected":false},"excerpt":{"rendered":"<p>Product description The SET 3 CASSETTI CXF is a professional drawer kit designed for CXF series refrigerated counters, featuring three 1\/3-size stainless steel drawers. Built entirely from AISI 304 stainless steel, it ensures hygiene, strength, and long-lasting performance. Ideal for restaurants, hotels, and catering kitchens, it provides organized, efficient refrigerated storage with smooth drawer operation. [&hellip;]<\/p>\n","protected":false},"featured_media":12359,"comment_status":"open","ping_status":"closed","template":"","meta":[],"product_brand":[],"product_cat":[51],"product_tag":[],"class_list":{"0":"post-12358","1":"product","2":"type-product","3":"status-publish","4":"has-post-thumbnail","6":"product_cat-kitchen-catering-cooling","8":"first","9":"instock","10":"shipping-taxable","11":"product-type-simple"},"_links":{"self":[{"href":"https:\/\/dersuessestopp.com\/sl\/wp-json\/wp\/v2\/product\/12358","targetHints":{"allow":["GET"]}}],"collection":[{"href":"https:\/\/dersuessestopp.com\/sl\/wp-json\/wp\/v2\/product"}],"about":[{"href":"https:\/\/dersuessestopp.com\/sl\/wp-json\/wp\/v2\/types\/product"}],"replies":[{"embeddable":true,"href":"https:\/\/dersuessestopp.com\/sl\/wp-json\/wp\/v2\/comments?post=12358"}],"version-history":[{"count":1,"href":"https:\/\/dersuessestopp.com\/sl\/wp-json\/wp\/v2\/product\/12358\/revisions"}],"predecessor-version":[{"id":12361,"href":"https:\/\/dersuessestopp.com\/sl\/wp-json\/wp\/v2\/product\/12358\/revisions\/12361"}],"wp:featuredmedia":[{"embeddable":true,"href":"https:\/\/dersuessestopp.com\/sl\/wp-json\/wp\/v2\/media\/12359"}],"wp:attachment":[{"href":"https:\/\/dersuessestopp.com\/sl\/wp-json\/wp\/v2\/media?parent=12358"}],"wp:term":[{"taxonomy":"product_brand","embeddable":true,"href":"https:\/\/dersuessestopp.com\/sl\/wp-json\/wp\/v2\/product_brand?post=12358"},{"taxonomy":"product_cat","embeddable":true,"href":"https:\/\/dersuessestopp.com\/sl\/wp-json\/wp\/v2\/product_cat?post=12358"},{"taxonomy":"product_tag","embeddable":true,"href":"https:\/\/dersuessestopp.com\/sl\/wp-json\/wp\/v2\/product_tag?post=12358"}],"curies":[{"name":"wp","href":"https:\/\/api.w.org\/{rel}","templated":true}]}}