{"id":12355,"date":"2025-10-09T03:38:30","date_gmt":"2025-10-09T03:38:30","guid":{"rendered":"https:\/\/dersuessestopp.com\/?post_type=product&#038;p=12355"},"modified":"2025-10-09T03:38:30","modified_gmt":"2025-10-09T03:38:30","slug":"komplet-2-cassetti-cxf","status":"publish","type":"product","link":"https:\/\/dersuessestopp.com\/sl\/product\/set-2-cassetti-cxf\/","title":{"rendered":"KOMPLET 2 CASSETTI CXF"},"content":{"rendered":"<p>&nbsp;<\/p>\n<h2>Opis izdelka (EN)<\/h2>\n<p data-start=\"227\" data-end=\"619\">Spletna stran <strong data-start=\"231\" data-end=\"253\">KOMPLET 2 CASSETTI CXF<\/strong> je profesionalni <strong data-start=\"272\" data-end=\"286\">komplet predalov<\/strong> zasnovan za <strong data-start=\"300\" data-end=\"336\">Hladilni pulti serije CXF<\/strong>, ki vklju\u010duje <strong data-start=\"348\" data-end=\"388\">dva predala iz nerjave\u010dega jekla velikosti 1\/2<\/strong>. V celoti zgrajen iz <strong data-start=\"410\" data-end=\"438\">AISI 304 nerjave\u010de jeklo<\/strong>, zagotavlja najve\u010djo higieno, vzdr\u017eljivost in nemoteno delovanje. Idealen je za profesionalne kuhinje in gostinska okolja, saj omogo\u010da priro\u010dno in organizirano shranjevanje v hladilniku.<\/p>\n<p data-start=\"621\" data-end=\"640\"><strong data-start=\"621\" data-end=\"638\">Klju\u010dne lastnosti:<\/strong><\/p>\n<ul data-start=\"641\" data-end=\"948\">\n<li data-start=\"641\" data-end=\"697\">\n<p data-start=\"643\" data-end=\"697\"><strong data-start=\"643\" data-end=\"695\">Zdru\u017eljiv s hladilnimi pulti serije CXF<\/strong><\/p>\n<\/li>\n<li data-start=\"698\" data-end=\"740\">\n<p data-start=\"700\" data-end=\"740\"><strong data-start=\"700\" data-end=\"738\">Vklju\u010duje 2 predala (vsak velikosti 1\/2)<\/strong><\/p>\n<\/li>\n<li data-start=\"741\" data-end=\"790\">\n<p data-start=\"743\" data-end=\"790\"><strong data-start=\"743\" data-end=\"788\">Izdelano iz nerjavnega jekla AISI 304<\/strong><\/p>\n<\/li>\n<li data-start=\"791\" data-end=\"835\">\n<p data-start=\"793\" data-end=\"835\"><strong data-start=\"793\" data-end=\"833\">Trajno, higieni\u010dno in enostavno za \u010di\u0161\u010denje<\/strong><\/p>\n<\/li>\n<li data-start=\"836\" data-end=\"887\">\n<p data-start=\"838\" data-end=\"887\"><strong data-start=\"838\" data-end=\"885\">Gladek drsni sistem za enostaven dostop<\/strong><\/p>\n<\/li>\n<li data-start=\"888\" data-end=\"948\">\n<p data-start=\"890\" data-end=\"948\"><strong data-start=\"890\" data-end=\"946\">Idealno za restavracije, hotele in gostinske kuhinje<\/strong><\/p>\n<\/li>\n<\/ul>\n<h2><\/h2>","protected":false},"excerpt":{"rendered":"<p>&nbsp; Product Description (EN) The SET 2 CASSETTI CXF is a professional drawer kit designed for CXF series refrigerated counters, featuring two 1\/2-size stainless steel drawers. Built entirely from AISI 304 stainless steel, it ensures maximum hygiene, durability, and smooth operation. Ideal for professional kitchens and catering environments, it offers convenient and organized refrigerated storage. [&hellip;]<\/p>\n","protected":false},"featured_media":12356,"comment_status":"open","ping_status":"closed","template":"","meta":[],"product_brand":[],"product_cat":[51],"product_tag":[],"class_list":{"0":"post-12355","1":"product","2":"type-product","3":"status-publish","4":"has-post-thumbnail","6":"product_cat-kitchen-catering-cooling","8":"first","9":"instock","10":"shipping-taxable","11":"product-type-simple"},"_links":{"self":[{"href":"https:\/\/dersuessestopp.com\/sl\/wp-json\/wp\/v2\/product\/12355","targetHints":{"allow":["GET"]}}],"collection":[{"href":"https:\/\/dersuessestopp.com\/sl\/wp-json\/wp\/v2\/product"}],"about":[{"href":"https:\/\/dersuessestopp.com\/sl\/wp-json\/wp\/v2\/types\/product"}],"replies":[{"embeddable":true,"href":"https:\/\/dersuessestopp.com\/sl\/wp-json\/wp\/v2\/comments?post=12355"}],"version-history":[{"count":1,"href":"https:\/\/dersuessestopp.com\/sl\/wp-json\/wp\/v2\/product\/12355\/revisions"}],"predecessor-version":[{"id":12357,"href":"https:\/\/dersuessestopp.com\/sl\/wp-json\/wp\/v2\/product\/12355\/revisions\/12357"}],"wp:featuredmedia":[{"embeddable":true,"href":"https:\/\/dersuessestopp.com\/sl\/wp-json\/wp\/v2\/media\/12356"}],"wp:attachment":[{"href":"https:\/\/dersuessestopp.com\/sl\/wp-json\/wp\/v2\/media?parent=12355"}],"wp:term":[{"taxonomy":"product_brand","embeddable":true,"href":"https:\/\/dersuessestopp.com\/sl\/wp-json\/wp\/v2\/product_brand?post=12355"},{"taxonomy":"product_cat","embeddable":true,"href":"https:\/\/dersuessestopp.com\/sl\/wp-json\/wp\/v2\/product_cat?post=12355"},{"taxonomy":"product_tag","embeddable":true,"href":"https:\/\/dersuessestopp.com\/sl\/wp-json\/wp\/v2\/product_tag?post=12355"}],"curies":[{"name":"wp","href":"https:\/\/api.w.org\/{rel}","templated":true}]}}