{"id":12326,"date":"2025-10-09T03:12:06","date_gmt":"2025-10-09T03:12:06","guid":{"rendered":"https:\/\/dersuessestopp.com\/?post_type=product&#038;p=12326"},"modified":"2025-10-09T03:12:07","modified_gmt":"2025-10-09T03:12:07","slug":"cxf-3100-tn","status":"publish","type":"product","link":"https:\/\/dersuessestopp.com\/sl\/product\/cxf-3100-tn\/","title":{"rendered":"CXF 3100 TN"},"content":{"rendered":"<p><img decoding=\"async\" src=\"https:\/\/customer.klimaitalia.it\/api\/file\/image\/6669\" \/><\/p>\n<p>&nbsp;<\/p>\n<h2>Opis izdelka<\/h2>\n<p>Spletna stran <strong data-start=\"210\" data-end=\"225\">CXF 3100 TN<\/strong> je profesionalni <strong data-start=\"244\" data-end=\"290\">trivratni prezra\u010devani hladilni pult<\/strong>, kot nala\u0161\u010d za restavracije, hotele in gostinske kuhinje. Izdelano iz <strong data-start=\"358\" data-end=\"386\">AISI 304 nerjave\u010de jeklo<\/strong>, zagotavlja trajnost, higieno in enostavno \u010di\u0161\u010denje. Delovanje v <strong data-start=\"454\" data-end=\"491\">temperaturno obmo\u010dje od -2 \u00b0C do +8 \u00b0C<\/strong>, zagotavlja enakomerno hlajenje pri pripravi in shranjevanju hrane. Opremljen je z <strong data-start=\"587\" data-end=\"612\">elektronski termostat<\/strong>, <strong data-start=\"614\" data-end=\"641\">Samodejna vrata z mehkim zapiranjem<\/strong>, in <strong data-start=\"647\" data-end=\"677\">samodejno elektri\u010dno odmrzovanje<\/strong>, zagotavlja zanesljivost in energetsko u\u010dinkovitost.<\/p>\n<h2>Tehni\u010dne specifikacije<\/h2>\n<table>\n<tbody>\n<tr>\n<td>Dimenzije mm<\/td>\n<td>CXF 3100 TN<\/td>\n<td>CXF 3100 TNG<\/td>\n<td>CXF 3140 TN<\/td>\n<td>CXF 3100 BT<\/td>\n<\/tr>\n<tr>\n<td>Zunanje mere (\u0160xVxV)<\/td>\n<td>1795 x 700 x 860*<\/td>\n<td>1795 x 700 x 860*<\/td>\n<td>1795 x 700 x 860*<\/td>\n<td>1795 x 700 x 860*<\/td>\n<\/tr>\n<tr>\n<td>Dimenzije embala\u017ee (\u0160xVxV)<\/td>\n<td>1825 x 730 x 910<\/td>\n<td>1825 x 730 x 910<\/td>\n<td>1825 x 730 x 910<\/td>\n<td>1825 x 730 x 910<\/td>\n<\/tr>\n<tr>\n<td>\u0160irina<\/td>\n<td>1234<\/td>\n<td>1234<\/td>\n<td>1234<\/td>\n<td>1234<\/td>\n<\/tr>\n<tr>\n<td>Globina<\/td>\n<td>580<\/td>\n<td>580<\/td>\n<td>580<\/td>\n<td>580<\/td>\n<\/tr>\n<tr>\n<td>Vi\u0161ina<\/td>\n<td>560<\/td>\n<td>560<\/td>\n<td>560<\/td>\n<td>560<\/td>\n<\/tr>\n<tr>\n<td colspan=\"5\">Skupna vi\u0161ina enot vklju\u010duje noge, ki so prilagojene na najni\u017eji ravni vi\u0161ine.<\/td>\n<\/tr>\n<\/tbody>\n<\/table>\n<p>&nbsp;<\/p>\n<table style=\"height: 751px;\" width=\"1354\">\n<tbody>\n<tr>\n<td>Tehni\u010dne lastnosti<\/td>\n<td>CXF 3100 TN<\/td>\n<td>CXF 3100 TNG<\/td>\n<td>CXF 3110 \/ 3130 TN<\/td>\n<td>CXF 3140 TN<\/td>\n<td>CXF 3100 BT<\/td>\n<\/tr>\n<tr>\n<td>Temperaturno obmo\u010dje<\/td>\n<td>-2 \u00b0C \/ +8 \u00b0C<\/td>\n<td>+2 \u00b0C \/ +8 \u00b0C<\/td>\n<td>-2 \u00b0C \/ +8 \u00b0C<\/td>\n<td>-2 \u00b0C \/ +8 \u00b0C<\/td>\n<td>-22 \u00b0C \/ -18 \u00b0C<\/td>\n<\/tr>\n<tr>\n<td>Podnebni razred<\/td>\n<td>5<\/td>\n<td>4<\/td>\n<td>4<\/td>\n<td>4<\/td>\n<td>4<\/td>\n<\/tr>\n<tr>\n<td>Neto bruto obseg<\/td>\n<td>291 \/ 358 EUR<\/td>\n<td>Lt. 302 \/ 358<\/td>\n<td>Poro\u010dnik 242 \/ 358<\/td>\n<td>Poru\u010dnik 194 \/ 358<\/td>\n<td>Poro\u010dnik 281 \/ 358<\/td>\n<\/tr>\n<tr>\n<td>Telo<\/td>\n<td>AISI 304 Nerjave\u010de jeklo<\/td>\n<td>AISI 304 Nerjave\u010de jeklo<\/td>\n<td>AISI 304 Nerjave\u010de jeklo<\/td>\n<td>AISI 304 Nerjave\u010de jeklo<\/td>\n<td>AISI 304 Nerjave\u010de jeklo<\/td>\n<\/tr>\n<tr>\n<td>Vrata<\/td>\n<td>&#8211;<\/td>\n<td>Steklo<\/td>\n<td>&#8211;<\/td>\n<td>&#8211;<\/td>\n<td>&#8211;<\/td>\n<\/tr>\n<tr>\n<td>Notranji vlo\u017eek<\/td>\n<td>AISI 304 Nerjave\u010de jeklo<\/td>\n<td>AISI 304 Nerjave\u010de jeklo<\/td>\n<td>AISI 304 Nerjave\u010de jeklo<\/td>\n<td>AISI 304 Nerjave\u010de jeklo<\/td>\n<td>AISI 304 Nerjave\u010de jeklo<\/td>\n<\/tr>\n<tr>\n<td>Termostat<\/td>\n<td>Elektronska stran<\/td>\n<td>Elektronska stran<\/td>\n<td>Elektronska stran<\/td>\n<td>Elektronska stran<\/td>\n<td>Elektronska stran<\/td>\n<\/tr>\n<tr>\n<td>Raven hrupa<\/td>\n<td>dB 42<\/td>\n<td>dB 42<\/td>\n<td>dB 42<\/td>\n<td>dB 42<\/td>\n<td>dB 42<\/td>\n<\/tr>\n<tr>\n<td>Daljinski upravljalnik<\/td>\n<td>Izbirno<\/td>\n<td>Izbirno<\/td>\n<td>Izbirno<\/td>\n<td>Izbirno<\/td>\n<td>Izbirno<\/td>\n<\/tr>\n<tr>\n<td>Debelina izolacije<\/td>\n<td>mm 60<\/td>\n<td>mm 60<\/td>\n<td>mm 60<\/td>\n<td>mm 60<\/td>\n<td>m 60<\/td>\n<\/tr>\n<tr>\n<td>Odmrzovanje<\/td>\n<td>Samodejno z elektri\u010dnim grelnikom<\/td>\n<td>Samodejno z elektri\u010dnim grelnikom<\/td>\n<td>Samodejno z elektri\u010dnim grelnikom<\/td>\n<td>Samodejno z elektri\u010dnim grelnikom<\/td>\n<td>Samodejno z elektri\u010dnim grelnikom<\/td>\n<\/tr>\n<tr>\n<td>Police (WxD)<\/td>\n<td>\u0161t. 3 - mm 335 x 530 + \u0161t. 3 - mm 390 x 505<\/td>\n<td>\u0161t. 3 - mm 335 x 530 + \u0161t. 3 - mm 390 x 505<\/td>\n<td>\u0161t. 2 - mm 335 x 530 + \u0161t. 2 - mm 390 x 505<\/td>\n<td>\u0161t. 1 - mm 335 x 530 + \u0161t. 1 - mm 390 x 505<\/td>\n<td>\u0161t. 3 - mm 335 x 530 + \u0161t. 3 - mm 390 x 505<\/td>\n<\/tr>\n<tr>\n<td>Razsvetljava<\/td>\n<td>&#8211;<\/td>\n<td>Led 3,6 W<\/td>\n<td>&#8211;<\/td>\n<td>&#8211;<\/td>\n<td>&#8211;<\/td>\n<\/tr>\n<tr>\n<td>Samodejno zapiranje vrat<\/td>\n<td>Mehko zapiranje<\/td>\n<td>Mehko zapiranje<\/td>\n<td>Mehko zapiranje<\/td>\n<td>Mehko zapiranje<\/td>\n<td>Mehko zapiranje<\/td>\n<\/tr>\n<tr>\n<td>Kolesca - stopala<\/td>\n<td>6 \u010devljev<\/td>\n<td>6 \u010devljev<\/td>\n<td>6 \u010devljev<\/td>\n<td>6 \u010devljev<\/td>\n<td>6 \u010devljev<\/td>\n<\/tr>\n<tr>\n<td>Kole\u0161\u010dki<\/td>\n<td>Po \u017eelji - h mm 140<\/td>\n<td>Po \u017eelji - h mm 140<\/td>\n<td>Po \u017eelji - h mm 140<\/td>\n<td>Po \u017eelji - h mm 140<\/td>\n<td>Po \u017eelji - h mm 140<\/td>\n<\/tr>\n<tr>\n<td>Neto bruto te\u017ea<\/td>\n<td>Kg 134 \/ 151<\/td>\n<td>Kg 134 \/ 151<\/td>\n<td>Kg 144 \/ 161<\/td>\n<td>Kg 154 \/ 171<\/td>\n<td>Kg 136 \/ 154<\/td>\n<\/tr>\n<tr>\n<td>Napetost<\/td>\n<td>V 220-240<\/td>\n<td>V 220-240<\/td>\n<td>V 220-240<\/td>\n<td>V 220-240<\/td>\n<td>V 220-240<\/td>\n<\/tr>\n<tr>\n<td>Frekvenca<\/td>\n<td>Hz 50<\/td>\n<td>Hz 50<\/td>\n<td>Hz 50<\/td>\n<td>Hz 50<\/td>\n<td>Hz 50<\/td>\n<\/tr>\n<tr>\n<td>Hladilno sredstvo<\/td>\n<td>R600A<\/td>\n<td>R600A<\/td>\n<td>R600A<\/td>\n<td>R600A<\/td>\n<td>R290<\/td>\n<\/tr>\n<tr>\n<td>Absorpcija<\/td>\n<td>W 300<\/td>\n<td>W 300<\/td>\n<td>W 300<\/td>\n<td>W 300<\/td>\n<td>W 570<\/td>\n<\/tr>\n<tr>\n<td>Poraba energije<\/td>\n<td>KwH\/24H 2,25<\/td>\n<td>KwH\/24H 3,126<\/td>\n<td>KwH\/24H 2,25<\/td>\n<td>KwH\/24H 2,18<\/td>\n<td>KwH\/24H 8,11<\/td>\n<\/tr>\n<\/tbody>\n<\/table>","protected":false},"excerpt":{"rendered":"<p>&nbsp; Product Description The CXF 3100 TN is a professional three-door ventilated refrigerated counter, perfect for restaurants, hotels, and catering kitchens. Made from AISI 304 stainless steel, it ensures durability, hygiene, and easy cleaning. Operating in a temperature range of -2\u00b0C to +8\u00b0C, it provides consistent cooling performance for food preparation and storage. Equipped with [&hellip;]<\/p>\n","protected":false},"featured_media":12327,"comment_status":"open","ping_status":"closed","template":"","meta":[],"product_brand":[],"product_cat":[51],"product_tag":[],"class_list":{"0":"post-12326","1":"product","2":"type-product","3":"status-publish","4":"has-post-thumbnail","6":"product_cat-kitchen-catering-cooling","8":"first","9":"instock","10":"shipping-taxable","11":"product-type-simple"},"_links":{"self":[{"href":"https:\/\/dersuessestopp.com\/sl\/wp-json\/wp\/v2\/product\/12326","targetHints":{"allow":["GET"]}}],"collection":[{"href":"https:\/\/dersuessestopp.com\/sl\/wp-json\/wp\/v2\/product"}],"about":[{"href":"https:\/\/dersuessestopp.com\/sl\/wp-json\/wp\/v2\/types\/product"}],"replies":[{"embeddable":true,"href":"https:\/\/dersuessestopp.com\/sl\/wp-json\/wp\/v2\/comments?post=12326"}],"version-history":[{"count":1,"href":"https:\/\/dersuessestopp.com\/sl\/wp-json\/wp\/v2\/product\/12326\/revisions"}],"predecessor-version":[{"id":12328,"href":"https:\/\/dersuessestopp.com\/sl\/wp-json\/wp\/v2\/product\/12326\/revisions\/12328"}],"wp:featuredmedia":[{"embeddable":true,"href":"https:\/\/dersuessestopp.com\/sl\/wp-json\/wp\/v2\/media\/12327"}],"wp:attachment":[{"href":"https:\/\/dersuessestopp.com\/sl\/wp-json\/wp\/v2\/media?parent=12326"}],"wp:term":[{"taxonomy":"product_brand","embeddable":true,"href":"https:\/\/dersuessestopp.com\/sl\/wp-json\/wp\/v2\/product_brand?post=12326"},{"taxonomy":"product_cat","embeddable":true,"href":"https:\/\/dersuessestopp.com\/sl\/wp-json\/wp\/v2\/product_cat?post=12326"},{"taxonomy":"product_tag","embeddable":true,"href":"https:\/\/dersuessestopp.com\/sl\/wp-json\/wp\/v2\/product_tag?post=12326"}],"curies":[{"name":"wp","href":"https:\/\/api.w.org\/{rel}","templated":true}]}}