{"id":12319,"date":"2025-10-09T03:08:40","date_gmt":"2025-10-09T03:08:40","guid":{"rendered":"https:\/\/dersuessestopp.com\/?post_type=product&#038;p=12319"},"modified":"2025-10-09T03:08:40","modified_gmt":"2025-10-09T03:08:40","slug":"cxf-3100-btn","status":"publish","type":"product","link":"https:\/\/dersuessestopp.com\/sl\/product\/cxf-3100-btn\/","title":{"rendered":"CXF 3100 BTN"},"content":{"rendered":"<h2><img decoding=\"async\" src=\"https:\/\/customer.klimaitalia.it\/api\/file\/image\/8076\" \/><\/h2>\n<h2>Opis izdelka<\/h2>\n<p>Spletna stran <strong data-start=\"228\" data-end=\"244\">CXF 3100 BTN<\/strong> je profesionalni <strong data-start=\"263\" data-end=\"311\">pult za prezra\u010devani hladilnik z zamrzovalnikom s tremi vrati<\/strong> izdelan iz vrhunskih materialov <strong data-start=\"331\" data-end=\"359\">AISI 304 nerjave\u010de jeklo<\/strong>, idealna za restavracije, hotele in gostinske kuhinje. Zdru\u017euje <strong data-start=\"429\" data-end=\"472\">hladilni predel (-2 \u00b0C do +8 \u00b0C)<\/strong> in <strong data-start=\"479\" data-end=\"519\">zamrzovalni predel (od -20 \u00b0C do -10 \u00b0C)<\/strong> v eni sami u\u010dinkoviti enoti. Zasnovana je za higieno, zanesljivost in zmogljivost. <strong data-start=\"613\" data-end=\"635\">vrata z mehkim zapiranjem<\/strong>, <strong data-start=\"637\" data-end=\"667\">samodejno elektri\u010dno odmrzovanje<\/strong>, in <strong data-start=\"676\" data-end=\"701\">elektronski termostat<\/strong> za natan\u010den nadzor temperature.<\/p>\n<h2>Tehni\u010dne specifikacije<\/h2>\n<table>\n<tbody>\n<tr>\n<td>\u00a0Dimenzije mm<\/td>\n<td>CXF 2100 BTN<\/td>\n<td>CXF 3100 BTN<\/td>\n<\/tr>\n<tr>\n<td>Zunanje mere (\u0160xVxV)<\/td>\n<td>1360 x 700 x 860*<\/td>\n<td>1795 x 700 x 860*<\/td>\n<\/tr>\n<tr>\n<td>Dimenzije embala\u017ee (\u0160xVxV)<\/td>\n<td>1390 x 730 x 910<\/td>\n<td>1825 x 730 x 910<\/td>\n<\/tr>\n<tr>\n<td>\u0160irina<\/td>\n<td>Frigo 360 | Zamrzovalnik 360<\/td>\n<td>Frigo 795 | Zamrzovalnik 360<\/td>\n<\/tr>\n<tr>\n<td>Globina<\/td>\n<td>Frigo 580 | Zamrzovalnik 580<\/td>\n<td>Frigo 580 | Zamrzovalnik 580<\/td>\n<\/tr>\n<tr>\n<td>Vi\u0161ina<\/td>\n<td>Frigo 560 | Zamrzovalnik 560<\/td>\n<td>Frigo 560 | Zamrzovalnik 560<\/td>\n<\/tr>\n<tr>\n<td colspan=\"3\">Skupna vi\u0161ina enot vklju\u010duje noge, ki so prilagojene na najni\u017eji ravni vi\u0161ine.<\/td>\n<\/tr>\n<\/tbody>\n<\/table>\n<p>&nbsp;<\/p>\n<table>\n<tbody>\n<tr>\n<td>\u00a0Tehni\u010dne lastnosti<\/td>\n<td>CXF 2100 BTN<\/td>\n<td>CXF 3100 BTN<\/td>\n<\/tr>\n<tr>\n<td>Temperaturno obmo\u010dje<\/td>\n<td>Hladilnik -2 \u00b0C \/ +8 \u00b0C Zamrzovalnik -2 \u00b0C \/ +8 \u00b0C | -20 \u00b0C \/ -10 \u00b0C<\/td>\n<td>Hladilnik -2 \u00b0C \/ +8 \u00b0C Zamrzovalnik -2 \u00b0C \/ +8 \u00b0C | -20 \u00b0C \/ -10 \u00b0C<\/td>\n<\/tr>\n<tr>\n<td>Bruto obseg<\/td>\n<td>Frigo Lt. 124 Zamrzovalnik Lt. 124<\/td>\n<td>Frigo Lt. 314 Zamrzovalnik Lt. 124<\/td>\n<\/tr>\n<tr>\n<td>Telo<\/td>\n<td>AISI 304 Nerjave\u010de jeklo<\/td>\n<td>AISI 304 Nerjave\u010de jeklo<\/td>\n<\/tr>\n<tr>\n<td>Notranji vlo\u017eek<\/td>\n<td>AISI 304 Nerjave\u010de jeklo<\/td>\n<td>AISI 304 Nerjave\u010de jeklo<\/td>\n<\/tr>\n<tr>\n<td>Termostat<\/td>\n<td>Elektronska stran<\/td>\n<td>Elektronska stran<\/td>\n<\/tr>\n<tr>\n<td>Raven hrupa<\/td>\n<td>dB 52<\/td>\n<td>dB 52<\/td>\n<\/tr>\n<tr>\n<td>Daljinski upravljalnik<\/td>\n<td>Izbirno<\/td>\n<td>Izbirno<\/td>\n<\/tr>\n<tr>\n<td>Debelina izolacije<\/td>\n<td>mm 60<\/td>\n<td>mm 60<\/td>\n<\/tr>\n<tr>\n<td>Odmrzovanje<\/td>\n<td>Samodejno z elektri\u010dnim grelnikom<\/td>\n<td>Samodejno z elektri\u010dnim grelnikom<\/td>\n<\/tr>\n<tr>\n<td>Police (WxD)<\/td>\n<td>N\u00b0 2 - mm 335 x 530<\/td>\n<td>N\u00b0 3 - mm 335 x 530<\/td>\n<\/tr>\n<tr>\n<td>Samodejno zapiranje vrat<\/td>\n<td>Mehko zapiranje<\/td>\n<td>Mehko zapiranje<\/td>\n<\/tr>\n<tr>\n<td>\u00a0Kolesca - stopala<\/td>\n<td>4 noge<\/td>\n<td>4 noge<\/td>\n<\/tr>\n<tr>\n<td>Kole\u0161\u010dki<\/td>\n<td>Po \u017eelji - h mm 140<\/td>\n<td>Po \u017eelji - h mm 140<\/td>\n<\/tr>\n<tr>\n<td>Neto bruto te\u017ea<\/td>\n<td>Kg 140 \/ 155<\/td>\n<td>Kg 150 \/ 165<\/td>\n<\/tr>\n<tr>\n<td>Napetost<\/td>\n<td>V 220-240<\/td>\n<td>V 220-240<\/td>\n<\/tr>\n<tr>\n<td>Frekvenca<\/td>\n<td>Hz 50<\/td>\n<td>Hz 50<\/td>\n<\/tr>\n<tr>\n<td>Hladilno sredstvo<\/td>\n<td>R600A \/ R290<\/td>\n<td>R600A \/ R290<\/td>\n<\/tr>\n<tr>\n<td>Absorpcija<\/td>\n<td>W 480<\/td>\n<td>W 480<\/td>\n<\/tr>\n<\/tbody>\n<\/table>","protected":false},"excerpt":{"rendered":"<p>Product Description The CXF 3100 BTN is a professional three-door ventilated fridge-freezer counter built from premium AISI 304 stainless steel, ideal for restaurants, hotels, and catering kitchens. It combines a refrigerated compartment (-2\u00b0C to +8\u00b0C) and a freezer compartment (-20\u00b0C to -10\u00b0C) in a single, efficient unit. Designed for hygiene, reliability, and performance, it features [&hellip;]<\/p>\n","protected":false},"featured_media":12324,"comment_status":"open","ping_status":"closed","template":"","meta":[],"product_brand":[],"product_cat":[51],"product_tag":[],"class_list":{"0":"post-12319","1":"product","2":"type-product","3":"status-publish","4":"has-post-thumbnail","6":"product_cat-kitchen-catering-cooling","8":"first","9":"instock","10":"shipping-taxable","11":"product-type-simple"},"_links":{"self":[{"href":"https:\/\/dersuessestopp.com\/sl\/wp-json\/wp\/v2\/product\/12319","targetHints":{"allow":["GET"]}}],"collection":[{"href":"https:\/\/dersuessestopp.com\/sl\/wp-json\/wp\/v2\/product"}],"about":[{"href":"https:\/\/dersuessestopp.com\/sl\/wp-json\/wp\/v2\/types\/product"}],"replies":[{"embeddable":true,"href":"https:\/\/dersuessestopp.com\/sl\/wp-json\/wp\/v2\/comments?post=12319"}],"version-history":[{"count":1,"href":"https:\/\/dersuessestopp.com\/sl\/wp-json\/wp\/v2\/product\/12319\/revisions"}],"predecessor-version":[{"id":12325,"href":"https:\/\/dersuessestopp.com\/sl\/wp-json\/wp\/v2\/product\/12319\/revisions\/12325"}],"wp:featuredmedia":[{"embeddable":true,"href":"https:\/\/dersuessestopp.com\/sl\/wp-json\/wp\/v2\/media\/12324"}],"wp:attachment":[{"href":"https:\/\/dersuessestopp.com\/sl\/wp-json\/wp\/v2\/media?parent=12319"}],"wp:term":[{"taxonomy":"product_brand","embeddable":true,"href":"https:\/\/dersuessestopp.com\/sl\/wp-json\/wp\/v2\/product_brand?post=12319"},{"taxonomy":"product_cat","embeddable":true,"href":"https:\/\/dersuessestopp.com\/sl\/wp-json\/wp\/v2\/product_cat?post=12319"},{"taxonomy":"product_tag","embeddable":true,"href":"https:\/\/dersuessestopp.com\/sl\/wp-json\/wp\/v2\/product_tag?post=12319"}],"curies":[{"name":"wp","href":"https:\/\/api.w.org\/{rel}","templated":true}]}}