{"id":12275,"date":"2025-10-09T03:00:31","date_gmt":"2025-10-09T03:00:31","guid":{"rendered":"https:\/\/dersuessestopp.com\/?post_type=product&#038;p=12275"},"modified":"2025-10-09T03:00:31","modified_gmt":"2025-10-09T03:00:31","slug":"cxf-2200-tn-z-razprsilom","status":"publish","type":"product","link":"https:\/\/dersuessestopp.com\/sl\/product\/cxf-2200-tn-with-splashback\/","title":{"rendered":"CXF 2200 TN Z RAZPR\u0160ILOM"},"content":{"rendered":"<p><img decoding=\"async\" src=\"https:\/\/customer.klimaitalia.it\/api\/file\/image\/6652\" \/><\/p>\n<p>&nbsp;<\/p>\n<h2>Opis izdelka<\/h2>\n<p>Spletna stran <strong data-start=\"232\" data-end=\"247\">CXF 2200 TN<\/strong> je profesionalni <strong data-start=\"266\" data-end=\"310\">prezra\u010devani hladilni pult z dvema vratoma<\/strong> s spletno stranjo . <strong data-start=\"316\" data-end=\"335\">zadnja stranska stranica<\/strong>, zasnovan za restavracije, hotele in gostinske lokale. Izdelan iz vrhunskih <strong data-start=\"417\" data-end=\"445\">AISI 304 nerjave\u010de jeklo<\/strong>, zagotavlja higieno, trajnost in enostavno \u010di\u0161\u010denje. Delovanje v <strong data-start=\"516\" data-end=\"553\">temperaturno obmo\u010dje od -2 \u00b0C do +8 \u00b0C<\/strong>, zagotavlja enakomerno hlajenje in u\u010dinkovito shranjevanje \u017eivil. Opremljen je z <strong data-start=\"633\" data-end=\"658\">elektronski termostat<\/strong>, <strong data-start=\"660\" data-end=\"682\">vrata z mehkim zapiranjem<\/strong>, in <strong data-start=\"688\" data-end=\"718\">samodejno elektri\u010dno odmrzovanje<\/strong>, zagotavlja zanesljivo delovanje pri vsakodnevni uporabi.<\/p>\n<h2>Tehni\u010dne specifikacije<\/h2>\n<table>\n<tbody>\n<tr>\n<td>Dimenzije mm<\/td>\n<td>CXF 2100 TN<\/td>\n<td>CXF 2200 TN<\/td>\n<td>CXF 2100 BT<\/td>\n<td>CXF 2200 BT<\/td>\n<\/tr>\n<tr>\n<td>Zunanje mere (\u0160xVxV)<\/td>\n<td>1360 x 700 x 860*<\/td>\n<td>1360 x 700 x 960*<\/td>\n<td>1360 x 700 x 860*<\/td>\n<td>1360 x 700 x 960*<\/td>\n<\/tr>\n<tr>\n<td>Dimenzije embala\u017ee (\u0160xVxV)<\/td>\n<td>1390 x 730 x 910<\/td>\n<td>1390 x 730 x 1010<\/td>\n<td>1390 x 730 x 910<\/td>\n<td>1390 x 730 x 1010<\/td>\n<\/tr>\n<tr>\n<td>\u0160irina<\/td>\n<td>795<\/td>\n<td>795<\/td>\n<td>795<\/td>\n<td>795<\/td>\n<\/tr>\n<tr>\n<td>Globina<\/td>\n<td>580<\/td>\n<td>580<\/td>\n<td>580<\/td>\n<td>580<\/td>\n<\/tr>\n<tr>\n<td>Vi\u0161ina<\/td>\n<td>560<\/td>\n<td>560<\/td>\n<td>560<\/td>\n<td>560<\/td>\n<\/tr>\n<tr>\n<td colspan=\"5\">Skupna vi\u0161ina enot vklju\u010duje noge, ki so prilagojene na najni\u017eji ravni vi\u0161ine.<\/td>\n<\/tr>\n<\/tbody>\n<\/table>\n<p>&nbsp;<\/p>\n<table>\n<tbody>\n<tr>\n<td>\u00a0Tehni\u010dne lastnosti<\/td>\n<td>CXF 2100 TN<\/td>\n<td>CXF 2200 TN<\/td>\n<td>CXF 2100 BT<\/td>\n<td>CXF 2200 BT<\/td>\n<\/tr>\n<tr>\n<td>Temperaturno obmo\u010dje<\/td>\n<td>-2 \u00b0C \/ +8 \u00b0C<\/td>\n<td>-2 \u00b0C \/ +8 \u00b0C<\/td>\n<td>-22 \u00b0C \/ -18 \u00b0C<\/td>\n<td>-22 \u00b0C \/ -18 \u00b0C<\/td>\n<\/tr>\n<tr>\n<td>Podnebni razred<\/td>\n<td>5<\/td>\n<td>5<\/td>\n<td>4<\/td>\n<td>4<\/td>\n<\/tr>\n<tr>\n<td>Neto bruto obseg<\/td>\n<td>Pona\u0161alec 190 \/ 313,5<\/td>\n<td>Pona\u0161alec 190 \/ 313,5<\/td>\n<td>187 \u20ac \/ 313,5 \u20ac<\/td>\n<td>187 \u20ac \/ 313,5 \u20ac<\/td>\n<\/tr>\n<tr>\n<td>Telo<\/td>\n<td>AISI 304 Nerjave\u010de jeklo<\/td>\n<td>AISI 304 Nerjave\u010de jeklo<\/td>\n<td>AISI 304 Nerjave\u010de jeklo<\/td>\n<td>AISI 304 Nerjave\u010de jeklo<\/td>\n<\/tr>\n<tr>\n<td>Notranji vlo\u017eek<\/td>\n<td>AISI 304 Nerjave\u010de jeklo<\/td>\n<td>AISI 304 Nerjave\u010de jeklo<\/td>\n<td>AISI 304 Nerjave\u010de jeklo<\/td>\n<td>AISI 304 Nerjave\u010de jeklo<\/td>\n<\/tr>\n<tr>\n<td>Termostat<\/td>\n<td>Elektronska stran<\/td>\n<td>Elektronska stran<\/td>\n<td>Elektronska stran<\/td>\n<td>Elektronska stran<\/td>\n<\/tr>\n<tr>\n<td>Raven hrupa<\/td>\n<td>dB 42<\/td>\n<td>dB 42<\/td>\n<td>dB 42<\/td>\n<td>dB 42<\/td>\n<\/tr>\n<tr>\n<td>Daljinski upravljalnik<\/td>\n<td>Izbirno<\/td>\n<td>Izbirno<\/td>\n<td>Izbirno<\/td>\n<td>Izbirno<\/td>\n<\/tr>\n<tr>\n<td>Debelina izolacije<\/td>\n<td>mm 60<\/td>\n<td>mm 60<\/td>\n<td>mm 60<\/td>\n<td>mm 60<\/td>\n<\/tr>\n<tr>\n<td>Odmrzovanje<\/td>\n<td>Samodejno z elektri\u010dnim grelnikom<\/td>\n<td>Samodejno z elektri\u010dnim grelnikom<\/td>\n<td>Samodejno z elektri\u010dnim grelnikom<\/td>\n<td>Samodejno z elektri\u010dnim grelnikom<\/td>\n<\/tr>\n<tr>\n<td>Police (WxD)<\/td>\n<td>\u0161t. 2 - mm 335 x 530 + \u0161t. 2 - mm 390 x 505<\/td>\n<td>\u0161t. 2 - mm 335 x 530 + \u0161t. 2 - mm 390 x 505<\/td>\n<td>\u0161t. 2 - mm 335 x 530 + \u0161t. 2 - mm 390 x 505<\/td>\n<td>\u0161t. 2 - mm 335 x 530 + \u0161t. 2 - mm 390 x 505<\/td>\n<\/tr>\n<tr>\n<td>Samodejno zapiranje vrat<\/td>\n<td>Mehko zapiranje<\/td>\n<td>Mehko zapiranje<\/td>\n<td>Mehko zapiranje<\/td>\n<td>Mehko zapiranje<\/td>\n<\/tr>\n<tr>\n<td>Vi\u0161ina Splashback<\/td>\n<td>&#8211;<\/td>\n<td>mm 110<\/td>\n<td>&#8211;<\/td>\n<td>mm 110<\/td>\n<\/tr>\n<tr>\n<td>Kolesca - stopala<\/td>\n<td>4 noge<\/td>\n<td>4 noge<\/td>\n<td>4 noge<\/td>\n<td>4 noge<\/td>\n<\/tr>\n<tr>\n<td>Kole\u0161\u010dki<\/td>\n<td>Po \u017eelji - h mm 140<\/td>\n<td>Po \u017eelji - h mm 140<\/td>\n<td>Po \u017eelji - h mm 140<\/td>\n<td>Po \u017eelji - h mm 140<\/td>\n<\/tr>\n<tr>\n<td>Neto bruto te\u017ea<\/td>\n<td>Kg 98 \/ 113<\/td>\n<td>Kg 108 \/ 138<\/td>\n<td>Kg 103 \/ 118<\/td>\n<td>Kg 111 \/ 141<\/td>\n<\/tr>\n<tr>\n<td>Napetost<\/td>\n<td>V 220-240<\/td>\n<td>V 220-240<\/td>\n<td>V 220-240<\/td>\n<td>V 220-240<\/td>\n<\/tr>\n<tr>\n<td>Frekvenca<\/td>\n<td>Hz 50<\/td>\n<td>Hz 50<\/td>\n<td>Hz 50<\/td>\n<td>Hz 50<\/td>\n<\/tr>\n<tr>\n<td>Hladilno sredstvo<\/td>\n<td>R600A<\/td>\n<td>R600A<\/td>\n<td>R290<\/td>\n<td>R290<\/td>\n<\/tr>\n<tr>\n<td>Absorpcija<\/td>\n<td>W 300<\/td>\n<td>W 300<\/td>\n<td>W 470<\/td>\n<td>W 470<\/td>\n<\/tr>\n<tr>\n<td>Poraba energije<\/td>\n<td>KwH\/24H 1,72<\/td>\n<td>KwH\/24H 1,72<\/td>\n<td>KwH\/24H 5,81<\/td>\n<td>KwH\/24H 5,81<\/td>\n<\/tr>\n<\/tbody>\n<\/table>","protected":false},"excerpt":{"rendered":"<p>&nbsp; Product Description The CXF 2200 TN is a professional two-door ventilated refrigerated counter with rear splashback, designed for restaurants, hotels, and catering environments. Built from premium AISI 304 stainless steel, it guarantees hygiene, durability, and easy cleaning. Operating in a temperature range of -2\u00b0C to +8\u00b0C, it provides uniform cooling and efficient food preservation. [&hellip;]<\/p>\n","protected":false},"featured_media":12280,"comment_status":"open","ping_status":"closed","template":"","meta":[],"product_brand":[],"product_cat":[51],"product_tag":[],"class_list":{"0":"post-12275","1":"product","2":"type-product","3":"status-publish","4":"has-post-thumbnail","6":"product_cat-kitchen-catering-cooling","8":"first","9":"instock","10":"shipping-taxable","11":"product-type-simple"},"_links":{"self":[{"href":"https:\/\/dersuessestopp.com\/sl\/wp-json\/wp\/v2\/product\/12275","targetHints":{"allow":["GET"]}}],"collection":[{"href":"https:\/\/dersuessestopp.com\/sl\/wp-json\/wp\/v2\/product"}],"about":[{"href":"https:\/\/dersuessestopp.com\/sl\/wp-json\/wp\/v2\/types\/product"}],"replies":[{"embeddable":true,"href":"https:\/\/dersuessestopp.com\/sl\/wp-json\/wp\/v2\/comments?post=12275"}],"version-history":[{"count":1,"href":"https:\/\/dersuessestopp.com\/sl\/wp-json\/wp\/v2\/product\/12275\/revisions"}],"predecessor-version":[{"id":12299,"href":"https:\/\/dersuessestopp.com\/sl\/wp-json\/wp\/v2\/product\/12275\/revisions\/12299"}],"wp:featuredmedia":[{"embeddable":true,"href":"https:\/\/dersuessestopp.com\/sl\/wp-json\/wp\/v2\/media\/12280"}],"wp:attachment":[{"href":"https:\/\/dersuessestopp.com\/sl\/wp-json\/wp\/v2\/media?parent=12275"}],"wp:term":[{"taxonomy":"product_brand","embeddable":true,"href":"https:\/\/dersuessestopp.com\/sl\/wp-json\/wp\/v2\/product_brand?post=12275"},{"taxonomy":"product_cat","embeddable":true,"href":"https:\/\/dersuessestopp.com\/sl\/wp-json\/wp\/v2\/product_cat?post=12275"},{"taxonomy":"product_tag","embeddable":true,"href":"https:\/\/dersuessestopp.com\/sl\/wp-json\/wp\/v2\/product_tag?post=12275"}],"curies":[{"name":"wp","href":"https:\/\/api.w.org\/{rel}","templated":true}]}}