{"id":12269,"date":"2025-10-09T02:55:25","date_gmt":"2025-10-09T02:55:25","guid":{"rendered":"https:\/\/dersuessestopp.com\/?post_type=product&#038;p=12269"},"modified":"2025-10-09T02:55:25","modified_gmt":"2025-10-09T02:55:25","slug":"gn-400-g-bt-blk","status":"publish","type":"product","link":"https:\/\/dersuessestopp.com\/sl\/product\/gn-400-g-bt-blk\/","title":{"rendered":"GN 400 G BT BLK"},"content":{"rendered":"<h2><img decoding=\"async\" src=\"https:\/\/customer.klimaitalia.it\/api\/file\/image\/9021\" \/><\/h2>\n<h2>Opis izdelka<\/h2>\n<p>Spletna stran <strong data-start=\"216\" data-end=\"235\">GN 400 G BT BLK<\/strong> je profesionalni <strong data-start=\"254\" data-end=\"308\">stati\u010dna zamrzovalna omara s steklenimi vrati brez okvirja<\/strong>, v elegantni \u010drni barvi - kot nala\u0161\u010d za sla\u0161\u010di\u010darne, restavracije in razstavne prostore. Izdelan iz <strong data-start=\"414\" data-end=\"450\">predbarvano antikorozijsko jeklo<\/strong> z <strong data-start=\"459\" data-end=\"475\">Notranjost iz ABS<\/strong>, zagotavlja trajnost in higieno. Delovanje med <strong data-start=\"530\" data-end=\"551\">-22 \u00b0C in -15 \u00b0C<\/strong>, zagotavlja stabilno zamrzovanje z jasno vidljivostjo izdelka. Opremljen je z <strong data-start=\"641\" data-end=\"666\">elektronski termostat<\/strong>, <strong data-start=\"668\" data-end=\"684\">Osvetlitev LED<\/strong>, <strong data-start=\"686\" data-end=\"704\">ro\u010dno odmrzovanje<\/strong>, in <strong data-start=\"712\" data-end=\"758\">samozapiralna vrata iz kaljenega stekla s klju\u010davnico<\/strong>, zdru\u017euje u\u010dinkovitost in sodoben dizajn.<\/p>\n<h2>Tehni\u010dne specifikacije<\/h2>\n<table>\n<tbody>\n<tr>\n<td>\u00a0Dimenzije mm<\/td>\n<td>GN 400 G BT - GN 400 G BT BLK<\/td>\n<\/tr>\n<tr>\n<td>Zunanje mere (\u0160xVxV)<\/td>\n<td>600 x 625 x 1860<\/td>\n<\/tr>\n<tr>\n<td>Dimenzije embala\u017ee (\u0160xVxV)<\/td>\n<td>660 x 725 x 2000<\/td>\n<\/tr>\n<tr>\n<td>\u0160irina<\/td>\n<td>457<\/td>\n<\/tr>\n<tr>\n<td>Globina<\/td>\n<td>474<\/td>\n<\/tr>\n<tr>\n<td>Vi\u0161ina<\/td>\n<td>1600<\/td>\n<\/tr>\n<tr>\n<td>Min. Vi\u0161ina<\/td>\n<td>264<\/td>\n<\/tr>\n<tr>\n<td>Min. \u0160irina<\/td>\n<td>1390<\/td>\n<\/tr>\n<tr>\n<td>Stranska nalepka<\/td>\n<td>525 x 1850<\/td>\n<\/tr>\n<tr>\n<td>Steklena nalepka<\/td>\n<td>408 x 1477<\/td>\n<\/tr>\n<\/tbody>\n<\/table>\n<p>&nbsp;<\/p>\n<table>\n<tbody>\n<tr>\n<td>\u00a0Tehni\u010dne lastnosti<\/td>\n<td>GN 400 G BT - GN 400 G BT BLK<\/td>\n<\/tr>\n<tr>\n<td>Temperaturno obmo\u010dje<\/td>\n<td>-22 \u00b0C \/ -15 \u00b0C<\/td>\n<\/tr>\n<tr>\n<td>Podnebni razred<\/td>\n<td>4<\/td>\n<\/tr>\n<tr>\n<td>Zmogljivost<\/td>\n<td>Pora\u010dun 400<\/td>\n<\/tr>\n<tr>\n<td>Telo<\/td>\n<td>\u00a0Predbarvana plo\u010devina z antikorozijsko obdelavo<\/td>\n<\/tr>\n<tr>\n<td>Notranji vlo\u017eek<\/td>\n<td>ABS<\/td>\n<\/tr>\n<tr>\n<td>Termostat<\/td>\n<td>Elektronska stran<\/td>\n<\/tr>\n<tr>\n<td>Raven hrupa<\/td>\n<td>dB 38,4<\/td>\n<\/tr>\n<tr>\n<td>Daljinski upravljalnik<\/td>\n<td>Izbirno<\/td>\n<\/tr>\n<tr>\n<td>Debelina izolacije<\/td>\n<td>mm 70<\/td>\n<\/tr>\n<tr>\n<td>Odmrzovanje<\/td>\n<td>Priro\u010dnik<\/td>\n<\/tr>\n<tr>\n<td>Razsvetljava<\/td>\n<td>2 navpi\u010dna vodila<\/td>\n<\/tr>\n<tr>\n<td>Samodejno zapiranje vrat<\/td>\n<td>Da<\/td>\n<\/tr>\n<tr>\n<td>Zaklepanje in klju\u010d<\/td>\n<td>Da<\/td>\n<\/tr>\n<tr>\n<td>Reverzibilna vrata<\/td>\n<td>&#8211;<\/td>\n<\/tr>\n<tr>\n<td>Police (WxD)<\/td>\n<td>\u0161t. 6 - mm 468 x 405<\/td>\n<\/tr>\n<tr>\n<td>Kolesca - stopala<\/td>\n<td>2 nogi + 2 kolesca<\/td>\n<\/tr>\n<tr>\n<td>Vrata<\/td>\n<td>Kaljeno steklo<\/td>\n<\/tr>\n<tr>\n<td>Neto bruto te\u017ea<\/td>\n<td>Kg 86 \/ 99<\/td>\n<\/tr>\n<tr>\n<td>Napetost<\/td>\n<td>V 220-240<\/td>\n<\/tr>\n<tr>\n<td>Frekvenca<\/td>\n<td>Hz 50<\/td>\n<\/tr>\n<tr>\n<td>Hladilno sredstvo<\/td>\n<td>R290<\/td>\n<\/tr>\n<tr>\n<td>Absorpcija<\/td>\n<td>W 330<\/td>\n<\/tr>\n<tr>\n<td>Poraba energije<\/td>\n<td>KwH\/24H 6,08<\/td>\n<\/tr>\n<\/tbody>\n<\/table>","protected":false},"excerpt":{"rendered":"<p>Product Description The GN 400 G BT BLK is a professional static freezer cabinet with a frameless glass door, finished in elegant black \u2014 perfect for pastry shops, restaurants, and display environments. Built from pre-painted anti-corrosion steel with an ABS interior, it ensures durability and hygiene. Operating between -22 \u00b0C and -15 \u00b0C, it delivers [&hellip;]<\/p>\n","protected":false},"featured_media":12273,"comment_status":"open","ping_status":"closed","template":"","meta":[],"product_brand":[],"product_cat":[51],"product_tag":[],"class_list":{"0":"post-12269","1":"product","2":"type-product","3":"status-publish","4":"has-post-thumbnail","6":"product_cat-kitchen-catering-cooling","8":"first","9":"instock","10":"shipping-taxable","11":"product-type-simple"},"_links":{"self":[{"href":"https:\/\/dersuessestopp.com\/sl\/wp-json\/wp\/v2\/product\/12269","targetHints":{"allow":["GET"]}}],"collection":[{"href":"https:\/\/dersuessestopp.com\/sl\/wp-json\/wp\/v2\/product"}],"about":[{"href":"https:\/\/dersuessestopp.com\/sl\/wp-json\/wp\/v2\/types\/product"}],"replies":[{"embeddable":true,"href":"https:\/\/dersuessestopp.com\/sl\/wp-json\/wp\/v2\/comments?post=12269"}],"version-history":[{"count":1,"href":"https:\/\/dersuessestopp.com\/sl\/wp-json\/wp\/v2\/product\/12269\/revisions"}],"predecessor-version":[{"id":12274,"href":"https:\/\/dersuessestopp.com\/sl\/wp-json\/wp\/v2\/product\/12269\/revisions\/12274"}],"wp:featuredmedia":[{"embeddable":true,"href":"https:\/\/dersuessestopp.com\/sl\/wp-json\/wp\/v2\/media\/12273"}],"wp:attachment":[{"href":"https:\/\/dersuessestopp.com\/sl\/wp-json\/wp\/v2\/media?parent=12269"}],"wp:term":[{"taxonomy":"product_brand","embeddable":true,"href":"https:\/\/dersuessestopp.com\/sl\/wp-json\/wp\/v2\/product_brand?post=12269"},{"taxonomy":"product_cat","embeddable":true,"href":"https:\/\/dersuessestopp.com\/sl\/wp-json\/wp\/v2\/product_cat?post=12269"},{"taxonomy":"product_tag","embeddable":true,"href":"https:\/\/dersuessestopp.com\/sl\/wp-json\/wp\/v2\/product_tag?post=12269"}],"curies":[{"name":"wp","href":"https:\/\/api.w.org\/{rel}","templated":true}]}}