{"id":12190,"date":"2025-10-09T02:35:12","date_gmt":"2025-10-09T02:35:12","guid":{"rendered":"https:\/\/dersuessestopp.com\/?post_type=product&#038;p=12190"},"modified":"2025-10-09T02:35:12","modified_gmt":"2025-10-09T02:35:12","slug":"gn-200-ps-bt","status":"publish","type":"product","link":"https:\/\/dersuessestopp.com\/sl\/product\/gn-200-ps-bt\/","title":{"rendered":"GN 200 PS BT"},"content":{"rendered":"<p><img decoding=\"async\" src=\"https:\/\/customer.klimaitalia.it\/api\/file\/image\/3909\" \/><\/p>\n<p>&nbsp;<\/p>\n<h2>Opis izdelka<\/h2>\n<p>Spletna stran <strong data-start=\"211\" data-end=\"227\">GN 200 PS BT<\/strong> je profesionalni <strong data-start=\"246\" data-end=\"272\">kompaktni stati\u010dni zamrzovalnik<\/strong> zasnovan za bare, restavracije in gostinske lokale. Z <strong data-start=\"339\" data-end=\"378\">temperaturno obmo\u010dje od -22 \u00b0C do -15 \u00b0C<\/strong>, zagotavlja zanesljivo skladi\u0161\u010denje v globoki zamrznitvi na majhni povr\u0161ini. Izdelan z <strong data-start=\"455\" data-end=\"496\">predbarvano protikorozijsko jekleno ohi\u0161je<\/strong> in . <strong data-start=\"501\" data-end=\"517\">Notranjost iz ABS<\/strong>, zdru\u017euje vzdr\u017eljivost, u\u010dinkovitost in higieno. Opremljen je z <strong data-start=\"585\" data-end=\"610\">elektronski termostat<\/strong>, <strong data-start=\"612\" data-end=\"630\">ro\u010dno odmrzovanje<\/strong>, in <strong data-start=\"636\" data-end=\"668\">obojestranska vrata z mehkim zapiranjem<\/strong>, je idealen za vgradnjo pod pult ali v delovni prostor.<\/p>\n<h2>Tehni\u010dne specifikacije<\/h2>\n<table>\n<tbody>\n<tr>\n<td>Dimenzije mm<\/td>\n<td>GN 200 PS BT<\/td>\n<td>GN 200 G BT BLK<\/td>\n<\/tr>\n<tr>\n<td>Zunanje mere (\u0160xVxV)<\/td>\n<td>600 x 625 x 850<\/td>\n<td>600 x 625 x 850<\/td>\n<\/tr>\n<tr>\n<td>Dimenzije embala\u017ee (\u0160xVxV)<\/td>\n<td>660 x 725 x 1000<\/td>\n<td>660 x 725 x 1000<\/td>\n<\/tr>\n<tr>\n<td>\u0160irina<\/td>\n<td>457<\/td>\n<td>457<\/td>\n<\/tr>\n<tr>\n<td>Globina<\/td>\n<td>474<\/td>\n<td>474<\/td>\n<\/tr>\n<tr>\n<td>Vi\u0161ina<\/td>\n<td>600<\/td>\n<td>600<\/td>\n<\/tr>\n<tr>\n<td>Min. Globina<\/td>\n<td>264<\/td>\n<td>264<\/td>\n<\/tr>\n<tr>\n<td>Min. Vi\u0161ina<\/td>\n<td>390<\/td>\n<td>390<\/td>\n<\/tr>\n<\/tbody>\n<\/table>\n<p>&nbsp;<\/p>\n<table>\n<tbody>\n<tr>\n<td>\u00a0Tehni\u010dne lastnosti<\/td>\n<td>GN 200 PS BT<\/td>\n<td>GN 200 G BT BLK<\/td>\n<\/tr>\n<tr>\n<td>Temperaturno obmo\u010dje<\/td>\n<td>-22 \u00b0C \/ -15 \u00b0C<\/td>\n<td>-20 \u00b0C \/ -15 \u00b0C<\/td>\n<\/tr>\n<tr>\n<td>Podnebni razred<\/td>\n<td>4<\/td>\n<td>3, 4<\/td>\n<\/tr>\n<tr>\n<td>Zmogljivost<\/td>\n<td>Pora\u010dun 200<\/td>\n<td>Pora\u010dun 200<\/td>\n<\/tr>\n<tr>\n<td>Telo<\/td>\n<td>\u00a0Predbarvana plo\u010devina z antikorozijsko obdelavo<\/td>\n<td>LPprebarvana plo\u010devina z antikorozijsko obdelavo, polna steklena vrata.<\/td>\n<\/tr>\n<tr>\n<td>Notranji vlo\u017eek<\/td>\n<td>ABS<\/td>\n<td>ABS<\/td>\n<\/tr>\n<tr>\n<td>Termostat<\/td>\n<td>Elektronska stran<\/td>\n<td>Elektronska stran<\/td>\n<\/tr>\n<tr>\n<td>Raven hrupa<\/td>\n<td>dB 46<\/td>\n<td>dB 44<\/td>\n<\/tr>\n<tr>\n<td>Daljinski upravljalnik<\/td>\n<td>Izbirno<\/td>\n<td>Izbirno<\/td>\n<\/tr>\n<tr>\n<td>Debelina izolacije<\/td>\n<td>mm 70<\/td>\n<td>mm 70<\/td>\n<\/tr>\n<tr>\n<td>Odmrzovanje<\/td>\n<td>Priro\u010dnik<\/td>\n<td>Priro\u010dnik<\/td>\n<\/tr>\n<tr>\n<td>Razsvetljava<\/td>\n<td>1 vodoravno vodil 6w<\/td>\n<td>2 navpi\u010dna vodila 6w + 6w<\/td>\n<\/tr>\n<tr>\n<td>Samodejno zapiranje vrat<\/td>\n<td>Da<\/td>\n<td>Da<\/td>\n<\/tr>\n<tr>\n<td>Zaklepanje in klju\u010d<\/td>\n<td>Da<\/td>\n<td>Da<\/td>\n<\/tr>\n<tr>\n<td>\u00a0Reverzibilna vrata<\/td>\n<td>Da<\/td>\n<td>&#8211;<\/td>\n<\/tr>\n<tr>\n<td>Police (WxD)<\/td>\n<td>\u0161t. 2 - mm 476 x 436 1 fiksna izparilna polica + 1 odstranljiva polica<\/td>\n<td>\u0161t. 2 - mm 476 x 436 \/ 1 fiksna izparilna polica + 1 odstranljiva polica<\/td>\n<\/tr>\n<tr>\n<td>\u00a0Kolesca - stopala<\/td>\n<td>2 nogi + 2 kolesca<\/td>\n<td>2 nogi + 2 kolesca<\/td>\n<\/tr>\n<tr>\n<td>Vrata<\/td>\n<td>ABS<\/td>\n<td>Steklo<\/td>\n<\/tr>\n<tr>\n<td>Neto bruto te\u017ea<\/td>\n<td>Kg 36 \/ 39<\/td>\n<td>Kg 47 \/ 51<\/td>\n<\/tr>\n<tr>\n<td>Napetost<\/td>\n<td>V 220-240<\/td>\n<td>V 220-240<\/td>\n<\/tr>\n<tr>\n<td>Frekvenca<\/td>\n<td>Hz 50<\/td>\n<td>Hz 50<\/td>\n<\/tr>\n<tr>\n<td>Hladilno sredstvo<\/td>\n<td>R600A<\/td>\n<td>R290<\/td>\n<\/tr>\n<tr>\n<td>Absorpcija<\/td>\n<td>W 130<\/td>\n<td>W 190<\/td>\n<\/tr>\n<tr>\n<td>Poraba energije<\/td>\n<td>KwH\/24H 2,12<\/td>\n<td>KwH\/24H 3,75<\/td>\n<\/tr>\n<\/tbody>\n<\/table>","protected":false},"excerpt":{"rendered":"<p>&nbsp; Product Description The GN 200 PS BT is a professional compact static freezer designed for bars, restaurants, and catering environments. With a temperature range of -22\u00b0C to -15\u00b0C, it ensures reliable deep-freeze storage in a small footprint. Built with a pre-painted anti-corrosion steel body and ABS interior, it combines durability, efficiency, and hygiene. Equipped [&hellip;]<\/p>\n","protected":false},"featured_media":12201,"comment_status":"open","ping_status":"closed","template":"","meta":[],"product_brand":[],"product_cat":[51],"product_tag":[],"class_list":{"0":"post-12190","1":"product","2":"type-product","3":"status-publish","4":"has-post-thumbnail","6":"product_cat-kitchen-catering-cooling","8":"first","9":"instock","10":"shipping-taxable","11":"product-type-simple"},"_links":{"self":[{"href":"https:\/\/dersuessestopp.com\/sl\/wp-json\/wp\/v2\/product\/12190","targetHints":{"allow":["GET"]}}],"collection":[{"href":"https:\/\/dersuessestopp.com\/sl\/wp-json\/wp\/v2\/product"}],"about":[{"href":"https:\/\/dersuessestopp.com\/sl\/wp-json\/wp\/v2\/types\/product"}],"replies":[{"embeddable":true,"href":"https:\/\/dersuessestopp.com\/sl\/wp-json\/wp\/v2\/comments?post=12190"}],"version-history":[{"count":1,"href":"https:\/\/dersuessestopp.com\/sl\/wp-json\/wp\/v2\/product\/12190\/revisions"}],"predecessor-version":[{"id":12207,"href":"https:\/\/dersuessestopp.com\/sl\/wp-json\/wp\/v2\/product\/12190\/revisions\/12207"}],"wp:featuredmedia":[{"embeddable":true,"href":"https:\/\/dersuessestopp.com\/sl\/wp-json\/wp\/v2\/media\/12201"}],"wp:attachment":[{"href":"https:\/\/dersuessestopp.com\/sl\/wp-json\/wp\/v2\/media?parent=12190"}],"wp:term":[{"taxonomy":"product_brand","embeddable":true,"href":"https:\/\/dersuessestopp.com\/sl\/wp-json\/wp\/v2\/product_brand?post=12190"},{"taxonomy":"product_cat","embeddable":true,"href":"https:\/\/dersuessestopp.com\/sl\/wp-json\/wp\/v2\/product_cat?post=12190"},{"taxonomy":"product_tag","embeddable":true,"href":"https:\/\/dersuessestopp.com\/sl\/wp-json\/wp\/v2\/product_tag?post=12190"}],"curies":[{"name":"wp","href":"https:\/\/api.w.org\/{rel}","templated":true}]}}