{"id":12106,"date":"2025-10-09T01:56:00","date_gmt":"2025-10-09T01:56:00","guid":{"rendered":"https:\/\/dersuessestopp.com\/?post_type=product&#038;p=12106"},"modified":"2025-10-09T01:56:01","modified_gmt":"2025-10-09T01:56:01","slug":"prigrizek-400-tnf","status":"publish","type":"product","link":"https:\/\/dersuessestopp.com\/sl\/product\/snack-400-tnf\/","title":{"rendered":"SNACK 400 TNF"},"content":{"rendered":"<p><img decoding=\"async\" src=\"https:\/\/customer.klimaitalia.it\/api\/file\/image\/6857\" \/><\/p>\n<p>&nbsp;<\/p>\n<h2>Opis izdelka<\/h2>\n<p>Spletna stran <strong data-start=\"230\" data-end=\"247\">SNACK 400 TNF<\/strong> je profesionalni <strong data-start=\"266\" data-end=\"309\">prezra\u010devani hladilnik iz nerjave\u010dega jekla<\/strong> zasnovan za kompaktne poslovne kuhinje, bare in gostinske lokale. Izdelan je iz trpe\u017enega <strong data-start=\"404\" data-end=\"432\">AISI 304 nerjave\u010de jeklo<\/strong>, zagotavlja higieno in dolgo \u017eivljenjsko dobo. Delovanje med <strong data-start=\"486\" data-end=\"503\">-2 \u00b0C in +8 \u00b0C<\/strong>, zagotavlja u\u010dinkovito in stabilno hlajenje sve\u017eih sestavin. Opremljen je z <strong data-start=\"584\" data-end=\"609\">elektronski termostat<\/strong>, <strong data-start=\"611\" data-end=\"632\">vrata z mehkim zapiranjem<\/strong>, <strong data-start=\"634\" data-end=\"650\">Osvetlitev LED<\/strong>, in <strong data-start=\"656\" data-end=\"677\">samodejno odmrzovanje<\/strong>, zagotavlja zanesljivo delovanje ob nizki porabi energije.<\/p>\n<h2>Tehni\u010dne specifikacije<\/h2>\n<table>\n<tbody>\n<tr>\n<td>\u00a0Dimenzije mm<\/td>\n<td>SNACK 400 TNF<\/td>\n<td>SNACK 400 BTF<\/td>\n<\/tr>\n<tr>\n<td>Zunanje mere (\u0160xVxV)<\/td>\n<td>680 x 715 x 2000*<\/td>\n<td>680 x 715 x 2000*<\/td>\n<\/tr>\n<tr>\n<td>Dimenzije embala\u017ee (\u0160xVxV)<\/td>\n<td>710 x 740 x 2170<\/td>\n<td>710 x 740 x 2170<\/td>\n<\/tr>\n<tr>\n<td>\u0160irina<\/td>\n<td>560<\/td>\n<td>624<\/td>\n<\/tr>\n<tr>\n<td>Globina<\/td>\n<td>570<\/td>\n<td>700<\/td>\n<\/tr>\n<tr>\n<td>Vi\u0161ina<\/td>\n<td>1380<\/td>\n<td>1410<\/td>\n<\/tr>\n<tr>\n<td colspan=\"3\">Skupna vi\u0161ina enot vklju\u010duje noge, ki so prilagojene na najni\u017eji ravni vi\u0161ine.<\/td>\n<\/tr>\n<\/tbody>\n<\/table>\n<p>&nbsp;<\/p>\n<table>\n<tbody>\n<tr>\n<td>\u00a0Tehni\u010dne lastnosti<\/td>\n<td>SNACK 400 TNF<\/td>\n<td>SNACK 400 BTF<\/td>\n<\/tr>\n<tr>\n<td>Temperaturno obmo\u010dje<\/td>\n<td>-2 \u00b0C \/ +8 \u00b0C<\/td>\n<td>-22 \u00b0C \/ -18 \u00b0C<\/td>\n<\/tr>\n<tr>\n<td>Podnebni razred<\/td>\n<td>4<\/td>\n<td>4<\/td>\n<\/tr>\n<tr>\n<td>Neto bruto obseg<\/td>\n<td>Pona\u0161alec 293 \/ 500<\/td>\n<td>Pona\u0161alec 293 \/ 500<\/td>\n<\/tr>\n<tr>\n<td>Telo<\/td>\n<td>AISI 304 Nerjave\u010de jeklo<\/td>\n<td>AISI 304 Nerjave\u010de jeklo<\/td>\n<\/tr>\n<tr>\n<td>Notranji vlo\u017eek<\/td>\n<td>AISI 304 Nerjave\u010de jeklo<\/td>\n<td>AISI 304 Nerjave\u010de jeklo<\/td>\n<\/tr>\n<tr>\n<td>Termostat<\/td>\n<td>Elektronska stran<\/td>\n<td>Elektronska stran<\/td>\n<\/tr>\n<tr>\n<td>Raven hrupa<\/td>\n<td>dB 44<\/td>\n<td>dB 46<\/td>\n<\/tr>\n<tr>\n<td>Daljinski upravljalnik<\/td>\n<td>Izbirno<\/td>\n<td>Izbirno<\/td>\n<\/tr>\n<tr>\n<td>Debelina izolacije<\/td>\n<td>mm 60<\/td>\n<td>mm 60<\/td>\n<\/tr>\n<tr>\n<td>Odmrzovanje<\/td>\n<td>Samodejno z elektri\u010dnim grelnikom<\/td>\n<td>Samodejno z elektri\u010dnim grelnikom<\/td>\n<\/tr>\n<tr>\n<td>Hladilni sistem<\/td>\n<td>Stropni uparjalnik<\/td>\n<td>Stropni uparjalnik<\/td>\n<\/tr>\n<tr>\n<td>Razsvetljava<\/td>\n<td>Led<\/td>\n<td>Led<\/td>\n<\/tr>\n<tr>\n<td>Samodejno zapiranje vrat<\/td>\n<td>Mehko zapiranje<\/td>\n<td>Mehko zapiranje<\/td>\n<\/tr>\n<tr>\n<td>Zaklepanje in klju\u010d<\/td>\n<td>Da<\/td>\n<td>Da<\/td>\n<\/tr>\n<tr>\n<td>Reverzibilna vrata<\/td>\n<td>Da<\/td>\n<td>Da<\/td>\n<\/tr>\n<tr>\n<td>Police (WxD)<\/td>\n<td>\u0161t. 3 - mm 530 x 540 + \u0161t. 1 - mm 525 x 530<\/td>\n<td>\u0161t. 3 - mm 530 x 540 + \u0161t. 1 - mm 525 x 530<\/td>\n<\/tr>\n<tr>\n<td>\u00a0Kolesca - stopala<\/td>\n<td>4 noge<\/td>\n<td>4 noge<\/td>\n<\/tr>\n<tr>\n<td>Kole\u0161\u010dki<\/td>\n<td>Po \u017eelji - h mm 140<\/td>\n<td>Po \u017eelji - h mm 140<\/td>\n<\/tr>\n<tr>\n<td>Neto bruto te\u017ea<\/td>\n<td>Kg 135 \/ 145<\/td>\n<td>Kg 135 \/ 145<\/td>\n<\/tr>\n<tr>\n<td>Napetost<\/td>\n<td>V 220-240<\/td>\n<td>V 220-240<\/td>\n<\/tr>\n<tr>\n<td>Frekvenca<\/td>\n<td>Hz 50<\/td>\n<td>Hz 50<\/td>\n<\/tr>\n<tr>\n<td>Hladilno sredstvo<\/td>\n<td>R600A<\/td>\n<td>R290<\/td>\n<\/tr>\n<tr>\n<td>Absorpcija<\/td>\n<td>W 255<\/td>\n<td>W 510<\/td>\n<\/tr>\n<tr>\n<td>Poraba energije<\/td>\n<td>KwH\/24H 1,46<\/td>\n<td>KwH\/24H 5,25<\/td>\n<\/tr>\n<\/tbody>\n<\/table>","protected":false},"excerpt":{"rendered":"<p>&nbsp; Product Description The SNACK 400 TNF is a professional ventilated stainless steel refrigerator designed for compact commercial kitchens, bars, and catering environments. Built from durable AISI 304 stainless steel, it ensures hygiene and longevity. Operating between -2\u00b0C and +8\u00b0C, it offers efficient and stable cooling for fresh ingredients. Equipped with an electronic thermostat, soft-closing [&hellip;]<\/p>\n","protected":false},"featured_media":12107,"comment_status":"open","ping_status":"closed","template":"","meta":[],"product_brand":[],"product_cat":[51],"product_tag":[],"class_list":{"0":"post-12106","1":"product","2":"type-product","3":"status-publish","4":"has-post-thumbnail","6":"product_cat-kitchen-catering-cooling","8":"first","9":"instock","10":"shipping-taxable","11":"product-type-simple"},"_links":{"self":[{"href":"https:\/\/dersuessestopp.com\/sl\/wp-json\/wp\/v2\/product\/12106","targetHints":{"allow":["GET"]}}],"collection":[{"href":"https:\/\/dersuessestopp.com\/sl\/wp-json\/wp\/v2\/product"}],"about":[{"href":"https:\/\/dersuessestopp.com\/sl\/wp-json\/wp\/v2\/types\/product"}],"replies":[{"embeddable":true,"href":"https:\/\/dersuessestopp.com\/sl\/wp-json\/wp\/v2\/comments?post=12106"}],"version-history":[{"count":1,"href":"https:\/\/dersuessestopp.com\/sl\/wp-json\/wp\/v2\/product\/12106\/revisions"}],"predecessor-version":[{"id":12108,"href":"https:\/\/dersuessestopp.com\/sl\/wp-json\/wp\/v2\/product\/12106\/revisions\/12108"}],"wp:featuredmedia":[{"embeddable":true,"href":"https:\/\/dersuessestopp.com\/sl\/wp-json\/wp\/v2\/media\/12107"}],"wp:attachment":[{"href":"https:\/\/dersuessestopp.com\/sl\/wp-json\/wp\/v2\/media?parent=12106"}],"wp:term":[{"taxonomy":"product_brand","embeddable":true,"href":"https:\/\/dersuessestopp.com\/sl\/wp-json\/wp\/v2\/product_brand?post=12106"},{"taxonomy":"product_cat","embeddable":true,"href":"https:\/\/dersuessestopp.com\/sl\/wp-json\/wp\/v2\/product_cat?post=12106"},{"taxonomy":"product_tag","embeddable":true,"href":"https:\/\/dersuessestopp.com\/sl\/wp-json\/wp\/v2\/product_tag?post=12106"}],"curies":[{"name":"wp","href":"https:\/\/api.w.org\/{rel}","templated":true}]}}