{"id":12103,"date":"2025-10-09T01:52:41","date_gmt":"2025-10-09T01:52:41","guid":{"rendered":"https:\/\/dersuessestopp.com\/?post_type=product&#038;p=12103"},"modified":"2025-10-09T01:52:42","modified_gmt":"2025-10-09T01:52:42","slug":"axf-600-ribe","status":"publish","type":"product","link":"https:\/\/dersuessestopp.com\/sl\/product\/axf-600-fish\/","title":{"rendered":"AXF 600 FISH"},"content":{"rendered":"<p>&nbsp;<\/p>\n<h2><img decoding=\"async\" src=\"https:\/\/customer.klimaitalia.it\/api\/file\/image\/6637\" \/><\/h2>\n<h2>Opis izdelka<\/h2>\n<p>Spletna stran <strong data-start=\"228\" data-end=\"244\">AXF 600 FISH<\/strong> je profesionalni <strong data-start=\"263\" data-end=\"307\">stati\u010dni hladilnik za ribe iz nerjave\u010dega jekla<\/strong>, namenjen prodajalcem rib, restavracijam in kuhinjam z morskimi sade\u017ei. Izdelan iz <strong data-start=\"381\" data-end=\"409\">AISI 304 nerjave\u010de jeklo<\/strong>, zagotavlja najve\u010djo higieno in odpornost proti koroziji. Delovanje med <strong data-start=\"482\" data-end=\"499\">-2 \u00b0C in +8 \u00b0C<\/strong>, ohranja ribe in morske sade\u017ee v idealnih pogojih. Zna\u010dilnosti <strong data-start=\"569\" data-end=\"600\">7 odstranljivih plasti\u010dnih ko\u0161ar<\/strong>, in <strong data-start=\"605\" data-end=\"630\">elektronski termostat<\/strong>, <strong data-start=\"632\" data-end=\"653\">vrata z mehkim zapiranjem<\/strong>, in <strong data-start=\"659\" data-end=\"677\">ro\u010dno odmrzovanje<\/strong> za zanesljivo delovanje.<\/p>\n<h2>Tehni\u010dne specifikacije<\/h2>\n<table>\n<tbody>\n<tr>\n<td>\u00a0Dimenzije mm<\/td>\n<td>AXF 600 FISH<\/td>\n<\/tr>\n<tr>\n<td>Zunanje mere (\u0160xVxV)<\/td>\n<td>680 x 810 x 2000*<\/td>\n<\/tr>\n<tr>\n<td>Dimenzije embala\u017ee (\u0160xVxV)<\/td>\n<td>710 x 875 x 2050<\/td>\n<\/tr>\n<tr>\n<td>\u0160irina<\/td>\n<td>560<\/td>\n<\/tr>\n<tr>\n<td>Globina<\/td>\n<td>680<\/td>\n<\/tr>\n<tr>\n<td>Vi\u0161ina<\/td>\n<td>1380<\/td>\n<\/tr>\n<tr>\n<td colspan=\"2\">Skupna vi\u0161ina enot vklju\u010duje noge, ki so prilagojene na najni\u017eji ravni vi\u0161ine.<\/td>\n<\/tr>\n<\/tbody>\n<\/table>\n<p>&nbsp;<\/p>\n<table>\n<tbody>\n<tr>\n<td>\u00a0Tehni\u010dne lastnosti<\/td>\n<td>AXF 600 FISH<\/td>\n<\/tr>\n<tr>\n<td>Temperaturno obmo\u010dje<\/td>\n<td>-2 \u00b0C \/ +8 \u00b0C<\/td>\n<\/tr>\n<tr>\n<td>Podnebni razred<\/td>\n<td>5 (tropicalizzato)<\/td>\n<\/tr>\n<tr>\n<td>Neto bruto obseg<\/td>\n<td>397 \/ 537<\/td>\n<\/tr>\n<tr>\n<td>Telo<\/td>\n<td>AISI 304 Nerjave\u010de jeklo<\/td>\n<\/tr>\n<tr>\n<td>Notranji vlo\u017eek<\/td>\n<td>AISI 304 Nerjave\u010de jeklo<\/td>\n<\/tr>\n<tr>\n<td>Termostat<\/td>\n<td>Elektronska stran<\/td>\n<\/tr>\n<tr>\n<td>Raven hrupa<\/td>\n<td>dB 42<\/td>\n<\/tr>\n<tr>\n<td>Daljinski upravljalnik<\/td>\n<td>Izbirno<\/td>\n<\/tr>\n<tr>\n<td>Debelina izolacije<\/td>\n<td>mm 60<\/td>\n<\/tr>\n<tr>\n<td>Odmrzovanje<\/td>\n<td>Priro\u010dnik<\/td>\n<\/tr>\n<tr>\n<td>Hladilni sistem<\/td>\n<td>Stropni uparjalnik<\/td>\n<\/tr>\n<tr>\n<td>Samodejno zapiranje vrat<\/td>\n<td>Mehko zapiranje<\/td>\n<\/tr>\n<tr>\n<td>Zaklepanje in klju\u010d<\/td>\n<td>Da<\/td>\n<\/tr>\n<tr>\n<td>Reverzibilna vrata<\/td>\n<td>Da<\/td>\n<\/tr>\n<tr>\n<td>Plasti\u010dne ko\u0161are (WxD)<\/td>\n<td>N\u00b0 7 - mm 600 x 405<\/td>\n<\/tr>\n<tr>\n<td>Kolesca - stopala<\/td>\n<td>4 noge<\/td>\n<\/tr>\n<tr>\n<td>Kole\u0161\u010dki<\/td>\n<td>Po \u017eelji - h mm 140<\/td>\n<\/tr>\n<tr>\n<td>Neto bruto te\u017ea<\/td>\n<td>Kg 135 \/ 145<\/td>\n<\/tr>\n<tr>\n<td>Napetost<\/td>\n<td>V 220-240<\/td>\n<\/tr>\n<tr>\n<td>Frekvenca<\/td>\n<td>Hz 50<\/td>\n<\/tr>\n<tr>\n<td>Hladilno sredstvo<\/td>\n<td>R600A<\/td>\n<\/tr>\n<tr>\n<td>Absorpcija<\/td>\n<td>W 260<\/td>\n<\/tr>\n<tr>\n<td>Poraba energije<\/td>\n<td>KwH\/24H 1,61<\/td>\n<\/tr>\n<\/tbody>\n<\/table>","protected":false},"excerpt":{"rendered":"<p>&nbsp; Product Description The AXF 600 FISH is a professional static stainless steel fish refrigerator, designed for fishmongers, restaurants, and seafood kitchens. Built from AISI 304 stainless steel, it ensures maximum hygiene and corrosion resistance. Operating between -2\u00b0C and +8\u00b0C, it preserves fish and seafood at ideal conditions. Features include 7 removable plastic baskets, an [&hellip;]<\/p>\n","protected":false},"featured_media":12104,"comment_status":"open","ping_status":"closed","template":"","meta":[],"product_brand":[],"product_cat":[51],"product_tag":[],"class_list":{"0":"post-12103","1":"product","2":"type-product","3":"status-publish","4":"has-post-thumbnail","6":"product_cat-kitchen-catering-cooling","8":"first","9":"instock","10":"shipping-taxable","11":"product-type-simple"},"_links":{"self":[{"href":"https:\/\/dersuessestopp.com\/sl\/wp-json\/wp\/v2\/product\/12103","targetHints":{"allow":["GET"]}}],"collection":[{"href":"https:\/\/dersuessestopp.com\/sl\/wp-json\/wp\/v2\/product"}],"about":[{"href":"https:\/\/dersuessestopp.com\/sl\/wp-json\/wp\/v2\/types\/product"}],"replies":[{"embeddable":true,"href":"https:\/\/dersuessestopp.com\/sl\/wp-json\/wp\/v2\/comments?post=12103"}],"version-history":[{"count":1,"href":"https:\/\/dersuessestopp.com\/sl\/wp-json\/wp\/v2\/product\/12103\/revisions"}],"predecessor-version":[{"id":12105,"href":"https:\/\/dersuessestopp.com\/sl\/wp-json\/wp\/v2\/product\/12103\/revisions\/12105"}],"wp:featuredmedia":[{"embeddable":true,"href":"https:\/\/dersuessestopp.com\/sl\/wp-json\/wp\/v2\/media\/12104"}],"wp:attachment":[{"href":"https:\/\/dersuessestopp.com\/sl\/wp-json\/wp\/v2\/media?parent=12103"}],"wp:term":[{"taxonomy":"product_brand","embeddable":true,"href":"https:\/\/dersuessestopp.com\/sl\/wp-json\/wp\/v2\/product_brand?post=12103"},{"taxonomy":"product_cat","embeddable":true,"href":"https:\/\/dersuessestopp.com\/sl\/wp-json\/wp\/v2\/product_cat?post=12103"},{"taxonomy":"product_tag","embeddable":true,"href":"https:\/\/dersuessestopp.com\/sl\/wp-json\/wp\/v2\/product_tag?post=12103"}],"curies":[{"name":"wp","href":"https:\/\/api.w.org\/{rel}","templated":true}]}}