{"id":12088,"date":"2025-10-09T01:49:16","date_gmt":"2025-10-09T01:49:16","guid":{"rendered":"https:\/\/dersuessestopp.com\/?post_type=product&#038;p=12088"},"modified":"2025-10-09T01:49:16","modified_gmt":"2025-10-09T01:49:16","slug":"axf-1520-bt","status":"publish","type":"product","link":"https:\/\/dersuessestopp.com\/sl\/product\/axf-1520-bt\/","title":{"rendered":"AXF 1520 BT"},"content":{"rendered":"<p>&nbsp;<\/p>\n<h2><img decoding=\"async\" src=\"https:\/\/customer.klimaitalia.it\/api\/file\/image\/6631\" \/><\/h2>\n<h2>Opis izdelka<\/h2>\n<p>Spletna stran <strong data-start=\"218\" data-end=\"233\">AXF 1520 BT<\/strong> je profesionalni <strong data-start=\"252\" data-end=\"294\">dvovratna prezra\u010devana zamrzovalna omara<\/strong> izdelan iz trpe\u017enega <strong data-start=\"314\" data-end=\"342\">AISI 304 nerjave\u010de jeklo<\/strong>, idealna za restavracije, hotele in gostinske kuhinje. Deluje med <strong data-start=\"416\" data-end=\"435\">-22 \u00b0C in -18 \u00b0C<\/strong>, zagotavlja zanesljivo shranjevanje v globoki zamrznitvi in stabilen nadzor temperature. Ima <strong data-start=\"523\" data-end=\"548\">elektronski termostat<\/strong>, <strong data-start=\"550\" data-end=\"572\">vrata z mehkim zapiranjem<\/strong>, <strong data-start=\"574\" data-end=\"590\">Osvetlitev LED<\/strong>, in <strong data-start=\"596\" data-end=\"617\">samodejno odmrzovanje<\/strong>, zdru\u017euje energetsko u\u010dinkovitost, zmogljivost in dolgotrajno kakovost.<\/p>\n<h2>Tehni\u010dne specifikacije<\/h2>\n<table>\n<tbody>\n<tr>\n<td>Dimenzije mm<\/td>\n<td>AXF 1520 TN<\/td>\n<td>AXF 1520 BT<\/td>\n<\/tr>\n<tr>\n<td>Zunanje mere (\u0160xVxV)<\/td>\n<td>1340 x 875 x 2090*<\/td>\n<td>1340 x 875 x 2090*<\/td>\n<\/tr>\n<tr>\n<td>Dimenzije embala\u017ee (\u0160xVxV)<\/td>\n<td>1370 x 905 x 2150<\/td>\n<td>1370 x 905 x 2150<\/td>\n<\/tr>\n<tr>\n<td>\u0160irina<\/td>\n<td>1193<\/td>\n<td>1193<\/td>\n<\/tr>\n<tr>\n<td>Globina<\/td>\n<td>700<\/td>\n<td>700<\/td>\n<\/tr>\n<tr>\n<td>Vi\u0161ina<\/td>\n<td>1501<\/td>\n<td>1501<\/td>\n<\/tr>\n<tr>\n<td colspan=\"3\">Skupna vi\u0161ina enot vklju\u010duje noge, ki so prilagojene na najni\u017eji ravni vi\u0161ine.<\/td>\n<\/tr>\n<\/tbody>\n<\/table>\n<p>&nbsp;<\/p>\n<table>\n<tbody>\n<tr>\n<td>\u00a0Tehni\u010dne lastnosti<\/td>\n<td>AXF 1520 TN<\/td>\n<td>AXF 1520 BT<\/td>\n<\/tr>\n<tr>\n<td>Temperaturno obmo\u010dje<\/td>\n<td>-2 \u00b0C \/ +8 \u00b0C<\/td>\n<td>-22 \u00b0C \/ -18 \u00b0C<\/td>\n<\/tr>\n<tr>\n<td>Podnebni razred<\/td>\n<td>5<\/td>\n<td>5<\/td>\n<\/tr>\n<tr>\n<td>Neto bruto obseg<\/td>\n<td>Lt. 887 \/ 1152<\/td>\n<td>Lt. 887 \/ 1152<\/td>\n<\/tr>\n<tr>\n<td>Telo<\/td>\n<td>AISI 304 Nerjave\u010de jeklo<\/td>\n<td>AISI 304 Nerjave\u010de jeklo<\/td>\n<\/tr>\n<tr>\n<td>Notranji vlo\u017eek<\/td>\n<td>AISI 304 Nerjave\u010de jeklo<\/td>\n<td>AISI 304 Nerjave\u010de jeklo<\/td>\n<\/tr>\n<tr>\n<td>Termostat<\/td>\n<td>Elektronska stran<\/td>\n<td>Elektronska stran<\/td>\n<\/tr>\n<tr>\n<td>Raven hrupa<\/td>\n<td>dB 45<\/td>\n<td>dB 47<\/td>\n<\/tr>\n<tr>\n<td>Daljinski upravljalnik<\/td>\n<td>Izbirno<\/td>\n<td>Izbirno<\/td>\n<\/tr>\n<tr>\n<td>Debelina izolacije<\/td>\n<td>mm 73,5<\/td>\n<td>mm 73,5<\/td>\n<\/tr>\n<tr>\n<td>Odmrzovanje<\/td>\n<td>Samodejno z elektri\u010dnim grelnikom<\/td>\n<td>Samodejno z elektri\u010dnim grelnikom<\/td>\n<\/tr>\n<tr>\n<td>Hladilni sistem<\/td>\n<td>Stropni uparjalnik<\/td>\n<td>Stropni uparjalnik<\/td>\n<\/tr>\n<tr>\n<td>Razsvetljava<\/td>\n<td>Led 12V \/ 2,4W<\/td>\n<td>Led 12V \/ 2,4W<\/td>\n<\/tr>\n<tr>\n<td>Samodejno zapiranje vrat<\/td>\n<td>Mehko zapiranje<\/td>\n<td>Mehko zapiranje<\/td>\n<\/tr>\n<tr>\n<td>Zaklepanje in klju\u010d<\/td>\n<td>Da<\/td>\n<td>Da<\/td>\n<\/tr>\n<tr>\n<td>Police (WxD)<\/td>\n<td>\u0161t. 6 - mm 531 x 650 + \u0161t. 2 - mm 580 x 605<\/td>\n<td>\u0161t. 6 - mm 531 x 650 + \u0161t. 2 - mm 580 x 605<\/td>\n<\/tr>\n<tr>\n<td>\u00a0Kolesca - stopala<\/td>\n<td>4 noge<\/td>\n<td>4 noge<\/td>\n<\/tr>\n<tr>\n<td>Kole\u0161\u010dki<\/td>\n<td>Po \u017eelji - h mm 140<\/td>\n<td>Po \u017eelji - h mm 140<\/td>\n<\/tr>\n<tr>\n<td>Neto bruto te\u017ea<\/td>\n<td>Kg 163 \/ 192<\/td>\n<td>Kg 169 \/ 198<\/td>\n<\/tr>\n<tr>\n<td>Napetost<\/td>\n<td>V 220-240<\/td>\n<td>V 220-240<\/td>\n<\/tr>\n<tr>\n<td>Frekvenca<\/td>\n<td>Hz 50<\/td>\n<td>Hz 50<\/td>\n<\/tr>\n<tr>\n<td>Hladilno sredstvo<\/td>\n<td>R600A<\/td>\n<td>R290<\/td>\n<\/tr>\n<tr>\n<td>Absorpcija<\/td>\n<td>W 350<\/td>\n<td>W 680<\/td>\n<\/tr>\n<tr>\n<td>Poraba energije<\/td>\n<td>KwH\/24H 1,66<\/td>\n<td>KwH\/24H 9,34<\/td>\n<\/tr>\n<\/tbody>\n<\/table>","protected":false},"excerpt":{"rendered":"<p>&nbsp; Product Description The AXF 1520 BT is a professional double-door ventilated freezer cabinet built from durable AISI 304 stainless steel, ideal for restaurants, hotels, and catering kitchens. Operating between -22\u00b0C and -18\u00b0C, it provides reliable deep-freeze storage and stable temperature control. Featuring an electronic thermostat, soft-closing doors, LED lighting, and automatic defrost, it combines [&hellip;]<\/p>\n","protected":false},"featured_media":12084,"comment_status":"open","ping_status":"closed","template":"","meta":[],"product_brand":[],"product_cat":[51],"product_tag":[],"class_list":{"0":"post-12088","1":"product","2":"type-product","3":"status-publish","4":"has-post-thumbnail","6":"product_cat-kitchen-catering-cooling","8":"first","9":"instock","10":"shipping-taxable","11":"product-type-simple"},"_links":{"self":[{"href":"https:\/\/dersuessestopp.com\/sl\/wp-json\/wp\/v2\/product\/12088","targetHints":{"allow":["GET"]}}],"collection":[{"href":"https:\/\/dersuessestopp.com\/sl\/wp-json\/wp\/v2\/product"}],"about":[{"href":"https:\/\/dersuessestopp.com\/sl\/wp-json\/wp\/v2\/types\/product"}],"replies":[{"embeddable":true,"href":"https:\/\/dersuessestopp.com\/sl\/wp-json\/wp\/v2\/comments?post=12088"}],"version-history":[{"count":1,"href":"https:\/\/dersuessestopp.com\/sl\/wp-json\/wp\/v2\/product\/12088\/revisions"}],"predecessor-version":[{"id":12102,"href":"https:\/\/dersuessestopp.com\/sl\/wp-json\/wp\/v2\/product\/12088\/revisions\/12102"}],"wp:featuredmedia":[{"embeddable":true,"href":"https:\/\/dersuessestopp.com\/sl\/wp-json\/wp\/v2\/media\/12084"}],"wp:attachment":[{"href":"https:\/\/dersuessestopp.com\/sl\/wp-json\/wp\/v2\/media?parent=12088"}],"wp:term":[{"taxonomy":"product_brand","embeddable":true,"href":"https:\/\/dersuessestopp.com\/sl\/wp-json\/wp\/v2\/product_brand?post=12088"},{"taxonomy":"product_cat","embeddable":true,"href":"https:\/\/dersuessestopp.com\/sl\/wp-json\/wp\/v2\/product_cat?post=12088"},{"taxonomy":"product_tag","embeddable":true,"href":"https:\/\/dersuessestopp.com\/sl\/wp-json\/wp\/v2\/product_tag?post=12088"}],"curies":[{"name":"wp","href":"https:\/\/api.w.org\/{rel}","templated":true}]}}