{"id":12060,"date":"2025-10-09T01:31:21","date_gmt":"2025-10-09T01:31:21","guid":{"rendered":"https:\/\/dersuessestopp.com\/?post_type=product&#038;p=12060"},"modified":"2025-10-09T01:31:21","modified_gmt":"2025-10-09T01:31:21","slug":"axf-700-bt","status":"publish","type":"product","link":"https:\/\/dersuessestopp.com\/sl\/product\/axf-700-bt\/","title":{"rendered":"AXF 700 BT"},"content":{"rendered":"<p><img decoding=\"async\" src=\"https:\/\/customer.klimaitalia.it\/api\/file\/image\/6601\" \/><\/p>\n<p>&nbsp;<\/p>\n<h2>Opis izdelka<\/h2>\n<p data-start=\"210\" data-end=\"662\">Spletna stran <strong data-start=\"214\" data-end=\"228\">AXF 700 BT<\/strong> je profesionalni <strong data-start=\"247\" data-end=\"285\">prezra\u010devana zamrzovalna skrinja iz nerjavnega jekla<\/strong> zasnovan za komercialne kuhinje, hotele in gostinske lokale. Deluje v <strong data-start=\"370\" data-end=\"409\">temperaturno obmo\u010dje od -22 \u00b0C do -18 \u00b0C<\/strong>, zagotavlja u\u010dinkovito in stabilno zamrzovanje. Izdelan iz <strong data-start=\"476\" data-end=\"504\">AISI 304 nerjave\u010de jeklo<\/strong>, je opremljen z <strong data-start=\"521\" data-end=\"546\">elektronski termostat<\/strong>, <strong data-start=\"548\" data-end=\"569\">vrata z mehkim zapiranjem<\/strong>, <strong data-start=\"571\" data-end=\"587\">Osvetlitev LED<\/strong>, in <strong data-start=\"593\" data-end=\"623\">samodejno elektri\u010dno odmrzovanje<\/strong> za enostavno vzdr\u017eevanje in vzdr\u017eljivost.<\/p>\n<p data-start=\"664\" data-end=\"683\"><strong data-start=\"664\" data-end=\"681\">Klju\u010dne lastnosti:<\/strong><\/p>\n<ul data-start=\"684\" data-end=\"1063\">\n<li data-start=\"684\" data-end=\"725\">\n<p data-start=\"686\" data-end=\"725\"><strong data-start=\"686\" data-end=\"708\">Temperaturno obmo\u010dje:<\/strong> -22 \u00b0C do -18 \u00b0C<\/p>\n<\/li>\n<li data-start=\"726\" data-end=\"749\">\n<p data-start=\"728\" data-end=\"749\"><strong data-start=\"728\" data-end=\"741\">Zmogljivost:<\/strong> 427 L<\/p>\n<\/li>\n<li data-start=\"750\" data-end=\"800\">\n<p data-start=\"752\" data-end=\"800\"><strong data-start=\"752\" data-end=\"780\">AISI 304 nerjave\u010de jeklo<\/strong> karoserija in notranjost<\/p>\n<\/li>\n<li data-start=\"801\" data-end=\"842\">\n<p data-start=\"803\" data-end=\"842\"><strong data-start=\"803\" data-end=\"840\">Prezra\u010devalni stropni hladilni sistem<\/strong><\/p>\n<\/li>\n<li data-start=\"843\" data-end=\"877\">\n<p data-start=\"845\" data-end=\"877\"><strong data-start=\"845\" data-end=\"875\">Samodejno elektri\u010dno odmrzovanje<\/strong><\/p>\n<\/li>\n<li data-start=\"878\" data-end=\"931\">\n<p data-start=\"880\" data-end=\"931\"><strong data-start=\"880\" data-end=\"915\">Vrata z mehkim zapiranjem in samozapiranjem<\/strong> s spletno stranjo . <strong data-start=\"921\" data-end=\"929\">zaklepanje<\/strong><\/p>\n<\/li>\n<li data-start=\"932\" data-end=\"982\">\n<p data-start=\"934\" data-end=\"982\"><strong data-start=\"934\" data-end=\"950\">Osvetlitev LED<\/strong>, <strong data-start=\"952\" data-end=\"980\">Smart Link WiFi po izbiri<\/strong><\/p>\n<\/li>\n<li data-start=\"983\" data-end=\"1023\">\n<p data-start=\"985\" data-end=\"1023\"><strong data-start=\"985\" data-end=\"1008\">Poraba energije:<\/strong> 6,57 kWh\/24h<\/p>\n<\/li>\n<li data-start=\"1024\" data-end=\"1063\">\n<p data-start=\"1026\" data-end=\"1063\"><strong data-start=\"1026\" data-end=\"1041\">Dimenzije:<\/strong> 740 \u00d7 830 \u00d7 2010 mm<\/p>\n<\/li>\n<\/ul>\n<h2>Tehni\u010dne specifikacije<\/h2>\n<table>\n<tbody>\n<tr>\n<td>Dimenzije mm<\/td>\n<td>AXF 700 TN<\/td>\n<td>AXF 700 TNG<\/td>\n<td>AXF 700 BT<\/td>\n<td>AXF 700 BTG<\/td>\n<\/tr>\n<tr>\n<td>Zunanje mere (\u0160xVxV)<\/td>\n<td>740 x 830 x 2010*<\/td>\n<td>740 x 830 x 2010*<\/td>\n<td>740 x 830 x 2010*<\/td>\n<td>680 x 845 x 2000*<\/td>\n<\/tr>\n<tr>\n<td>Dimenzije embala\u017ee (\u0160xVxV)<\/td>\n<td>765 x 855 x 2070<\/td>\n<td>765 x 855 x 2070<\/td>\n<td>765 x 855 x 2070<\/td>\n<td>710 x 875 x 2050<\/td>\n<\/tr>\n<tr>\n<td>\u0160irina<\/td>\n<td>624<\/td>\n<td>624<\/td>\n<td>624<\/td>\n<td>560<\/td>\n<\/tr>\n<tr>\n<td>Globina<\/td>\n<td>700<\/td>\n<td>700<\/td>\n<td>700<\/td>\n<td>680<\/td>\n<\/tr>\n<tr>\n<td>Vi\u0161ina<\/td>\n<td>1410<\/td>\n<td>1410<\/td>\n<td>1410<\/td>\n<td>1380<\/td>\n<\/tr>\n<tr>\n<td colspan=\"5\">Skupna vi\u0161ina enot vklju\u010duje noge, ki so prilagojene na najni\u017eji ravni vi\u0161ine.<\/td>\n<\/tr>\n<\/tbody>\n<\/table>\n<p>&nbsp;<\/p>\n<table>\n<tbody>\n<tr>\n<td>\u00a0Tehni\u010dne lastnosti<\/td>\n<td>AXF 700 TN<\/td>\n<td>AXF 700 TNG<\/td>\n<td>AXF 700 BT<\/td>\n<td>AXF 700 BTG<\/td>\n<\/tr>\n<tr>\n<td>Temperaturno obmo\u010dje<\/td>\n<td>-2 \u00b0C \/ +8 \u00b0C<\/td>\n<td>+2 \u00b0C \/ +8 \u00b0C<\/td>\n<td>-22 \u00b0C \/ -18 \u00b0C<\/td>\n<td>-22 \u00b0C \/ -18 \u00b0C<\/td>\n<\/tr>\n<tr>\n<td>Podnebni razred<\/td>\n<td>5<\/td>\n<td>4<\/td>\n<td>4<\/td>\n<td>4<\/td>\n<\/tr>\n<tr>\n<td>Neto bruto obseg<\/td>\n<td>427 \/ 685<\/td>\n<td>Pora\u010dun 416 \/ 685<\/td>\n<td>427 \/ 685<\/td>\n<td>339 \/ 537<\/td>\n<\/tr>\n<tr>\n<td>Telo<\/td>\n<td colspan=\"2\">AISI 304 Nerjave\u010de jeklo<\/td>\n<td colspan=\"2\">AISI 304 Nerjave\u010de jeklo<\/td>\n<\/tr>\n<tr>\n<td>Vrata<\/td>\n<td>&#8211;<\/td>\n<td>Steklo<\/td>\n<td>&#8211;<\/td>\n<td>Steklo<\/td>\n<\/tr>\n<tr>\n<td>Notranji vlo\u017eek<\/td>\n<td colspan=\"2\">AISI 304 Nerjave\u010de jeklo<\/td>\n<td colspan=\"2\">AISI 304 Nerjave\u010de jeklo<\/td>\n<\/tr>\n<tr>\n<td>Termostat<\/td>\n<td colspan=\"2\">Elektronska stran<\/td>\n<td colspan=\"2\">Elektronska stran<\/td>\n<\/tr>\n<tr>\n<td>Raven hrupa<\/td>\n<td>dB 52<\/td>\n<td>dB 52<\/td>\n<td>dB 48<\/td>\n<td>dB 52<\/td>\n<\/tr>\n<tr>\n<td>Daljinski upravljalnik<\/td>\n<td>Izbirno<\/td>\n<td>Izbirno<\/td>\n<td>Izbirno<\/td>\n<td>Izbirno<\/td>\n<\/tr>\n<tr>\n<td>Debelina izolacije<\/td>\n<td>mm 60<\/td>\n<td>mm 60<\/td>\n<td>mm 60<\/td>\n<td>mm 60<\/td>\n<\/tr>\n<tr>\n<td>Odmrzovanje<\/td>\n<td colspan=\"2\">Samodejno z elektri\u010dnim grelnikom<\/td>\n<td colspan=\"2\">Samodejno z elektri\u010dnim grelnikom<\/td>\n<\/tr>\n<tr>\n<td>Hladilni sistem<\/td>\n<td colspan=\"2\">Stropni uparjalnik<\/td>\n<td colspan=\"2\">Stropni uparjalnik<\/td>\n<\/tr>\n<tr>\n<td>Razsvetljava<\/td>\n<td>Led 220 \/ 0,6 W<\/td>\n<td>Led 24V \/ 2,7 W<\/td>\n<td>Led 220 \/ 0,6 W<\/td>\n<td>Led 24V \/ 2,7 W<\/td>\n<\/tr>\n<tr>\n<td>Samodejno zapiranje vrat<\/td>\n<td colspan=\"2\">Mehko zapiranje<\/td>\n<td colspan=\"2\">Mehko zapiranje<\/td>\n<\/tr>\n<tr>\n<td>Zaklepanje in klju\u010d<\/td>\n<td>Da<\/td>\n<td>Da<\/td>\n<td>Da<\/td>\n<td>Da<\/td>\n<\/tr>\n<tr>\n<td>Reverzibilna vrata<\/td>\n<td>Da<\/td>\n<td>&#8211;<\/td>\n<td>Da<\/td>\n<td>&#8211;<\/td>\n<\/tr>\n<tr>\n<td>Police (WxD)<\/td>\n<td colspan=\"2\">\u0161t. 3 - mm 534 x 650 + \u0161t. 1 - mm 536 x 650<\/td>\n<td>\u0161t. 3 - mm 534 x 650 + \u0161t. 1 - mm 536 x 650<\/td>\n<td>\u0161t. 3 - mm 534 x 640 + \u0161t. 1 - mm 525 x 630<\/td>\n<\/tr>\n<tr>\n<td>Kolesca - stopala<\/td>\n<td colspan=\"2\">4 noge<\/td>\n<td colspan=\"2\">4 noge<\/td>\n<\/tr>\n<tr>\n<td>Kole\u0161\u010dki<\/td>\n<td colspan=\"2\">Po \u017eelji - h mm 140<\/td>\n<td colspan=\"2\">Po \u017eelji - h mm 140<\/td>\n<\/tr>\n<tr>\n<td>Neto bruto te\u017ea<\/td>\n<td>Kg 134 \/ 143<\/td>\n<td>Kg 138 \/ 147<\/td>\n<td>Kg 138 \/ 147<\/td>\n<td>Kg 148 \/ 158<\/td>\n<\/tr>\n<tr>\n<td>Napetost<\/td>\n<td>V 220-240<\/td>\n<td>V 220-240<\/td>\n<td>V 220-240<\/td>\n<td>V 220-240<\/td>\n<\/tr>\n<tr>\n<td>Frekvenca<\/td>\n<td>Hz 50<\/td>\n<td>Hz 50<\/td>\n<td>Hz 50<\/td>\n<td>Hz 50<\/td>\n<\/tr>\n<tr>\n<td>Hladilno sredstvo<\/td>\n<td>R600 \/ R290<\/td>\n<td>R290<\/td>\n<td>R290<\/td>\n<td>R290<\/td>\n<\/tr>\n<tr>\n<td>Absorpcija<\/td>\n<td>W 250<\/td>\n<td>W 315<\/td>\n<td>W 500<\/td>\n<td>W 610<\/td>\n<\/tr>\n<tr>\n<td>Poraba energije<\/td>\n<td>KwH\/24H 1,536<\/td>\n<td>KwH\/24H 2,596<\/td>\n<td>KwH\/24H 6,57<\/td>\n<td>KwH\/24H 8,279<\/td>\n<\/tr>\n<\/tbody>\n<\/table>","protected":false},"excerpt":{"rendered":"<p>&nbsp; Product Description The AXF 700 BT is a professional ventilated stainless steel freezer designed for commercial kitchens, hotels, and catering environments. Operating in a temperature range of -22\u00b0C to -18\u00b0C, it ensures efficient and stable freezing performance. Built from AISI 304 stainless steel, it features an electronic thermostat, soft-closing door, LED lighting, and automatic [&hellip;]<\/p>\n","protected":false},"featured_media":12061,"comment_status":"open","ping_status":"closed","template":"","meta":[],"product_brand":[],"product_cat":[51],"product_tag":[],"class_list":{"0":"post-12060","1":"product","2":"type-product","3":"status-publish","4":"has-post-thumbnail","6":"product_cat-kitchen-catering-cooling","8":"first","9":"instock","10":"shipping-taxable","11":"product-type-simple"},"_links":{"self":[{"href":"https:\/\/dersuessestopp.com\/sl\/wp-json\/wp\/v2\/product\/12060","targetHints":{"allow":["GET"]}}],"collection":[{"href":"https:\/\/dersuessestopp.com\/sl\/wp-json\/wp\/v2\/product"}],"about":[{"href":"https:\/\/dersuessestopp.com\/sl\/wp-json\/wp\/v2\/types\/product"}],"replies":[{"embeddable":true,"href":"https:\/\/dersuessestopp.com\/sl\/wp-json\/wp\/v2\/comments?post=12060"}],"version-history":[{"count":1,"href":"https:\/\/dersuessestopp.com\/sl\/wp-json\/wp\/v2\/product\/12060\/revisions"}],"predecessor-version":[{"id":12062,"href":"https:\/\/dersuessestopp.com\/sl\/wp-json\/wp\/v2\/product\/12060\/revisions\/12062"}],"wp:featuredmedia":[{"embeddable":true,"href":"https:\/\/dersuessestopp.com\/sl\/wp-json\/wp\/v2\/media\/12061"}],"wp:attachment":[{"href":"https:\/\/dersuessestopp.com\/sl\/wp-json\/wp\/v2\/media?parent=12060"}],"wp:term":[{"taxonomy":"product_brand","embeddable":true,"href":"https:\/\/dersuessestopp.com\/sl\/wp-json\/wp\/v2\/product_brand?post=12060"},{"taxonomy":"product_cat","embeddable":true,"href":"https:\/\/dersuessestopp.com\/sl\/wp-json\/wp\/v2\/product_cat?post=12060"},{"taxonomy":"product_tag","embeddable":true,"href":"https:\/\/dersuessestopp.com\/sl\/wp-json\/wp\/v2\/product_tag?post=12060"}],"curies":[{"name":"wp","href":"https:\/\/api.w.org\/{rel}","templated":true}]}}