{"id":12057,"date":"2025-10-09T01:27:50","date_gmt":"2025-10-09T01:27:50","guid":{"rendered":"https:\/\/dersuessestopp.com\/?post_type=product&#038;p=12057"},"modified":"2025-10-09T01:27:50","modified_gmt":"2025-10-09T01:27:50","slug":"axf-1600-tn","status":"publish","type":"product","link":"https:\/\/dersuessestopp.com\/sl\/product\/axf-1600-tn\/","title":{"rendered":"AXF 1600 TN"},"content":{"rendered":"<p>&nbsp;<\/p>\n<h2><img decoding=\"async\" src=\"https:\/\/customer.klimaitalia.it\/api\/file\/image\/6595\" \/><\/h2>\n<h2>Opis izdelka<\/h2>\n<p data-start=\"221\" data-end=\"679\">Spletna stran <strong data-start=\"225\" data-end=\"240\">AXF 1600 TN<\/strong> je profesionalni <strong data-start=\"259\" data-end=\"306\">dvovratna prezra\u010devana hladilna omara<\/strong> izdelan iz <strong data-start=\"317\" data-end=\"345\">AISI 304 nerjave\u010de jeklo<\/strong>, ki je idealen za komercialne kuhinje in gostinska okolja. Z <strong data-start=\"411\" data-end=\"448\">temperaturno obmo\u010dje od -2 \u00b0C do +8 \u00b0C<\/strong>, zagotavlja zanesljivo hlajenje in dosledno delovanje. Opremljen je z <strong data-start=\"523\" data-end=\"548\">elektronski termostat<\/strong>, <strong data-start=\"550\" data-end=\"572\">vrata z mehkim zapiranjem<\/strong>, <strong data-start=\"574\" data-end=\"590\">Osvetlitev LED<\/strong>, in <strong data-start=\"596\" data-end=\"617\">samodejno odmrzovanje<\/strong>, zagotavlja higieno, u\u010dinkovitost in vzdr\u017eljivost v eni enoti.<\/p>\n<p data-start=\"681\" data-end=\"700\"><strong data-start=\"681\" data-end=\"698\">Klju\u010dne lastnosti:<\/strong><\/p>\n<ul data-start=\"701\" data-end=\"1077\">\n<li data-start=\"701\" data-end=\"740\">\n<p data-start=\"703\" data-end=\"740\"><strong data-start=\"703\" data-end=\"725\">Temperaturno obmo\u010dje:<\/strong> -2 \u00b0C do +8 \u00b0C<\/p>\n<\/li>\n<li data-start=\"741\" data-end=\"764\">\n<p data-start=\"743\" data-end=\"764\"><strong data-start=\"743\" data-end=\"756\">Zmogljivost:<\/strong> 940 L<\/p>\n<\/li>\n<li data-start=\"765\" data-end=\"819\">\n<p data-start=\"767\" data-end=\"819\"><strong data-start=\"767\" data-end=\"795\">AISI 304 nerjave\u010de jeklo<\/strong> notranjost in zunanjost<\/p>\n<\/li>\n<li data-start=\"820\" data-end=\"861\">\n<p data-start=\"822\" data-end=\"861\"><strong data-start=\"822\" data-end=\"859\">Prezra\u010devalni stropni hladilni sistem<\/strong><\/p>\n<\/li>\n<li data-start=\"862\" data-end=\"896\">\n<p data-start=\"864\" data-end=\"896\"><strong data-start=\"864\" data-end=\"894\">Samodejno elektri\u010dno odmrzovanje<\/strong><\/p>\n<\/li>\n<li data-start=\"897\" data-end=\"944\">\n<p data-start=\"899\" data-end=\"944\"><strong data-start=\"899\" data-end=\"928\">Dvojna vrata z mehkim zapiranjem<\/strong> s spletno stranjo . <strong data-start=\"934\" data-end=\"942\">zaklepanje<\/strong><\/p>\n<\/li>\n<li data-start=\"945\" data-end=\"995\">\n<p data-start=\"947\" data-end=\"995\"><strong data-start=\"947\" data-end=\"963\">Osvetlitev LED<\/strong>, <strong data-start=\"965\" data-end=\"993\">Smart Link WiFi po izbiri<\/strong><\/p>\n<\/li>\n<li data-start=\"996\" data-end=\"1036\">\n<p data-start=\"998\" data-end=\"1036\"><strong data-start=\"998\" data-end=\"1021\">Poraba energije:<\/strong> 1,31 kWh\/24h<\/p>\n<\/li>\n<li data-start=\"1037\" data-end=\"1077\">\n<p data-start=\"1039\" data-end=\"1077\"><strong data-start=\"1039\" data-end=\"1054\">Dimenzije:<\/strong> 1420 \u00d7 875 \u00d7 2090 mm<\/p>\n<\/li>\n<\/ul>\n<p>)<\/p>\n<h2>Tehni\u010dne specifikacije<\/h2>\n<table>\n<tbody>\n<tr>\n<td>\u00a0Dimenzije mm<\/td>\n<td>AXF 1600 TN<\/td>\n<td>AXF 1600 BT<\/td>\n<\/tr>\n<tr>\n<td>Zunanje mere (\u0160xVxV)<\/td>\n<td>1420 x 875 x 2090*<\/td>\n<td>1420 x 875 x 2090*<\/td>\n<\/tr>\n<tr>\n<td>Dimenzije embala\u017ee (\u0160xVxV)<\/td>\n<td>1445 x 905 x 2150<\/td>\n<td>1445 x 905 x 2150<\/td>\n<\/tr>\n<tr>\n<td>\u0160irina<\/td>\n<td>1240<\/td>\n<td>1240<\/td>\n<\/tr>\n<tr>\n<td>Globina<\/td>\n<td>700<\/td>\n<td>700<\/td>\n<\/tr>\n<tr>\n<td>Vi\u0161ina<\/td>\n<td>1501<\/td>\n<td>1501<\/td>\n<\/tr>\n<tr>\n<td colspan=\"3\">Skupna vi\u0161ina enot vklju\u010duje noge, ki so prilagojene na najni\u017eji ravni vi\u0161ine.<\/td>\n<\/tr>\n<\/tbody>\n<\/table>\n<p>&nbsp;<\/p>\n<table>\n<tbody>\n<tr>\n<td>Tehni\u010dne lastnosti<\/td>\n<td>AXF 1600 TN<\/td>\n<td>AXF 1600 BT<\/td>\n<\/tr>\n<tr>\n<td>Temperaturno obmo\u010dje<\/td>\n<td>-2 \u00b0C \/ +8 \u00b0C<\/td>\n<td>-22 \u00b0C \/ -18 \u00b0C<\/td>\n<\/tr>\n<tr>\n<td>Podnebni razred<\/td>\n<td>5<\/td>\n<td>5<\/td>\n<\/tr>\n<tr>\n<td>Neto bruto obseg<\/td>\n<td>940 \u20ac \/ 1300 \u20ac<\/td>\n<td>940 \u20ac \/ 1300 \u20ac<\/td>\n<\/tr>\n<tr>\n<td>Telo<\/td>\n<td>AISI 304 Nerjave\u010de jeklo<\/td>\n<td>AISI 304 Nerjave\u010de jeklo<\/td>\n<\/tr>\n<tr>\n<td>Notranji vlo\u017eek<\/td>\n<td>AISI 304 Nerjave\u010de jeklo<\/td>\n<td>AISI 304 Nerjave\u010de jeklo<\/td>\n<\/tr>\n<tr>\n<td>Termostat<\/td>\n<td>Elektronska stran<\/td>\n<td>Elektronska stran<\/td>\n<\/tr>\n<tr>\n<td>Raven hrupa<\/td>\n<td>dB 38<\/td>\n<td>dB 38<\/td>\n<\/tr>\n<tr>\n<td>Daljinski upravljalnik<\/td>\n<td>Izbirno<\/td>\n<td>Izbirno<\/td>\n<\/tr>\n<tr>\n<td>Debelina izolacije<\/td>\n<td>mm 90<\/td>\n<td>mm 90<\/td>\n<\/tr>\n<tr>\n<td>Odmrzovanje<\/td>\n<td>Samodejno z elektri\u010dnim grelnikom<\/td>\n<td>Samodejno z elektri\u010dnim grelnikom<\/td>\n<\/tr>\n<tr>\n<td>Hladilni sistem<\/td>\n<td>Stropni uparjalnik<\/td>\n<td>Stropni uparjalnik<\/td>\n<\/tr>\n<tr>\n<td>Razsvetljava<\/td>\n<td>Led 12V\/2.4W<\/td>\n<td>Led 12V\/2.4W<\/td>\n<\/tr>\n<tr>\n<td>Samodejno zapiranje vrat<\/td>\n<td>Mehko zapiranje<\/td>\n<td>Mehko zapiranje<\/td>\n<\/tr>\n<tr>\n<td>Zaklepanje in klju\u010d<\/td>\n<td>Da<\/td>\n<td>Da<\/td>\n<\/tr>\n<tr>\n<td>Police (WxD)<\/td>\n<td>\u0161t. 6 - mm 530 x 650 + \u0161t. 2 - mm 538 x 630<\/td>\n<td>\u0161t. 6 - mm 530 x 650 + \u0161t. 2 - mm 538 x 630<\/td>\n<\/tr>\n<tr>\n<td>Kolesca - stopala<\/td>\n<td>4 noge<\/td>\n<td>4 noge<\/td>\n<\/tr>\n<tr>\n<td>Kole\u0161\u010dki<\/td>\n<td>Po \u017eelji - h mm 140<\/td>\n<td>Po \u017eelji - h mm 140<\/td>\n<\/tr>\n<tr>\n<td>Neto bruto te\u017ea<\/td>\n<td>Kg 198 \/ 213<\/td>\n<td>Kg 208 \/ 226<\/td>\n<\/tr>\n<tr>\n<td>Napetost<\/td>\n<td>V 220-240<\/td>\n<td>V 220-240<\/td>\n<\/tr>\n<tr>\n<td>Frekvenca<\/td>\n<td>Hz 50<\/td>\n<td>Hz 50<\/td>\n<\/tr>\n<tr>\n<td>Hladilno sredstvo<\/td>\n<td>R600A<\/td>\n<td>R290<\/td>\n<\/tr>\n<tr>\n<td>Absorpcija<\/td>\n<td>W 360<\/td>\n<td>W 480<\/td>\n<\/tr>\n<tr>\n<td>Poraba energije<\/td>\n<td>KwH\/24H 1,31<\/td>\n<td>KwH\/24H 4,34<\/td>\n<\/tr>\n<\/tbody>\n<\/table>","protected":false},"excerpt":{"rendered":"<p>&nbsp; Product Description The AXF 1600 TN is a professional double-door ventilated refrigerator cabinet made from AISI 304 stainless steel, ideal for commercial kitchens and catering environments. With a temperature range of -2\u00b0C to +8\u00b0C, it ensures reliable cooling and consistent performance. Equipped with an electronic thermostat, soft-closing doors, LED lighting, and automatic defrost, it [&hellip;]<\/p>\n","protected":false},"featured_media":12058,"comment_status":"open","ping_status":"closed","template":"","meta":[],"product_brand":[],"product_cat":[51],"product_tag":[],"class_list":{"0":"post-12057","1":"product","2":"type-product","3":"status-publish","4":"has-post-thumbnail","6":"product_cat-kitchen-catering-cooling","8":"first","9":"instock","10":"shipping-taxable","11":"product-type-simple"},"_links":{"self":[{"href":"https:\/\/dersuessestopp.com\/sl\/wp-json\/wp\/v2\/product\/12057","targetHints":{"allow":["GET"]}}],"collection":[{"href":"https:\/\/dersuessestopp.com\/sl\/wp-json\/wp\/v2\/product"}],"about":[{"href":"https:\/\/dersuessestopp.com\/sl\/wp-json\/wp\/v2\/types\/product"}],"replies":[{"embeddable":true,"href":"https:\/\/dersuessestopp.com\/sl\/wp-json\/wp\/v2\/comments?post=12057"}],"version-history":[{"count":1,"href":"https:\/\/dersuessestopp.com\/sl\/wp-json\/wp\/v2\/product\/12057\/revisions"}],"predecessor-version":[{"id":12059,"href":"https:\/\/dersuessestopp.com\/sl\/wp-json\/wp\/v2\/product\/12057\/revisions\/12059"}],"wp:featuredmedia":[{"embeddable":true,"href":"https:\/\/dersuessestopp.com\/sl\/wp-json\/wp\/v2\/media\/12058"}],"wp:attachment":[{"href":"https:\/\/dersuessestopp.com\/sl\/wp-json\/wp\/v2\/media?parent=12057"}],"wp:term":[{"taxonomy":"product_brand","embeddable":true,"href":"https:\/\/dersuessestopp.com\/sl\/wp-json\/wp\/v2\/product_brand?post=12057"},{"taxonomy":"product_cat","embeddable":true,"href":"https:\/\/dersuessestopp.com\/sl\/wp-json\/wp\/v2\/product_cat?post=12057"},{"taxonomy":"product_tag","embeddable":true,"href":"https:\/\/dersuessestopp.com\/sl\/wp-json\/wp\/v2\/product_tag?post=12057"}],"curies":[{"name":"wp","href":"https:\/\/api.w.org\/{rel}","templated":true}]}}