{"id":12052,"date":"2025-10-09T01:25:03","date_gmt":"2025-10-09T01:25:03","guid":{"rendered":"https:\/\/dersuessestopp.com\/?post_type=product&#038;p=12052"},"modified":"2025-10-09T01:25:03","modified_gmt":"2025-10-09T01:25:03","slug":"axf-710-tn","status":"publish","type":"product","link":"https:\/\/dersuessestopp.com\/sl\/product\/axf-710-tn\/","title":{"rendered":"AXF 710 TN"},"content":{"rendered":"<p>&nbsp;<\/p>\n<h2><img decoding=\"async\" src=\"https:\/\/customer.klimaitalia.it\/api\/file\/image\/6582\" \/><\/h2>\n<h2>Opis izdelka<\/h2>\n<p data-start=\"187\" data-end=\"530\">Spletna stran <strong data-start=\"191\" data-end=\"205\">AXF 710 TN<\/strong> je <strong data-start=\"211\" data-end=\"254\">prezra\u010devani hladilnik iz nerjave\u010dega jekla<\/strong> z <strong data-start=\"262\" data-end=\"299\">temperaturno obmo\u010dje od -2 \u00b0C do +8 \u00b0C<\/strong>. Zgrajen iz <strong data-start=\"312\" data-end=\"340\">AISI 304 nerjave\u010de jeklo<\/strong>, zagotavlja higieno in trajnost. Opremljen je z <strong data-start=\"394\" data-end=\"419\">elektronski termostat<\/strong>, <strong data-start=\"421\" data-end=\"442\">vrata z mehkim zapiranjem<\/strong>, <strong data-start=\"444\" data-end=\"460\">Osvetlitev LED<\/strong>, in <strong data-start=\"466\" data-end=\"487\">samodejno odmrzovanje<\/strong>, je kot nala\u0161\u010d za profesionalne kuhinje.<\/p>\n<p data-start=\"532\" data-end=\"551\"><strong data-start=\"532\" data-end=\"549\">Klju\u010dne lastnosti:<\/strong><\/p>\n<ul data-start=\"552\" data-end=\"790\">\n<li data-start=\"552\" data-end=\"585\">\n<p data-start=\"554\" data-end=\"585\"><strong data-start=\"554\" data-end=\"570\">Temperatura:<\/strong> -2 \u00b0C do +8 \u00b0C<\/p>\n<\/li>\n<li data-start=\"586\" data-end=\"609\">\n<p data-start=\"588\" data-end=\"609\"><strong data-start=\"588\" data-end=\"601\">Zmogljivost:<\/strong> 428 L<\/p>\n<\/li>\n<li data-start=\"610\" data-end=\"659\">\n<p data-start=\"612\" data-end=\"659\"><strong data-start=\"612\" data-end=\"634\">Prezra\u010devano hlajenje<\/strong>, <strong data-start=\"636\" data-end=\"657\">samodejno odmrzovanje<\/strong><\/p>\n<\/li>\n<li data-start=\"660\" data-end=\"699\">\n<p data-start=\"662\" data-end=\"699\"><strong data-start=\"662\" data-end=\"683\">Vrata z mehkim zapiranjem<\/strong> s spletno stranjo . <strong data-start=\"689\" data-end=\"697\">zaklepanje<\/strong><\/p>\n<\/li>\n<li data-start=\"700\" data-end=\"750\">\n<p data-start=\"702\" data-end=\"750\"><strong data-start=\"702\" data-end=\"718\">Osvetlitev LED<\/strong>, <strong data-start=\"720\" data-end=\"748\">Smart Link WiFi po izbiri<\/strong><\/p>\n<\/li>\n<li data-start=\"751\" data-end=\"790\">\n<p data-start=\"753\" data-end=\"790\"><strong data-start=\"753\" data-end=\"768\">Dimenzije:<\/strong> 680 \u00d7 875 \u00d7 2090 mm**<\/p>\n<\/li>\n<\/ul>\n<h2>Tehni\u010dne specifikacije<\/h2>\n<table>\n<tbody>\n<tr>\n<td>Dimenzije mm<\/td>\n<td>AXF 710 TN<\/td>\n<td>AXF 710 BT<\/td>\n<\/tr>\n<tr>\n<td>Zunanje mere (\u0160xVxV)<\/td>\n<td>680 x 875 x 2090*<\/td>\n<td>680 x 875 x 2090*<\/td>\n<\/tr>\n<tr>\n<td>Dimenzije embala\u017ee (\u0160xVxV)<\/td>\n<td>705 x 905 x 2150<\/td>\n<td>705 x 905 x 2150<\/td>\n<\/tr>\n<tr>\n<td>\u0160irina<\/td>\n<td>533<\/td>\n<td>533<\/td>\n<\/tr>\n<tr>\n<td>Globina<\/td>\n<td>700<\/td>\n<td>700<\/td>\n<\/tr>\n<tr>\n<td>Vi\u0161ina<\/td>\n<td>1501<\/td>\n<td>1501<\/td>\n<\/tr>\n<tr>\n<td colspan=\"3\">Skupna vi\u0161ina enot vklju\u010duje noge, ki so prilagojene na najni\u017eji ravni vi\u0161ine.<\/td>\n<\/tr>\n<\/tbody>\n<\/table>\n<p>&nbsp;<\/p>\n<table>\n<tbody>\n<tr>\n<td>Tehni\u010dne lastnosti<\/td>\n<td>AXF 710 TN<\/td>\n<td>AXF 710 BT<\/td>\n<\/tr>\n<tr>\n<td>Temperaturno obmo\u010dje<\/td>\n<td>-2 \u00b0C \/ +8 \u00b0C<\/td>\n<td>-22 \u00b0C \/ -18 \u00b0C<\/td>\n<\/tr>\n<tr>\n<td>Podnebni razred<\/td>\n<td>5<\/td>\n<td>5<\/td>\n<\/tr>\n<tr>\n<td>Neto bruto obseg<\/td>\n<td>Lt. 428 \/ 514<\/td>\n<td>Lt. 428 \/ 514<\/td>\n<\/tr>\n<tr>\n<td>Telo<\/td>\n<td>AISI 304 Nerjave\u010de jeklo<\/td>\n<td>AISI 304 Nerjave\u010de jeklo<\/td>\n<\/tr>\n<tr>\n<td>Notranji vlo\u017eek<\/td>\n<td>AISI 304 Nerjave\u010de jeklo<\/td>\n<td>AISI 304 Nerjave\u010de jeklo<\/td>\n<\/tr>\n<tr>\n<td>Termostat<\/td>\n<td>Elektronska stran<\/td>\n<td>Elektronska stran<\/td>\n<\/tr>\n<tr>\n<td>Raven hrupa<\/td>\n<td>dB 44<\/td>\n<td>dB 46<\/td>\n<\/tr>\n<tr>\n<td>Daljinski upravljalnik<\/td>\n<td>Izbirno<\/td>\n<td>Izbirno<\/td>\n<\/tr>\n<tr>\n<td>Debelina izolacije<\/td>\n<td>mm 73,5<\/td>\n<td>mm 73,5<\/td>\n<\/tr>\n<tr>\n<td>Odmrzovanje<\/td>\n<td>Samodejno z elektri\u010dnim grelnikom<\/td>\n<td>Samodejno z elektri\u010dnim grelnikom<\/td>\n<\/tr>\n<tr>\n<td>Hladilni sistem<\/td>\n<td>Stropni uparjalnik<\/td>\n<td>Stropni uparjalnik<\/td>\n<\/tr>\n<tr>\n<td>Razsvetljava<\/td>\n<td>Led<\/td>\n<td>Led<\/td>\n<\/tr>\n<tr>\n<td>Samodejno zapiranje vrat<\/td>\n<td>Mehko zapiranje<\/td>\n<td>Mehko zapiranje<\/td>\n<\/tr>\n<tr>\n<td>Zaklepanje in klju\u010d<\/td>\n<td>Da<\/td>\n<td>Da<\/td>\n<\/tr>\n<tr>\n<td>Reverzibilna vrata<\/td>\n<td>Da<\/td>\n<td>Da<\/td>\n<\/tr>\n<tr>\n<td>Police (WxD)<\/td>\n<td>\u0161t. 3 - mm 531 x 650 + \u0161t. 1 - mm 510 x 605<\/td>\n<td>\u0161t. 3 - mm 531 x 650 + \u0161t. 1 - mm 510 x 605<\/td>\n<\/tr>\n<tr>\n<td>Stopala<\/td>\n<td>4 noge<\/td>\n<td>4 noge<\/td>\n<\/tr>\n<tr>\n<td>Kole\u0161\u010dki<\/td>\n<td>Po \u017eelji - h mm 140<\/td>\n<td>Po \u017eelji - h mm 140<\/td>\n<\/tr>\n<tr>\n<td>Neto bruto te\u017ea<\/td>\n<td>Kg 106 \/ 122<\/td>\n<td>Kg 111 \/ 127<\/td>\n<\/tr>\n<tr>\n<td>Napetost<\/td>\n<td>V 220-240<\/td>\n<td>V 220-240<\/td>\n<\/tr>\n<tr>\n<td>Frekvenca<\/td>\n<td>Hz 50<\/td>\n<td>Hz 50<\/td>\n<\/tr>\n<tr>\n<td>Hladilno sredstvo<\/td>\n<td>R290<\/td>\n<td>R290<\/td>\n<\/tr>\n<tr>\n<td>Absorpcija<\/td>\n<td>W 220<\/td>\n<td>W 480<\/td>\n<\/tr>\n<tr>\n<td>Poraba energije<\/td>\n<td>KwH\/24H 1,070<\/td>\n<td>KwH\/24H 3,870<\/td>\n<\/tr>\n<\/tbody>\n<\/table>","protected":false},"excerpt":{"rendered":"<p>&nbsp; Product Description The AXF 710 TN is a ventilated stainless steel refrigerator with a temperature range of -2\u00b0C to +8\u00b0C. Built from AISI 304 stainless steel, it ensures hygiene and durability. Equipped with an electronic thermostat, soft-closing door, LED lighting, and automatic defrost, it\u2019s perfect for professional kitchens. Key features: Temperature: -2\u00b0C to +8\u00b0C [&hellip;]<\/p>\n","protected":false},"featured_media":12055,"comment_status":"open","ping_status":"closed","template":"","meta":[],"product_brand":[],"product_cat":[51],"product_tag":[],"class_list":{"0":"post-12052","1":"product","2":"type-product","3":"status-publish","4":"has-post-thumbnail","6":"product_cat-kitchen-catering-cooling","8":"first","9":"instock","10":"shipping-taxable","11":"product-type-simple"},"_links":{"self":[{"href":"https:\/\/dersuessestopp.com\/sl\/wp-json\/wp\/v2\/product\/12052","targetHints":{"allow":["GET"]}}],"collection":[{"href":"https:\/\/dersuessestopp.com\/sl\/wp-json\/wp\/v2\/product"}],"about":[{"href":"https:\/\/dersuessestopp.com\/sl\/wp-json\/wp\/v2\/types\/product"}],"replies":[{"embeddable":true,"href":"https:\/\/dersuessestopp.com\/sl\/wp-json\/wp\/v2\/comments?post=12052"}],"version-history":[{"count":1,"href":"https:\/\/dersuessestopp.com\/sl\/wp-json\/wp\/v2\/product\/12052\/revisions"}],"predecessor-version":[{"id":12056,"href":"https:\/\/dersuessestopp.com\/sl\/wp-json\/wp\/v2\/product\/12052\/revisions\/12056"}],"wp:featuredmedia":[{"embeddable":true,"href":"https:\/\/dersuessestopp.com\/sl\/wp-json\/wp\/v2\/media\/12055"}],"wp:attachment":[{"href":"https:\/\/dersuessestopp.com\/sl\/wp-json\/wp\/v2\/media?parent=12052"}],"wp:term":[{"taxonomy":"product_brand","embeddable":true,"href":"https:\/\/dersuessestopp.com\/sl\/wp-json\/wp\/v2\/product_brand?post=12052"},{"taxonomy":"product_cat","embeddable":true,"href":"https:\/\/dersuessestopp.com\/sl\/wp-json\/wp\/v2\/product_cat?post=12052"},{"taxonomy":"product_tag","embeddable":true,"href":"https:\/\/dersuessestopp.com\/sl\/wp-json\/wp\/v2\/product_tag?post=12052"}],"curies":[{"name":"wp","href":"https:\/\/api.w.org\/{rel}","templated":true}]}}