{"id":12043,"date":"2025-10-09T01:20:55","date_gmt":"2025-10-09T01:20:55","guid":{"rendered":"https:\/\/dersuessestopp.com\/?post_type=product&#038;p=12043"},"modified":"2025-10-09T01:20:55","modified_gmt":"2025-10-09T01:20:55","slug":"axf-700-tn","status":"publish","type":"product","link":"https:\/\/dersuessestopp.com\/sl\/product\/axf-700-tn\/","title":{"rendered":"AXF 700 TN"},"content":{"rendered":"<p>&nbsp;<\/p>\n<h2><img decoding=\"async\" src=\"https:\/\/customer.klimaitalia.it\/api\/file\/image\/6574\" \/><\/h2>\n<h2>Opis izdelka<\/h2>\n<p data-start=\"207\" data-end=\"702\">Spletna stran <strong data-start=\"211\" data-end=\"225\">AXF 700 TN<\/strong> je profesionalni <strong data-start=\"244\" data-end=\"295\">prezra\u010devana hladilna omara iz nerjavnega jekla<\/strong> zasnovan za komercialne kuhinje in gostinska okolja. Izdelan iz <strong data-start=\"367\" data-end=\"395\">AISI 304 nerjave\u010de jeklo<\/strong>, zagotavlja higieno, vzdr\u017eljivost in zanesljivo delovanje. Z <strong data-start=\"462\" data-end=\"499\">temperaturno obmo\u010dje od -2 \u00b0C do +8 \u00b0C<\/strong>, zagotavlja u\u010dinkovito in stabilno hlajenje pri shranjevanju \u017eivil. Zna\u010dilnosti vklju\u010dujejo <strong data-start=\"580\" data-end=\"605\">elektronski termostat<\/strong>, <strong data-start=\"607\" data-end=\"633\">Samodejna vrata z mehkim zapiranjem<\/strong>, <strong data-start=\"635\" data-end=\"651\">Osvetlitev LED<\/strong>, in <strong data-start=\"657\" data-end=\"678\">samodejno odmrzovanje<\/strong> za la\u017eje vzdr\u017eevanje.<\/p>\n<p data-start=\"704\" data-end=\"723\"><strong data-start=\"704\" data-end=\"721\">Klju\u010dne lastnosti:<\/strong><\/p>\n<ul data-start=\"724\" data-end=\"1095\">\n<li data-start=\"724\" data-end=\"763\">\n<p data-start=\"726\" data-end=\"763\"><strong data-start=\"726\" data-end=\"748\">Temperaturno obmo\u010dje:<\/strong> -2 \u00b0C do +8 \u00b0C<\/p>\n<\/li>\n<li data-start=\"764\" data-end=\"787\">\n<p data-start=\"766\" data-end=\"787\"><strong data-start=\"766\" data-end=\"779\">Zmogljivost:<\/strong> 427 L<\/p>\n<\/li>\n<li data-start=\"788\" data-end=\"838\">\n<p data-start=\"790\" data-end=\"838\"><strong data-start=\"790\" data-end=\"818\">AISI 304 nerjave\u010de jeklo<\/strong> karoserija in notranjost<\/p>\n<\/li>\n<li data-start=\"839\" data-end=\"880\">\n<p data-start=\"841\" data-end=\"880\"><strong data-start=\"841\" data-end=\"878\">Prezra\u010devalni stropni hladilni sistem<\/strong><\/p>\n<\/li>\n<li data-start=\"881\" data-end=\"915\">\n<p data-start=\"883\" data-end=\"915\"><strong data-start=\"883\" data-end=\"913\">Samodejno elektri\u010dno odmrzovanje<\/strong><\/p>\n<\/li>\n<li data-start=\"916\" data-end=\"963\">\n<p data-start=\"918\" data-end=\"963\"><strong data-start=\"918\" data-end=\"939\">Vrata z mehkim zapiranjem<\/strong> s spletno stranjo . <strong data-start=\"945\" data-end=\"961\">klju\u010davnica in klju\u010d<\/strong><\/p>\n<\/li>\n<li data-start=\"964\" data-end=\"1014\">\n<p data-start=\"966\" data-end=\"1014\"><strong data-start=\"966\" data-end=\"982\">Osvetlitev LED<\/strong>, <strong data-start=\"984\" data-end=\"1012\">Smart Link WiFi po izbiri<\/strong><\/p>\n<\/li>\n<li data-start=\"1015\" data-end=\"1055\">\n<p data-start=\"1017\" data-end=\"1055\"><strong data-start=\"1017\" data-end=\"1040\">Poraba energije:<\/strong> 1,54 kWh\/24h<\/p>\n<\/li>\n<li data-start=\"1056\" data-end=\"1095\">\n<p data-start=\"1058\" data-end=\"1095\"><strong data-start=\"1058\" data-end=\"1073\">Dimenzije:<\/strong> 740 \u00d7 830 \u00d7 2010 mm<\/p>\n<\/li>\n<\/ul>\n<h2>Tehni\u010dne specifikacije<\/h2>\n<table>\n<tbody>\n<tr>\n<td>Dimenzije mm<\/td>\n<td>AXF 700 TN<\/td>\n<td>AXF 700 TNG<\/td>\n<td>AXF 700 BT<\/td>\n<td>AXF 700 BTG<\/td>\n<\/tr>\n<tr>\n<td>Zunanje mere (\u0160xVxV)<\/td>\n<td>740 x 830 x 2010*<\/td>\n<td>740 x 830 x 2010*<\/td>\n<td>740 x 830 x 2010*<\/td>\n<td>680 x 845 x 2000*<\/td>\n<\/tr>\n<tr>\n<td>Dimenzije embala\u017ee (\u0160xVxV)<\/td>\n<td>765 x 855 x 2070<\/td>\n<td>765 x 855 x 2070<\/td>\n<td>765 x 855 x 2070<\/td>\n<td>710 x 875 x 2050<\/td>\n<\/tr>\n<tr>\n<td>\u0160irina<\/td>\n<td>624<\/td>\n<td>624<\/td>\n<td>624<\/td>\n<td>560<\/td>\n<\/tr>\n<tr>\n<td>Globina<\/td>\n<td>700<\/td>\n<td>700<\/td>\n<td>700<\/td>\n<td>680<\/td>\n<\/tr>\n<tr>\n<td>Vi\u0161ina<\/td>\n<td>1410<\/td>\n<td>1410<\/td>\n<td>1410<\/td>\n<td>1380<\/td>\n<\/tr>\n<tr>\n<td colspan=\"5\">Skupna vi\u0161ina enot vklju\u010duje noge, ki so prilagojene na najni\u017eji ravni vi\u0161ine.<\/td>\n<\/tr>\n<\/tbody>\n<\/table>\n<p>&nbsp;<\/p>\n<table>\n<tbody>\n<tr>\n<td>Tehni\u010dne lastnosti<\/td>\n<td>AXF 700 TN<\/td>\n<td>AXF 700 TNG<\/td>\n<td>AXF 700 BT<\/td>\n<td>AXF 700 BTG<\/td>\n<\/tr>\n<tr>\n<td>Temperaturno obmo\u010dje<\/td>\n<td>-2 \u00b0C \/ +8 \u00b0C<\/td>\n<td>+2 \u00b0C \/ +8 \u00b0C<\/td>\n<td>-22 \u00b0C \/ -18 \u00b0C<\/td>\n<td>-22 \u00b0C \/ -18 \u00b0C<\/td>\n<\/tr>\n<tr>\n<td>Podnebni razred<\/td>\n<td>5<\/td>\n<td>4<\/td>\n<td>4<\/td>\n<td>4<\/td>\n<\/tr>\n<tr>\n<td>Neto bruto obseg<\/td>\n<td>427 \/ 685<\/td>\n<td>Pora\u010dun 416 \/ 685<\/td>\n<td>427 \/ 685<\/td>\n<td>339 \/ 537<\/td>\n<\/tr>\n<tr>\n<td>Telo<\/td>\n<td colspan=\"2\">AISI 304 Nerjave\u010de jeklo<\/td>\n<td colspan=\"2\">AISI 304 Nerjave\u010de jeklo<\/td>\n<\/tr>\n<tr>\n<td>Vrata<\/td>\n<td>&#8211;<\/td>\n<td>Steklo<\/td>\n<td>&#8211;<\/td>\n<td>Steklo<\/td>\n<\/tr>\n<tr>\n<td>Notranji vlo\u017eek<\/td>\n<td colspan=\"2\">AISI 304 Nerjave\u010de jeklo<\/td>\n<td colspan=\"2\">AISI 304 Nerjave\u010de jeklo<\/td>\n<\/tr>\n<tr>\n<td>Termostat<\/td>\n<td colspan=\"2\">Elektronska stran<\/td>\n<td colspan=\"2\">Elektronska stran<\/td>\n<\/tr>\n<tr>\n<td>Raven hrupa<\/td>\n<td>dB 52<\/td>\n<td>dB 52<\/td>\n<td>dB 48<\/td>\n<td>dB 52<\/td>\n<\/tr>\n<tr>\n<td>Daljinski upravljalnik<\/td>\n<td>Izbirno<\/td>\n<td>Izbirno<\/td>\n<td>Izbirno<\/td>\n<td>Izbirno<\/td>\n<\/tr>\n<tr>\n<td>Debelina izolacije<\/td>\n<td>mm 60<\/td>\n<td>mm 60<\/td>\n<td>mm 60<\/td>\n<td>mm 60<\/td>\n<\/tr>\n<tr>\n<td>Odmrzovanje<\/td>\n<td colspan=\"2\">Samodejno z elektri\u010dnim grelnikom<\/td>\n<td colspan=\"2\">Samodejno z elektri\u010dnim grelnikom<\/td>\n<\/tr>\n<tr>\n<td>Hladilni sistem<\/td>\n<td colspan=\"2\">Stropni uparjalnik<\/td>\n<td colspan=\"2\">Stropni uparjalnik<\/td>\n<\/tr>\n<tr>\n<td>Razsvetljava<\/td>\n<td>Led 220 \/ 0,6 W<\/td>\n<td>Led 24V \/ 2,7 W<\/td>\n<td>Led 220 \/ 0,6 W<\/td>\n<td>Led 24V \/ 2,7 W<\/td>\n<\/tr>\n<tr>\n<td>Samodejno zapiranje vrat<\/td>\n<td colspan=\"2\">Mehko zapiranje<\/td>\n<td colspan=\"2\">Mehko zapiranje<\/td>\n<\/tr>\n<tr>\n<td>Zaklepanje in klju\u010d<\/td>\n<td>Da<\/td>\n<td>Da<\/td>\n<td>Da<\/td>\n<td>Da<\/td>\n<\/tr>\n<tr>\n<td>Reverzibilna vrata<\/td>\n<td>Da<\/td>\n<td>&#8211;<\/td>\n<td>Da<\/td>\n<td>&#8211;<\/td>\n<\/tr>\n<tr>\n<td>Police (WxD)<\/td>\n<td colspan=\"2\">\u0161t. 3 - mm 534 x 650 + \u0161t. 1 - mm 536 x 650<\/td>\n<td>\u0161t. 3 - mm 534 x 650 + \u0161t. 1 - mm 536 x 650<\/td>\n<td>\u0161t. 3 - mm 534 x 640 + \u0161t. 1 - mm 525 x 630<\/td>\n<\/tr>\n<tr>\n<td>Stopala<\/td>\n<td colspan=\"2\">4 noge<\/td>\n<td colspan=\"2\">4 noge<\/td>\n<\/tr>\n<tr>\n<td>Kole\u0161\u010dki<\/td>\n<td colspan=\"2\">Po \u017eelji - h mm 140<\/td>\n<td colspan=\"2\">Po \u017eelji - h mm 140<\/td>\n<\/tr>\n<tr>\n<td>Neto bruto te\u017ea<\/td>\n<td>Kg 134 \/ 143<\/td>\n<td>Kg 138 \/ 147<\/td>\n<td>Kg 138 \/ 147<\/td>\n<td>Kg 148 \/ 158<\/td>\n<\/tr>\n<tr>\n<td>Napetost<\/td>\n<td>V 220-240<\/td>\n<td>V 220-240<\/td>\n<td>V 220-240<\/td>\n<td>V 220-240<\/td>\n<\/tr>\n<tr>\n<td>Frekvenca<\/td>\n<td>Hz 50<\/td>\n<td>Hz 50<\/td>\n<td>Hz 50<\/td>\n<td>Hz 50<\/td>\n<\/tr>\n<tr>\n<td>Hladilno sredstvo<\/td>\n<td>R600 \/ R290<\/td>\n<td>R290<\/td>\n<td>R290<\/td>\n<td>R290<\/td>\n<\/tr>\n<tr>\n<td>Absorpcija<\/td>\n<td>W 250<\/td>\n<td>W 315<\/td>\n<td>W 500<\/td>\n<td>W 610<\/td>\n<\/tr>\n<tr>\n<td>Poraba energije<\/td>\n<td>KwH\/24H 1,536<\/td>\n<td>KwH\/24H 2,596<\/td>\n<td>KwH\/24H 6,57<\/td>\n<td>KwH\/24H 8,279<\/td>\n<\/tr>\n<\/tbody>\n<\/table>","protected":false},"excerpt":{"rendered":"<p>&nbsp; Product Description The AXF 700 TN is a professional ventilated stainless steel refrigerator cabinet designed for commercial kitchens and catering environments. Built from AISI 304 stainless steel, it ensures hygiene, durability, and reliable performance. With a temperature range of -2\u00b0C to +8\u00b0C, it provides efficient and stable cooling for food storage. Features include an [&hellip;]<\/p>\n","protected":false},"featured_media":12044,"comment_status":"open","ping_status":"closed","template":"","meta":[],"product_brand":[],"product_cat":[51],"product_tag":[],"class_list":{"0":"post-12043","1":"product","2":"type-product","3":"status-publish","4":"has-post-thumbnail","6":"product_cat-kitchen-catering-cooling","8":"first","9":"instock","10":"shipping-taxable","11":"product-type-simple"},"_links":{"self":[{"href":"https:\/\/dersuessestopp.com\/sl\/wp-json\/wp\/v2\/product\/12043","targetHints":{"allow":["GET"]}}],"collection":[{"href":"https:\/\/dersuessestopp.com\/sl\/wp-json\/wp\/v2\/product"}],"about":[{"href":"https:\/\/dersuessestopp.com\/sl\/wp-json\/wp\/v2\/types\/product"}],"replies":[{"embeddable":true,"href":"https:\/\/dersuessestopp.com\/sl\/wp-json\/wp\/v2\/comments?post=12043"}],"version-history":[{"count":1,"href":"https:\/\/dersuessestopp.com\/sl\/wp-json\/wp\/v2\/product\/12043\/revisions"}],"predecessor-version":[{"id":12048,"href":"https:\/\/dersuessestopp.com\/sl\/wp-json\/wp\/v2\/product\/12043\/revisions\/12048"}],"wp:featuredmedia":[{"embeddable":true,"href":"https:\/\/dersuessestopp.com\/sl\/wp-json\/wp\/v2\/media\/12044"}],"wp:attachment":[{"href":"https:\/\/dersuessestopp.com\/sl\/wp-json\/wp\/v2\/media?parent=12043"}],"wp:term":[{"taxonomy":"product_brand","embeddable":true,"href":"https:\/\/dersuessestopp.com\/sl\/wp-json\/wp\/v2\/product_brand?post=12043"},{"taxonomy":"product_cat","embeddable":true,"href":"https:\/\/dersuessestopp.com\/sl\/wp-json\/wp\/v2\/product_cat?post=12043"},{"taxonomy":"product_tag","embeddable":true,"href":"https:\/\/dersuessestopp.com\/sl\/wp-json\/wp\/v2\/product_tag?post=12043"}],"curies":[{"name":"wp","href":"https:\/\/api.w.org\/{rel}","templated":true}]}}