{"id":12039,"date":"2025-10-09T01:16:56","date_gmt":"2025-10-09T01:16:56","guid":{"rendered":"https:\/\/dersuessestopp.com\/?post_type=product&#038;p=12039"},"modified":"2025-10-09T01:16:56","modified_gmt":"2025-10-09T01:16:56","slug":"axf-800-bt","status":"publish","type":"product","link":"https:\/\/dersuessestopp.com\/sl\/product\/axf-800-bt\/","title":{"rendered":"AXF 800 BT"},"content":{"rendered":"<p>&nbsp;<\/p>\n<h2><img decoding=\"async\" src=\"https:\/\/customer.klimaitalia.it\/api\/file\/image\/2971\" \/><\/h2>\n<h2>Opis izdelka<\/h2>\n<p data-start=\"168\" data-end=\"577\">Spletna stran <strong data-start=\"172\" data-end=\"186\">AXF 800 BT<\/strong> je profesionalni <strong data-start=\"205\" data-end=\"243\">prezra\u010devana zamrzovalna skrinja iz nerjavnega jekla<\/strong> z <strong data-start=\"251\" data-end=\"290\">temperaturno obmo\u010dje od -22 \u00b0C do -18 \u00b0C<\/strong>. Zgrajen iz <strong data-start=\"303\" data-end=\"331\">AISI 304 nerjave\u010de jeklo<\/strong>, zagotavlja higieno, vzdr\u017eljivost in odli\u010dno delovanje. Ima <strong data-start=\"405\" data-end=\"430\">elektronski termostat<\/strong>, <strong data-start=\"432\" data-end=\"453\">vrata z mehkim zapiranjem<\/strong>, <strong data-start=\"455\" data-end=\"471\">Osvetlitev LED<\/strong>, in <strong data-start=\"477\" data-end=\"507\">samodejno elektri\u010dno odmrzovanje<\/strong>, je idealen za komercialne kuhinje, restavracije in gostinske obrate.<\/p>\n<p data-start=\"579\" data-end=\"598\"><strong data-start=\"579\" data-end=\"596\">Klju\u010dne lastnosti:<\/strong><\/p>\n<ul data-start=\"599\" data-end=\"908\">\n<li data-start=\"599\" data-end=\"634\">\n<p data-start=\"601\" data-end=\"634\">Temperatura: <strong data-start=\"614\" data-end=\"632\">-22 \u00b0C do -18 \u00b0C<\/strong><\/p>\n<\/li>\n<li data-start=\"635\" data-end=\"658\">\n<p data-start=\"637\" data-end=\"658\">Zmogljivost: <strong data-start=\"647\" data-end=\"656\">408 L<\/strong><\/p>\n<\/li>\n<li data-start=\"659\" data-end=\"709\">\n<p data-start=\"661\" data-end=\"709\"><strong data-start=\"661\" data-end=\"689\">AISI 304 nerjave\u010de jeklo<\/strong> karoserija in notranjost<\/p>\n<\/li>\n<li data-start=\"710\" data-end=\"744\">\n<p data-start=\"712\" data-end=\"744\"><strong data-start=\"712\" data-end=\"742\">Prezra\u010devani sistem za zamrzovanje<\/strong><\/p>\n<\/li>\n<li data-start=\"745\" data-end=\"779\">\n<p data-start=\"747\" data-end=\"779\"><strong data-start=\"747\" data-end=\"777\">Samodejno elektri\u010dno odmrzovanje<\/strong><\/p>\n<\/li>\n<li data-start=\"780\" data-end=\"819\">\n<p data-start=\"782\" data-end=\"819\"><strong data-start=\"782\" data-end=\"803\">Vrata z mehkim zapiranjem<\/strong> s spletno stranjo . <strong data-start=\"809\" data-end=\"817\">zaklepanje<\/strong><\/p>\n<\/li>\n<li data-start=\"820\" data-end=\"870\">\n<p data-start=\"822\" data-end=\"870\"><strong data-start=\"822\" data-end=\"838\">Osvetlitev LED<\/strong>, <strong data-start=\"840\" data-end=\"868\">Smart Link WiFi po izbiri<\/strong><\/p>\n<\/li>\n<li data-start=\"871\" data-end=\"908\">\n<p data-start=\"873\" data-end=\"908\">Dimenzije: <strong data-start=\"885\" data-end=\"908\">740 \u00d7 875 \u00d7 2090 mm<\/strong><\/p>\n<\/li>\n<\/ul>\n<h2>Tehni\u010dne specifikacije<\/h2>\n<p>&nbsp;<\/p>\n<table>\n<tbody>\n<tr>\n<td>Dimenzije mm<\/td>\n<td>AXF 800 TN<\/td>\n<td>AXF 800 BT<\/td>\n<\/tr>\n<tr>\n<td>Zunanje mere (\u0160xVxV)<\/td>\n<td>740 x 875 x 2090*<\/td>\n<td>740 x 875 x 2090*<\/td>\n<\/tr>\n<tr>\n<td>Dimenzije embala\u017ee (\u0160xVxV)<\/td>\n<td>760 x 905 x 2150<\/td>\n<td>760 x 905 x 2150<\/td>\n<\/tr>\n<tr>\n<td>\u0160irina<\/td>\n<td>533<\/td>\n<td>533<\/td>\n<\/tr>\n<tr>\n<td>Globina<\/td>\n<td>700<\/td>\n<td>700<\/td>\n<\/tr>\n<tr>\n<td>Vi\u0161ina<\/td>\n<td>1501<\/td>\n<td>1501<\/td>\n<\/tr>\n<tr>\n<td colspan=\"3\">Skupna vi\u0161ina enot vklju\u010duje noge, ki so prilagojene na najni\u017eji ravni vi\u0161ine.<\/td>\n<\/tr>\n<\/tbody>\n<\/table>\n<p>&nbsp;<\/p>\n<table>\n<tbody>\n<tr>\n<td>Tehni\u010dne lastnosti<\/td>\n<td>AXF 800 TN<\/td>\n<td>AXF 800 BT<\/td>\n<\/tr>\n<tr>\n<td>Temperaturno obmo\u010dje<\/td>\n<td>-2 \u00b0C \/ +8 \u00b0C<\/td>\n<td>-22 \u00b0C \/ -18 \u00b0C<\/td>\n<\/tr>\n<tr>\n<td>Podnebni razred<\/td>\n<td>5 (tropicalizzato)<\/td>\n<td>5 (tropicalizzato)<\/td>\n<\/tr>\n<tr>\n<td>Neto bruto obseg<\/td>\n<td>Plukovnik 408 \/ 560<\/td>\n<td>Plukovnik 408 \/ 560<\/td>\n<\/tr>\n<tr>\n<td>Telo<\/td>\n<td>AISI 304 Nerjave\u010de jeklo<\/td>\n<td>AISI 304 Nerjave\u010de jeklo<\/td>\n<\/tr>\n<tr>\n<td>Notranji vlo\u017eek<\/td>\n<td>AISI 304 Nerjave\u010de jeklo<\/td>\n<td>AISI 304 Nerjave\u010de jeklo<\/td>\n<\/tr>\n<tr>\n<td>Termostat<\/td>\n<td>Elektronska stran<\/td>\n<td>Elektronska stran<\/td>\n<\/tr>\n<tr>\n<td>Raven hrupa<\/td>\n<td>dB 38<\/td>\n<td>dB 38<\/td>\n<\/tr>\n<tr>\n<td>Daljinski upravljalnik<\/td>\n<td>Izbirno<\/td>\n<td>Izbirno<\/td>\n<\/tr>\n<tr>\n<td>Debelina izolacije<\/td>\n<td>mm 103,5<\/td>\n<td>mm 103,5<\/td>\n<\/tr>\n<tr>\n<td>Odmrzovanje<\/td>\n<td>Samodejni cikel kompresorja<\/td>\n<td>Samodejno z elektri\u010dnim grelnikom<\/td>\n<\/tr>\n<tr>\n<td>Hladilni sistem<\/td>\n<td>Stropni uparjalnik<\/td>\n<td>Stropni uparjalnik<\/td>\n<\/tr>\n<tr>\n<td>Razsvetljava<\/td>\n<td>Vodoravno<\/td>\n<td>Vodoravno<\/td>\n<\/tr>\n<tr>\n<td>Samodejno zapiranje vrat<\/td>\n<td>Mehko zapiranje<\/td>\n<td>Mehko zapiranje<\/td>\n<\/tr>\n<tr>\n<td>Zaklepanje in klju\u010d<\/td>\n<td>Da<\/td>\n<td>Da<\/td>\n<\/tr>\n<tr>\n<td>\u00a0Reverzibilna vrata<\/td>\n<td>Da<\/td>\n<td>Da<\/td>\n<\/tr>\n<tr>\n<td>Police (WxD)<\/td>\n<td>N\u00b03 - mm 530 x 650 + N\u00b01 - mm 510 x 605<\/td>\n<td>N\u00b03 - mm 530 x 650 + N\u00b01 - mm 510 x 605<\/td>\n<\/tr>\n<tr>\n<td>Stopala<\/td>\n<td>4 noge<\/td>\n<td>4 noge<\/td>\n<\/tr>\n<tr>\n<td>Kole\u0161\u010dki<\/td>\n<td>Po \u017eelji - h 140 mm<\/td>\n<td>Po \u017eelji - h 140 mm<\/td>\n<\/tr>\n<tr>\n<td>Neto bruto te\u017ea<\/td>\n<td>Kg 134 \/ 143<\/td>\n<td>Kg 138 \/ 147<\/td>\n<\/tr>\n<tr>\n<td>Napetost<\/td>\n<td>V 220<\/td>\n<td>V 220<\/td>\n<\/tr>\n<tr>\n<td>Frekvenca<\/td>\n<td>Hz 50<\/td>\n<td>Hz 50<\/td>\n<\/tr>\n<tr>\n<td>Hladilno sredstvo<\/td>\n<td>R600A<\/td>\n<td>R290A<\/td>\n<\/tr>\n<tr>\n<td>Absorpcija<\/td>\n<td>W 250<\/td>\n<td>W 380<\/td>\n<\/tr>\n<tr>\n<td>Poraba energije<\/td>\n<td>KwH\/24H 0,812<\/td>\n<td>KwH\/24H 2,62<\/td>\n<\/tr>\n<\/tbody>\n<\/table>","protected":false},"excerpt":{"rendered":"<p>&nbsp; Product Description The AXF 800 BT is a professional ventilated stainless steel freezer with a temperature range of -22\u00b0C to -18\u00b0C. Built from AISI 304 stainless steel, it ensures hygiene, durability, and excellent performance. Featuring an electronic thermostat, soft-closing door, LED lighting, and automatic electric defrost, it\u2019s ideal for commercial kitchens, restaurants, and catering [&hellip;]<\/p>\n","protected":false},"featured_media":12040,"comment_status":"open","ping_status":"closed","template":"","meta":[],"product_brand":[],"product_cat":[51],"product_tag":[],"class_list":{"0":"post-12039","1":"product","2":"type-product","3":"status-publish","4":"has-post-thumbnail","6":"product_cat-kitchen-catering-cooling","8":"first","9":"instock","10":"shipping-taxable","11":"product-type-simple"},"_links":{"self":[{"href":"https:\/\/dersuessestopp.com\/sl\/wp-json\/wp\/v2\/product\/12039","targetHints":{"allow":["GET"]}}],"collection":[{"href":"https:\/\/dersuessestopp.com\/sl\/wp-json\/wp\/v2\/product"}],"about":[{"href":"https:\/\/dersuessestopp.com\/sl\/wp-json\/wp\/v2\/types\/product"}],"replies":[{"embeddable":true,"href":"https:\/\/dersuessestopp.com\/sl\/wp-json\/wp\/v2\/comments?post=12039"}],"version-history":[{"count":1,"href":"https:\/\/dersuessestopp.com\/sl\/wp-json\/wp\/v2\/product\/12039\/revisions"}],"predecessor-version":[{"id":12041,"href":"https:\/\/dersuessestopp.com\/sl\/wp-json\/wp\/v2\/product\/12039\/revisions\/12041"}],"wp:featuredmedia":[{"embeddable":true,"href":"https:\/\/dersuessestopp.com\/sl\/wp-json\/wp\/v2\/media\/12040"}],"wp:attachment":[{"href":"https:\/\/dersuessestopp.com\/sl\/wp-json\/wp\/v2\/media?parent=12039"}],"wp:term":[{"taxonomy":"product_brand","embeddable":true,"href":"https:\/\/dersuessestopp.com\/sl\/wp-json\/wp\/v2\/product_brand?post=12039"},{"taxonomy":"product_cat","embeddable":true,"href":"https:\/\/dersuessestopp.com\/sl\/wp-json\/wp\/v2\/product_cat?post=12039"},{"taxonomy":"product_tag","embeddable":true,"href":"https:\/\/dersuessestopp.com\/sl\/wp-json\/wp\/v2\/product_tag?post=12039"}],"curies":[{"name":"wp","href":"https:\/\/api.w.org\/{rel}","templated":true}]}}