{"id":12028,"date":"2025-10-09T01:09:45","date_gmt":"2025-10-09T01:09:45","guid":{"rendered":"https:\/\/dersuessestopp.com\/?post_type=product&#038;p=12028"},"modified":"2025-10-09T01:09:45","modified_gmt":"2025-10-09T01:09:45","slug":"priblizno-05","status":"publish","type":"product","link":"https:\/\/dersuessestopp.com\/sl\/product\/abt-05\/","title":{"rendered":"ABT 05"},"content":{"rendered":"<p><img decoding=\"async\" src=\"https:\/\/customer.klimaitalia.it\/api\/file\/image\/3841\" \/><\/p>\n<p>&nbsp;<\/p>\n<h2>Opis izdelka<\/h2>\n<p data-start=\"199\" data-end=\"811\">Spletna stran <strong data-start=\"203\" data-end=\"213\">ABT 05<\/strong> je profesionalni <strong data-start=\"232\" data-end=\"261\">hitri hladilnik in zamrzovalnik<\/strong> zasnovan za hitro zni\u017eevanje temperature \u017eivil v komercialnih kuhinjah, pekarnah in gostinskih obratih. Izdelan iz visokokakovostnih <strong data-start=\"389\" data-end=\"417\">AISI 304 nerjave\u010de jeklo<\/strong>, zagotavlja higieno, vzdr\u017eljivost in zanesljivost. Z <strong data-start=\"475\" data-end=\"515\">temperaturno obmo\u010dje od -35 \u00b0C do +5 \u00b0C<\/strong>, hitro zni\u017ea temperaturo hrane s +70 \u00b0C na +3 \u00b0C v 90 minutah ali na -18 \u00b0C v 240 minutah. Spletna stran <strong data-start=\"617\" data-end=\"665\">elektronski termostat s 4 prednastavljenimi programi<\/strong> in <strong data-start=\"672\" data-end=\"701\">temperaturna sonda za izdelek<\/strong> omogo\u010dajo natan\u010den nadzor, medtem ko <strong data-start=\"735\" data-end=\"772\">protikorozijsko obdelan uparjalnik<\/strong> zagotavlja dolgotrajno delovanje.<\/p>\n<p data-start=\"813\" data-end=\"832\"><strong data-start=\"813\" data-end=\"830\">Klju\u010dne lastnosti:<\/strong><\/p>\n<ul data-start=\"833\" data-end=\"1349\">\n<li data-start=\"833\" data-end=\"873\">\n<p data-start=\"835\" data-end=\"873\"><strong data-start=\"835\" data-end=\"857\">Temperaturno obmo\u010dje:<\/strong> -35 \u00b0C do +5 \u00b0C<\/p>\n<\/li>\n<li data-start=\"874\" data-end=\"921\">\n<p data-start=\"876\" data-end=\"921\"><strong data-start=\"876\" data-end=\"889\">Zmogljivost:<\/strong> 5 pladnjev GN 1\/1 (400 \u00d7 600 mm)<\/p>\n<\/li>\n<li data-start=\"922\" data-end=\"981\">\n<p data-start=\"924\" data-end=\"981\"><strong data-start=\"924\" data-end=\"943\">Blast chilling:<\/strong> +70 \u00b0C do +3 \u00b0C v 90 minutah (18 kg)<\/p>\n<\/li>\n<li data-start=\"982\" data-end=\"1037\">\n<p data-start=\"984\" data-end=\"1037\"><strong data-start=\"984\" data-end=\"997\">Zamrzovanje:<\/strong> +70 \u00b0C do -18 \u00b0C v 240 minutah (14 kg)<\/p>\n<\/li>\n<li data-start=\"1038\" data-end=\"1092\">\n<p data-start=\"1040\" data-end=\"1092\"><strong data-start=\"1040\" data-end=\"1068\">AISI 304 nerjave\u010de jeklo<\/strong> notranjost in zunanjost<\/p>\n<\/li>\n<li data-start=\"1093\" data-end=\"1138\">\n<p data-start=\"1095\" data-end=\"1138\"><strong data-start=\"1095\" data-end=\"1136\">Elektronski termostat s 4 programi<\/strong><\/p>\n<\/li>\n<li data-start=\"1139\" data-end=\"1177\">\n<p data-start=\"1141\" data-end=\"1177\"><strong data-start=\"1141\" data-end=\"1175\">Temperaturna sonda za jedro izdelka<\/strong><\/p>\n<\/li>\n<li data-start=\"1178\" data-end=\"1227\">\n<p data-start=\"1180\" data-end=\"1227\"><strong data-start=\"1180\" data-end=\"1225\">Samodejni + ro\u010dni sistem za odmrzovanje z vro\u010dim plinom<\/strong><\/p>\n<\/li>\n<li data-start=\"1228\" data-end=\"1269\">\n<p data-start=\"1230\" data-end=\"1269\"><strong data-start=\"1230\" data-end=\"1267\">Protikorozijsko obdelan uparjalnik<\/strong><\/p>\n<\/li>\n<li data-start=\"1270\" data-end=\"1310\">\n<p data-start=\"1272\" data-end=\"1310\"><strong data-start=\"1272\" data-end=\"1288\">Hladilo:<\/strong> R290 (okolju prijazno)<\/p>\n<\/li>\n<li data-start=\"1311\" data-end=\"1349\">\n<p data-start=\"1313\" data-end=\"1349\"><strong data-start=\"1313\" data-end=\"1328\">Dimenzije:<\/strong> 800 \u00d7 877 \u00d7 840 mm<\/p>\n<\/li>\n<\/ul>\n<h2>Tehni\u010dne specifikacije<\/h2>\n<table>\n<tbody>\n<tr>\n<td>\u00a0Dimenzije mm<\/td>\n<td>ABT 05<\/td>\n<td>10 LET ZAPOREDOMA (ABT 10)<\/td>\n<\/tr>\n<tr>\n<td>Zunanje mere (\u0160xVxV)<\/td>\n<td>800 x 877 x 840*<\/td>\n<td>800 x 877 x 1665<\/td>\n<\/tr>\n<tr>\n<td>Dimenzije embala\u017ee (\u0160xVxV)<\/td>\n<td>870 x 955 x 1100<\/td>\n<td>870 x 955 x 1730<\/td>\n<\/tr>\n<tr>\n<td>\u0160irina<\/td>\n<td>440<\/td>\n<td>440<\/td>\n<\/tr>\n<tr>\n<td>Globina<\/td>\n<td>695<\/td>\n<td>695<\/td>\n<\/tr>\n<tr>\n<td>Vi\u0161ina<\/td>\n<td>370<\/td>\n<td>870<\/td>\n<\/tr>\n<tr>\n<td colspan=\"3\">Skupna vi\u0161ina enot vklju\u010duje noge, ki so prilagojene na najni\u017eji ravni vi\u0161ine.<\/td>\n<\/tr>\n<\/tbody>\n<\/table>\n<p>&nbsp;<\/p>\n<table>\n<tbody>\n<tr>\n<td>Tehni\u010dne lastnosti<\/td>\n<td>ABT 05<\/td>\n<td>10 LET ZAPOREDOMA (ABT 10)<\/td>\n<\/tr>\n<tr>\n<td>Temperaturno obmo\u010dje<\/td>\n<td>-35 \u00b0C \/ +5 \u00b0C<\/td>\n<td>-35 \u00b0C \/ +5 \u00b0C<\/td>\n<\/tr>\n<tr>\n<td>Podnebni razred<\/td>\n<td>5<\/td>\n<td>5<\/td>\n<\/tr>\n<tr>\n<td>Neto bruto obseg<\/td>\n<td>102 \/ 156<\/td>\n<td>240 \/ 368 EUR<\/td>\n<\/tr>\n<tr>\n<td>Telo<\/td>\n<td>AISI 304 Nerjave\u010de jeklo<\/td>\n<td>AISI 304 Nerjave\u010de jeklo<\/td>\n<\/tr>\n<tr>\n<td>Notranji vlo\u017eek, vklju\u010den pokrov uparjalnika<\/td>\n<td>AISI 304 Nerjave\u010de jeklo<\/td>\n<td>AISI 304 Nerjave\u010de jeklo<\/td>\n<\/tr>\n<tr>\n<td>Termostat<\/td>\n<td>Elektronska stran<\/td>\n<td>Elektronska stran<\/td>\n<\/tr>\n<tr>\n<td>Raven hrupa<\/td>\n<td>dB 60<\/td>\n<td>dB 60<\/td>\n<\/tr>\n<tr>\n<td>Debelina izolacije<\/td>\n<td>mm 70<\/td>\n<td>mm 70<\/td>\n<\/tr>\n<tr>\n<td>Odmrzovanje<\/td>\n<td>Samodejno s sistemom vro\u010dega plina + ro\u010dno<\/td>\n<td>Samodejno s sistemom vro\u010dega plina + ro\u010dno<\/td>\n<\/tr>\n<tr>\n<td>\u010cas hitrega ohlajanja od 70 \u00b0C do +3 \u00b0C<\/td>\n<td>minute<\/td>\n<td>minute<\/td>\n<\/tr>\n<tr>\n<td>\u010cas hitrega ohlajanja od 70 \u00b0C do -18 \u00b0C<\/td>\n<td>minute<\/td>\n<td>minute<\/td>\n<\/tr>\n<tr>\n<td>Posode (niso vklju\u010dene) - Zmogljivost in mere (\u0160xV)<\/td>\n<td>ponve<\/td>\n<td>ponve<\/td>\n<\/tr>\n<tr>\n<td>Stopala<\/td>\n<td>4 noge<\/td>\n<td>4 noge<\/td>\n<\/tr>\n<tr>\n<td>Kole\u0161\u010dki<\/td>\n<td>Izbirno<\/td>\n<td>Izbirno<\/td>\n<\/tr>\n<tr>\n<td>Neto bruto te\u017ea<\/td>\n<td>Kg 105 \/ 138<\/td>\n<td>Kg 150 \/ 190<\/td>\n<\/tr>\n<tr>\n<td>Napetost<\/td>\n<td>V 220<\/td>\n<td>V 220<\/td>\n<\/tr>\n<tr>\n<td>Frekvenca<\/td>\n<td>Hz 50<\/td>\n<td>Hz 50<\/td>\n<\/tr>\n<tr>\n<td>Hladilno sredstvo<\/td>\n<td>R290<\/td>\n<td>R290<\/td>\n<\/tr>\n<tr>\n<td>Absorpcija<\/td>\n<td>W 720<\/td>\n<td>W 900<\/td>\n<\/tr>\n<\/tbody>\n<\/table>","protected":false},"excerpt":{"rendered":"<p>&nbsp; Product Description The ABT 05 is a professional blast chiller and freezer designed for rapid food temperature reduction in commercial kitchens, bakeries, and catering operations. Built from high-grade AISI 304 stainless steel, it ensures hygiene, durability, and reliability. With a temperature range from -35\u00b0C to +5\u00b0C, it quickly lowers food temperature from +70\u00b0C to [&hellip;]<\/p>\n","protected":false},"featured_media":12031,"comment_status":"open","ping_status":"closed","template":"","meta":[],"product_brand":[],"product_cat":[51],"product_tag":[],"class_list":{"0":"post-12028","1":"product","2":"type-product","3":"status-publish","4":"has-post-thumbnail","6":"product_cat-kitchen-catering-cooling","8":"first","9":"instock","10":"shipping-taxable","11":"product-type-simple"},"_links":{"self":[{"href":"https:\/\/dersuessestopp.com\/sl\/wp-json\/wp\/v2\/product\/12028","targetHints":{"allow":["GET"]}}],"collection":[{"href":"https:\/\/dersuessestopp.com\/sl\/wp-json\/wp\/v2\/product"}],"about":[{"href":"https:\/\/dersuessestopp.com\/sl\/wp-json\/wp\/v2\/types\/product"}],"replies":[{"embeddable":true,"href":"https:\/\/dersuessestopp.com\/sl\/wp-json\/wp\/v2\/comments?post=12028"}],"version-history":[{"count":1,"href":"https:\/\/dersuessestopp.com\/sl\/wp-json\/wp\/v2\/product\/12028\/revisions"}],"predecessor-version":[{"id":12032,"href":"https:\/\/dersuessestopp.com\/sl\/wp-json\/wp\/v2\/product\/12028\/revisions\/12032"}],"wp:featuredmedia":[{"embeddable":true,"href":"https:\/\/dersuessestopp.com\/sl\/wp-json\/wp\/v2\/media\/12031"}],"wp:attachment":[{"href":"https:\/\/dersuessestopp.com\/sl\/wp-json\/wp\/v2\/media?parent=12028"}],"wp:term":[{"taxonomy":"product_brand","embeddable":true,"href":"https:\/\/dersuessestopp.com\/sl\/wp-json\/wp\/v2\/product_brand?post=12028"},{"taxonomy":"product_cat","embeddable":true,"href":"https:\/\/dersuessestopp.com\/sl\/wp-json\/wp\/v2\/product_cat?post=12028"},{"taxonomy":"product_tag","embeddable":true,"href":"https:\/\/dersuessestopp.com\/sl\/wp-json\/wp\/v2\/product_tag?post=12028"}],"curies":[{"name":"wp","href":"https:\/\/api.w.org\/{rel}","templated":true}]}}