{"id":12016,"date":"2025-10-09T00:54:21","date_gmt":"2025-10-09T00:54:21","guid":{"rendered":"https:\/\/dersuessestopp.com\/?post_type=product&#038;p=12016"},"modified":"2025-10-09T00:54:21","modified_gmt":"2025-10-09T00:54:21","slug":"priblizno-03-vrh","status":"publish","type":"product","link":"https:\/\/dersuessestopp.com\/sl\/product\/abt-03-top\/","title":{"rendered":"ABT 03 TOP"},"content":{"rendered":"<p><img decoding=\"async\" src=\"https:\/\/customer.klimaitalia.it\/api\/file\/image\/5036\" \/><\/p>\n<h2>Opis izdelka<\/h2>\n<p data-start=\"240\" data-end=\"787\">Spletna stran <strong data-start=\"244\" data-end=\"258\">ABT 03 TOP<\/strong> je profesionalni <strong data-start=\"277\" data-end=\"294\">hladilno napravo za peskanje<\/strong> zasnovan za hitro hlajenje in zamrzovanje v komercialnih kuhinjah, pekarnah in gostinskih lokalih. Izdelan iz <strong data-start=\"407\" data-end=\"435\">AISI 304 nerjave\u010de jeklo<\/strong>, zagotavlja trajnost, higieno in enostavno \u010di\u0161\u010denje. Z <strong data-start=\"498\" data-end=\"538\">temperaturno obmo\u010dje od -35 \u00b0C do +5 \u00b0C<\/strong>, u\u010dinkovito zni\u017ea temperaturo jedra \u017eivila s +70 \u00b0C na +3 \u00b0C v 90 minutah ali na -18 \u00b0C v 240 minutah. Spletna stran <strong data-start=\"650\" data-end=\"675\">elektronski termostat<\/strong> zagotavlja natan\u010den nadzor, medtem ko <strong data-start=\"714\" data-end=\"751\">protikorozijsko obdelan uparjalnik<\/strong> zagotavlja dolgotrajno delovanje.<\/p>\n<p data-start=\"789\" data-end=\"808\"><strong data-start=\"789\" data-end=\"806\">Klju\u010dne lastnosti:<\/strong><\/p>\n<ul data-start=\"809\" data-end=\"1255\">\n<li data-start=\"809\" data-end=\"849\">\n<p data-start=\"811\" data-end=\"849\"><strong data-start=\"811\" data-end=\"833\">Temperaturno obmo\u010dje:<\/strong> -35 \u00b0C do +5 \u00b0C<\/p>\n<\/li>\n<li data-start=\"850\" data-end=\"894\">\n<p data-start=\"852\" data-end=\"894\"><strong data-start=\"852\" data-end=\"865\">Zmogljivost:<\/strong> 3 ponve GN 2\/3 (354\u00d7325 mm)<\/p>\n<\/li>\n<li data-start=\"895\" data-end=\"953\">\n<p data-start=\"897\" data-end=\"953\"><strong data-start=\"897\" data-end=\"916\">Blast chilling:<\/strong> +70 \u00b0C do +3 \u00b0C v 90 minutah (8 kg)<\/p>\n<\/li>\n<li data-start=\"954\" data-end=\"1008\">\n<p data-start=\"956\" data-end=\"1008\"><strong data-start=\"956\" data-end=\"969\">Zamrzovanje:<\/strong> +70 \u00b0C do -18 \u00b0C v 240 minutah (5 kg)<\/p>\n<\/li>\n<li data-start=\"1009\" data-end=\"1059\">\n<p data-start=\"1011\" data-end=\"1059\"><strong data-start=\"1011\" data-end=\"1039\">AISI 304 nerjave\u010de jeklo<\/strong> karoserija in notranjost<\/p>\n<\/li>\n<li data-start=\"1060\" data-end=\"1109\">\n<p data-start=\"1062\" data-end=\"1109\"><strong data-start=\"1062\" data-end=\"1087\">Elektronski termostat<\/strong> za natan\u010den nadzor<\/p>\n<\/li>\n<li data-start=\"1110\" data-end=\"1151\">\n<p data-start=\"1112\" data-end=\"1151\"><strong data-start=\"1112\" data-end=\"1149\">Protikorozijsko obdelan uparjalnik<\/strong><\/p>\n<\/li>\n<li data-start=\"1152\" data-end=\"1174\">\n<p data-start=\"1154\" data-end=\"1174\"><strong data-start=\"1154\" data-end=\"1172\">Ro\u010dno odmrzovanje<\/strong><\/p>\n<\/li>\n<li data-start=\"1175\" data-end=\"1216\">\n<p data-start=\"1177\" data-end=\"1216\"><strong data-start=\"1177\" data-end=\"1214\">Energetsko u\u010dinkovito hladilno sredstvo R290<\/strong><\/p>\n<\/li>\n<li data-start=\"1217\" data-end=\"1255\">\n<p data-start=\"1219\" data-end=\"1255\"><strong data-start=\"1219\" data-end=\"1234\">Dimenzije:<\/strong> 660 \u00d7 650 \u00d7 430 mm<\/p>\n<\/li>\n<\/ul>\n<h2>Tehni\u010dne specifikacije<\/h2>\n<table>\n<tbody>\n<tr>\n<td>\u00a0Dimenzije mm<\/td>\n<td>ABT 03 TOP<\/td>\n<\/tr>\n<tr>\n<td>Zunanje mere (\u0160xVxV)<\/td>\n<td>660 x 650 x 430<\/td>\n<\/tr>\n<tr>\n<td>Dimenzije embala\u017ee (\u0160xVxV)<\/td>\n<td>730 x 740 x 580<\/td>\n<\/tr>\n<tr>\n<td>\u0160irina<\/td>\n<td>340<\/td>\n<\/tr>\n<tr>\n<td>Globina<\/td>\n<td>510<\/td>\n<\/tr>\n<tr>\n<td>Vi\u0161ina<\/td>\n<td>270<\/td>\n<\/tr>\n<\/tbody>\n<\/table>\n<p>&nbsp;<\/p>\n<table>\n<tbody>\n<tr>\n<td>Tehni\u010dne lastnosti<\/td>\n<td>ABT 03 TOP<\/td>\n<\/tr>\n<tr>\n<td>Temperaturno obmo\u010dje<\/td>\n<td>-35 \u00b0C \/ +5 \u00b0C<\/td>\n<\/tr>\n<tr>\n<td>Podnebni razred<\/td>\n<td>5<\/td>\n<\/tr>\n<tr>\n<td>Neto bruto obseg<\/td>\n<td>30 \/ 33 funtov<\/td>\n<\/tr>\n<tr>\n<td>Telo<\/td>\n<td>AISI 304 Nerjave\u010de jeklo<\/td>\n<\/tr>\n<tr>\n<td>Notranji vlo\u017eek, vklju\u010den pokrov uparjalnika<\/td>\n<td>AISI 304 Nerjave\u010de jeklo<\/td>\n<\/tr>\n<tr>\n<td>Termostat<\/td>\n<td>Elektronska stran<\/td>\n<\/tr>\n<tr>\n<td>Raven hrupa<\/td>\n<td>dB 42<\/td>\n<\/tr>\n<tr>\n<td>Debelina izolacije<\/td>\n<td>mm 60<\/td>\n<\/tr>\n<tr>\n<td>Odmrzovanje<\/td>\n<td>Priro\u010dnik<\/td>\n<\/tr>\n<tr>\n<td>\u010cas hitrega ohlajanja od 70 \u00b0C do +3 \u00b0C<\/td>\n<td>minute<\/td>\n<\/tr>\n<tr>\n<td>\u010cas hitrega ohlajanja od 70 \u00b0C do -18 \u00b0C<\/td>\n<td>minute<\/td>\n<\/tr>\n<tr>\n<td>Zmogljivost in mere (\u0160xV) - Posode (niso vklju\u010dene)<\/td>\n<td>ponve<\/td>\n<\/tr>\n<tr>\n<td>\u00a0Kolesca - stopala<\/td>\n<td>4 noge<\/td>\n<\/tr>\n<tr>\n<td>Neto bruto te\u017ea<\/td>\n<td>Kg 42 \/ 52<\/td>\n<\/tr>\n<tr>\n<td>Napetost<\/td>\n<td>V 220<\/td>\n<\/tr>\n<tr>\n<td>Frekvenca<\/td>\n<td>Hz 50<\/td>\n<\/tr>\n<tr>\n<td>Hladilno sredstvo<\/td>\n<td>R290<\/td>\n<\/tr>\n<tr>\n<td>Absorpcija<\/td>\n<td>W 500<\/td>\n<\/tr>\n<\/tbody>\n<\/table>","protected":false},"excerpt":{"rendered":"<p>Product Description The ABT 03 TOP is a professional blast chiller designed for rapid cooling and freezing in commercial kitchens, bakeries, and catering environments. Built from AISI 304 stainless steel, it ensures durability, hygiene, and ease of cleaning. With a temperature range from -35\u00b0C to +5\u00b0C, it efficiently reduces food core temperature from +70\u00b0C to [&hellip;]<\/p>\n","protected":false},"featured_media":12017,"comment_status":"open","ping_status":"closed","template":"","meta":[],"product_brand":[],"product_cat":[51],"product_tag":[],"class_list":{"0":"post-12016","1":"product","2":"type-product","3":"status-publish","4":"has-post-thumbnail","6":"product_cat-kitchen-catering-cooling","8":"first","9":"instock","10":"shipping-taxable","11":"product-type-simple"},"_links":{"self":[{"href":"https:\/\/dersuessestopp.com\/sl\/wp-json\/wp\/v2\/product\/12016","targetHints":{"allow":["GET"]}}],"collection":[{"href":"https:\/\/dersuessestopp.com\/sl\/wp-json\/wp\/v2\/product"}],"about":[{"href":"https:\/\/dersuessestopp.com\/sl\/wp-json\/wp\/v2\/types\/product"}],"replies":[{"embeddable":true,"href":"https:\/\/dersuessestopp.com\/sl\/wp-json\/wp\/v2\/comments?post=12016"}],"version-history":[{"count":1,"href":"https:\/\/dersuessestopp.com\/sl\/wp-json\/wp\/v2\/product\/12016\/revisions"}],"predecessor-version":[{"id":12018,"href":"https:\/\/dersuessestopp.com\/sl\/wp-json\/wp\/v2\/product\/12016\/revisions\/12018"}],"wp:featuredmedia":[{"embeddable":true,"href":"https:\/\/dersuessestopp.com\/sl\/wp-json\/wp\/v2\/media\/12017"}],"wp:attachment":[{"href":"https:\/\/dersuessestopp.com\/sl\/wp-json\/wp\/v2\/media?parent=12016"}],"wp:term":[{"taxonomy":"product_brand","embeddable":true,"href":"https:\/\/dersuessestopp.com\/sl\/wp-json\/wp\/v2\/product_brand?post=12016"},{"taxonomy":"product_cat","embeddable":true,"href":"https:\/\/dersuessestopp.com\/sl\/wp-json\/wp\/v2\/product_cat?post=12016"},{"taxonomy":"product_tag","embeddable":true,"href":"https:\/\/dersuessestopp.com\/sl\/wp-json\/wp\/v2\/product_tag?post=12016"}],"curies":[{"name":"wp","href":"https:\/\/api.w.org\/{rel}","templated":true}]}}