{"id":10739,"date":"2025-09-29T15:01:22","date_gmt":"2025-09-29T15:01:22","guid":{"rendered":"https:\/\/dersuessestopp.com\/?post_type=product&#038;p=10739"},"modified":"2025-09-29T15:01:42","modified_gmt":"2025-09-29T15:01:42","slug":"cl-372-proti","status":"publish","type":"product","link":"https:\/\/dersuessestopp.com\/sl\/product\/cl-372-vs\/","title":{"rendered":"CL 372 VS"},"content":{"rendered":"<p>Visikolektor za stati\u010dne pija\u010de z me\u0161alnikom<\/p>","protected":false},"excerpt":{"rendered":"<p>Visokotla\u010dni hladilnik za stati\u010dne pija\u010de z me\u0161alnikom ENERGETSKI RAZRED<\/p>","protected":false},"featured_media":10785,"comment_status":"open","ping_status":"closed","template":"","meta":[],"product_brand":[],"product_cat":[100],"product_tag":[],"class_list":{"0":"post-10739","1":"product","2":"type-product","3":"status-publish","4":"has-post-thumbnail","6":"product_cat-display-fridges-visicoolers","8":"first","9":"instock","10":"shipping-taxable","11":"purchasable","12":"product-type-simple"},"_links":{"self":[{"href":"https:\/\/dersuessestopp.com\/sl\/wp-json\/wp\/v2\/product\/10739","targetHints":{"allow":["GET"]}}],"collection":[{"href":"https:\/\/dersuessestopp.com\/sl\/wp-json\/wp\/v2\/product"}],"about":[{"href":"https:\/\/dersuessestopp.com\/sl\/wp-json\/wp\/v2\/types\/product"}],"replies":[{"embeddable":true,"href":"https:\/\/dersuessestopp.com\/sl\/wp-json\/wp\/v2\/comments?post=10739"}],"version-history":[{"count":1,"href":"https:\/\/dersuessestopp.com\/sl\/wp-json\/wp\/v2\/product\/10739\/revisions"}],"predecessor-version":[{"id":10786,"href":"https:\/\/dersuessestopp.com\/sl\/wp-json\/wp\/v2\/product\/10739\/revisions\/10786"}],"wp:featuredmedia":[{"embeddable":true,"href":"https:\/\/dersuessestopp.com\/sl\/wp-json\/wp\/v2\/media\/10785"}],"wp:attachment":[{"href":"https:\/\/dersuessestopp.com\/sl\/wp-json\/wp\/v2\/media?parent=10739"}],"wp:term":[{"taxonomy":"product_brand","embeddable":true,"href":"https:\/\/dersuessestopp.com\/sl\/wp-json\/wp\/v2\/product_brand?post=10739"},{"taxonomy":"product_cat","embeddable":true,"href":"https:\/\/dersuessestopp.com\/sl\/wp-json\/wp\/v2\/product_cat?post=10739"},{"taxonomy":"product_tag","embeddable":true,"href":"https:\/\/dersuessestopp.com\/sl\/wp-json\/wp\/v2\/product_tag?post=10739"}],"curies":[{"name":"wp","href":"https:\/\/api.w.org\/{rel}","templated":true}]}}