{"id":10539,"date":"2025-09-29T15:00:17","date_gmt":"2025-09-29T15:00:17","guid":{"rendered":"https:\/\/dersuessestopp.com\/?post_type=product&#038;p=10539"},"modified":"2025-10-08T19:40:24","modified_gmt":"2025-10-08T19:40:24","slug":"cw-160-g2tb","status":"publish","type":"product","link":"https:\/\/dersuessestopp.com\/sl\/product\/cw-160-g2tb\/","title":{"rendered":"CW 160 G2TB"},"content":{"rendered":"<p><img fetchpriority=\"high\" decoding=\"async\" class=\"alignnone wp-image-11654 size-full\" src=\"https:\/\/dersuessestopp.com\/wp-content\/uploads\/2025\/09\/cw160g1tb.jpg\" alt=\"\" width=\"2000\" height=\"600\" srcset=\"https:\/\/dersuessestopp.com\/wp-content\/uploads\/2025\/09\/cw160g1tb.jpg 2000w, https:\/\/dersuessestopp.com\/wp-content\/uploads\/2025\/09\/cw160g1tb-300x90.jpg 300w, https:\/\/dersuessestopp.com\/wp-content\/uploads\/2025\/09\/cw160g1tb-1024x307.jpg 1024w, https:\/\/dersuessestopp.com\/wp-content\/uploads\/2025\/09\/cw160g1tb-768x230.jpg 768w, https:\/\/dersuessestopp.com\/wp-content\/uploads\/2025\/09\/cw160g1tb-1536x461.jpg 1536w, https:\/\/dersuessestopp.com\/wp-content\/uploads\/2025\/09\/cw160g1tb-250x75.jpg 250w, https:\/\/dersuessestopp.com\/wp-content\/uploads\/2025\/09\/cw160g1tb-600x180.jpg 600w\" sizes=\"(max-width: 2000px) 100vw, 2000px\" \/><\/p>\n<p data-start=\"209\" data-end=\"506\">Spletna stran <strong data-start=\"213\" data-end=\"228\">CW 160 G2TB<\/strong> je vrhunski dvostopenjski hladilnik za vino, zasnovan za prave vinske navdu\u0161ence in profesionalce, ki cenijo slog in natan\u010dnost. Njegov <strong data-start=\"357\" data-end=\"392\">polna \u010drna steklena vrata brez okvirja<\/strong>, <strong data-start=\"394\" data-end=\"433\">Elegantne drsne kovinske police v obliki \u010drke Z<\/strong>, in <strong data-start=\"439\" data-end=\"455\">Osvetlitev LED<\/strong> je osupljiv dodatek k vsakemu sodobnemu prostoru.<\/p>\n<p data-start=\"508\" data-end=\"710\">S spletno stranjo <strong data-start=\"513\" data-end=\"546\">neodvisna temperaturna obmo\u010dja<\/strong>, CW 160 G2TB omogo\u010da popolne pogoje za shranjevanje tako rde\u010dih kot belih vin - tako bo vsaka steklenica ohranjena in pripravljena za postre\u017ebo pri svoji idealni temperaturi.<\/p>\n<h4 data-start=\"712\" data-end=\"733\"><strong data-start=\"717\" data-end=\"733\">Klju\u010dne lastnosti<\/strong><\/h4>\n<ul data-start=\"734\" data-end=\"1207\">\n<li data-start=\"734\" data-end=\"811\">\n<p data-start=\"736\" data-end=\"811\"><strong data-start=\"736\" data-end=\"769\">Dvoobmo\u010dni nadzor temperature<\/strong> z elektronskim termostatom z zaslonom na dotik<\/p>\n<\/li>\n<li data-start=\"812\" data-end=\"879\">\n<p data-start=\"814\" data-end=\"879\"><strong data-start=\"814\" data-end=\"847\">Drsne kovinske police v obliki \u010drke Z<\/strong> z gladkim izvlekom predalov<\/p>\n<\/li>\n<li data-start=\"880\" data-end=\"931\">\n<p data-start=\"882\" data-end=\"931\"><strong data-start=\"882\" data-end=\"906\">Enakomerno kro\u017eenje zraka<\/strong> z aksialnim ventilatorskim hlajenjem<\/p>\n<\/li>\n<li data-start=\"932\" data-end=\"978\">\n<p data-start=\"934\" data-end=\"978\"><strong data-start=\"934\" data-end=\"955\">Samodejno odmrzovanje<\/strong> za enostavno vzdr\u017eevanje<\/p>\n<\/li>\n<li data-start=\"979\" data-end=\"1055\">\n<p data-start=\"981\" data-end=\"1055\"><strong data-start=\"981\" data-end=\"1021\">Vertikalna in horizontalna osvetlitev LED<\/strong> za elegantno predstavitev steklenic<\/p>\n<\/li>\n<li data-start=\"1056\" data-end=\"1136\">\n<p data-start=\"1058\" data-end=\"1136\"><strong data-start=\"1058\" data-end=\"1093\">Obratna steklena vrata brez okvirja<\/strong> s spletno stranjo . <strong data-start=\"1099\" data-end=\"1115\">klju\u010davnica in klju\u010d<\/strong> za ve\u010djo varnost<\/p>\n<\/li>\n<li data-start=\"1137\" data-end=\"1207\">\n<p data-start=\"1139\" data-end=\"1207\"><strong data-start=\"1139\" data-end=\"1180\">Trpe\u017eno predbarvano antikorozijsko ohi\u0161je<\/strong> s spletno stranjo . <strong data-start=\"1186\" data-end=\"1205\">notranja obloga ABS<\/strong><\/p>\n<\/li>\n<\/ul>\n<p data-start=\"1209\" data-end=\"1375\">CW 160 G2TB zdru\u017euje prefinjeno obliko in napredno tehnologijo hlajenja - popolna re\u0161itev za profesionalno shranjevanje vina ali vrhunsko doma\u010do zbirko.<\/p>\n<table cellspacing=\"0\">\n<tbody>\n<tr>\n<td bgcolor=\"#FFFFFF\">\n<p class=\"s7\">\u00a0Dimenzije mm<\/p>\n<\/td>\n<td bgcolor=\"#FFFFFF\">\n<p class=\"s7\"><span dir=\"auto\">CW 160 G1TB<\/span><\/p>\n<\/td>\n<td bgcolor=\"#FFFFFF\">\n<p class=\"s7\"><span dir=\"auto\">CW 160 G2TB<\/span><\/p>\n<\/td>\n<\/tr>\n<tr>\n<td>\n<p class=\"s13\">\u00a0Zunanje mere (\u0160xVxV)<\/p>\n<\/td>\n<td>\n<p class=\"s13\">595 x 700 x 1604<\/p>\n<\/td>\n<td>\n<p class=\"s13\"><span dir=\"auto\">595 x 700 x 1604<\/span><\/p>\n<\/td>\n<\/tr>\n<tr>\n<td>\n<p class=\"s13\"><span dir=\"auto\">Dimenzije embala\u017ee (\u00a0<\/span><span dir=\"auto\">\u0160xVxV)<\/span><\/p>\n<\/td>\n<td>\n<p class=\"s13\">645 x 770 x 1796<\/p>\n<\/td>\n<td>\n<p class=\"s13\"><span dir=\"auto\">645 x 770 x 1796<\/span><\/p>\n<\/td>\n<\/tr>\n<tr>\n<td>\n<p class=\"s13\"><span dir=\"auto\">\u00a0<\/span><span dir=\"auto\">\u0160irina<\/span><\/p>\n<\/td>\n<td>\n<p class=\"s13\">500<\/p>\n<\/td>\n<td>\n<p class=\"s13\"><span dir=\"auto\">500<\/span><\/p>\n<\/td>\n<\/tr>\n<tr>\n<td>\n<p class=\"s13\"><span dir=\"auto\">\u00a0<\/span><span dir=\"auto\">Globina<\/span><\/p>\n<\/td>\n<td>\n<p class=\"s13\">540<\/p>\n<\/td>\n<td>\n<p class=\"s13\"><span dir=\"auto\">540<\/span><\/p>\n<\/td>\n<\/tr>\n<tr>\n<td>\n<p class=\"s13\"><span dir=\"auto\">\u00a0<\/span><span dir=\"auto\">Vi\u0161ina<\/span><\/p>\n<\/td>\n<td>\n<p class=\"s13\">1425<\/p>\n<\/td>\n<td>\n<p class=\"s13\"><span dir=\"auto\">1425<\/span><\/p>\n<\/td>\n<\/tr>\n<tr>\n<td>\n<p class=\"s13\"><span dir=\"auto\">\u00a0<\/span><span dir=\"auto\">Min. Globina<\/span><\/p>\n<\/td>\n<td>\n<p class=\"s13\">380<\/p>\n<\/td>\n<td>\n<p class=\"s13\"><span dir=\"auto\">380<\/span><\/p>\n<\/td>\n<\/tr>\n<tr>\n<td>\n<p class=\"s13\"><span dir=\"auto\">\u00a0<\/span><span dir=\"auto\">Min. Vi\u0161ina<\/span><\/p>\n<\/td>\n<td>\n<p class=\"s13\">1215<\/p>\n<\/td>\n<td>\n<p class=\"s13\"><span dir=\"auto\">1215<\/span><\/p>\n<\/td>\n<\/tr>\n<tr>\n<td>\n<p class=\"s13\"><span dir=\"auto\">Stran\u00a0<\/span><span dir=\"auto\">Nalepka<\/span><\/p>\n<\/td>\n<td>\n<p class=\"s13\">648 x 1585<\/p>\n<\/td>\n<td>\n<p class=\"s13\"><span dir=\"auto\">648 x 1585<\/span><\/p>\n<\/td>\n<\/tr>\n<tr>\n<td>\n<p class=\"s13\"><span dir=\"auto\">Steklena nalepka<\/span><\/p>\n<\/td>\n<td>\n<p class=\"s13\">462 x 1340<\/p>\n<\/td>\n<td>\n<p class=\"s13\"><span dir=\"auto\">462 x 1340<\/span><\/p>\n<\/td>\n<\/tr>\n<\/tbody>\n<\/table>\n<p>&nbsp;<\/p>\n<table cellspacing=\"0\">\n<tbody>\n<tr>\n<td bgcolor=\"#FFFFFF\">\n<p class=\"s7\"><span dir=\"auto\">Tehni\u010dne lastnosti<\/span><\/p>\n<\/td>\n<td bgcolor=\"#FFFFFF\">\n<p class=\"s15\"><span dir=\"auto\">\u00a0\u00a0\u00a0\u00a0\u00a0\u00a0\u00a0\u00a0 CW 160 G1TB \u00a0\u00a0\u00a0\u00a0\u00a0\u00a0\u00a0\u00a0\u00a0\u00a0\u00a0\u00a0\u00a0\u00a0\u00a0\u00a0\u00a0\u00a0\u00a0<\/span><\/p>\n<\/td>\n<td bgcolor=\"#FFFFFF\">\n<p class=\"s15\">CW 160 G2TB<\/p>\n<\/td>\n<\/tr>\n<tr>\n<td>\n<p class=\"s13\">\u00a0Temperaturno obmo\u010dje<\/p>\n<\/td>\n<td>\n<p class=\"s13\">+2 \u00b0C \/ +20 \u00b0C<\/p>\n<\/td>\n<td>\n<p class=\"s13\">+2 \u00b0C \/ +12 \u00b0C | +12 \u00b0C \/ +20 \u00b0C<\/p>\n<\/td>\n<\/tr>\n<tr>\n<td>\n<p class=\"s13\"><span dir=\"auto\">Podnebje\u00a0<\/span><span dir=\"auto\">Razred<\/span><\/p>\n<\/td>\n<td>\n<p class=\"s13\">N-ST<\/p>\n<\/td>\n<td>\n<p class=\"s13\"><span dir=\"auto\">N-ST<\/span><\/p>\n<\/td>\n<\/tr>\n<tr>\n<td>\n<p class=\"s13\">\u00a0Neto bruto obseg<\/p>\n<\/td>\n<td>\n<p class=\"s13\">Pona\u0161alec 358 \/ 375<\/p>\n<\/td>\n<td>\n<p class=\"s13\">Plukovnik 350 \/ 373<\/p>\n<\/td>\n<\/tr>\n<tr>\n<td>\n<p class=\"s13\"><span dir=\"auto\">Zunanja povr\u0161ina telesa<\/span><\/p>\n<\/td>\n<td>\n<p class=\"s13\"><span dir=\"auto\">Predbarvana plo\u010devina <\/span><span dir=\"auto\">s protikorozijsko obdelavo<\/span><\/p>\n<\/td>\n<td>\n<p class=\"s13\"><span dir=\"auto\">Predbarvana plo\u010devina <\/span><span dir=\"auto\">s protikorozijsko obdelavo<\/span><\/p>\n<\/td>\n<\/tr>\n<tr>\n<td>\n<p class=\"s13\"><span dir=\"auto\">Porta\u00a0<\/span><span dir=\"auto\">Vrata<\/span><\/p>\n<\/td>\n<td>\n<p class=\"s13\"><span dir=\"auto\">\u010crna\u00a0<\/span><span dir=\"auto\">polno steklo<\/span><\/p>\n<\/td>\n<td>\n<p class=\"s13\"><span dir=\"auto\">\u010crna\u00a0<\/span><span dir=\"auto\">polno steklo<\/span><\/p>\n<\/td>\n<\/tr>\n<tr>\n<td>\n<p class=\"s13\"><span dir=\"auto\">Notranji\u00a0<\/span><span dir=\"auto\">Podloga<\/span><\/p>\n<\/td>\n<td>\n<p class=\"s13\"><span dir=\"auto\">ABS<\/span><\/p>\n<\/td>\n<td>\n<p class=\"s13\"><span dir=\"auto\">ABS<\/span><\/p>\n<\/td>\n<\/tr>\n<tr>\n<td>\n<p class=\"s13\"><span dir=\"auto\">Termostat\u00a0<\/span><span dir=\"auto\">Termostat<\/span><\/p>\n<\/td>\n<td>\n<p class=\"s13\">\u00a0Elektronski zaslon na dotik<\/p>\n<\/td>\n<td>\n<p class=\"s13\"><span dir=\"auto\">\u00a0<\/span><span dir=\"auto\">Elektronska stran\u00a0<\/span><span dir=\"auto\">Zaslon na dotik<\/span><\/p>\n<\/td>\n<\/tr>\n<tr>\n<td>\n<p class=\"s13\"><span dir=\"auto\">Hrup\u00a0<\/span><span dir=\"auto\">raven<\/span><\/p>\n<\/td>\n<td>\n<p class=\"s13\">dB 38<\/p>\n<\/td>\n<td>\n<p class=\"s13\"><span dir=\"auto\">dB 38<\/span><\/p>\n<\/td>\n<\/tr>\n<tr>\n<td>\n<p class=\"s13\">\u00a0Debelina izolacije<\/p>\n<\/td>\n<td>\n<p class=\"s13\">mm 55<\/p>\n<\/td>\n<td>\n<p class=\"s13\"><span dir=\"auto\">mm 55<\/span><\/p>\n<\/td>\n<\/tr>\n<tr>\n<td>\n<p class=\"s13\"><span dir=\"auto\">Odmrzovanje\u00a0<\/span><span dir=\"auto\">Odmrzovanje<\/span><\/p>\n<\/td>\n<td>\n<p class=\"s13\"><span dir=\"auto\">Avtomatski kompresor\u00a0<\/span><span dir=\"auto\">cikel<\/span><\/p>\n<\/td>\n<td>\n<p class=\"s13\"><span dir=\"auto\">Avtomatski kompresor\u00a0<\/span><span dir=\"auto\">cikel<\/span><\/p>\n<\/td>\n<\/tr>\n<tr>\n<td>\n<p class=\"s13\"><span dir=\"auto\">Razsvetljava<\/span><span dir=\"auto\">\u200b<\/span><\/p>\n<\/td>\n<td>\n<p class=\"s13\"><span dir=\"auto\">LED diode: 2 navpi\u010dni + 1 vodoravna<\/span><\/p>\n<\/td>\n<td>\n<p class=\"s13\"><span dir=\"auto\">LED diode: 2 navpi\u010dni + 2 vodoravni<\/span><\/p>\n<\/td>\n<\/tr>\n<tr>\n<td>\n<p class=\"s13\"><span dir=\"auto\">Obojestranski\u00a0<\/span><span dir=\"auto\">vrata<\/span><\/p>\n<\/td>\n<td>\n<p class=\"s13\"><span dir=\"auto\">Da<\/span><span dir=\"auto\">\u200b<\/span><\/p>\n<\/td>\n<td>\n<p class=\"s13\"><span dir=\"auto\">Da<\/span><span dir=\"auto\">\u200b<\/span><\/p>\n<\/td>\n<\/tr>\n<tr>\n<td>\n<p class=\"s13\"><span dir=\"auto\">Zaklepanje\u00a0<\/span><span dir=\"auto\">in klju\u010d<\/span><\/p>\n<\/td>\n<td>\n<p class=\"s13\"><span dir=\"auto\">Da<\/span><span dir=\"auto\">\u200b<\/span><\/p>\n<\/td>\n<td>\n<p class=\"s13\"><span dir=\"auto\">Da<\/span><span dir=\"auto\">\u200b<\/span><\/p>\n<\/td>\n<\/tr>\n<tr>\n<td>\n<p class=\"s13\"><span dir=\"auto\">Z\u00a0<\/span><span dir=\"auto\">-drsne police (\u0160xV)<\/span><\/p>\n<\/td>\n<td>\n<p class=\"s13\">N\u00b0 9 - mm 452 x 535<\/p>\n<p class=\"s13\">N\u00b0 1 - mm 452 x 380<\/p>\n<\/td>\n<td>\n<p class=\"s13\">N\u00b0 8 - mm 452 x 535<\/p>\n<p class=\"s13\"><span dir=\"auto\">N\u00b0 1 - mm 452 x 380<\/span><\/p>\n<\/td>\n<\/tr>\n<tr>\n<td>\n<p class=\"s13\"><span dir=\"auto\">Kole\u0161\u010dki\u00a0<\/span><span dir=\"auto\">-Feet<\/span><\/p>\n<\/td>\n<td>\n<p class=\"s13\"><span dir=\"auto\">4 noge<\/span><\/p>\n<\/td>\n<td>\n<p class=\"s13\"><span dir=\"auto\">4 noge<\/span><\/p>\n<\/td>\n<\/tr>\n<tr>\n<td>\n<p class=\"s13\"><span dir=\"auto\">Neto -\u00a0<\/span><span dir=\"auto\">Bruto te\u017ea<\/span><\/p>\n<\/td>\n<td>\n<p class=\"s13\">Kg 87 \/ 93<\/p>\n<\/td>\n<td>\n<p class=\"s13\">Kg 89 \/ 95<\/p>\n<\/td>\n<\/tr>\n<tr>\n<td>\n<p class=\"s13\"><span dir=\"auto\">Napetost<\/span><span dir=\"auto\">\u200b<\/span><\/p>\n<\/td>\n<td>\n<p class=\"s13\"><span dir=\"auto\">V 220<\/span><\/p>\n<\/td>\n<td>\n<p class=\"s13\"><span dir=\"auto\">V 220<\/span><\/p>\n<\/td>\n<\/tr>\n<tr>\n<td>\n<p class=\"s13\"><span dir=\"auto\">Frekvenca<\/span><span dir=\"auto\">\u200b<\/span><\/p>\n<\/td>\n<td>\n<p class=\"s13\">Hz 50<\/p>\n<\/td>\n<td>\n<p class=\"s13\"><span dir=\"auto\">Hz 50<\/span><\/p>\n<\/td>\n<\/tr>\n<tr>\n<td>\n<p class=\"s13\"><span dir=\"auto\">Hladilo \/\u00a0<\/span><span dir=\"auto\">Hladilno sredstvo<\/span><\/p>\n<\/td>\n<td>\n<p class=\"s13\">R600A<\/p>\n<\/td>\n<td>\n<p class=\"s13\"><span dir=\"auto\">R600A<\/span><\/p>\n<\/td>\n<\/tr>\n<tr>\n<td>\n<p class=\"s13\"><span dir=\"auto\">Absorpcija<\/span><span dir=\"auto\">\u200b<\/span><\/p>\n<\/td>\n<td>\n<p class=\"s13\"><span dir=\"auto\">V 130<\/span><\/p>\n<\/td>\n<td>\n<p class=\"s13\"><span dir=\"auto\">V 130<\/span><\/p>\n<\/td>\n<\/tr>\n<tr>\n<td>\n<p class=\"s13\"><span dir=\"auto\">Energija\u00a0<\/span><span dir=\"auto\">Poraba<\/span><\/p>\n<\/td>\n<td>\n<p class=\"s13\"><span dir=\"auto\">KwH\/24H 0,395<\/span><\/p>\n<\/td>\n<td>\n<p class=\"s13\"><span dir=\"auto\">KwH\/24H 0,385<\/span><\/p>\n<\/td>\n<\/tr>\n<\/tbody>\n<\/table>","protected":false},"excerpt":{"rendered":"<p>Prezra\u010devani hladilnik za vino z dvojnim temperaturnim obmo\u010djem ENERGETSKI RAZRED<\/p>","protected":false},"featured_media":10583,"comment_status":"open","ping_status":"closed","template":"","meta":[],"product_brand":[],"product_cat":[49],"product_tag":[],"class_list":{"0":"post-10539","1":"product","2":"type-product","3":"status-publish","4":"has-post-thumbnail","6":"product_cat-wine-fridges","8":"first","9":"instock","10":"shipping-taxable","11":"purchasable","12":"product-type-simple"},"_links":{"self":[{"href":"https:\/\/dersuessestopp.com\/sl\/wp-json\/wp\/v2\/product\/10539","targetHints":{"allow":["GET"]}}],"collection":[{"href":"https:\/\/dersuessestopp.com\/sl\/wp-json\/wp\/v2\/product"}],"about":[{"href":"https:\/\/dersuessestopp.com\/sl\/wp-json\/wp\/v2\/types\/product"}],"replies":[{"embeddable":true,"href":"https:\/\/dersuessestopp.com\/sl\/wp-json\/wp\/v2\/comments?post=10539"}],"version-history":[{"count":3,"href":"https:\/\/dersuessestopp.com\/sl\/wp-json\/wp\/v2\/product\/10539\/revisions"}],"predecessor-version":[{"id":11658,"href":"https:\/\/dersuessestopp.com\/sl\/wp-json\/wp\/v2\/product\/10539\/revisions\/11658"}],"wp:featuredmedia":[{"embeddable":true,"href":"https:\/\/dersuessestopp.com\/sl\/wp-json\/wp\/v2\/media\/10583"}],"wp:attachment":[{"href":"https:\/\/dersuessestopp.com\/sl\/wp-json\/wp\/v2\/media?parent=10539"}],"wp:term":[{"taxonomy":"product_brand","embeddable":true,"href":"https:\/\/dersuessestopp.com\/sl\/wp-json\/wp\/v2\/product_brand?post=10539"},{"taxonomy":"product_cat","embeddable":true,"href":"https:\/\/dersuessestopp.com\/sl\/wp-json\/wp\/v2\/product_cat?post=10539"},{"taxonomy":"product_tag","embeddable":true,"href":"https:\/\/dersuessestopp.com\/sl\/wp-json\/wp\/v2\/product_tag?post=10539"}],"curies":[{"name":"wp","href":"https:\/\/api.w.org\/{rel}","templated":true}]}}