{"id":10536,"date":"2025-09-29T15:00:17","date_gmt":"2025-09-29T15:00:17","guid":{"rendered":"https:\/\/dersuessestopp.com\/?post_type=product&#038;p=10536"},"modified":"2025-10-08T20:32:03","modified_gmt":"2025-10-08T20:32:03","slug":"cw-355-g3tb","status":"publish","type":"product","link":"https:\/\/dersuessestopp.com\/sl\/product\/cw-355-g3tb\/","title":{"rendered":"CW 355 G3TB"},"content":{"rendered":"<p data-start=\"229\" data-end=\"615\"><img fetchpriority=\"high\" decoding=\"async\" class=\"alignnone wp-image-11668 size-full\" src=\"https:\/\/dersuessestopp.com\/wp-content\/uploads\/2025\/09\/CW355-G2TB_CW-355-G3TB_CW-355-G4TB-Dettagli.jpg\" alt=\"\" width=\"2000\" height=\"600\" srcset=\"https:\/\/dersuessestopp.com\/wp-content\/uploads\/2025\/09\/CW355-G2TB_CW-355-G3TB_CW-355-G4TB-Dettagli.jpg 2000w, https:\/\/dersuessestopp.com\/wp-content\/uploads\/2025\/09\/CW355-G2TB_CW-355-G3TB_CW-355-G4TB-Dettagli-300x90.jpg 300w, https:\/\/dersuessestopp.com\/wp-content\/uploads\/2025\/09\/CW355-G2TB_CW-355-G3TB_CW-355-G4TB-Dettagli-1024x307.jpg 1024w, https:\/\/dersuessestopp.com\/wp-content\/uploads\/2025\/09\/CW355-G2TB_CW-355-G3TB_CW-355-G4TB-Dettagli-768x230.jpg 768w, https:\/\/dersuessestopp.com\/wp-content\/uploads\/2025\/09\/CW355-G2TB_CW-355-G3TB_CW-355-G4TB-Dettagli-1536x461.jpg 1536w, https:\/\/dersuessestopp.com\/wp-content\/uploads\/2025\/09\/CW355-G2TB_CW-355-G3TB_CW-355-G4TB-Dettagli-250x75.jpg 250w, https:\/\/dersuessestopp.com\/wp-content\/uploads\/2025\/09\/CW355-G2TB_CW-355-G3TB_CW-355-G4TB-Dettagli-600x180.jpg 600w\" sizes=\"(max-width: 2000px) 100vw, 2000px\" \/><\/p>\n<p data-start=\"229\" data-end=\"615\">Spletna stran <strong data-start=\"233\" data-end=\"248\">CW 355 G3TB<\/strong> je profesionalni hladilnik za vino z dvojnimi vrati, ki zdru\u017euje <strong data-start=\"312\" data-end=\"330\">velika zmogljivost<\/strong>, <strong data-start=\"332\" data-end=\"349\">sodobno oblikovanje<\/strong>, in <strong data-start=\"355\" data-end=\"386\">natan\u010den nadzor temperature<\/strong> na spletni strani . <strong data-start=\"394\" data-end=\"421\">tri neodvisna obmo\u010dja<\/strong>. Z <strong data-start=\"430\" data-end=\"467\">brez okvirja s polnim \u010drnim steklom<\/strong>, <strong data-start=\"469\" data-end=\"502\">Drsne kovinske police v obliki \u010drke Z<\/strong>, in <strong data-start=\"508\" data-end=\"532\">elegantna osvetlitev LED<\/strong>, zagotavlja slog in vrhunsko zmogljivost za zahtevne vinske navdu\u0161ence.<\/p>\n<p data-start=\"617\" data-end=\"981\">Zasnovan za optimalno ohranjanje <strong data-start=\"656\" data-end=\"732\">tri temperaturna obmo\u010dja (+2\u00b0C do +12\u00b0C \/ +12\u00b0C do +20\u00b0C \/ +2\u00b0C do +20\u00b0C)<\/strong> omogo\u010dajo shranjevanje razli\u010dnih vrst vina - od hrustljavih belih do bogatih rde\u010dih - v idealnih pogojih. Spletna stran <strong data-start=\"839\" data-end=\"866\">termostat z zaslonom na dotik<\/strong>, <strong data-start=\"868\" data-end=\"889\">hlajenje z aksialnim ventilatorjem<\/strong>, in <strong data-start=\"895\" data-end=\"923\">sistem samodejnega odmrzovanja<\/strong> zagotavlja stalno temperaturo in brezskrbno delovanje.<\/p>\n<p data-start=\"983\" data-end=\"1002\"><strong data-start=\"983\" data-end=\"1000\">Klju\u010dne lastnosti:<\/strong><\/p>\n<ul data-start=\"1003\" data-end=\"1434\">\n<li data-start=\"1003\" data-end=\"1087\">\n<p data-start=\"1005\" data-end=\"1087\">Tristezni nadzor temperature (+2 \u00b0C do +12 \u00b0C \/ +12 \u00b0C do +20 \u00b0C \/ +2 \u00b0C do +20 \u00b0C)<\/p>\n<\/li>\n<li data-start=\"1088\" data-end=\"1148\">\n<p data-start=\"1090\" data-end=\"1148\">Zasnova z dvema vratoma in elektronskim termostatom z zaslonom na dotik<\/p>\n<\/li>\n<li data-start=\"1149\" data-end=\"1205\">\n<p data-start=\"1151\" data-end=\"1205\">Drsne kovinske police v obliki \u010drke Z z izvle\u010dnim predalom<\/p>\n<\/li>\n<li data-start=\"1206\" data-end=\"1249\">\n<p data-start=\"1208\" data-end=\"1249\">Enakomerna porazdelitev zraka z aksialnimi ventilatorji<\/p>\n<\/li>\n<li data-start=\"1250\" data-end=\"1278\">\n<p data-start=\"1252\" data-end=\"1278\">Sistem samodejnega odmrzovanja<\/p>\n<\/li>\n<li data-start=\"1279\" data-end=\"1323\">\n<p data-start=\"1281\" data-end=\"1323\">LED osvetlitev (4 navpi\u010dne + 3 vodoravne)<\/p>\n<\/li>\n<li data-start=\"1324\" data-end=\"1378\">\n<p data-start=\"1326\" data-end=\"1378\">Obra\u010dljiva steklena vrata brez okvirja s klju\u010davnico in klju\u010dem<\/p>\n<\/li>\n<li data-start=\"1379\" data-end=\"1434\">\n<p data-start=\"1381\" data-end=\"1434\">Predbarvano antikorozijsko ohi\u0161je z notranjo oblogo iz ABS<\/p>\n<\/li>\n<\/ul>\n<p data-start=\"1436\" data-end=\"1618\">Prefinjen, vsestranski in zmogljiv - <strong data-start=\"1475\" data-end=\"1490\">CW 355 G3TB<\/strong> je idealen za profesionalno shranjevanje vina, restavracije ali strastne zbiratelje, ki i\u0161\u010dejo natan\u010dnost in eleganco v vsaki podrobnosti.<\/p>\n<table cellspacing=\"0\">\n<tbody>\n<tr>\n<td bgcolor=\"#FFFFFF\">\n<p class=\"s7\"><span dir=\"auto\">Dimenzije mm<\/span><\/p>\n<\/td>\n<td bgcolor=\"#FFFFFF\">\n<p class=\"s7\"><span dir=\"auto\">CW 355 G2TB<\/span><\/p>\n<\/td>\n<td bgcolor=\"#FFFFFF\">\n<p class=\"s7\"><span dir=\"auto\">CW 355 G3TB<\/span><\/p>\n<\/td>\n<td bgcolor=\"#FFFFFF\">\n<p class=\"s7\"><span dir=\"auto\">CW 355 G4TB<\/span><\/p>\n<\/td>\n<\/tr>\n<tr>\n<td>\n<p class=\"s8\"><span dir=\"auto\">Zunanje dimenzije (\u00a0<\/span><span dir=\"auto\">\u0160xVxV)<\/span><\/p>\n<\/td>\n<td>\n<p class=\"s8\"><span dir=\"auto\">1210 x 700 x 1804<\/span><\/p>\n<\/td>\n<td>\n<p class=\"s8\"><span dir=\"auto\">1210 x 700 x 1804<\/span><\/p>\n<\/td>\n<td>\n<p class=\"s8\"><span dir=\"auto\">1210 x 700 x 1804<\/span><\/p>\n<\/td>\n<\/tr>\n<tr>\n<td>\n<p class=\"s8\"><span dir=\"auto\">Pakiranje<\/span><span dir=\"auto\">\u00a0Dimenzije (\u0160xGxV) Monta\u017eni komplet (\u0160xGxV)\u00a0<\/span><span dir=\"auto\">)<\/span><\/p>\n<\/td>\n<td>\n<p class=\"s8\"><span dir=\"auto\">(2x) 645 x 770 x 1996<\/span><\/p>\n<p class=\"s8\"><span dir=\"auto\">1200 x 300 x 300<\/span><\/p>\n<\/td>\n<td>\n<p class=\"s8\"><span dir=\"auto\">(2x) 645 x 770 x 1996<\/span><\/p>\n<p class=\"s8\"><span dir=\"auto\">1200 x 300 x 300<\/span><\/p>\n<\/td>\n<td>\n<p class=\"s8\"><span dir=\"auto\">(2x) 645 x 770 x 1996<\/span><\/p>\n<p class=\"s8\"><span dir=\"auto\">1200 x 300 x 300<\/span><\/p>\n<\/td>\n<\/tr>\n<tr>\n<td>\n<p class=\"s8\"><span dir=\"auto\">\u0160irina<\/span><\/p>\n<\/td>\n<td>\n<p class=\"s8\"><span dir=\"auto\">500 + 500<\/span><\/p>\n<\/td>\n<td>\n<p class=\"s8\"><span dir=\"auto\">500 + 500<\/span><\/p>\n<\/td>\n<td>\n<p class=\"s8\"><span dir=\"auto\">500 + 500<\/span><\/p>\n<\/td>\n<\/tr>\n<tr>\n<td>\n<p class=\"s8\"><span dir=\"auto\">Globina<\/span><\/p>\n<\/td>\n<td>\n<p class=\"s8\"><span dir=\"auto\">540<\/span><\/p>\n<\/td>\n<td>\n<p class=\"s8\"><span dir=\"auto\">540<\/span><\/p>\n<\/td>\n<td>\n<p class=\"s8\"><span dir=\"auto\">540<\/span><\/p>\n<\/td>\n<\/tr>\n<tr>\n<td>\n<p class=\"s8\"><span dir=\"auto\">\u00a0<\/span><span dir=\"auto\">Vi\u0161ina<\/span><\/p>\n<\/td>\n<td>\n<p class=\"s8\"><span dir=\"auto\">1630<\/span><\/p>\n<\/td>\n<td>\n<p class=\"s8\"><span dir=\"auto\">1630<\/span><\/p>\n<\/td>\n<td>\n<p class=\"s8\"><span dir=\"auto\">1630<\/span><\/p>\n<\/td>\n<\/tr>\n<tr>\n<td>\n<p class=\"s8\"><span dir=\"auto\">\u00a0<\/span><span dir=\"auto\">Min. Globina<\/span><\/p>\n<\/td>\n<td>\n<p class=\"s8\"><span dir=\"auto\">380<\/span><\/p>\n<\/td>\n<td>\n<p class=\"s8\"><span dir=\"auto\">380<\/span><\/p>\n<\/td>\n<td>\n<p class=\"s8\"><span dir=\"auto\">380<\/span><\/p>\n<\/td>\n<\/tr>\n<tr>\n<td>\n<p class=\"s8\"><span dir=\"auto\">\u00a0<\/span><span dir=\"auto\">Min. Vi\u0161ina<\/span><\/p>\n<\/td>\n<td>\n<p class=\"s8\"><span dir=\"auto\">1420<\/span><\/p>\n<\/td>\n<td>\n<p class=\"s8\"><span dir=\"auto\">1420<\/span><\/p>\n<\/td>\n<td>\n<p class=\"s8\"><span dir=\"auto\">1420<\/span><\/p>\n<\/td>\n<\/tr>\n<tr>\n<td>\n<p class=\"s8\"><span dir=\"auto\">Stran\u00a0<\/span><span dir=\"auto\">Nalepka<\/span><\/p>\n<\/td>\n<td>\n<p class=\"s8\"><span dir=\"auto\">648 x 1785<\/span><\/p>\n<\/td>\n<td>\n<p class=\"s8\"><span dir=\"auto\">648 x 1785<\/span><\/p>\n<\/td>\n<td>\n<p class=\"s8\"><span dir=\"auto\">648 x 1785<\/span><\/p>\n<\/td>\n<\/tr>\n<tr>\n<td>\n<p class=\"s8\"><span dir=\"auto\">Steklena nalepka<\/span><\/p>\n<\/td>\n<td>\n<p class=\"s8\"><span dir=\"auto\">(2x) 462 x 1540<\/span><\/p>\n<\/td>\n<td>\n<p class=\"s8\"><span dir=\"auto\">(2x) 462 x 1540<\/span><\/p>\n<\/td>\n<td>\n<p class=\"s8\"><span dir=\"auto\">(2x) 462 x 1540<\/span><\/p>\n<\/td>\n<\/tr>\n<\/tbody>\n<\/table>\n<p>&nbsp;<\/p>\n<table style=\"height: 1406px;\" width=\"1348\" cellspacing=\"0\">\n<tbody>\n<tr>\n<td bgcolor=\"#FFFFFF\">\n<p class=\"s7\"><span dir=\"auto\">Tehni\u010dne lastnosti<\/span><\/p>\n<\/td>\n<td bgcolor=\"#FFFFFF\">\n<p class=\"s7\"><span dir=\"auto\">CW 355 G2TB<\/span><\/p>\n<\/td>\n<td bgcolor=\"#FFFFFF\">\n<p class=\"s7\"><span dir=\"auto\">CW 355 G3TB<\/span><\/p>\n<\/td>\n<td bgcolor=\"#FFFFFF\">\n<p class=\"s7\"><span dir=\"auto\">CW 355 G4TB<\/span><\/p>\n<\/td>\n<\/tr>\n<tr>\n<td>\n<p class=\"s8\"><span dir=\"auto\">\u00a0<\/span><span dir=\"auto\">Temperaturno obmo\u010dje<\/span><\/p>\n<\/td>\n<td>\n<p class=\"s8\"><span dir=\"auto\">+2 \u00b0C \/ +20 \u00b0C<\/span><\/p>\n<p class=\"s8\"><span dir=\"auto\">+2 \u00b0C \/ +20 \u00b0C<\/span><\/p>\n<\/td>\n<td>\n<p class=\"s8\"><span dir=\"auto\">+2 \u00b0C \/ +20 \u00b0C<\/span><\/p>\n<p class=\"s8\"><span dir=\"auto\">+2\u00b0C \/+12\u00b0C - +12\u00b0C\/+20\u00b0C<\/span><\/p>\n<\/td>\n<td>\n<p class=\"s8\"><span dir=\"auto\">+2\u00b0C \/+12\u00b0C - +12\u00b0C\/+20\u00b0C<\/span><\/p>\n<p class=\"s8\"><span dir=\"auto\">+2\u00b0C \/+12\u00b0C - +12\u00b0C\/+20\u00b0C<\/span><\/p>\n<\/td>\n<\/tr>\n<tr>\n<td>\n<p class=\"s8\"><span dir=\"auto\">Podnebje\u00a0<\/span><span dir=\"auto\">Razred<\/span><\/p>\n<\/td>\n<td>\n<p class=\"s8\"><span dir=\"auto\">N-ST<\/span><\/p>\n<\/td>\n<td>\n<p class=\"s8\"><span dir=\"auto\">N-ST<\/span><\/p>\n<\/td>\n<td>\n<p class=\"s8\"><span dir=\"auto\">N-ST<\/span><\/p>\n<\/td>\n<\/tr>\n<tr>\n<td>\n<p class=\"s8\"><span dir=\"auto\">\u00a0<\/span><span dir=\"auto\">Neto bruto obseg<\/span><\/p>\n<\/td>\n<td>\n<p class=\"s8\"><span dir=\"auto\">818 \/ 850 EUR<\/span><\/p>\n<\/td>\n<td>\n<p class=\"s8\"><span dir=\"auto\">Pona\u0161alec 809 \/ 848<\/span><\/p>\n<\/td>\n<td>\n<p class=\"s8\"><span dir=\"auto\">800 \/ 846 funtov<\/span><\/p>\n<\/td>\n<\/tr>\n<tr>\n<td>\n<p class=\"s8\"><span dir=\"auto\">Zunanja povr\u0161ina \/\u00a0<\/span><span dir=\"auto\">Telo<\/span><\/p>\n<\/td>\n<td>\n<p class=\"s8\"><span dir=\"auto\">Predbarvana plo\u010devina z antikorozijsko obdelavo<\/span><\/p>\n<\/td>\n<td>\n<p class=\"s8\"><span dir=\"auto\">Predbarvana plo\u010devina z antikorozijsko obdelavo<\/span><\/p>\n<\/td>\n<td>\n<p class=\"s8\"><span dir=\"auto\">Predbarvana plo\u010devina z antikorozijsko obdelavo<\/span><\/p>\n<\/td>\n<\/tr>\n<tr>\n<td>\n<p class=\"s8\"><span dir=\"auto\">Vrata<\/span><span dir=\"auto\">\u200b<\/span><\/p>\n<\/td>\n<td colspan=\"2\">\n<p class=\"s8\"><span dir=\"auto\">\u010crno steklo brez okvirja \/\u00a0<\/span><span dir=\"auto\">\u010crno polno steklo<\/span><\/p>\n<\/td>\n<td><\/td>\n<\/tr>\n<tr>\n<td>\n<p class=\"s8\"><span dir=\"auto\">Notranja povr\u0161ina\u00a0<\/span><\/p>\n<\/td>\n<td>\n<p class=\"s8\"><span dir=\"auto\">ABS<\/span><\/p>\n<\/td>\n<td>\n<p class=\"s8\"><span dir=\"auto\">ABS<\/span><\/p>\n<\/td>\n<td>\n<p class=\"s8\"><span dir=\"auto\">ABS<\/span><\/p>\n<\/td>\n<\/tr>\n<tr>\n<td>\n<p class=\"s8\"><span dir=\"auto\">Termostat<\/span><span dir=\"auto\">\u200b<\/span><\/p>\n<\/td>\n<td>\n<p class=\"s8\"><span dir=\"auto\"> Elektronski \/<\/span><span dir=\"auto\">Elektronska stran<\/span><span dir=\"auto\">\u00a0Zaslon na dotik<\/span><\/p>\n<\/td>\n<td>\n<p class=\"s8\"><span dir=\"auto\">Elektronski \/\u00a0<\/span><span dir=\"auto\">Elektronska stran<\/span><span dir=\"auto\">\u00a0Zaslon na dotik<\/span><\/p>\n<\/td>\n<td>\n<p class=\"s8\"><span dir=\"auto\">Elektronski \/\u00a0<\/span><span dir=\"auto\">Elektronska stran<\/span><span dir=\"auto\">\u00a0Zaslon na dotik<\/span><\/p>\n<\/td>\n<\/tr>\n<tr>\n<td>\n<p class=\"s8\"><span dir=\"auto\">Hrup\u00a0<\/span><span dir=\"auto\">raven<\/span><\/p>\n<\/td>\n<td>\n<p class=\"s8\"><span dir=\"auto\">dB 38 + dB 38<\/span><\/p>\n<p class=\"s8\"><span dir=\"auto\">V zvezi s posameznimi hladilnimi enotami\u00a0<\/span><span dir=\"auto\">Za vsako hladilno enoto<\/span><\/p>\n<\/td>\n<td>\n<p class=\"s8\"><span dir=\"auto\">dB 44 + dB 38<\/span><\/p>\n<p class=\"s8\"><span dir=\"auto\">V zvezi s posameznimi hladilnimi enotami\u00a0<\/span><span dir=\"auto\">Za vsako hladilno enoto<\/span><\/p>\n<\/td>\n<td>\n<p class=\"s8\"><span dir=\"auto\">dB 44 + dB 44<\/span><\/p>\n<p class=\"s8\"><span dir=\"auto\">V zvezi s posameznimi hladilnimi enotami\u00a0<\/span><span dir=\"auto\">Za vsako hladilno enoto<\/span><\/p>\n<\/td>\n<\/tr>\n<tr>\n<td>\n<p class=\"s8\"><span dir=\"auto\">Izolacija\u00a0<\/span><span dir=\"auto\">debelina<\/span><\/p>\n<\/td>\n<td>\n<p class=\"s8\"><span dir=\"auto\">55 mm<\/span><\/p>\n<\/td>\n<td>\n<p class=\"s8\"><span dir=\"auto\">55 mm<\/span><\/p>\n<\/td>\n<td>\n<p class=\"s8\"><span dir=\"auto\">55 mm<\/span><\/p>\n<\/td>\n<\/tr>\n<tr>\n<td>\n<p class=\"s8\"><span dir=\"auto\">Odmrzovanje<\/span><\/p>\n<\/td>\n<td colspan=\"2\">\n<p class=\"s8\"><span dir=\"auto\">Avtomatski kompresor\u00a0<\/span><span dir=\"auto\">cikel<\/span><\/p>\n<\/td>\n<td><\/td>\n<\/tr>\n<tr>\n<td>\n<p class=\"s8\"><span dir=\"auto\">Razsvetljava<\/span><span dir=\"auto\">\u200b<\/span><\/p>\n<\/td>\n<td>\n<p class=\"s8\"><span dir=\"auto\">LED diode: 4 navpi\u010dne + 2 vodoravne<\/span><\/p>\n<\/td>\n<td>\n<p class=\"s8\"><span dir=\"auto\">LED diode: 4 navpi\u010dne + 3 vodoravne<\/span><\/p>\n<\/td>\n<td>\n<p class=\"s8\"><span dir=\"auto\">LED diode: 4 navpi\u010dne + 4 vodoravne<\/span><\/p>\n<\/td>\n<\/tr>\n<tr>\n<td>\n<p class=\"s8\"><span dir=\"auto\">Zaklepanje\u00a0<\/span><span dir=\"auto\">in klju\u010d<\/span><\/p>\n<\/td>\n<td>\n<p class=\"s8\"><span dir=\"auto\">Da<\/span><span dir=\"auto\">\u200b<\/span><\/p>\n<\/td>\n<td>\n<p class=\"s8\"><span dir=\"auto\">Da<\/span><span dir=\"auto\">\u200b<\/span><\/p>\n<\/td>\n<td>\n<p class=\"s8\"><span dir=\"auto\">Da<\/span><span dir=\"auto\">\u200b<\/span><\/p>\n<\/td>\n<\/tr>\n<tr>\n<td>\n<p class=\"s8\"><span dir=\"auto\">Z\u00a0<\/span><span dir=\"auto\">-drsne police (\u0160xV)<\/span><\/p>\n<\/td>\n<td>\n<p class=\"s8\"><span dir=\"auto\">\u0161t. 20 - mm 452 x 535<\/span><\/p>\n<p class=\"s8\"><span dir=\"auto\">\u0161t. 2 - mm 452 x 380<\/span><\/p>\n<\/td>\n<td>\n<p class=\"s8\"><span dir=\"auto\">\u0161t. 19 - mm 452 x 535<\/span><\/p>\n<p class=\"s8\"><span dir=\"auto\">\u0161t. 2 - mm 452 x 380<\/span><\/p>\n<\/td>\n<td>\n<p class=\"s8\"><span dir=\"auto\">\u0161t. 18 - mm 452 x 535<\/span><\/p>\n<p class=\"s8\"><span dir=\"auto\">\u0161t. 2 - mm 452 x 380<\/span><\/p>\n<\/td>\n<\/tr>\n<tr>\n<td>\n<p class=\"s8\"><span dir=\"auto\">Kole\u0161\u010dki\u00a0<\/span><span dir=\"auto\">-Feet<\/span><\/p>\n<\/td>\n<td>\n<p class=\"s8\"><span dir=\"auto\">8 \u010devljev<\/span><\/p>\n<\/td>\n<td>\n<p class=\"s8\"><span dir=\"auto\">8 \u010devljev<\/span><\/p>\n<\/td>\n<td>\n<p class=\"s8\"><span dir=\"auto\">8 \u010devljev<\/span><\/p>\n<\/td>\n<\/tr>\n<tr>\n<td>\n<p class=\"s8\"><span dir=\"auto\">Neto -\u00a0<\/span><span dir=\"auto\">Bruto te\u017ea<\/span><\/p>\n<\/td>\n<td>\n<p class=\"s8\"><span dir=\"auto\">Kg 218 \/ 234<\/span><\/p>\n<\/td>\n<td>\n<p class=\"s8\"><span dir=\"auto\">Kg 220 \/ 236<\/span><\/p>\n<\/td>\n<td>\n<p class=\"s8\"><span dir=\"auto\">Kg 222 \/ 238<\/span><\/p>\n<\/td>\n<\/tr>\n<tr>\n<td>\n<p class=\"s8\"><span dir=\"auto\">Napetost<\/span><span dir=\"auto\">\u200b<\/span><\/p>\n<\/td>\n<td>\n<p class=\"s8\"><span dir=\"auto\">V 220<\/span><\/p>\n<\/td>\n<td>\n<p class=\"s8\"><span dir=\"auto\">V 220<\/span><\/p>\n<\/td>\n<td>\n<p class=\"s8\"><span dir=\"auto\">V 220<\/span><\/p>\n<\/td>\n<\/tr>\n<tr>\n<td>\n<p class=\"s8\"><span dir=\"auto\">Frekvenca<\/span><span dir=\"auto\">\u200b<\/span><\/p>\n<\/td>\n<td>\n<p class=\"s8\"><span dir=\"auto\">Hz 50<\/span><\/p>\n<\/td>\n<td>\n<p class=\"s8\"><span dir=\"auto\">Hz 50<\/span><\/p>\n<\/td>\n<td>\n<p class=\"s8\"><span dir=\"auto\">Hz 50<\/span><\/p>\n<\/td>\n<\/tr>\n<tr>\n<td>\n<p class=\"s8\"><span dir=\"auto\">Hladilno sredstvo<\/span><span dir=\"auto\">\u200b<\/span><\/p>\n<\/td>\n<td>\n<p class=\"s8\"><span dir=\"auto\">R600A<\/span><\/p>\n<\/td>\n<td>\n<p class=\"s8\"><span dir=\"auto\">R600A<\/span><\/p>\n<\/td>\n<td>\n<p class=\"s8\"><span dir=\"auto\">R600A<\/span><\/p>\n<\/td>\n<\/tr>\n<tr>\n<td>\n<p class=\"s8\"><span dir=\"auto\">Absorpcija<\/span><span dir=\"auto\">\u200b<\/span><\/p>\n<\/td>\n<td>\n<p class=\"s8\"><span dir=\"auto\">W 260<\/span><\/p>\n<\/td>\n<td>\n<p class=\"s8\"><span dir=\"auto\">W 260<\/span><\/p>\n<\/td>\n<td>\n<p class=\"s8\"><span dir=\"auto\">W 260<\/span><\/p>\n<\/td>\n<\/tr>\n<tr>\n<td>\n<p class=\"s8\"><span dir=\"auto\">Poraba energije\u00a0<\/span><\/p>\n<\/td>\n<td>\n<p class=\"s8\"><span dir=\"auto\">KwH\/24H 0,85<\/span><\/p>\n<\/td>\n<td>\n<p class=\"s8\"><span dir=\"auto\">KwH\/24H 0,925<\/span><\/p>\n<\/td>\n<td>\n<p class=\"s8\"><span dir=\"auto\">KwH\/24H 1,00<\/span><\/p>\n<\/td>\n<\/tr>\n<\/tbody>\n<\/table>","protected":false},"excerpt":{"rendered":"<p>Hladilnik vini z dvojnimi vrati 3 cone temperature prezra\u010den<\/p>","protected":false},"featured_media":10577,"comment_status":"open","ping_status":"closed","template":"","meta":[],"product_brand":[],"product_cat":[49],"product_tag":[],"class_list":{"0":"post-10536","1":"product","2":"type-product","3":"status-publish","4":"has-post-thumbnail","6":"product_cat-wine-fridges","8":"first","9":"instock","10":"shipping-taxable","11":"purchasable","12":"product-type-simple"},"_links":{"self":[{"href":"https:\/\/dersuessestopp.com\/sl\/wp-json\/wp\/v2\/product\/10536","targetHints":{"allow":["GET"]}}],"collection":[{"href":"https:\/\/dersuessestopp.com\/sl\/wp-json\/wp\/v2\/product"}],"about":[{"href":"https:\/\/dersuessestopp.com\/sl\/wp-json\/wp\/v2\/types\/product"}],"replies":[{"embeddable":true,"href":"https:\/\/dersuessestopp.com\/sl\/wp-json\/wp\/v2\/comments?post=10536"}],"version-history":[{"count":4,"href":"https:\/\/dersuessestopp.com\/sl\/wp-json\/wp\/v2\/product\/10536\/revisions"}],"predecessor-version":[{"id":11708,"href":"https:\/\/dersuessestopp.com\/sl\/wp-json\/wp\/v2\/product\/10536\/revisions\/11708"}],"wp:featuredmedia":[{"embeddable":true,"href":"https:\/\/dersuessestopp.com\/sl\/wp-json\/wp\/v2\/media\/10577"}],"wp:attachment":[{"href":"https:\/\/dersuessestopp.com\/sl\/wp-json\/wp\/v2\/media?parent=10536"}],"wp:term":[{"taxonomy":"product_brand","embeddable":true,"href":"https:\/\/dersuessestopp.com\/sl\/wp-json\/wp\/v2\/product_brand?post=10536"},{"taxonomy":"product_cat","embeddable":true,"href":"https:\/\/dersuessestopp.com\/sl\/wp-json\/wp\/v2\/product_cat?post=10536"},{"taxonomy":"product_tag","embeddable":true,"href":"https:\/\/dersuessestopp.com\/sl\/wp-json\/wp\/v2\/product_tag?post=10536"}],"curies":[{"name":"wp","href":"https:\/\/api.w.org\/{rel}","templated":true}]}}