{"id":10474,"date":"2025-09-29T14:59:56","date_gmt":"2025-09-29T14:59:56","guid":{"rendered":"https:\/\/dersuessestopp.com\/?post_type=product&#038;p=10474"},"modified":"2025-10-08T21:10:17","modified_gmt":"2025-10-08T21:10:17","slug":"deluxe-123-psv","status":"publish","type":"product","link":"https:\/\/dersuessestopp.com\/sl\/product\/deluxe-123-psv\/","title":{"rendered":"DELUXE 123 PSV"},"content":{"rendered":"<p data-start=\"174\" data-end=\"509\"><img fetchpriority=\"high\" decoding=\"async\" class=\"alignnone wp-image-11736 size-full\" src=\"https:\/\/dersuessestopp.com\/wp-content\/uploads\/2025\/09\/DELUXE-93_123_153_PSV-Dettagli.jpg\" alt=\"\" width=\"2000\" height=\"600\" srcset=\"https:\/\/dersuessestopp.com\/wp-content\/uploads\/2025\/09\/DELUXE-93_123_153_PSV-Dettagli.jpg 2000w, https:\/\/dersuessestopp.com\/wp-content\/uploads\/2025\/09\/DELUXE-93_123_153_PSV-Dettagli-300x90.jpg 300w, https:\/\/dersuessestopp.com\/wp-content\/uploads\/2025\/09\/DELUXE-93_123_153_PSV-Dettagli-1024x307.jpg 1024w, https:\/\/dersuessestopp.com\/wp-content\/uploads\/2025\/09\/DELUXE-93_123_153_PSV-Dettagli-768x230.jpg 768w, https:\/\/dersuessestopp.com\/wp-content\/uploads\/2025\/09\/DELUXE-93_123_153_PSV-Dettagli-1536x461.jpg 1536w, https:\/\/dersuessestopp.com\/wp-content\/uploads\/2025\/09\/DELUXE-93_123_153_PSV-Dettagli-250x75.jpg 250w, https:\/\/dersuessestopp.com\/wp-content\/uploads\/2025\/09\/DELUXE-93_123_153_PSV-Dettagli-600x180.jpg 600w\" sizes=\"(max-width: 2000px) 100vw, 2000px\" \/><\/p>\n<p data-start=\"174\" data-end=\"509\">Spletna stran <strong data-start=\"178\" data-end=\"196\">DELUXE 123 PSV<\/strong> je profesionalni hladilni pult, ki je zasnovan za stilsko predstavitev peciva, tort in sladic. Izdelan je za eleganco in funkcionalnost ter ima <strong data-start=\"357\" data-end=\"387\">\u0161tiristranska steklena struktura<\/strong>, <strong data-start=\"389\" data-end=\"424\">prezra\u010devalni hladilni sistem<\/strong>, in <strong data-start=\"430\" data-end=\"452\">drsna zadnja vrata<\/strong>, kar zagotavlja izjemno vidljivost in enostaven dostop.<\/p>\n<p data-start=\"511\" data-end=\"792\">Z <strong data-start=\"518\" data-end=\"558\">temperaturno obmo\u010dje od +2 \u00b0C do +10 \u00b0C<\/strong>, DELUXE 123 PSV zagotavlja odli\u010dne pogoje za serviranje ob\u010dutljivih izdelkov. Spletna stran <strong data-start=\"643\" data-end=\"676\">ohi\u0161je iz nerjavnega jekla AISI 304<\/strong> z <strong data-start=\"684\" data-end=\"713\">\u010drno sijajno steklo<\/strong> doda sodoben in prefinjen videz, primeren za vrhunske sla\u0161\u010di\u010darne in kavarne.<\/p>\n<p data-start=\"794\" data-end=\"813\"><strong data-start=\"794\" data-end=\"811\">Klju\u010dne lastnosti:<\/strong><\/p>\n<ul data-start=\"814\" data-end=\"1309\">\n<li data-start=\"814\" data-end=\"868\">\n<p data-start=\"816\" data-end=\"868\">\u0160tiristranski prezra\u010devani stekleni pult za pecivo<\/p>\n<\/li>\n<li data-start=\"869\" data-end=\"929\">\n<p data-start=\"871\" data-end=\"929\">3 police iz kaljenega stekla s sprednjim robom iz nerjave\u010dega jekla<\/p>\n<\/li>\n<li data-start=\"930\" data-end=\"967\">\n<p data-start=\"932\" data-end=\"967\">Temperaturno obmo\u010dje: +2 \u00b0C - +10 \u00b0C<\/p>\n<\/li>\n<li data-start=\"968\" data-end=\"1022\">\n<p data-start=\"970\" data-end=\"1022\">Elektronski termostat z natan\u010dnim digitalnim krmiljenjem<\/p>\n<\/li>\n<li data-start=\"1023\" data-end=\"1064\">\n<p data-start=\"1025\" data-end=\"1064\">Samodejno odmrzovanje za manj vzdr\u017eevanja<\/p>\n<\/li>\n<li data-start=\"1065\" data-end=\"1123\">\n<p data-start=\"1067\" data-end=\"1123\">Notranja osvetlitev LED za optimalno predstavitev izdelkov<\/p>\n<\/li>\n<li data-start=\"1124\" data-end=\"1171\">\n<p data-start=\"1126\" data-end=\"1171\">Izbirno daljinsko spremljanje prek povezave Smart Link Wi-Fi<\/p>\n<\/li>\n<li data-start=\"1172\" data-end=\"1218\">\n<p data-start=\"1174\" data-end=\"1218\">Name\u0161\u010den na kolesih za la\u017eje premikanje<\/p>\n<\/li>\n<li data-start=\"1219\" data-end=\"1268\">\n<p data-start=\"1221\" data-end=\"1268\">Zunanje mere: <strong data-start=\"1242\" data-end=\"1266\">1200 \u00d7 740 \u00d7 1300 mm<\/strong><\/p>\n<\/li>\n<li data-start=\"1269\" data-end=\"1309\">\n<p data-start=\"1271\" data-end=\"1309\">Podnebni razred 4, delovanje z nizko stopnjo hrupa<\/p>\n<\/li>\n<\/ul>\n<p data-start=\"1311\" data-end=\"1474\">Eleganten, u\u010dinkovit in vzdr\u017eljiv - <strong data-start=\"1349\" data-end=\"1367\">DELUXE 123 PSV<\/strong> zagotavlja vrhunsko zmogljivost in slog, zato je popoln osrednji element vsakega sodobnega sla\u0161\u010di\u010darskega razstavnega prostora.<\/p>\n<table style=\"height: 361px;\" width=\"702\" cellspacing=\"0\">\n<tbody>\n<tr>\n<td bgcolor=\"#FFFFFF\">\n<p class=\"s12\"><span dir=\"auto\">\u00a0Dimenzije mm<\/span><\/p>\n<\/td>\n<td bgcolor=\"#FFFFFF\">\n<p class=\"s12\"><span dir=\"auto\">DELUXE 93 PSV<\/span><\/p>\n<\/td>\n<td bgcolor=\"#FFFFFF\">\n<p class=\"s12\"><span dir=\"auto\">DELUXE 123 PSV<\/span><\/p>\n<\/td>\n<td bgcolor=\"#FFFFFF\">\n<p class=\"s12\"><span dir=\"auto\">DELUXE 153 PSV<\/span><\/p>\n<\/td>\n<\/tr>\n<tr>\n<td>\n<p class=\"s13\"><span dir=\"auto\">Zunanje dimenzije (\u00a0<\/span><span dir=\"auto\">\u0160xVxV)<\/span><\/p>\n<\/td>\n<td>\n<p class=\"s13\"><span dir=\"auto\">900 x 740 x 1300<\/span><\/p>\n<\/td>\n<td>\n<p class=\"s13\"><span dir=\"auto\">1200 x 740 x 1300<\/span><\/p>\n<\/td>\n<td>\n<p class=\"s13\"><span dir=\"auto\">1500 x 740 x 1300<\/span><\/p>\n<\/td>\n<\/tr>\n<tr>\n<td>\n<p class=\"s13\"><span dir=\"auto\">Dimenzije embala\u017ee (\u00a0<\/span><span dir=\"auto\">\u0160xVxV)<\/span><\/p>\n<\/td>\n<td>\n<p class=\"s13\"><span dir=\"auto\">980 x 830 x 1430<\/span><\/p>\n<\/td>\n<td>\n<p class=\"s13\"><span dir=\"auto\">1280 x 830 x 1430<\/span><\/p>\n<\/td>\n<td>\n<p class=\"s13\"><span dir=\"auto\">1580 x 830 x 1430<\/span><\/p>\n<\/td>\n<\/tr>\n<tr>\n<td>\n<p class=\"s13\"><span dir=\"auto\">\u00a0<\/span><span dir=\"auto\">\u0160irina<\/span><\/p>\n<\/td>\n<td>\n<p class=\"s13\"><span dir=\"auto\">840<\/span><\/p>\n<\/td>\n<td>\n<p class=\"s13\"><span dir=\"auto\">1140<\/span><\/p>\n<\/td>\n<td>\n<p class=\"s13\"><span dir=\"auto\">1440<\/span><\/p>\n<\/td>\n<\/tr>\n<tr>\n<td>\n<p class=\"s13\"><span dir=\"auto\">\u00a0<\/span><span dir=\"auto\">Globina<\/span><\/p>\n<\/td>\n<td>\n<p class=\"s13\"><span dir=\"auto\">630<\/span><\/p>\n<\/td>\n<td>\n<p class=\"s13\"><span dir=\"auto\">630<\/span><\/p>\n<\/td>\n<td>\n<p class=\"s13\"><span dir=\"auto\">630<\/span><\/p>\n<\/td>\n<\/tr>\n<tr>\n<td>\n<p class=\"s13\"><span dir=\"auto\">\u00a0<\/span><span dir=\"auto\">Vi\u0161ina<\/span><\/p>\n<\/td>\n<td>\n<p class=\"s13\"><span dir=\"auto\">790<\/span><\/p>\n<\/td>\n<td>\n<p class=\"s13\"><span dir=\"auto\">790<\/span><\/p>\n<\/td>\n<td>\n<p class=\"s13\"><span dir=\"auto\">790<\/span><\/p>\n<\/td>\n<\/tr>\n<\/tbody>\n<\/table>\n<p>&nbsp;<\/p>\n<table style=\"height: 1221px;\" width=\"1194\" cellspacing=\"0\">\n<tbody>\n<tr>\n<td bgcolor=\"#FFFFFF\">\n<p class=\"s12\"><span dir=\"auto\">Tehni\u010dne lastnosti<\/span><\/p>\n<\/td>\n<td bgcolor=\"#FFFFFF\">\n<p class=\"s12\"><span dir=\"auto\">DELUXE 93 PSV<\/span><\/p>\n<\/td>\n<td bgcolor=\"#FFFFFF\">\n<p class=\"s12\"><span dir=\"auto\">DELUXE 123 PSV<\/span><\/p>\n<\/td>\n<td bgcolor=\"#FFFFFF\">\n<p class=\"s12\"><span dir=\"auto\">DELUXE 153 PSV<\/span><\/p>\n<\/td>\n<\/tr>\n<tr>\n<td>\n<p class=\"s13\"><span dir=\"auto\">\u00a0<\/span><span dir=\"auto\">Temperaturno obmo\u010dje<\/span><\/p>\n<\/td>\n<td>\n<p class=\"s13\"><span dir=\"auto\">+2 \u00b0C \/ +10 \u00b0C<\/span><\/p>\n<\/td>\n<td>\n<p class=\"s13\"><span dir=\"auto\">+2 \u00b0C \/ +10 \u00b0C<\/span><\/p>\n<\/td>\n<td>\n<p class=\"s13\"><span dir=\"auto\">+2 \u00b0C \/ +10 \u00b0C<\/span><\/p>\n<\/td>\n<\/tr>\n<tr>\n<td>\n<p class=\"s13\"><span dir=\"auto\">Podnebje\u00a0<\/span><span dir=\"auto\">Razred<\/span><\/p>\n<\/td>\n<td>\n<p class=\"s13\"><span dir=\"auto\">4<\/span><\/p>\n<\/td>\n<td>\n<p class=\"s13\"><span dir=\"auto\">4<\/span><\/p>\n<\/td>\n<td>\n<p class=\"s13\"><span dir=\"auto\">4<\/span><\/p>\n<\/td>\n<\/tr>\n<tr>\n<td>\n<p class=\"s13\"><span dir=\"auto\">\u00a0<\/span><span dir=\"auto\">Neto bruto obseg<\/span><\/p>\n<\/td>\n<td>\n<p class=\"s13\"><span dir=\"auto\">Plukovnik 415 \/ 460<\/span><\/p>\n<\/td>\n<td>\n<p class=\"s13\"><span dir=\"auto\">Pona\u0161alec 550 \/ 610<\/span><\/p>\n<\/td>\n<td>\n<p class=\"s13\"><span dir=\"auto\">Lieta 690 \/ 770<\/span><\/p>\n<\/td>\n<\/tr>\n<tr>\n<td>\n<p class=\"s13\"><span dir=\"auto\">Zunanja povr\u0161ina telesa<\/span><\/p>\n<\/td>\n<td>\n<p class=\"s13\"><span dir=\"auto\">Nerjave\u010de jeklo AISI 304<\/span><\/p>\n<\/td>\n<td>\n<p class=\"s13\"><span dir=\"auto\">Nerjave\u010de jeklo AISI 304<\/span><\/p>\n<\/td>\n<td>\n<p class=\"s13\"><span dir=\"auto\">Nerjave\u010de jeklo AISI 304<\/span><\/p>\n<\/td>\n<\/tr>\n<tr>\n<td>\n<p class=\"s13\"><span dir=\"auto\">Notranja povr\u0161ina\u00a0<\/span><span dir=\"auto\">Notranji vlo\u017eek<\/span><\/p>\n<\/td>\n<td>\n<p class=\"s13\"><span dir=\"auto\">Nerjave\u010de jeklo AISI 304<\/span><\/p>\n<\/td>\n<td>\n<p class=\"s13\"><span dir=\"auto\">Nerjave\u010de jeklo AISI 304<\/span><\/p>\n<\/td>\n<td>\n<p class=\"s13\"><span dir=\"auto\">Nerjave\u010de jeklo AISI 304<\/span><\/p>\n<\/td>\n<\/tr>\n<tr>\n<td>\n<p class=\"s13\"><span dir=\"auto\">Termostat<\/span><span dir=\"auto\">\u200b<\/span><\/p>\n<\/td>\n<td>\n<p class=\"s13\"><span dir=\"auto\">Elektronska stran<\/span><span dir=\"auto\">\u200b<\/span><\/p>\n<\/td>\n<td>\n<p class=\"s13\"><span dir=\"auto\">Elektronska stran<\/span><span dir=\"auto\">\u200b<\/span><\/p>\n<\/td>\n<td>\n<p class=\"s13\"><span dir=\"auto\">Elektronska stran<\/span><span dir=\"auto\">\u200b<\/span><\/p>\n<\/td>\n<\/tr>\n<tr>\n<td>\n<p class=\"s13\"><span dir=\"auto\">Smart Link WiFi | Daljinski upravljalnik\u00a0<\/span><span dir=\"auto\">Nadzor<\/span><\/p>\n<\/td>\n<td>\n<p class=\"s13\"><span dir=\"auto\">Izbirno<\/span><\/p>\n<\/td>\n<td>\n<p class=\"s13\"><span dir=\"auto\">Izbirno<\/span><\/p>\n<\/td>\n<td>\n<p class=\"s13\"><span dir=\"auto\">Izbirno<\/span><\/p>\n<\/td>\n<\/tr>\n<tr>\n<td>\n<p class=\"s13\"><span dir=\"auto\">Hrup\u00a0<\/span><span dir=\"auto\">raven<\/span><\/p>\n<\/td>\n<td>\n<p class=\"s13\"><span dir=\"auto\">dB 58<\/span><\/p>\n<\/td>\n<td>\n<p class=\"s13\"><span dir=\"auto\">dB 61<\/span><\/p>\n<\/td>\n<td>\n<p class=\"s13\"><span dir=\"auto\">dB 67<\/span><\/p>\n<\/td>\n<\/tr>\n<tr>\n<td>\n<p class=\"s13\"><span dir=\"auto\">Izolacija\u00a0<\/span><span dir=\"auto\">debelina<\/span><\/p>\n<\/td>\n<td>\n<p class=\"s13\"><span dir=\"auto\">45 mm<\/span><\/p>\n<\/td>\n<td>\n<p class=\"s13\"><span dir=\"auto\">45 mm<\/span><\/p>\n<\/td>\n<td>\n<p class=\"s13\"><span dir=\"auto\">45 mm<\/span><\/p>\n<\/td>\n<\/tr>\n<tr>\n<td>\n<p class=\"s13\"><span dir=\"auto\">Odmrzovanje\u00a0<\/span><span dir=\"auto\">Odmrzovanje<\/span><\/p>\n<\/td>\n<td>\n<p class=\"s13\"><span dir=\"auto\">Avtomatski kompresor\u00a0<\/span><span dir=\"auto\">cikel<\/span><\/p>\n<\/td>\n<td>\n<p class=\"s13\"><span dir=\"auto\">Avtomatski kompresor\u00a0<\/span><span dir=\"auto\">cikel<\/span><\/p>\n<\/td>\n<td>\n<p class=\"s13\"><span dir=\"auto\">Avtomatski kompresor\u00a0<\/span><span dir=\"auto\">cikel<\/span><\/p>\n<\/td>\n<\/tr>\n<tr>\n<td>\n<p class=\"s13\"><span dir=\"auto\">Razsvetljava<\/span><span dir=\"auto\">\u200b<\/span><\/p>\n<\/td>\n<td>\n<p class=\"s13\"><span dir=\"auto\">4 vodoravne LED diode\u00a0<\/span><span dir=\"auto\">Vodoravno<\/span><\/p>\n<\/td>\n<td>\n<p class=\"s13\"><span dir=\"auto\">4 vodoravne LED diode\u00a0<\/span><span dir=\"auto\">Vodoravno<\/span><\/p>\n<\/td>\n<td>\n<p class=\"s13\"><span dir=\"auto\">4 vodoravne LED diode\u00a0<\/span><span dir=\"auto\">Vodoravno<\/span><\/p>\n<\/td>\n<\/tr>\n<tr>\n<td>\n<p class=\"s13\"><span dir=\"auto\">Police iz kaljenega stekla (WxD )<\/span><\/p>\n<\/td>\n<td>\n<p class=\"s13\"><span dir=\"auto\">N\u00b01 mm 738\u00d7278 N\u00b02 mm 738 x 318<\/span><\/p>\n<\/td>\n<td>\n<p class=\"s13\"><span dir=\"auto\">N\u00b01 mm 1038\u00d7278 N\u00b02 mm 1038\u00d7318<\/span><\/p>\n<\/td>\n<td>\n<p class=\"s13\"><span dir=\"auto\">N\u00b01 mm 1338\u00d7278 N\u00b02 mm 1338\u00d7318<\/span><\/p>\n<\/td>\n<\/tr>\n<tr>\n<td>\n<p class=\"s13\"><span dir=\"auto\">Kole\u0161\u010dki\u00a0<\/span><span dir=\"auto\">-Feet<\/span><\/p>\n<\/td>\n<td>\n<p class=\"s13\"><span dir=\"auto\">4 kolesa \/\u00a0<\/span><span dir=\"auto\">4 kolesca<\/span><\/p>\n<\/td>\n<td>\n<p class=\"s13\"><span dir=\"auto\">4 kolesa \/\u00a0<\/span><span dir=\"auto\">4 kolesca<\/span><\/p>\n<\/td>\n<td>\n<p class=\"s13\"><span dir=\"auto\">4 kolesa \/\u00a0<\/span><span dir=\"auto\">4 kolesca<\/span><\/p>\n<\/td>\n<\/tr>\n<tr>\n<td>\n<p class=\"s13\"><span dir=\"auto\">Neto -\u00a0<\/span><span dir=\"auto\">Bruto te\u017ea<\/span><\/p>\n<\/td>\n<td>\n<p class=\"s13\"><span dir=\"auto\">170 \/ 215 kg<\/span><\/p>\n<\/td>\n<td>\n<p class=\"s13\"><span dir=\"auto\">205 \/ 255 kg<\/span><\/p>\n<\/td>\n<td>\n<p class=\"s13\"><span dir=\"auto\">245 \/ 300 kg<\/span><\/p>\n<\/td>\n<\/tr>\n<tr>\n<td>\n<p class=\"s13\"><span dir=\"auto\">Napetost<\/span><span dir=\"auto\">\u200b<\/span><\/p>\n<\/td>\n<td>\n<p class=\"s13\"><span dir=\"auto\">V 220-240<\/span><\/p>\n<\/td>\n<td>\n<p class=\"s13\"><span dir=\"auto\">V 220-240<\/span><\/p>\n<\/td>\n<td>\n<p class=\"s13\"><span dir=\"auto\">V 220-240<\/span><\/p>\n<\/td>\n<\/tr>\n<tr>\n<td>\n<p class=\"s13\"><span dir=\"auto\">Frekvenca<\/span><span dir=\"auto\">\u200b<\/span><\/p>\n<\/td>\n<td>\n<p class=\"s13\"><span dir=\"auto\">Hz 50<\/span><\/p>\n<\/td>\n<td>\n<p class=\"s13\"><span dir=\"auto\">Hz 50<\/span><\/p>\n<\/td>\n<td>\n<p class=\"s13\"><span dir=\"auto\">Hz 50<\/span><\/p>\n<\/td>\n<\/tr>\n<tr>\n<td>\n<p class=\"s13\"><span dir=\"auto\">Hladilno sredstvo<\/span><span dir=\"auto\">\u200b<\/span><\/p>\n<\/td>\n<td>\n<p class=\"s13\"><span dir=\"auto\">R290<\/span><\/p>\n<\/td>\n<td>\n<p class=\"s13\"><span dir=\"auto\">R290<\/span><\/p>\n<\/td>\n<td>\n<p class=\"s13\"><span dir=\"auto\">R290<\/span><\/p>\n<\/td>\n<\/tr>\n<tr>\n<td>\n<p class=\"s13\"><span dir=\"auto\">Absorpcija<\/span><span dir=\"auto\">\u200b<\/span><\/p>\n<\/td>\n<td>\n<p class=\"s13\"><span dir=\"auto\">W 410<\/span><\/p>\n<\/td>\n<td>\n<p class=\"s13\"><span dir=\"auto\">W 500<\/span><\/p>\n<\/td>\n<td>\n<p class=\"s13\"><span dir=\"auto\">W 570<\/span><\/p>\n<\/td>\n<\/tr>\n<tr>\n<td>\n<p class=\"s13\"><span dir=\"auto\">\u00a0<\/span><span dir=\"auto\">Poraba energije<\/span><\/p>\n<\/td>\n<td>\n<p class=\"s13\"><span dir=\"auto\">KwH\/24H 7,02<\/span><\/p>\n<\/td>\n<td>\n<p class=\"s13\"><span dir=\"auto\">KwH\/24H 8,55<\/span><\/p>\n<\/td>\n<td>\n<p class=\"s13\"><span dir=\"auto\">KwH\/24H 11,01<\/span><\/p>\n<\/td>\n<\/tr>\n<\/tbody>\n<\/table>","protected":false},"excerpt":{"rendered":"<p>+2 \u00b0C \/ +10 \u00b0C Prezra\u010devani pult za pecivo, \u0161tiri steklene stranice, drsna vrata ENERGETSKI RAZRED<\/p>","protected":false},"featured_media":10517,"comment_status":"open","ping_status":"closed","template":"","meta":[],"product_brand":[],"product_cat":[119,53],"product_tag":[],"class_list":{"0":"post-10474","1":"product","2":"type-product","3":"status-publish","4":"has-post-thumbnail","6":"product_cat-hot-and-cold-display-cases","7":"product_cat-pastry-bakery-cooling","9":"first","10":"instock","11":"shipping-taxable","12":"purchasable","13":"product-type-simple"},"_links":{"self":[{"href":"https:\/\/dersuessestopp.com\/sl\/wp-json\/wp\/v2\/product\/10474","targetHints":{"allow":["GET"]}}],"collection":[{"href":"https:\/\/dersuessestopp.com\/sl\/wp-json\/wp\/v2\/product"}],"about":[{"href":"https:\/\/dersuessestopp.com\/sl\/wp-json\/wp\/v2\/types\/product"}],"replies":[{"embeddable":true,"href":"https:\/\/dersuessestopp.com\/sl\/wp-json\/wp\/v2\/comments?post=10474"}],"version-history":[{"count":4,"href":"https:\/\/dersuessestopp.com\/sl\/wp-json\/wp\/v2\/product\/10474\/revisions"}],"predecessor-version":[{"id":11756,"href":"https:\/\/dersuessestopp.com\/sl\/wp-json\/wp\/v2\/product\/10474\/revisions\/11756"}],"wp:featuredmedia":[{"embeddable":true,"href":"https:\/\/dersuessestopp.com\/sl\/wp-json\/wp\/v2\/media\/10517"}],"wp:attachment":[{"href":"https:\/\/dersuessestopp.com\/sl\/wp-json\/wp\/v2\/media?parent=10474"}],"wp:term":[{"taxonomy":"product_brand","embeddable":true,"href":"https:\/\/dersuessestopp.com\/sl\/wp-json\/wp\/v2\/product_brand?post=10474"},{"taxonomy":"product_cat","embeddable":true,"href":"https:\/\/dersuessestopp.com\/sl\/wp-json\/wp\/v2\/product_cat?post=10474"},{"taxonomy":"product_tag","embeddable":true,"href":"https:\/\/dersuessestopp.com\/sl\/wp-json\/wp\/v2\/product_tag?post=10474"}],"curies":[{"name":"wp","href":"https:\/\/api.w.org\/{rel}","templated":true}]}}