{"id":10471,"date":"2025-09-29T14:59:56","date_gmt":"2025-09-29T14:59:56","guid":{"rendered":"https:\/\/dersuessestopp.com\/?post_type=product&#038;p=10471"},"modified":"2025-10-08T21:18:42","modified_gmt":"2025-10-08T21:18:42","slug":"dlx-90","status":"publish","type":"product","link":"https:\/\/dersuessestopp.com\/sl\/product\/dlx-90\/","title":{"rendered":"DLX 90"},"content":{"rendered":"<p data-start=\"207\" data-end=\"584\"><img fetchpriority=\"high\" decoding=\"async\" class=\"alignnone wp-image-11760 size-full\" src=\"https:\/\/dersuessestopp.com\/wp-content\/uploads\/2025\/09\/dlx-70.jpg\" alt=\"\" width=\"2000\" height=\"600\" srcset=\"https:\/\/dersuessestopp.com\/wp-content\/uploads\/2025\/09\/dlx-70.jpg 2000w, https:\/\/dersuessestopp.com\/wp-content\/uploads\/2025\/09\/dlx-70-300x90.jpg 300w, https:\/\/dersuessestopp.com\/wp-content\/uploads\/2025\/09\/dlx-70-1024x307.jpg 1024w, https:\/\/dersuessestopp.com\/wp-content\/uploads\/2025\/09\/dlx-70-768x230.jpg 768w, https:\/\/dersuessestopp.com\/wp-content\/uploads\/2025\/09\/dlx-70-1536x461.jpg 1536w, https:\/\/dersuessestopp.com\/wp-content\/uploads\/2025\/09\/dlx-70-250x75.jpg 250w, https:\/\/dersuessestopp.com\/wp-content\/uploads\/2025\/09\/dlx-70-600x180.jpg 600w\" sizes=\"(max-width: 2000px) 100vw, 2000px\" \/><\/p>\n<p data-start=\"207\" data-end=\"584\">Spletna stran <strong data-start=\"211\" data-end=\"221\">DLX 90<\/strong> je eleganten in profesionalen <strong data-start=\"252\" data-end=\"285\">prezra\u010devani pultni prikazovalnik<\/strong>, idealen za elegantno in natan\u010dno predstavitev peciva, sladic in prigrizkov. Zasnovan je z vrhunskimi materiali in sodobno estetiko ter ima <strong data-start=\"437\" data-end=\"467\">\u0161tiristransko stekleno ohi\u0161je<\/strong>, <strong data-start=\"469\" data-end=\"491\">drsna zadnja vrata<\/strong>, in <strong data-start=\"499\" data-end=\"539\">robustno ohi\u0161je iz nerjavnega jekla AISI 304<\/strong>, kar zagotavlja vzdr\u017eljivost in enostavno vzdr\u017eevanje.<\/p>\n<p data-start=\"586\" data-end=\"865\">Z <strong data-start=\"593\" data-end=\"632\">temperaturno obmo\u010dje od 0 \u00b0C do +18 \u00b0C<\/strong>, DLX 90 ohranja va\u0161e izdelke sve\u017ee in odli\u010dno razstavljene ob stalnem in blagem prezra\u010devanju. Njegova <strong data-start=\"737\" data-end=\"762\">elektronski termostat<\/strong> omogo\u010da natan\u010den nadzor, medtem ko <strong data-start=\"797\" data-end=\"825\">sistem samodejnega odmrzovanja<\/strong> zagotavlja nemoteno in brezskrbno delovanje.<\/p>\n<p data-start=\"867\" data-end=\"886\"><strong data-start=\"867\" data-end=\"884\">Klju\u010dne lastnosti:<\/strong><\/p>\n<ul data-start=\"887\" data-end=\"1369\">\n<li data-start=\"887\" data-end=\"937\">\n<p data-start=\"889\" data-end=\"937\">Prezra\u010devani pultni prikazovalnik peciva in prigrizkov<\/p>\n<\/li>\n<li data-start=\"938\" data-end=\"974\">\n<p data-start=\"940\" data-end=\"974\">Temperaturno obmo\u010dje: 0 \u00b0C \/ +18 \u00b0C<\/p>\n<\/li>\n<li data-start=\"975\" data-end=\"1029\">\n<p data-start=\"977\" data-end=\"1029\">\u0160tiristranska steklena konstrukcija z drsnimi zadnjimi vrati<\/p>\n<\/li>\n<li data-start=\"1030\" data-end=\"1080\">\n<p data-start=\"1032\" data-end=\"1080\">Notranjost in zunanjost iz nerjave\u010dega jekla AISI 304<\/p>\n<\/li>\n<li data-start=\"1081\" data-end=\"1143\">\n<p data-start=\"1083\" data-end=\"1143\">Dve polici iz kaljenega stekla s sprednjim robom iz nerjave\u010dega jekla<\/p>\n<\/li>\n<li data-start=\"1144\" data-end=\"1189\">\n<p data-start=\"1146\" data-end=\"1189\">LED osvetlitev za jasno vidljivost izdelkov<\/p>\n<\/li>\n<li data-start=\"1190\" data-end=\"1248\">\n<p data-start=\"1192\" data-end=\"1248\">Elektronski termostat za natan\u010den nadzor temperature<\/p>\n<\/li>\n<li data-start=\"1249\" data-end=\"1293\">\n<p data-start=\"1251\" data-end=\"1293\">Sistem samodejnega odmrzovanja z ustavitvijo kompresorja<\/p>\n<\/li>\n<li data-start=\"1294\" data-end=\"1341\">\n<p data-start=\"1296\" data-end=\"1341\">Izbirno daljinsko spremljanje prek povezave Smart Link Wi-Fi<\/p>\n<\/li>\n<li data-start=\"1342\" data-end=\"1369\">\n<p data-start=\"1344\" data-end=\"1369\">Nizka raven hrupa (56 dB)<\/p>\n<\/li>\n<\/ul>\n<p data-start=\"1371\" data-end=\"1557\">Eleganten, prakti\u010den in energetsko u\u010dinkovit - <strong data-start=\"1418\" data-end=\"1428\">DLX 90<\/strong> je odli\u010dna izbira za sla\u0161\u010di\u010darne, kavarne in hotele, ki i\u0161\u010dejo zanesljivo hlajenje in vrhunsko predstavitev izdelkov.<\/p>\n<table style=\"height: 360px;\" width=\"512\" cellspacing=\"0\">\n<tbody>\n<tr>\n<td bgcolor=\"#FFFFFF\">\n<p class=\"s12\"><span dir=\"auto\">\u00a0Dimenzije mm<\/span><\/p>\n<\/td>\n<td bgcolor=\"#FFFFFF\">\n<p class=\"s12\"><span dir=\"auto\">DLX 70<\/span><\/p>\n<\/td>\n<td bgcolor=\"#FFFFFF\">\n<p class=\"s12\"><span dir=\"auto\">DLX 90<\/span><\/p>\n<\/td>\n<\/tr>\n<tr>\n<td>\n<p class=\"s13\"><span dir=\"auto\">Zunanje dimenzije (\u00a0<\/span><span dir=\"auto\">\u0160xVxV)<\/span><\/p>\n<\/td>\n<td>\n<p class=\"s13\"><span dir=\"auto\">700 x 560 x 730<\/span><\/p>\n<\/td>\n<td>\n<p class=\"s13\"><span dir=\"auto\">900 x 560 x 730<\/span><\/p>\n<\/td>\n<\/tr>\n<tr>\n<td>\n<p class=\"s13\"><span dir=\"auto\">Dimenzije embala\u017ee (\u00a0<\/span><span dir=\"auto\">\u0160xVxV)<\/span><\/p>\n<\/td>\n<td>\n<p class=\"s13\"><span dir=\"auto\">785 x 645 x 850<\/span><\/p>\n<\/td>\n<td>\n<p class=\"s13\"><span dir=\"auto\">985 x 645 x 850<\/span><\/p>\n<\/td>\n<\/tr>\n<tr>\n<td>\n<p class=\"s13\"><span dir=\"auto\">\u00a0<\/span><span dir=\"auto\">\u0160irina<\/span><\/p>\n<\/td>\n<td>\n<p class=\"s13\"><span dir=\"auto\">670<\/span><\/p>\n<\/td>\n<td>\n<p class=\"s13\"><span dir=\"auto\">870<\/span><\/p>\n<\/td>\n<\/tr>\n<tr>\n<td>\n<p class=\"s13\"><span dir=\"auto\">Globina<\/span><\/p>\n<\/td>\n<td>\n<p class=\"s13\"><span dir=\"auto\">460<\/span><\/p>\n<\/td>\n<td>\n<p class=\"s13\"><span dir=\"auto\">460<\/span><\/p>\n<\/td>\n<\/tr>\n<tr>\n<td>\n<p class=\"s13\"><span dir=\"auto\">\u00a0<\/span><span dir=\"auto\">Vi\u0161ina<\/span><\/p>\n<\/td>\n<td>\n<p class=\"s13\"><span dir=\"auto\">410<\/span><\/p>\n<\/td>\n<td>\n<p class=\"s13\"><span dir=\"auto\">410<\/span><\/p>\n<\/td>\n<\/tr>\n<\/tbody>\n<\/table>\n<p>&nbsp;<\/p>\n<table style=\"height: 1265px;\" width=\"946\" cellspacing=\"0\">\n<tbody>\n<tr>\n<td bgcolor=\"#FFFFFF\">\n<p class=\"s12\"><span dir=\"auto\">Tehni\u010dne lastnosti<\/span><\/p>\n<\/td>\n<td bgcolor=\"#FFFFFF\">\n<p class=\"s12\"><span dir=\"auto\">DLX 70<\/span><\/p>\n<\/td>\n<td bgcolor=\"#FFFFFF\">\n<p class=\"s12\"><span dir=\"auto\">DLX 90<\/span><\/p>\n<\/td>\n<\/tr>\n<tr>\n<td>\n<p class=\"s13\"><span dir=\"auto\">Temperaturno obmo\u010dje<\/span><\/p>\n<\/td>\n<td>\n<p class=\"s13\"><span dir=\"auto\">0 \u00b0C \/ +18 \u00b0C<\/span><\/p>\n<\/td>\n<td>\n<p class=\"s13\"><span dir=\"auto\">0 \u00b0C \/ +18 \u00b0C<\/span><\/p>\n<\/td>\n<\/tr>\n<tr>\n<td>\n<p class=\"s13\"><span dir=\"auto\">Podnebje\u00a0<\/span><span dir=\"auto\">Razred<\/span><\/p>\n<\/td>\n<td>\n<p class=\"s13\"><span dir=\"auto\">4<\/span><\/p>\n<\/td>\n<td>\n<p class=\"s13\"><span dir=\"auto\">4<\/span><\/p>\n<\/td>\n<\/tr>\n<tr>\n<td>\n<p class=\"s13\"><span dir=\"auto\">Neto bruto obseg<\/span><\/p>\n<\/td>\n<td>\n<p class=\"s13\"><span dir=\"auto\">120 \/ 130 funtov<\/span><\/p>\n<\/td>\n<td>\n<p class=\"s13\"><span dir=\"auto\">160 \/ 175 funtov<\/span><\/p>\n<\/td>\n<\/tr>\n<tr>\n<td>\n<p class=\"s13\"><span dir=\"auto\">Zunanja povr\u0161ina \/\u00a0<\/span><span dir=\"auto\">Telo<\/span><\/p>\n<\/td>\n<td>\n<p class=\"s13\"><span dir=\"auto\">Jeklo AISI 304 \/\u00a0<\/span><span dir=\"auto\">Nerjave\u010de jeklo AISI 304<\/span><\/p>\n<\/td>\n<td>\n<p class=\"s13\"><span dir=\"auto\">Jeklo AISI 304 \/\u00a0<\/span><span dir=\"auto\">Nerjave\u010de jeklo AISI 304<\/span><\/p>\n<\/td>\n<\/tr>\n<tr>\n<td>\n<p class=\"s13\"><span dir=\"auto\">Notranja povr\u0161ina<\/span><\/p>\n<\/td>\n<td>\n<p class=\"s13\"><span dir=\"auto\">Jeklo AISI 304 \/\u00a0<\/span><span dir=\"auto\">Nerjave\u010de jeklo AISI 304<\/span><\/p>\n<\/td>\n<td>\n<p class=\"s13\"><span dir=\"auto\">Jeklo AISI 304 \/\u00a0<\/span><span dir=\"auto\">Nerjave\u010de jeklo AISI 304<\/span><\/p>\n<\/td>\n<\/tr>\n<tr>\n<td>\n<p class=\"s13\"><span dir=\"auto\">Termostat<\/span><span dir=\"auto\">\u200b<\/span><\/p>\n<\/td>\n<td>\n<p class=\"s13\"><span dir=\"auto\">Elektronska stran<\/span><span dir=\"auto\">\u200b<\/span><\/p>\n<\/td>\n<td>\n<p class=\"s13\"><span dir=\"auto\">Elektronska stran<\/span><span dir=\"auto\">\u200b<\/span><\/p>\n<\/td>\n<\/tr>\n<tr>\n<td>\n<p class=\"s13\"><span dir=\"auto\">Smart Link WiFi | Daljinski upravljalnik\u00a0<\/span><span dir=\"auto\">Nadzor<\/span><\/p>\n<\/td>\n<td>\n<p class=\"s13\"><span dir=\"auto\">Izbirno<\/span><\/p>\n<\/td>\n<td>\n<p class=\"s13\"><span dir=\"auto\">Izbirno<\/span><\/p>\n<\/td>\n<\/tr>\n<tr>\n<td>\n<p class=\"s13\"><span dir=\"auto\">Hrup\u00a0<\/span><span dir=\"auto\">raven<\/span><\/p>\n<\/td>\n<td>\n<p class=\"s13\"><span dir=\"auto\">dB 53<\/span><\/p>\n<\/td>\n<td>\n<p class=\"s13\"><span dir=\"auto\">dB 56<\/span><\/p>\n<\/td>\n<\/tr>\n<tr>\n<td>\n<p class=\"s13\"><span dir=\"auto\">Izolacija\u00a0<\/span><span dir=\"auto\">debelina<\/span><\/p>\n<\/td>\n<td>\n<p class=\"s13\"><span dir=\"auto\">45 mm<\/span><\/p>\n<\/td>\n<td>\n<p class=\"s13\"><span dir=\"auto\">45 mm<\/span><\/p>\n<\/td>\n<\/tr>\n<tr>\n<td>\n<p class=\"s13\"><span dir=\"auto\">Odmrzovanje\u00a0<\/span><span dir=\"auto\">Odmrzovanje<\/span><\/p>\n<\/td>\n<td>\n<p class=\"s13\"><span dir=\"auto\">Avtomatski kompresor\u00a0<\/span><span dir=\"auto\">cikel<\/span><\/p>\n<\/td>\n<td>\n<p class=\"s13\"><span dir=\"auto\">Avtomatski kompresor\u00a0<\/span><span dir=\"auto\">cikel<\/span><\/p>\n<\/td>\n<\/tr>\n<tr>\n<td>\n<p class=\"s13\"><span dir=\"auto\">Razsvetljava<\/span><span dir=\"auto\">\u200b<\/span><\/p>\n<\/td>\n<td>\n<p class=\"s13\"><span dir=\"auto\">1 vodoravna LED dioda<\/span><\/p>\n<\/td>\n<td>\n<p class=\"s13\"><span dir=\"auto\">1 vodoravna LED dioda<\/span><\/p>\n<\/td>\n<\/tr>\n<tr>\n<td>\n<p class=\"s13\"><span dir=\"auto\">Police iz kaljenega stekla (WxD )<\/span><\/p>\n<\/td>\n<td>\n<p class=\"s13\"><span dir=\"auto\">\u0161t. 1 mm 580 x 228<\/span><\/p>\n<p class=\"s13\"><span dir=\"auto\">\u0161t. 1 mm 580 x 278<\/span><\/p>\n<\/td>\n<td>\n<p class=\"s13\"><span dir=\"auto\">\u0161t. 1 mm 780 x 228<\/span><\/p>\n<p class=\"s13\"><span dir=\"auto\">\u0161t. 1 mm 780 x 278<\/span><\/p>\n<\/td>\n<\/tr>\n<tr>\n<td>\n<p class=\"s13\"><span dir=\"auto\">Kole\u0161\u010dki\u00a0<\/span><span dir=\"auto\">-Feet<\/span><\/p>\n<\/td>\n<td>\n<p class=\"s13\"><span dir=\"auto\">4 noge<\/span><\/p>\n<\/td>\n<td>\n<p class=\"s13\"><span dir=\"auto\">4 noge<\/span><\/p>\n<\/td>\n<\/tr>\n<tr>\n<td>\n<p class=\"s13\"><span dir=\"auto\">Neto -\u00a0<\/span><span dir=\"auto\">Bruto te\u017ea<\/span><\/p>\n<\/td>\n<td>\n<p class=\"s13\"><span dir=\"auto\">Kg 70 \/ 93<\/span><\/p>\n<\/td>\n<td>\n<p class=\"s13\"><span dir=\"auto\">80 \/ 103 kg<\/span><\/p>\n<\/td>\n<\/tr>\n<tr>\n<td>\n<p class=\"s13\"><span dir=\"auto\">Napetost<\/span><span dir=\"auto\">\u200b<\/span><\/p>\n<\/td>\n<td>\n<p class=\"s13\"><span dir=\"auto\">V 220-240<\/span><\/p>\n<\/td>\n<td>\n<p class=\"s13\"><span dir=\"auto\">V 220-240<\/span><\/p>\n<\/td>\n<\/tr>\n<tr>\n<td>\n<p class=\"s13\"><span dir=\"auto\">Frekvenca<\/span><span dir=\"auto\">\u200b<\/span><\/p>\n<\/td>\n<td>\n<p class=\"s13\"><span dir=\"auto\">Hz 50<\/span><\/p>\n<\/td>\n<td>\n<p class=\"s13\"><span dir=\"auto\">Hz 50<\/span><\/p>\n<\/td>\n<\/tr>\n<tr>\n<td>\n<p class=\"s13\"><span dir=\"auto\">Hladilno sredstvo<\/span><span dir=\"auto\">\u200b<\/span><\/p>\n<\/td>\n<td>\n<p class=\"s13\"><span dir=\"auto\">R600A<\/span><\/p>\n<\/td>\n<td>\n<p class=\"s13\"><span dir=\"auto\">R600A<\/span><\/p>\n<\/td>\n<\/tr>\n<tr>\n<td>\n<p class=\"s13\"><span dir=\"auto\">Absorpcija<\/span><span dir=\"auto\">\u200b<\/span><\/p>\n<\/td>\n<td>\n<p class=\"s13\"><span dir=\"auto\">W 185<\/span><\/p>\n<\/td>\n<td>\n<p class=\"s13\"><span dir=\"auto\">W 200<\/span><\/p>\n<\/td>\n<\/tr>\n<tr>\n<td>\n<p class=\"s13\"><span dir=\"auto\">Poraba energije<\/span><\/p>\n<\/td>\n<td>\n<p class=\"s13\"><span dir=\"auto\">KwH\/24H 3,05<\/span><\/p>\n<\/td>\n<td>\n<p class=\"s13\"><span dir=\"auto\">KwH\/24H 3,72<\/span><\/p>\n<\/td>\n<\/tr>\n<\/tbody>\n<\/table>","protected":false},"excerpt":{"rendered":"<p>0 \u00b0C \/ +18 \u00b0C Pultna vitrina za prigrizke\/pecivo, drsna vrata<\/p>","protected":false},"featured_media":10511,"comment_status":"open","ping_status":"closed","template":"","meta":[],"product_brand":[],"product_cat":[119,53],"product_tag":[],"class_list":{"0":"post-10471","1":"product","2":"type-product","3":"status-publish","4":"has-post-thumbnail","6":"product_cat-hot-and-cold-display-cases","7":"product_cat-pastry-bakery-cooling","9":"first","10":"instock","11":"shipping-taxable","12":"purchasable","13":"product-type-simple"},"_links":{"self":[{"href":"https:\/\/dersuessestopp.com\/sl\/wp-json\/wp\/v2\/product\/10471","targetHints":{"allow":["GET"]}}],"collection":[{"href":"https:\/\/dersuessestopp.com\/sl\/wp-json\/wp\/v2\/product"}],"about":[{"href":"https:\/\/dersuessestopp.com\/sl\/wp-json\/wp\/v2\/types\/product"}],"replies":[{"embeddable":true,"href":"https:\/\/dersuessestopp.com\/sl\/wp-json\/wp\/v2\/comments?post=10471"}],"version-history":[{"count":2,"href":"https:\/\/dersuessestopp.com\/sl\/wp-json\/wp\/v2\/product\/10471\/revisions"}],"predecessor-version":[{"id":11762,"href":"https:\/\/dersuessestopp.com\/sl\/wp-json\/wp\/v2\/product\/10471\/revisions\/11762"}],"wp:featuredmedia":[{"embeddable":true,"href":"https:\/\/dersuessestopp.com\/sl\/wp-json\/wp\/v2\/media\/10511"}],"wp:attachment":[{"href":"https:\/\/dersuessestopp.com\/sl\/wp-json\/wp\/v2\/media?parent=10471"}],"wp:term":[{"taxonomy":"product_brand","embeddable":true,"href":"https:\/\/dersuessestopp.com\/sl\/wp-json\/wp\/v2\/product_brand?post=10471"},{"taxonomy":"product_cat","embeddable":true,"href":"https:\/\/dersuessestopp.com\/sl\/wp-json\/wp\/v2\/product_cat?post=10471"},{"taxonomy":"product_tag","embeddable":true,"href":"https:\/\/dersuessestopp.com\/sl\/wp-json\/wp\/v2\/product_tag?post=10471"}],"curies":[{"name":"wp","href":"https:\/\/api.w.org\/{rel}","templated":true}]}}