{"id":10417,"date":"2025-09-29T14:59:34","date_gmt":"2025-09-29T14:59:34","guid":{"rendered":"https:\/\/dersuessestopp.com\/?post_type=product&#038;p=10417"},"modified":"2025-10-08T22:21:33","modified_gmt":"2025-10-08T22:21:33","slug":"fr-372-v-st-white","status":"publish","type":"product","link":"https:\/\/dersuessestopp.com\/sl\/product\/fr-372-v-st-white\/","title":{"rendered":"FR 372 V ST WHITE"},"content":{"rendered":"<p data-start=\"203\" data-end=\"528\"><img fetchpriority=\"high\" decoding=\"async\" class=\"alignnone size-full wp-image-11871\" src=\"https:\/\/dersuessestopp.com\/wp-content\/uploads\/2025\/09\/FR372VGCST_FR372VST-Dettagli.jpg\" alt=\"\" width=\"2000\" height=\"600\" srcset=\"https:\/\/dersuessestopp.com\/wp-content\/uploads\/2025\/09\/FR372VGCST_FR372VST-Dettagli.jpg 2000w, https:\/\/dersuessestopp.com\/wp-content\/uploads\/2025\/09\/FR372VGCST_FR372VST-Dettagli-300x90.jpg 300w, https:\/\/dersuessestopp.com\/wp-content\/uploads\/2025\/09\/FR372VGCST_FR372VST-Dettagli-1024x307.jpg 1024w, https:\/\/dersuessestopp.com\/wp-content\/uploads\/2025\/09\/FR372VGCST_FR372VST-Dettagli-768x230.jpg 768w, https:\/\/dersuessestopp.com\/wp-content\/uploads\/2025\/09\/FR372VGCST_FR372VST-Dettagli-1536x461.jpg 1536w, https:\/\/dersuessestopp.com\/wp-content\/uploads\/2025\/09\/FR372VGCST_FR372VST-Dettagli-250x75.jpg 250w, https:\/\/dersuessestopp.com\/wp-content\/uploads\/2025\/09\/FR372VGCST_FR372VST-Dettagli-600x180.jpg 600w\" sizes=\"(max-width: 2000px) 100vw, 2000px\" \/><\/p>\n<p data-start=\"203\" data-end=\"528\">Spletna stran <strong data-start=\"207\" data-end=\"222\">FR 372 V ST<\/strong> je profesionalni <strong data-start=\"241\" data-end=\"268\">stati\u010dna navpi\u010dna zamrzovalna skrinja<\/strong> zasnovan za u\u010dinkovito shranjevanje zamrznjenih izdelkov v sla\u0161\u010di\u010darnah, kuhinjah in trgovinah na drobno. S svojim <strong data-start=\"368\" data-end=\"389\">robustno jekleno ohi\u0161je<\/strong>, <strong data-start=\"391\" data-end=\"416\">Notranja osvetlitev LED<\/strong>, in <strong data-start=\"422\" data-end=\"443\">Kompaktna povr\u0161ina<\/strong>, zagotavlja zanesljivo delovanje in enostavno dostopnost za vsakodnevno profesionalno uporabo.<\/p>\n<p data-start=\"530\" data-end=\"844\">Delovanje v okviru <strong data-start=\"549\" data-end=\"590\">temperaturno obmo\u010dje od -24 \u00b0C do -18 \u00b0C<\/strong>, FR 372 V ST zagotavlja dosledno zamrzovanje in ohranjanje izdelkov. Njegova <strong data-start=\"666\" data-end=\"690\">motor tangencialnega ventilatorja<\/strong> zagotavlja enakomerno porazdelitev temperature, medtem ko <strong data-start=\"744\" data-end=\"769\">mehanski termostat<\/strong> in . <strong data-start=\"774\" data-end=\"799\">ro\u010dni sistem odmrzovanja<\/strong> upravljanje je preprosto in nezahtevno za vzdr\u017eevanje.<\/p>\n<p data-start=\"846\" data-end=\"865\"><strong data-start=\"846\" data-end=\"863\">Klju\u010dne lastnosti:<\/strong><\/p>\n<ul data-start=\"866\" data-end=\"1351\">\n<li data-start=\"866\" data-end=\"906\">\n<p data-start=\"868\" data-end=\"906\">Navpi\u010dna zamrzovalna skrinja s stati\u010dnim ventilatorjem<\/p>\n<\/li>\n<li data-start=\"907\" data-end=\"945\">\n<p data-start=\"909\" data-end=\"945\">Temperaturno obmo\u010dje: -24 \u00b0C \/ -18 \u00b0C<\/p>\n<\/li>\n<li data-start=\"946\" data-end=\"984\">\n<p data-start=\"948\" data-end=\"984\">Tangencialni ventilator za enakomeren pretok zraka<\/p>\n<\/li>\n<li data-start=\"985\" data-end=\"1045\">\n<p data-start=\"987\" data-end=\"1045\">Mehanski nadzor temperature z analognim termometrom<\/p>\n<\/li>\n<li data-start=\"1046\" data-end=\"1071\">\n<p data-start=\"1048\" data-end=\"1071\">Ro\u010dni sistem odmrzovanja<\/p>\n<\/li>\n<li data-start=\"1072\" data-end=\"1111\">\n<p data-start=\"1074\" data-end=\"1111\">5 nastavljivih polic (488 \u00d7 392 mm)<\/p>\n<\/li>\n<li data-start=\"1112\" data-end=\"1139\">\n<p data-start=\"1114\" data-end=\"1139\">Masivna vrata s samozapiranjem<\/p>\n<\/li>\n<li data-start=\"1140\" data-end=\"1165\">\n<p data-start=\"1142\" data-end=\"1165\">Notranja osvetlitev LED<\/p>\n<\/li>\n<li data-start=\"1166\" data-end=\"1226\">\n<p data-start=\"1168\" data-end=\"1226\">2 kolesi + 2 nastavljivi nogi za mobilnost in stabilnost<\/p>\n<\/li>\n<li data-start=\"1227\" data-end=\"1292\">\n<p data-start=\"1229\" data-end=\"1292\">Trpe\u017eno predbarvano antikorozijsko jekleno ohi\u0161je z notranjostjo iz ABS<\/p>\n<\/li>\n<li data-start=\"1293\" data-end=\"1320\">\n<p data-start=\"1295\" data-end=\"1320\">Neto zmogljivost: <strong data-start=\"1309\" data-end=\"1318\">361 L<\/strong><\/p>\n<\/li>\n<li data-start=\"1321\" data-end=\"1351\">\n<p data-start=\"1323\" data-end=\"1351\">Nizka raven hrupa: <strong data-start=\"1340\" data-end=\"1349\">54 dB<\/strong><\/p>\n<\/li>\n<\/ul>\n<p data-start=\"1353\" data-end=\"1496\">Zanesljiv, funkcionalen in izdelan za dolgo \u017eivljenjsko dobo - <strong data-start=\"1399\" data-end=\"1414\">FR 372 V ST<\/strong> zagotavlja dosledno zmogljivost zamrzovanja za profesionalne aplikacije za shranjevanje.<\/p>\n<p data-start=\"1353\" data-end=\"1496\">\n<table style=\"height: 665px;\" width=\"524\" cellspacing=\"0\">\n<tbody>\n<tr>\n<td bgcolor=\"#FFFFFF\">\n<p class=\"s12\">Dimenzije mm<\/p>\n<\/td>\n<td bgcolor=\"#FFFFFF\">\n<p class=\"s12\">FR 372 VGC ST<\/p>\n<\/td>\n<td bgcolor=\"#FFFFFF\">\n<p class=\"s12\"><span dir=\"auto\">FR 372 V ST<\/span><\/p>\n<\/td>\n<\/tr>\n<tr>\n<td>\n<p class=\"s13\">Zunanje mere (\u0160xVxV)<\/p>\n<\/td>\n<td>\n<p class=\"s13\">640 x 670 x 2056<\/p>\n<\/td>\n<td>\n<p class=\"s13\">640 x 670 x 1875<\/p>\n<\/td>\n<\/tr>\n<tr>\n<td>\n<p class=\"s13\"><span dir=\"auto\">Dimenzije embala\u017ee (\u00a0<\/span><span dir=\"auto\">\u0160xVxV)<\/span><\/p>\n<\/td>\n<td>\n<p class=\"s13\">650 x 710 x 2160<\/p>\n<\/td>\n<td>\n<p class=\"s13\">650 x 710 x 1975<\/p>\n<\/td>\n<\/tr>\n<tr>\n<td>\n<p class=\"s13\"><span dir=\"auto\">\u00a0<\/span><span dir=\"auto\">\u0160irina<\/span><\/p>\n<\/td>\n<td>\n<p class=\"s13\">490<\/p>\n<\/td>\n<td>\n<p class=\"s13\"><span dir=\"auto\">490<\/span><\/p>\n<\/td>\n<\/tr>\n<tr>\n<td>\n<p class=\"s13\"><span dir=\"auto\">Globina<\/span><\/p>\n<\/td>\n<td>\n<p class=\"s13\">469<\/p>\n<\/td>\n<td>\n<p class=\"s13\"><span dir=\"auto\">469<\/span><\/p>\n<\/td>\n<\/tr>\n<tr>\n<td>\n<p class=\"s13\"><span dir=\"auto\">Vi\u0161ina<\/span><\/p>\n<\/td>\n<td>\n<p class=\"s13\">1570<\/p>\n<\/td>\n<td>\n<p class=\"s13\"><span dir=\"auto\">1570<\/span><\/p>\n<\/td>\n<\/tr>\n<tr>\n<td>\n<p class=\"s13\"><span dir=\"auto\">Min. Vi\u0161ina<\/span><\/p>\n<\/td>\n<td>\n<p class=\"s13\">259<\/p>\n<\/td>\n<td>\n<p class=\"s13\"><span dir=\"auto\">259<\/span><\/p>\n<\/td>\n<\/tr>\n<tr>\n<td>\n<p class=\"s13\"><span dir=\"auto\">\u00a0<\/span><span dir=\"auto\">Min. \u0160irina<\/span><\/p>\n<\/td>\n<td>\n<p class=\"s13\">1470<\/p>\n<\/td>\n<td>\n<p class=\"s13\"><span dir=\"auto\">1470<\/span><\/p>\n<\/td>\n<\/tr>\n<tr>\n<td>\n<p class=\"s13\"><span dir=\"auto\">Stran\u00a0<\/span><span dir=\"auto\">Nalepka<\/span><\/p>\n<\/td>\n<td>\n<p class=\"s13\">537 x 2020<\/p>\n<\/td>\n<td>\n<p class=\"s13\">537 x 1832<\/p>\n<\/td>\n<\/tr>\n<tr>\n<td>\n<p class=\"s13\"><span dir=\"auto\">Steklena nalepka<\/span><\/p>\n<\/td>\n<td>\n<p class=\"s13\">548 x 1560<\/p>\n<\/td>\n<td>\n<p class=\"s13\"><span dir=\"auto\">548 x 1560<\/span><\/p>\n<\/td>\n<\/tr>\n<tr>\n<td>\n<p class=\"s13\"><span dir=\"auto\">Nalepka za kro\u0161njo<\/span><\/p>\n<\/td>\n<td>\n<p class=\"s13\">625 x 187<\/p>\n<\/td>\n<td>\n<p class=\"s13\">&#8211;<\/p>\n<\/td>\n<\/tr>\n<\/tbody>\n<\/table>\n<p>&nbsp;<\/p>\n<table style=\"height: 1452px;\" width=\"990\" cellspacing=\"0\">\n<tbody>\n<tr>\n<td bgcolor=\"#FFFFFF\">\n<p class=\"s12\"><span dir=\"auto\">Tehni\u010dne lastnosti<\/span><\/p>\n<\/td>\n<td bgcolor=\"#FFFFFF\">\n<p class=\"s12\"><span dir=\"auto\">FR 372 VGC ST<\/span><\/p>\n<\/td>\n<td bgcolor=\"#FFFFFF\">\n<p class=\"s12\"><span dir=\"auto\">FR 372 V ST<\/span><\/p>\n<\/td>\n<\/tr>\n<tr>\n<td>\n<p class=\"s13\">Temperaturno obmo\u010dje<\/p>\n<\/td>\n<td>\n<p class=\"s13\">-24 \u00b0C \/ -18 \u00b0C<\/p>\n<\/td>\n<td>\n<p class=\"s13\"><span dir=\"auto\">-24 \u00b0C \/ -18 \u00b0C<\/span><\/p>\n<\/td>\n<\/tr>\n<tr>\n<td>\n<p class=\"s13\"><span dir=\"auto\">Podnebje\u00a0<\/span><span dir=\"auto\">Razred<\/span><\/p>\n<\/td>\n<td>\n<p class=\"s13\">4<\/p>\n<\/td>\n<td>\n<p class=\"s13\"><span dir=\"auto\">4<\/span><\/p>\n<\/td>\n<\/tr>\n<tr>\n<td>\n<p class=\"s13\">\u00a0Neto bruto obseg<\/p>\n<\/td>\n<td>\n<p class=\"s13\">Lt. 361 \/ 382<\/p>\n<\/td>\n<td>\n<p class=\"s13\"><span dir=\"auto\">Lt. 361 \/ 382<\/span><\/p>\n<\/td>\n<\/tr>\n<tr>\n<td>\n<p class=\"s13\"><span dir=\"auto\">Zunanja povr\u0161ina telesa<\/span><\/p>\n<\/td>\n<td>\n<p class=\"s13\"><span dir=\"auto\">Predbarvana plo\u010devina <\/span><span dir=\"auto\">s protikorozijsko obdelavo<\/span><\/p>\n<\/td>\n<td>\n<p class=\"s13\"><span dir=\"auto\">Predbarvana plo\u010devina <\/span><span dir=\"auto\">s protikorozijsko obdelavo<\/span><\/p>\n<\/td>\n<\/tr>\n<tr>\n<td>\n<p class=\"s13\"><span dir=\"auto\">Notranji\u00a0<\/span><span dir=\"auto\">Podloga<\/span><\/p>\n<\/td>\n<td>\n<p class=\"s13\"><span dir=\"auto\">ABS<\/span><\/p>\n<\/td>\n<td>\n<p class=\"s13\"><span dir=\"auto\">ABS<\/span><\/p>\n<\/td>\n<\/tr>\n<tr>\n<td>\n<p class=\"s13\">Termometer<\/p>\n<\/td>\n<td>\n<p class=\"s13\"><span dir=\"auto\">Analogni<\/span><span dir=\"auto\">\u200b<\/span><\/p>\n<\/td>\n<td>\n<p class=\"s13\"><span dir=\"auto\">Analogni<\/span><span dir=\"auto\">\u200b<\/span><\/p>\n<\/td>\n<\/tr>\n<tr>\n<td>\n<p class=\"s13\"><span dir=\"auto\">Regulator temperature \/\u00a0<\/span><span dir=\"auto\">Krmilnik<\/span><\/p>\n<\/td>\n<td>\n<p class=\"s13\"><span dir=\"auto\">Mehanski<\/span><\/p>\n<\/td>\n<td>\n<p class=\"s13\"><span dir=\"auto\">Mehanski<\/span><\/p>\n<\/td>\n<\/tr>\n<tr>\n<td>\n<p class=\"s13\"><span dir=\"auto\">Hrup\u00a0<\/span><span dir=\"auto\">raven<\/span><\/p>\n<\/td>\n<td>\n<p class=\"s13\">dB 54<\/p>\n<\/td>\n<td>\n<p class=\"s13\"><span dir=\"auto\">dB 54<\/span><\/p>\n<\/td>\n<\/tr>\n<tr>\n<td>\n<p class=\"s13\">Debelina izolacije<\/p>\n<\/td>\n<td>\n<p class=\"s13\">mm 60<\/p>\n<\/td>\n<td>\n<p class=\"s13\"><span dir=\"auto\">mm 60<\/span><\/p>\n<\/td>\n<\/tr>\n<tr>\n<td>\n<p class=\"s13\"><span dir=\"auto\">Odmrzovanje<\/span><\/p>\n<\/td>\n<td>\n<p class=\"s13\"><span dir=\"auto\">\u00a0<\/span><span dir=\"auto\">Priro\u010dnik<\/span><\/p>\n<\/td>\n<td>\n<p class=\"s13\"><span dir=\"auto\">Priro\u010dnik<\/span><\/p>\n<\/td>\n<\/tr>\n<tr>\n<td>\n<p class=\"s13\"><span dir=\"auto\">Razsvetljava<\/span><span dir=\"auto\">\u200b<\/span><\/p>\n<\/td>\n<td>\n<p class=\"s13\"><span dir=\"auto\">1 vodoravna LED dioda<\/span><\/p>\n<\/td>\n<td>\n<p class=\"s13\"><span dir=\"auto\">1 vodoravna LED dioda<\/span><\/p>\n<\/td>\n<\/tr>\n<tr>\n<td>\n<p class=\"s13\"><span dir=\"auto\">Self-\u00a0<\/span><span dir=\"auto\">zapiranje vrat<\/span><\/p>\n<\/td>\n<td>\n<p class=\"s13\"><span dir=\"auto\">Da<\/span><span dir=\"auto\">\u200b<\/span><\/p>\n<\/td>\n<td>\n<p class=\"s13\"><span dir=\"auto\">Da<\/span><span dir=\"auto\">\u200b<\/span><\/p>\n<\/td>\n<\/tr>\n<tr>\n<td>\n<p class=\"s13\"><span dir=\"auto\">Zaklepanje\u00a0<\/span><span dir=\"auto\">in klju\u010d<\/span><\/p>\n<\/td>\n<td>\n<p class=\"s13\"><span dir=\"auto\">Da<\/span><span dir=\"auto\">\u200b<\/span><\/p>\n<\/td>\n<td>\n<p class=\"s14\"><span dir=\"auto\">&#8211;<\/span><\/p>\n<\/td>\n<\/tr>\n<tr>\n<td>\n<p class=\"s13\">Police (WxD)<\/p>\n<\/td>\n<td>\n<p class=\"s13\">\u0161t. 5 - mm 488 x 392<\/p>\n<\/td>\n<td>\n<p class=\"s13\"><span dir=\"auto\">\u0161t. 5 - mm 488 x 392<\/span><\/p>\n<\/td>\n<\/tr>\n<tr>\n<td>\n<p class=\"s13\"><span dir=\"auto\">Kolesca - stopala\u00a0<\/span><\/p>\n<\/td>\n<td>\n<p class=\"s14\">2 nogi - 2 kolesca<\/p>\n<\/td>\n<td>\n<p class=\"s14\"><span dir=\"auto\">2 nogi - 2 kolesca<\/span><\/p>\n<\/td>\n<\/tr>\n<tr>\n<td>\n<p class=\"s13\"><span dir=\"auto\">Neto -\u00a0<\/span><span dir=\"auto\">Bruto te\u017ea<\/span><\/p>\n<\/td>\n<td>\n<p class=\"s13\">Kg 100 \/ 109<\/p>\n<\/td>\n<td>\n<p class=\"s13\">Kg 98 \/ 106<\/p>\n<\/td>\n<\/tr>\n<tr>\n<td>\n<p class=\"s13\"><span dir=\"auto\">Napetost<\/span><span dir=\"auto\">\u200b<\/span><\/p>\n<\/td>\n<td>\n<p class=\"s13\"><span dir=\"auto\">Pri 220-240<\/span><\/p>\n<\/td>\n<td>\n<p class=\"s13\"><span dir=\"auto\">Pri 220-240<\/span><\/p>\n<\/td>\n<\/tr>\n<tr>\n<td>\n<p class=\"s13\"><span dir=\"auto\">Frekvenca<\/span><span dir=\"auto\">\u200b<\/span><\/p>\n<\/td>\n<td>\n<p class=\"s13\">Hz 50<\/p>\n<\/td>\n<td>\n<p class=\"s13\"><span dir=\"auto\">Hz 50<\/span><\/p>\n<\/td>\n<\/tr>\n<tr>\n<td>\n<p class=\"s13\"><span dir=\"auto\">Hladilno sredstvo<\/span><\/p>\n<\/td>\n<td>\n<p class=\"s13\"><span dir=\"auto\">R290<\/span><\/p>\n<\/td>\n<td>\n<p class=\"s13\"><span dir=\"auto\">R290<\/span><\/p>\n<\/td>\n<\/tr>\n<tr>\n<td>\n<p class=\"s13\"><span dir=\"auto\">Absorpcija<\/span><span dir=\"auto\">\u200b<\/span><\/p>\n<\/td>\n<td>\n<p class=\"s13\"><span dir=\"auto\">V 598.<\/span><\/p>\n<\/td>\n<td>\n<p class=\"s13\"><span dir=\"auto\">V 598.<\/span><\/p>\n<\/td>\n<\/tr>\n<tr>\n<td>\n<p class=\"s13\"><span dir=\"auto\">Energija\u00a0<\/span><span dir=\"auto\">Poraba<\/span><\/p>\n<\/td>\n<td>\n<p class=\"s13\"><span dir=\"auto\">KwH\/24H 13,00<\/span><\/p>\n<\/td>\n<td>\n<p class=\"s13\"><span dir=\"auto\">KwH\/24H 13,00<\/span><\/p>\n<\/td>\n<\/tr>\n<\/tbody>\n<\/table>","protected":false},"excerpt":{"rendered":"<p>-24 \u00b0C \/ -18 \u00b0C Stati\u010dni pokon\u010dni zamrzovalnik z me\u0161alnikom<\/p>","protected":false},"featured_media":10495,"comment_status":"open","ping_status":"closed","template":"","meta":[],"product_brand":[],"product_cat":[99,53],"product_tag":[],"class_list":{"0":"post-10417","1":"product","2":"type-product","3":"status-publish","4":"has-post-thumbnail","6":"product_cat-upright-freezers","7":"product_cat-pastry-bakery-cooling","9":"first","10":"instock","11":"shipping-taxable","12":"purchasable","13":"product-type-simple"},"_links":{"self":[{"href":"https:\/\/dersuessestopp.com\/sl\/wp-json\/wp\/v2\/product\/10417","targetHints":{"allow":["GET"]}}],"collection":[{"href":"https:\/\/dersuessestopp.com\/sl\/wp-json\/wp\/v2\/product"}],"about":[{"href":"https:\/\/dersuessestopp.com\/sl\/wp-json\/wp\/v2\/types\/product"}],"replies":[{"embeddable":true,"href":"https:\/\/dersuessestopp.com\/sl\/wp-json\/wp\/v2\/comments?post=10417"}],"version-history":[{"count":3,"href":"https:\/\/dersuessestopp.com\/sl\/wp-json\/wp\/v2\/product\/10417\/revisions"}],"predecessor-version":[{"id":11880,"href":"https:\/\/dersuessestopp.com\/sl\/wp-json\/wp\/v2\/product\/10417\/revisions\/11880"}],"wp:featuredmedia":[{"embeddable":true,"href":"https:\/\/dersuessestopp.com\/sl\/wp-json\/wp\/v2\/media\/10495"}],"wp:attachment":[{"href":"https:\/\/dersuessestopp.com\/sl\/wp-json\/wp\/v2\/media?parent=10417"}],"wp:term":[{"taxonomy":"product_brand","embeddable":true,"href":"https:\/\/dersuessestopp.com\/sl\/wp-json\/wp\/v2\/product_brand?post=10417"},{"taxonomy":"product_cat","embeddable":true,"href":"https:\/\/dersuessestopp.com\/sl\/wp-json\/wp\/v2\/product_cat?post=10417"},{"taxonomy":"product_tag","embeddable":true,"href":"https:\/\/dersuessestopp.com\/sl\/wp-json\/wp\/v2\/product_tag?post=10417"}],"curies":[{"name":"wp","href":"https:\/\/api.w.org\/{rel}","templated":true}]}}