{"id":10412,"date":"2025-09-29T14:59:33","date_gmt":"2025-09-29T14:59:33","guid":{"rendered":"https:\/\/dersuessestopp.com\/?post_type=product&#038;p=10412"},"modified":"2025-10-08T22:11:13","modified_gmt":"2025-10-08T22:11:13","slug":"led-8","status":"publish","type":"product","link":"https:\/\/dersuessestopp.com\/sl\/product\/ice-8\/","title":{"rendered":"ICE 8"},"content":{"rendered":"<p data-start=\"160\" data-end=\"459\"><img fetchpriority=\"high\" decoding=\"async\" class=\"alignnone wp-image-11814 size-full\" src=\"https:\/\/dersuessestopp.com\/wp-content\/uploads\/2025\/09\/ICE7_ICE8-Dettagli.jpg\" alt=\"\" width=\"2000\" height=\"600\" srcset=\"https:\/\/dersuessestopp.com\/wp-content\/uploads\/2025\/09\/ICE7_ICE8-Dettagli.jpg 2000w, https:\/\/dersuessestopp.com\/wp-content\/uploads\/2025\/09\/ICE7_ICE8-Dettagli-300x90.jpg 300w, https:\/\/dersuessestopp.com\/wp-content\/uploads\/2025\/09\/ICE7_ICE8-Dettagli-1024x307.jpg 1024w, https:\/\/dersuessestopp.com\/wp-content\/uploads\/2025\/09\/ICE7_ICE8-Dettagli-768x230.jpg 768w, https:\/\/dersuessestopp.com\/wp-content\/uploads\/2025\/09\/ICE7_ICE8-Dettagli-1536x461.jpg 1536w, https:\/\/dersuessestopp.com\/wp-content\/uploads\/2025\/09\/ICE7_ICE8-Dettagli-250x75.jpg 250w, https:\/\/dersuessestopp.com\/wp-content\/uploads\/2025\/09\/ICE7_ICE8-Dettagli-600x180.jpg 600w\" sizes=\"(max-width: 2000px) 100vw, 2000px\" \/><\/p>\n<p data-start=\"160\" data-end=\"459\">Spletna stran <strong data-start=\"164\" data-end=\"173\">ICE 8<\/strong> je visokozmogljiv <strong data-start=\"193\" data-end=\"229\">stati\u010dna zamrzovalna skrinja za sladoled<\/strong>, idealen za profesionalne gelaterije, sla\u0161\u010di\u010darne in kavarne. Zasnovan je za zmogljivost in predstavitev ter deluje med <strong data-start=\"359\" data-end=\"380\">-23 \u00b0C in -13 \u00b0C<\/strong>, ohranjanje optimalne temperature za serviranje sladoleda in zamrznjenih sladic.<\/p>\n<p data-start=\"461\" data-end=\"748\">Vklju\u010duje <strong data-start=\"473\" data-end=\"503\">\u0161tiristranska steklena struktura<\/strong>, <strong data-start=\"505\" data-end=\"527\">drsni stekleni pokrovi<\/strong>, in <strong data-start=\"533\" data-end=\"549\">Osvetlitev LED<\/strong>, ICE 8 zagotavlja odli\u010dno vidljivost in dostopnost. Izdelan z <strong data-start=\"621\" data-end=\"660\">predbarvano antikorozijsko jekleno ohi\u0161je<\/strong> in . <strong data-start=\"665\" data-end=\"695\">notranjost iz reliefnega aluminija<\/strong>, zagotavlja vzdr\u017eljivost in dosledno delovanje.<\/p>\n<p data-start=\"750\" data-end=\"928\"><strong data-start=\"750\" data-end=\"767\">Klju\u010dne lastnosti:<\/strong> Stati\u010dno hlajenje, osvetlitev LED, ro\u010dno odmrzovanje, mehanski termostat, klju\u010davnica in klju\u010d ter 4 kolesca.<br data-start=\"871\" data-end=\"874\" \/><strong data-start=\"874\" data-end=\"887\">Zmogljivost:<\/strong> 8 standardnih posod za gelato (niso vklju\u010dene).<\/p>\n<p data-start=\"750\" data-end=\"928\">\n<table style=\"height: 740px;\" width=\"945\" cellspacing=\"0\">\n<tbody>\n<tr>\n<td bgcolor=\"#FFFFFF\">\n<p class=\"s10\"><span dir=\"auto\">Dimenzije mm<\/span><\/p>\n<\/td>\n<td bgcolor=\"#FFFFFF\">\n<p class=\"s10\"><span dir=\"auto\">ICE 7<\/span><\/p>\n<\/td>\n<td bgcolor=\"#FFFFFF\">\n<p class=\"s10\"><span dir=\"auto\">ICE 8<\/span><\/p>\n<\/td>\n<\/tr>\n<tr>\n<td>\n<p class=\"s11\"><span dir=\"auto\">Zunanje dimenzije (\u00a0<\/span><span dir=\"auto\">\u0160xVxV)<\/span><\/p>\n<\/td>\n<td>\n<p class=\"s11\"><span dir=\"auto\">1305 x 635 x 1240<\/span><\/p>\n<\/td>\n<td>\n<p class=\"s11\"><span dir=\"auto\">1555 x 635 x 1240<\/span><\/p>\n<\/td>\n<\/tr>\n<tr>\n<td>\n<p class=\"s11\"><span dir=\"auto\">Dimenzije pakiranja - hladilna baza (\u0160xVxGxV)\u00a0<\/span><span dir=\"auto\">)<\/span><\/p>\n<\/td>\n<td>\n<p class=\"s11\"><span dir=\"auto\">1355 x 700 x 965<\/span><\/p>\n<\/td>\n<td>\n<p class=\"s11\"><span dir=\"auto\">1610 x 700 x 965<\/span><\/p>\n<\/td>\n<\/tr>\n<tr>\n<td>\n<p class=\"s11\"><span dir=\"auto\">Dimenzije embala\u017ee - steklena enota (\u0160xGxV)\u00a0<\/span><\/p>\n<\/td>\n<td>\n<p class=\"s11\"><span dir=\"auto\">1390 x 620 x 250<\/span><\/p>\n<\/td>\n<td>\n<p class=\"s11\"><span dir=\"auto\">1650 x 620 x 250<\/span><\/p>\n<\/td>\n<\/tr>\n<tr>\n<td>\n<p class=\"s11\"><span dir=\"auto\">\u00a0<\/span><span dir=\"auto\">\u0160irina<\/span><\/p>\n<\/td>\n<td>\n<p class=\"s11\"><span dir=\"auto\">1180<\/span><\/p>\n<\/td>\n<td>\n<p class=\"s11\"><span dir=\"auto\">1430<\/span><\/p>\n<\/td>\n<\/tr>\n<tr>\n<td>\n<p class=\"s11\"><span dir=\"auto\">Globina<\/span><\/p>\n<\/td>\n<td>\n<p class=\"s11\"><span dir=\"auto\">510<\/span><\/p>\n<\/td>\n<td>\n<p class=\"s11\"><span dir=\"auto\">510<\/span><\/p>\n<\/td>\n<\/tr>\n<tr>\n<td>\n<p class=\"s11\"><span dir=\"auto\">Vi\u0161ina<\/span><\/p>\n<\/td>\n<td>\n<p class=\"s11\"><span dir=\"auto\">560<\/span><\/p>\n<\/td>\n<td>\n<p class=\"s11\"><span dir=\"auto\">560<\/span><\/p>\n<\/td>\n<\/tr>\n<tr>\n<td>\n<p class=\"s11\"><span dir=\"auto\">Min. Vi\u0161ina<\/span><\/p>\n<\/td>\n<td>\n<p class=\"s11\"><span dir=\"auto\">330<\/span><\/p>\n<\/td>\n<td>\n<p class=\"s11\"><span dir=\"auto\">330<\/span><\/p>\n<\/td>\n<\/tr>\n<tr>\n<td>\n<p class=\"s11\"><span dir=\"auto\">\u00a0<\/span><span dir=\"auto\">Min. \u0160irina<\/span><\/p>\n<\/td>\n<td>\n<p class=\"s11\"><span dir=\"auto\">970<\/span><\/p>\n<\/td>\n<td>\n<p class=\"s11\"><span dir=\"auto\">1210<\/span><\/p>\n<\/td>\n<\/tr>\n<tr>\n<td>\n<p class=\"s11\"><span dir=\"auto\">Desna stran\u00a0<\/span><span dir=\"auto\">Nalepka<\/span><\/p>\n<\/td>\n<td>\n<p class=\"s11\"><span dir=\"auto\">625 x 490\/379<\/span><\/p>\n<\/td>\n<td>\n<p class=\"s11\"><span dir=\"auto\">625 x 490\/379<\/span><\/p>\n<\/td>\n<\/tr>\n<tr>\n<td>\n<p class=\"s11\"><span dir=\"auto\">Leva stran nalepke<\/span><\/p>\n<\/td>\n<td>\n<p class=\"s11\"><span dir=\"auto\">625 x 750\/638<\/span><\/p>\n<\/td>\n<td>\n<p class=\"s11\"><span dir=\"auto\">625 x 750\/638<\/span><\/p>\n<\/td>\n<\/tr>\n<tr>\n<td>\n<p class=\"s11\"><span dir=\"auto\">Spredaj\u00a0<\/span><span dir=\"auto\">Nalepka<\/span><\/p>\n<\/td>\n<td>\n<p class=\"s11\"><span dir=\"auto\">1295 x 643<\/span><\/p>\n<\/td>\n<td>\n<p class=\"s11\"><span dir=\"auto\">1545 x 643<\/span><\/p>\n<\/td>\n<\/tr>\n<\/tbody>\n<\/table>\n<p>&nbsp;<\/p>\n<table style=\"height: 1437px;\" width=\"1046\" cellspacing=\"0\">\n<tbody>\n<tr>\n<td bgcolor=\"#FFFFFF\">\n<p class=\"s10\"><span dir=\"auto\">Tehni\u010dne lastnosti<\/span><\/p>\n<\/td>\n<td bgcolor=\"#FFFFFF\">\n<p class=\"s10\"><span dir=\"auto\">ICE 7<\/span><\/p>\n<\/td>\n<td bgcolor=\"#FFFFFF\">\n<p class=\"s10\"><span dir=\"auto\">ICE 8<\/span><\/p>\n<\/td>\n<\/tr>\n<tr>\n<td>\n<p class=\"s11\"><span dir=\"auto\">\u00a0<\/span><span dir=\"auto\">Temperaturno obmo\u010dje<\/span><\/p>\n<\/td>\n<td>\n<p class=\"s11\"><span dir=\"auto\">-23 \u00b0C \/ -13 \u00b0C<\/span><\/p>\n<\/td>\n<td>\n<p class=\"s11\"><span dir=\"auto\">-23 \u00b0C \/ -13 \u00b0C<\/span><\/p>\n<\/td>\n<\/tr>\n<tr>\n<td>\n<p class=\"s11\"><span dir=\"auto\">Podnebje\u00a0<\/span><span dir=\"auto\">Razred<\/span><\/p>\n<\/td>\n<td>\n<p class=\"s11\"><span dir=\"auto\">4<\/span><\/p>\n<\/td>\n<td>\n<p class=\"s11\"><span dir=\"auto\">4<\/span><\/p>\n<\/td>\n<\/tr>\n<tr>\n<td>\n<p class=\"s11\"><span dir=\"auto\">\u00a0<\/span><span dir=\"auto\">Neto bruto obseg<\/span><\/p>\n<\/td>\n<td>\n<p class=\"s11\"><span dir=\"auto\">Poru\u010dnik 337 \/ 381<\/span><\/p>\n<\/td>\n<td>\n<p class=\"s11\"><span dir=\"auto\">414 \/ 467<\/span><\/p>\n<\/td>\n<\/tr>\n<tr>\n<td>\n<p class=\"s11\"><span dir=\"auto\">Zunanja povr\u0161ina telesa<\/span><\/p>\n<\/td>\n<td>\n<p class=\"s11\"><span dir=\"auto\">Predbarvana plo\u010devina <\/span><span dir=\"auto\">s protikorozijsko obdelavo<\/span><\/p>\n<\/td>\n<td>\n<p class=\"s11\"><span dir=\"auto\">Predbarvana plo\u010devina <\/span><span dir=\"auto\">s protikorozijsko obdelavo<\/span><\/p>\n<\/td>\n<\/tr>\n<tr>\n<td>\n<p class=\"s11\"><span dir=\"auto\">Notranja povr\u0161ina\u00a0<\/span><span dir=\"auto\">Notranji vlo\u017eek<\/span><\/p>\n<\/td>\n<td>\n<p class=\"s11\"><span dir=\"auto\">reliefni aluminij<\/span><\/p>\n<\/td>\n<td>\n<p class=\"s11\"><span dir=\"auto\">reliefni aluminij<\/span><\/p>\n<\/td>\n<\/tr>\n<tr>\n<td>\n<p class=\"s11\"><span dir=\"auto\">Termometer<\/span><span dir=\"auto\">\u200b<\/span><\/p>\n<\/td>\n<td>\n<p class=\"s11\"><span dir=\"auto\">Analogni<\/span><span dir=\"auto\">\u200b<\/span><\/p>\n<\/td>\n<td>\n<p class=\"s11\"><span dir=\"auto\">Analogni<\/span><span dir=\"auto\">\u200b<\/span><\/p>\n<\/td>\n<\/tr>\n<tr>\n<td>\n<p class=\"s11\"><span dir=\"auto\">Regulator temperature \/\u00a0<\/span><span dir=\"auto\">Krmilnik<\/span><\/p>\n<\/td>\n<td>\n<p class=\"s11\"><span dir=\"auto\">\u00a0<\/span><span dir=\"auto\">Mehanski<\/span><\/p>\n<\/td>\n<td>\n<p class=\"s11\"><span dir=\"auto\">\u00a0<\/span><span dir=\"auto\">Mehanski<\/span><\/p>\n<\/td>\n<\/tr>\n<tr>\n<td>\n<p class=\"s11\"><span dir=\"auto\">Hrup\u00a0<\/span><span dir=\"auto\">raven<\/span><\/p>\n<\/td>\n<td>\n<p class=\"s11\"><span dir=\"auto\">dB 52<\/span><\/p>\n<\/td>\n<td>\n<p class=\"s11\"><span dir=\"auto\">dB 53<\/span><\/p>\n<\/td>\n<\/tr>\n<tr>\n<td>\n<p class=\"s11\"><span dir=\"auto\">Izolacija\u00a0<\/span><span dir=\"auto\">debelina<\/span><\/p>\n<\/td>\n<td>\n<p class=\"s11\"><span dir=\"auto\">60 mm<\/span><\/p>\n<\/td>\n<td>\n<p class=\"s11\"><span dir=\"auto\">60 mm<\/span><\/p>\n<\/td>\n<\/tr>\n<tr>\n<td>\n<p class=\"s11\"><span dir=\"auto\">Odmrzovanje\u00a0<\/span><\/p>\n<\/td>\n<td>\n<p class=\"s11\"><span dir=\"auto\">\u00a0<\/span><span dir=\"auto\">Priro\u010dnik<\/span><\/p>\n<\/td>\n<td>\n<p class=\"s11\"><span dir=\"auto\">Priro\u010dnik\u00a0<\/span><\/p>\n<\/td>\n<\/tr>\n<tr>\n<td>\n<p class=\"s11\"><span dir=\"auto\">Razsvetljava\u00a0<\/span><\/p>\n<\/td>\n<td>\n<p class=\"s11\"><span dir=\"auto\">LED<\/span><\/p>\n<\/td>\n<td>\n<p class=\"s11\"><span dir=\"auto\">LED<\/span><\/p>\n<\/td>\n<\/tr>\n<tr>\n<td>\n<p class=\"s11\"><span dir=\"auto\">Zaklepanje\u00a0<\/span><span dir=\"auto\">in klju\u010d<\/span><\/p>\n<\/td>\n<td>\n<p class=\"s11\"><span dir=\"auto\">Da<\/span><span dir=\"auto\">\u200b<\/span><\/p>\n<\/td>\n<td>\n<p class=\"s11\"><span dir=\"auto\">Da<\/span><span dir=\"auto\">\u200b<\/span><\/p>\n<\/td>\n<\/tr>\n<tr>\n<td>\n<p class=\"s11\"><span dir=\"auto\">Ko\u0161are iz nerjave\u010dega jekla in dimenzije (\u0160xVxH)\u00a0<\/span><span dir=\"auto\">)<\/span><\/p>\n<\/td>\n<td>\n<p class=\"s11\"><span dir=\"auto\">Ne\u00a0<\/span><span dir=\"auto\">vklju\u010deno<\/span><\/p>\n<p class=\"s11\"><span dir=\"auto\">N\u00b0 7 - mm 165 x 360 x 100 - lt. 4,25<\/span><\/p>\n<p class=\"s11\"><span dir=\"auto\">N\u00b0 7 - 165 x 360 x 120 mm - lt. 5<\/span><\/p>\n<\/td>\n<td>\n<p class=\"s11\"><span dir=\"auto\">Ne\u00a0<\/span><span dir=\"auto\">vklju\u010deno<\/span><\/p>\n<p class=\"s11\"><span dir=\"auto\">N\u00b0 8 - mm 165 x 360 x 100 - lt. 4,25<\/span><\/p>\n<p class=\"s11\"><span dir=\"auto\">N\u00b0 8 - 165 x 360 x 120 mm - lt. 5<\/span><\/p>\n<\/td>\n<\/tr>\n<tr>\n<td>\n<p class=\"s11\"><span dir=\"auto\">Kole\u0161\u010dki\u00a0<\/span><span dir=\"auto\">-Feet<\/span><\/p>\n<\/td>\n<td>\n<p class=\"s11\"><span dir=\"auto\">4 kolesa \/\u00a0<\/span><span dir=\"auto\">4 kolesca<\/span><\/p>\n<\/td>\n<td>\n<p class=\"s11\"><span dir=\"auto\">4 kolesa \/\u00a0<\/span><span dir=\"auto\">4 kolesca<\/span><\/p>\n<\/td>\n<\/tr>\n<tr>\n<td>\n<p class=\"s11\"><span dir=\"auto\">Neto -\u00a0<\/span><span dir=\"auto\">Bruto te\u017ea<\/span><\/p>\n<\/td>\n<td>\n<p class=\"s11\"><span dir=\"auto\">105 \/ 115 kg<\/span><\/p>\n<\/td>\n<td>\n<p class=\"s11\"><span dir=\"auto\">120 \/ 131 kg<\/span><\/p>\n<\/td>\n<\/tr>\n<tr>\n<td>\n<p class=\"s11\"><span dir=\"auto\">Napetost<\/span><span dir=\"auto\">\u200b<\/span><\/p>\n<\/td>\n<td>\n<p class=\"s11\"><span dir=\"auto\">V 220-240<\/span><\/p>\n<\/td>\n<td>\n<p class=\"s11\"><span dir=\"auto\">V 220-240<\/span><\/p>\n<\/td>\n<\/tr>\n<tr>\n<td>\n<p class=\"s11\"><span dir=\"auto\">Frekvenca<\/span><span dir=\"auto\">\u200b<\/span><\/p>\n<\/td>\n<td>\n<p class=\"s11\"><span dir=\"auto\">Hz 50<\/span><\/p>\n<\/td>\n<td>\n<p class=\"s11\"><span dir=\"auto\">Hz 50<\/span><\/p>\n<\/td>\n<\/tr>\n<tr>\n<td>\n<p class=\"s11\"><span dir=\"auto\">Hladilno sredstvo<\/span><span dir=\"auto\">\u200b<\/span><\/p>\n<\/td>\n<td>\n<p class=\"s11\"><span dir=\"auto\">R290<\/span><\/p>\n<\/td>\n<td>\n<p class=\"s11\"><span dir=\"auto\">R290<\/span><\/p>\n<\/td>\n<\/tr>\n<tr>\n<td>\n<p class=\"s11\"><span dir=\"auto\">Absorpcija<\/span><span dir=\"auto\">\u200b<\/span><\/p>\n<\/td>\n<td>\n<p class=\"s11\"><span dir=\"auto\">W 299<\/span><\/p>\n<\/td>\n<td>\n<p class=\"s11\"><span dir=\"auto\">W 293<\/span><\/p>\n<\/td>\n<\/tr>\n<tr>\n<td>\n<p class=\"s11\"><span dir=\"auto\">Poraba energije<\/span><\/p>\n<\/td>\n<td>\n<p class=\"s11\"><span dir=\"auto\">KwH\/24H 4,3<\/span><\/p>\n<\/td>\n<td>\n<p class=\"s11\"><span dir=\"auto\">KwH\/24H 4,65<\/span><\/p>\n<\/td>\n<\/tr>\n<\/tbody>\n<\/table>","protected":false},"excerpt":{"rendered":"<p>-23 \u00b0C \/ -13 \u00b0C Stati\u010dna vitrina za gelato<\/p>","protected":false},"featured_media":10462,"comment_status":"open","ping_status":"closed","template":"","meta":[],"product_brand":[],"product_cat":[116,53],"product_tag":[],"class_list":{"0":"post-10412","1":"product","2":"type-product","3":"status-publish","4":"has-post-thumbnail","6":"product_cat-gelato-display-cases","7":"product_cat-pastry-bakery-cooling","9":"first","10":"instock","11":"shipping-taxable","12":"purchasable","13":"product-type-simple"},"_links":{"self":[{"href":"https:\/\/dersuessestopp.com\/sl\/wp-json\/wp\/v2\/product\/10412","targetHints":{"allow":["GET"]}}],"collection":[{"href":"https:\/\/dersuessestopp.com\/sl\/wp-json\/wp\/v2\/product"}],"about":[{"href":"https:\/\/dersuessestopp.com\/sl\/wp-json\/wp\/v2\/types\/product"}],"replies":[{"embeddable":true,"href":"https:\/\/dersuessestopp.com\/sl\/wp-json\/wp\/v2\/comments?post=10412"}],"version-history":[{"count":3,"href":"https:\/\/dersuessestopp.com\/sl\/wp-json\/wp\/v2\/product\/10412\/revisions"}],"predecessor-version":[{"id":11869,"href":"https:\/\/dersuessestopp.com\/sl\/wp-json\/wp\/v2\/product\/10412\/revisions\/11869"}],"wp:featuredmedia":[{"embeddable":true,"href":"https:\/\/dersuessestopp.com\/sl\/wp-json\/wp\/v2\/media\/10462"}],"wp:attachment":[{"href":"https:\/\/dersuessestopp.com\/sl\/wp-json\/wp\/v2\/media?parent=10412"}],"wp:term":[{"taxonomy":"product_brand","embeddable":true,"href":"https:\/\/dersuessestopp.com\/sl\/wp-json\/wp\/v2\/product_brand?post=10412"},{"taxonomy":"product_cat","embeddable":true,"href":"https:\/\/dersuessestopp.com\/sl\/wp-json\/wp\/v2\/product_cat?post=10412"},{"taxonomy":"product_tag","embeddable":true,"href":"https:\/\/dersuessestopp.com\/sl\/wp-json\/wp\/v2\/product_tag?post=10412"}],"curies":[{"name":"wp","href":"https:\/\/api.w.org\/{rel}","templated":true}]}}