{"id":10399,"date":"2025-09-29T14:59:33","date_gmt":"2025-09-29T14:59:33","guid":{"rendered":"https:\/\/dersuessestopp.com\/?post_type=product&#038;p=10399"},"modified":"2025-10-08T22:30:32","modified_gmt":"2025-10-08T22:30:32","slug":"fr-500-ps-k","status":"publish","type":"product","link":"https:\/\/dersuessestopp.com\/sl\/product\/fr-500-ps-k\/","title":{"rendered":"FR 500 PS K"},"content":{"rendered":"<p data-start=\"207\" data-end=\"472\"><img fetchpriority=\"high\" decoding=\"async\" class=\"alignnone size-full wp-image-11887\" src=\"https:\/\/dersuessestopp.com\/wp-content\/uploads\/2025\/09\/FR_500_600_PSK-Dettagli.jpg\" alt=\"\" width=\"2000\" height=\"600\" srcset=\"https:\/\/dersuessestopp.com\/wp-content\/uploads\/2025\/09\/FR_500_600_PSK-Dettagli.jpg 2000w, https:\/\/dersuessestopp.com\/wp-content\/uploads\/2025\/09\/FR_500_600_PSK-Dettagli-300x90.jpg 300w, https:\/\/dersuessestopp.com\/wp-content\/uploads\/2025\/09\/FR_500_600_PSK-Dettagli-1024x307.jpg 1024w, https:\/\/dersuessestopp.com\/wp-content\/uploads\/2025\/09\/FR_500_600_PSK-Dettagli-768x230.jpg 768w, https:\/\/dersuessestopp.com\/wp-content\/uploads\/2025\/09\/FR_500_600_PSK-Dettagli-1536x461.jpg 1536w, https:\/\/dersuessestopp.com\/wp-content\/uploads\/2025\/09\/FR_500_600_PSK-Dettagli-250x75.jpg 250w, https:\/\/dersuessestopp.com\/wp-content\/uploads\/2025\/09\/FR_500_600_PSK-Dettagli-600x180.jpg 600w\" sizes=\"(max-width: 2000px) 100vw, 2000px\" \/><\/p>\n<p data-start=\"207\" data-end=\"472\">\n<p data-start=\"207\" data-end=\"472\">Spletna stran <strong data-start=\"211\" data-end=\"226\">FR 500 PS K<\/strong> je trpe\u017een <strong data-start=\"240\" data-end=\"264\">stati\u010dna zamrzovalna skrinja<\/strong> zasnovan za profesionalne kuhinje, sla\u0161\u010di\u010darne in gostinske obrate. Z <strong data-start=\"353\" data-end=\"394\">temperaturno obmo\u010dje od -24 \u00b0C do -18 \u00b0C<\/strong>, zagotavlja zanesljivo zamrzovanje in dosledno ohranjanje va\u0161ih izdelkov.<\/p>\n<p data-start=\"474\" data-end=\"742\">Zgrajen z <strong data-start=\"487\" data-end=\"526\">predbarvano antikorozijsko jekleno ohi\u0161je<\/strong> in . <strong data-start=\"531\" data-end=\"561\">notranjost iz reliefnega aluminija<\/strong>, je FR 500 PS K mo\u010dan in enostaven za vzdr\u017eevanje. Ima naslednje zna\u010dilnosti <strong data-start=\"628\" data-end=\"644\">osvetlitev pokrova<\/strong>, <strong data-start=\"646\" data-end=\"664\">ro\u010dno odmrzovanje<\/strong>, in <strong data-start=\"672\" data-end=\"706\">mehanski nadzor temperature<\/strong> za preprosto in zanesljivo delovanje.<\/p>\n<p data-start=\"744\" data-end=\"906\"><strong data-start=\"744\" data-end=\"761\">Klju\u010dne lastnosti:<\/strong><br data-start=\"761\" data-end=\"764\" \/>Stati\u010dno hlajenje, klju\u010davnica, 3 ko\u0161are (raz\u0161irljive na 6), osvetlitev pokrova in 4 kolesa.<br data-start=\"857\" data-end=\"860\" \/><strong data-start=\"860\" data-end=\"873\">Zmogljivost:<\/strong> 458 L | <strong data-start=\"882\" data-end=\"898\">Stopnja hrupa:<\/strong> 40 dB<\/p>\n<table style=\"height: 666px;\" width=\"502\" cellspacing=\"0\">\n<tbody>\n<tr>\n<td bgcolor=\"#FFFFFF\">\n<p class=\"s11\"><span dir=\"auto\">Dimenzije mm<\/span><\/p>\n<\/td>\n<td bgcolor=\"#FFFFFF\">\n<p class=\"s11\"><span dir=\"auto\">FR 500 PS K<\/span><\/p>\n<\/td>\n<td bgcolor=\"#FFFFFF\">\n<p class=\"s11\"><span dir=\"auto\">FR 600 PS K<\/span><\/p>\n<\/td>\n<\/tr>\n<tr>\n<td>\n<p class=\"s12\"><span dir=\"auto\">Zunanje dimenzije (\u00a0<\/span><span dir=\"auto\">\u0160xVxV)<\/span><\/p>\n<\/td>\n<td>\n<p class=\"s12\"><span dir=\"auto\">1555 x 720 x 845<\/span><\/p>\n<\/td>\n<td>\n<p class=\"s12\"><span dir=\"auto\">2055 x 720 x 845<\/span><\/p>\n<\/td>\n<\/tr>\n<tr>\n<td>\n<p class=\"s12\"><span dir=\"auto\">Dimenzije embala\u017ee (\u00a0<\/span><span dir=\"auto\">\u0160xVxV)<\/span><\/p>\n<\/td>\n<td>\n<p class=\"s12\"><span dir=\"auto\">1610 x 760 x 990<\/span><\/p>\n<\/td>\n<td>\n<p class=\"s12\"><span dir=\"auto\">2100 x 760 x 990<\/span><\/p>\n<\/td>\n<\/tr>\n<tr>\n<td>\n<p class=\"s12\"><span dir=\"auto\">\u0160irina<\/span><\/p>\n<\/td>\n<td>\n<p class=\"s12\"><span dir=\"auto\">1430<\/span><\/p>\n<\/td>\n<td>\n<p class=\"s12\"><span dir=\"auto\">1930<\/span><\/p>\n<\/td>\n<\/tr>\n<tr>\n<td>\n<p class=\"s12\"><span dir=\"auto\">Globina<\/span><\/p>\n<\/td>\n<td>\n<p class=\"s12\"><span dir=\"auto\">510<\/span><\/p>\n<\/td>\n<td>\n<p class=\"s12\"><span dir=\"auto\">510<\/span><\/p>\n<\/td>\n<\/tr>\n<tr>\n<td>\n<p class=\"s12\"><span dir=\"auto\">Vi\u0161ina<\/span><\/p>\n<\/td>\n<td>\n<p class=\"s12\"><span dir=\"auto\">675<\/span><\/p>\n<\/td>\n<td>\n<p class=\"s12\"><span dir=\"auto\">675<\/span><\/p>\n<\/td>\n<\/tr>\n<tr>\n<td>\n<p class=\"s12\"><span dir=\"auto\">Min. Vi\u0161ina<\/span><\/p>\n<\/td>\n<td>\n<p class=\"s12\"><span dir=\"auto\">445<\/span><\/p>\n<\/td>\n<td>\n<p class=\"s12\"><span dir=\"auto\">445<\/span><\/p>\n<\/td>\n<\/tr>\n<tr>\n<td>\n<p class=\"s12\"><span dir=\"auto\">Min. \u0160irina<\/span><\/p>\n<\/td>\n<td>\n<p class=\"s12\"><span dir=\"auto\">1220<\/span><\/p>\n<\/td>\n<td>\n<p class=\"s12\"><span dir=\"auto\">1720<\/span><\/p>\n<\/td>\n<\/tr>\n<tr>\n<td>\n<p class=\"s12\"><span dir=\"auto\">Desna stran\u00a0<\/span><span dir=\"auto\">Nalepka<\/span><\/p>\n<\/td>\n<td>\n<p class=\"s12\"><span dir=\"auto\">625 x 487<\/span><\/p>\n<\/td>\n<td>\n<p class=\"s12\"><span dir=\"auto\">625 x 487<\/span><\/p>\n<\/td>\n<\/tr>\n<tr>\n<td>\n<p class=\"s12\"><span dir=\"auto\">Leva stran nalepke<\/span><\/p>\n<\/td>\n<td>\n<p class=\"s12\"><span dir=\"auto\">625 x 750<\/span><\/p>\n<\/td>\n<td>\n<p class=\"s12\"><span dir=\"auto\">625 x 750<\/span><\/p>\n<\/td>\n<\/tr>\n<tr>\n<td>\n<p class=\"s12\"><span dir=\"auto\">Spredaj\u00a0<\/span><span dir=\"auto\">Nalepka<\/span><\/p>\n<\/td>\n<td>\n<p class=\"s12\"><span dir=\"auto\">1545 x 750<\/span><\/p>\n<\/td>\n<td>\n<p class=\"s12\"><span dir=\"auto\">2045 x 750<\/span><\/p>\n<\/td>\n<\/tr>\n<\/tbody>\n<\/table>\n<p>&nbsp;<\/p>\n<table style=\"height: 1383px;\" width=\"1021\" cellspacing=\"0\">\n<tbody>\n<tr>\n<td bgcolor=\"#FFFFFF\">\n<p class=\"s11\"><span dir=\"auto\">Tehni\u010dne lastnosti<\/span><\/p>\n<\/td>\n<td bgcolor=\"#FFFFFF\">\n<p class=\"s11\"><span dir=\"auto\">FR 500 PS K<\/span><\/p>\n<\/td>\n<td bgcolor=\"#FFFFFF\">\n<p class=\"s11\"><span dir=\"auto\">FR 600 PS K<\/span><\/p>\n<\/td>\n<\/tr>\n<tr>\n<td>\n<p class=\"s12\"><span dir=\"auto\">Temperaturno obmo\u010dje<\/span><\/p>\n<\/td>\n<td>\n<p class=\"s12\"><span dir=\"auto\">-24 \u00b0C \/ -18 \u00b0C<\/span><\/p>\n<\/td>\n<td>\n<p class=\"s12\"><span dir=\"auto\">-24 \u00b0C \/ -18 \u00b0C<\/span><\/p>\n<\/td>\n<\/tr>\n<tr>\n<td>\n<p class=\"s12\"><span dir=\"auto\">Podnebje\u00a0<\/span><span dir=\"auto\">Razred<\/span><\/p>\n<\/td>\n<td>\n<p class=\"s12\"><span dir=\"auto\">4<\/span><\/p>\n<\/td>\n<td>\n<p class=\"s12\"><span dir=\"auto\">4<\/span><\/p>\n<\/td>\n<\/tr>\n<tr>\n<td>\n<p class=\"s12\"><span dir=\"auto\">Neto bruto obseg<\/span><\/p>\n<\/td>\n<td>\n<p class=\"s12\"><span dir=\"auto\">458 \/ 479<\/span><\/p>\n<\/td>\n<td>\n<p class=\"s12\"><span dir=\"auto\">Lieta 607 \/ 655<\/span><\/p>\n<\/td>\n<\/tr>\n<tr>\n<td>\n<p class=\"s12\"><span dir=\"auto\">Zunanja povr\u0161ina telesa<\/span><\/p>\n<\/td>\n<td>\n<p class=\"s12\"><span dir=\"auto\">Predbarvana plo\u010devina <\/span><span dir=\"auto\">s protikorozijsko obdelavo<\/span><\/p>\n<\/td>\n<td>\n<p class=\"s12\"><span dir=\"auto\">Predbarvana plo\u010devina <\/span><span dir=\"auto\">s protikorozijsko obdelavo<\/span><\/p>\n<\/td>\n<\/tr>\n<tr>\n<td>\n<p class=\"s12\"><span dir=\"auto\">Notranja povr\u0161ina\u00a0<\/span><span dir=\"auto\">Notranji vlo\u017eek<\/span><\/p>\n<\/td>\n<td>\n<p class=\"s12\"><span dir=\"auto\">reliefni aluminij<\/span><\/p>\n<\/td>\n<td>\n<p class=\"s12\"><span dir=\"auto\">reliefni aluminij<\/span><\/p>\n<\/td>\n<\/tr>\n<tr>\n<td>\n<p class=\"s12\"><span dir=\"auto\">Ko\u0161are\u00a0<\/span><span dir=\"auto\">Ko\u0161are<\/span><\/p>\n<\/td>\n<td>\n<p class=\"s12\"><span dir=\"auto\">Standardni 3 kosi \/\u00a0<\/span><span dir=\"auto\">3 kosi<\/span><\/p>\n<p class=\"s12\"><span dir=\"auto\">Po \u017eelji (najve\u010d 6 kosov \/\u00a0<\/span><span dir=\"auto\">najve\u010d 6 kosov<\/span><span dir=\"auto\">\u00a0)<\/span><\/p>\n<\/td>\n<td>\n<p class=\"s12\"><span dir=\"auto\">Standardni 3 kosi \/\u00a0<\/span><span dir=\"auto\">3 kosi<\/span><\/p>\n<p class=\"s12\"><span dir=\"auto\">Po \u017eelji (najve\u010d 8 kosov \/\u00a0<\/span><span dir=\"auto\">najve\u010d 8 kosov<\/span><span dir=\"auto\">\u00a0)<\/span><\/p>\n<\/td>\n<\/tr>\n<tr>\n<td>\n<p class=\"s12\"><span dir=\"auto\">Termometer<\/span><span dir=\"auto\">\u200b<\/span><\/p>\n<\/td>\n<td>\n<p class=\"s12\"><span dir=\"auto\">Analogni<\/span><span dir=\"auto\">\u200b<\/span><\/p>\n<\/td>\n<td>\n<p class=\"s12\"><span dir=\"auto\">Analogni<\/span><span dir=\"auto\">\u200b<\/span><\/p>\n<\/td>\n<\/tr>\n<tr>\n<td>\n<p class=\"s12\"><span dir=\"auto\">Regulator temperature \/\u00a0<\/span><span dir=\"auto\">Krmilnik<\/span><\/p>\n<\/td>\n<td>\n<p class=\"s12\"><span dir=\"auto\">Mehanski<\/span><\/p>\n<\/td>\n<td>\n<p class=\"s12\"><span dir=\"auto\">Mehanski<\/span><\/p>\n<\/td>\n<\/tr>\n<tr>\n<td>\n<p class=\"s12\"><span dir=\"auto\">Hrup\u00a0<\/span><span dir=\"auto\">raven<\/span><\/p>\n<\/td>\n<td>\n<p class=\"s12\"><span dir=\"auto\">dB 40<\/span><\/p>\n<\/td>\n<td>\n<p class=\"s12\"><span dir=\"auto\">dB 53<\/span><\/p>\n<\/td>\n<\/tr>\n<tr>\n<td>\n<p class=\"s12\"><span dir=\"auto\">Izolacija\u00a0<\/span><span dir=\"auto\">debelina<\/span><\/p>\n<\/td>\n<td>\n<p class=\"s12\"><span dir=\"auto\">60 mm<\/span><\/p>\n<\/td>\n<td>\n<p class=\"s12\"><span dir=\"auto\">60 mm<\/span><\/p>\n<\/td>\n<\/tr>\n<tr>\n<td>\n<p class=\"s12\"><span dir=\"auto\">Odmrzovanje\u00a0<\/span><\/p>\n<\/td>\n<td>\n<p class=\"s12\"><span dir=\"auto\">Priro\u010dnik<\/span><\/p>\n<\/td>\n<td>\n<p class=\"s12\"><span dir=\"auto\">Priro\u010dnik<\/span><\/p>\n<\/td>\n<\/tr>\n<tr>\n<td>\n<p class=\"s12\"><span dir=\"auto\">Osvetlitev pokrova<\/span><\/p>\n<\/td>\n<td>\n<p class=\"s12\"><span dir=\"auto\">Da<\/span><span dir=\"auto\">\u200b<\/span><\/p>\n<\/td>\n<td>\n<p class=\"s12\"><span dir=\"auto\">Da<\/span><span dir=\"auto\">\u200b<\/span><\/p>\n<\/td>\n<\/tr>\n<tr>\n<td>\n<p class=\"s12\"><span dir=\"auto\">Zaklepanje\u00a0<\/span><span dir=\"auto\">in klju\u010d<\/span><\/p>\n<\/td>\n<td>\n<p class=\"s12\"><span dir=\"auto\">Da<\/span><span dir=\"auto\">\u200b<\/span><\/p>\n<\/td>\n<td>\n<p class=\"s12\"><span dir=\"auto\">&#8211;<\/span><\/p>\n<\/td>\n<\/tr>\n<tr>\n<td>\n<p class=\"s12\"><span dir=\"auto\">Kole\u0161\u010dki\u00a0<\/span><span dir=\"auto\">-Feet<\/span><\/p>\n<\/td>\n<td>\n<p class=\"s12\"><span dir=\"auto\">\u00a0<\/span><span dir=\"auto\">4 kolesca<\/span><\/p>\n<\/td>\n<td>\n<p class=\"s12\"><span dir=\"auto\">6 kolesc<\/span><\/p>\n<\/td>\n<\/tr>\n<tr>\n<td>\n<p class=\"s12\"><span dir=\"auto\">Neto -\u00a0<\/span><span dir=\"auto\">Bruto te\u017ea<\/span><\/p>\n<\/td>\n<td>\n<p class=\"s12\"><span dir=\"auto\">Kg 67 \/ 76<\/span><\/p>\n<\/td>\n<td>\n<p class=\"s12\"><span dir=\"auto\">Kg 79 \/ 86<\/span><\/p>\n<\/td>\n<\/tr>\n<tr>\n<td>\n<p class=\"s12\"><span dir=\"auto\">Napetost<\/span><span dir=\"auto\">\u200b<\/span><\/p>\n<\/td>\n<td>\n<p class=\"s12\"><span dir=\"auto\">V 220-240<\/span><\/p>\n<\/td>\n<td>\n<p class=\"s12\"><span dir=\"auto\">V 220-240<\/span><\/p>\n<\/td>\n<\/tr>\n<tr>\n<td>\n<p class=\"s12\"><span dir=\"auto\">Frekvenca<\/span><span dir=\"auto\">\u200b<\/span><\/p>\n<\/td>\n<td>\n<p class=\"s12\"><span dir=\"auto\">Hz 50<\/span><\/p>\n<\/td>\n<td>\n<p class=\"s12\"><span dir=\"auto\">Hz 50<\/span><\/p>\n<\/td>\n<\/tr>\n<tr>\n<td>\n<p class=\"s12\"><span dir=\"auto\">Hladilno sredstvo<\/span><span dir=\"auto\">\u200b<\/span><\/p>\n<\/td>\n<td>\n<p class=\"s12\"><span dir=\"auto\">R290<\/span><\/p>\n<\/td>\n<td>\n<p class=\"s12\"><span dir=\"auto\">R290<\/span><\/p>\n<\/td>\n<\/tr>\n<tr>\n<td>\n<p class=\"s12\"><span dir=\"auto\">Absorpcija<\/span><span dir=\"auto\">\u200b<\/span><\/p>\n<\/td>\n<td>\n<p class=\"s12\"><span dir=\"auto\">W 255<\/span><\/p>\n<\/td>\n<td>\n<p class=\"s12\"><span dir=\"auto\">W 500<\/span><\/p>\n<\/td>\n<\/tr>\n<tr>\n<td>\n<p class=\"s12\"><span dir=\"auto\">Poraba energije<\/span><\/p>\n<\/td>\n<td>\n<p class=\"s12\"><span dir=\"auto\">KwH\/24H 2,28<\/span><\/p>\n<\/td>\n<td>\n<p class=\"s12\"><span dir=\"auto\">KwH\/24H 6,34<\/span><\/p>\n<\/td>\n<\/tr>\n<\/tbody>\n<\/table>","protected":false},"excerpt":{"rendered":"<p>-24 \u00b0C \/ -18 \u00b0C Stati\u010dna zamrzovalna skrinja s polnimi vrati na te\u010dajih<\/p>","protected":false},"featured_media":10436,"comment_status":"open","ping_status":"closed","template":"","meta":[],"product_brand":[],"product_cat":[115,53],"product_tag":[],"class_list":{"0":"post-10399","1":"product","2":"type-product","3":"status-publish","4":"has-post-thumbnail","6":"product_cat-chest-freezers","7":"product_cat-pastry-bakery-cooling","9":"first","10":"instock","11":"shipping-taxable","12":"purchasable","13":"product-type-simple"},"_links":{"self":[{"href":"https:\/\/dersuessestopp.com\/sl\/wp-json\/wp\/v2\/product\/10399","targetHints":{"allow":["GET"]}}],"collection":[{"href":"https:\/\/dersuessestopp.com\/sl\/wp-json\/wp\/v2\/product"}],"about":[{"href":"https:\/\/dersuessestopp.com\/sl\/wp-json\/wp\/v2\/types\/product"}],"replies":[{"embeddable":true,"href":"https:\/\/dersuessestopp.com\/sl\/wp-json\/wp\/v2\/comments?post=10399"}],"version-history":[{"count":4,"href":"https:\/\/dersuessestopp.com\/sl\/wp-json\/wp\/v2\/product\/10399\/revisions"}],"predecessor-version":[{"id":11888,"href":"https:\/\/dersuessestopp.com\/sl\/wp-json\/wp\/v2\/product\/10399\/revisions\/11888"}],"wp:featuredmedia":[{"embeddable":true,"href":"https:\/\/dersuessestopp.com\/sl\/wp-json\/wp\/v2\/media\/10436"}],"wp:attachment":[{"href":"https:\/\/dersuessestopp.com\/sl\/wp-json\/wp\/v2\/media?parent=10399"}],"wp:term":[{"taxonomy":"product_brand","embeddable":true,"href":"https:\/\/dersuessestopp.com\/sl\/wp-json\/wp\/v2\/product_brand?post=10399"},{"taxonomy":"product_cat","embeddable":true,"href":"https:\/\/dersuessestopp.com\/sl\/wp-json\/wp\/v2\/product_cat?post=10399"},{"taxonomy":"product_tag","embeddable":true,"href":"https:\/\/dersuessestopp.com\/sl\/wp-json\/wp\/v2\/product_tag?post=10399"}],"curies":[{"name":"wp","href":"https:\/\/api.w.org\/{rel}","templated":true}]}}