{"id":10270,"date":"2025-09-29T14:58:51","date_gmt":"2025-09-29T14:58:51","guid":{"rendered":"https:\/\/dersuessestopp.com\/?post_type=product&#038;p=10270"},"modified":"2025-10-09T00:15:22","modified_gmt":"2025-10-09T00:15:22","slug":"cax-2100-bt","status":"publish","type":"product","link":"https:\/\/dersuessestopp.com\/sl\/product\/cax-2100-bt\/","title":{"rendered":"CXF 2100 BT"},"content":{"rendered":"<p>&nbsp;<\/p>\n<h2><img decoding=\"async\" src=\"https:\/\/customer.klimaitalia.it\/api\/file\/image\/6658\" \/><\/h2>\n<h2>Opis izdelka<\/h2>\n<p data-start=\"225\" data-end=\"743\">Spletna stran <strong data-start=\"229\" data-end=\"244\">CXF 2100 BT<\/strong> je profesionalni <strong data-start=\"263\" data-end=\"302\">zamrzovalni pult z dvema vratoma s prezra\u010devanjem<\/strong>, ki je v celoti izdelan iz vrhunskih <strong data-start=\"332\" data-end=\"360\">AISI 304 nerjave\u010de jeklo<\/strong> za maksimalno vzdr\u017eljivost in higieno. Idealen je za restavracije, bare in gostinske obrate, saj zagotavlja zanesljivo skladi\u0161\u010denje pri nizki temperaturi v <strong data-start=\"505\" data-end=\"523\">-22 \u00b0C do -18 \u00b0C<\/strong> obseg. Ima <strong data-start=\"544\" data-end=\"569\">elektronski termostat<\/strong>, <strong data-start=\"571\" data-end=\"598\">Samodejna vrata z mehkim zapiranjem<\/strong>, in <strong data-start=\"604\" data-end=\"625\">samodejno odmrzovanje<\/strong> z elektri\u010dnim grelnikom ta enota zagotavlja dosledno delovanje in enostavno vzdr\u017eevanje v okoljih z visokimi zahtevami.<\/p>\n<p data-start=\"745\" data-end=\"764\"><strong data-start=\"745\" data-end=\"762\">Klju\u010dne lastnosti:<\/strong><\/p>\n<ul data-start=\"765\" data-end=\"1122\">\n<li data-start=\"765\" data-end=\"806\">\n<p data-start=\"767\" data-end=\"806\"><strong data-start=\"767\" data-end=\"789\">Temperaturno obmo\u010dje:<\/strong> -22 \u00b0C do -18 \u00b0C<\/p>\n<\/li>\n<li data-start=\"807\" data-end=\"861\">\n<p data-start=\"809\" data-end=\"861\"><strong data-start=\"809\" data-end=\"838\">Prezra\u010devani hladilni sistem<\/strong> za enakomerno zamrzovanje<\/p>\n<\/li>\n<li data-start=\"862\" data-end=\"916\">\n<p data-start=\"864\" data-end=\"916\"><strong data-start=\"864\" data-end=\"892\">AISI 304 nerjave\u010de jeklo<\/strong> notranjost in zunanjost<\/p>\n<\/li>\n<li data-start=\"917\" data-end=\"957\">\n<p data-start=\"919\" data-end=\"957\"><strong data-start=\"919\" data-end=\"955\">Vrata z mehkim zapiranjem in samozapiranjem<\/strong><\/p>\n<\/li>\n<li data-start=\"958\" data-end=\"992\">\n<p data-start=\"960\" data-end=\"992\"><strong data-start=\"960\" data-end=\"990\">Samodejno elektri\u010dno odmrzovanje<\/strong><\/p>\n<\/li>\n<li data-start=\"993\" data-end=\"1040\">\n<p data-start=\"995\" data-end=\"1040\"><strong data-start=\"995\" data-end=\"1023\">Izbirni Smart Link WiFi<\/strong> daljinski upravljalnik<\/p>\n<\/li>\n<li data-start=\"1041\" data-end=\"1082\">\n<p data-start=\"1043\" data-end=\"1082\"><strong data-start=\"1043\" data-end=\"1066\">Poraba energije:<\/strong> 5,81 kWh\/24 h<\/p>\n<\/li>\n<li data-start=\"1083\" data-end=\"1122\">\n<p data-start=\"1085\" data-end=\"1122\"><strong data-start=\"1085\" data-end=\"1100\">Dimenzije:<\/strong> 1360 \u00d7 700 \u00d7 860 mm<\/p>\n<\/li>\n<\/ul>\n<h2>Tehni\u010dne specifikacije<\/h2>\n<table>\n<tbody>\n<tr>\n<td>Dimensioni mm \/ Dimenzije mm<\/td>\n<td>CXF 2100 TN<\/td>\n<td>CXF 2200 TN<\/td>\n<td>CXF 2100 BT<\/td>\n<td>CXF 2200 BT<\/td>\n<\/tr>\n<tr>\n<td>Zunanje mere (\u0160xVxV)<\/td>\n<td>1360 x 700 x 860*<\/td>\n<td>1360 x 700 x 960*<\/td>\n<td>1360 x 700 x 860*<\/td>\n<td>1360 x 700 x 960*<\/td>\n<\/tr>\n<tr>\n<td>Dimenzije embala\u017ee (\u0160xVxV)<\/td>\n<td>1390 x 730 x 910<\/td>\n<td>1390 x 730 x 1010<\/td>\n<td>1390 x 730 x 910<\/td>\n<td>1390 x 730 x 1010<\/td>\n<\/tr>\n<tr>\n<td>\u0160irina<\/td>\n<td>795<\/td>\n<td>795<\/td>\n<td>795<\/td>\n<td>795<\/td>\n<\/tr>\n<tr>\n<td>Globina<\/td>\n<td>580<\/td>\n<td>580<\/td>\n<td>580<\/td>\n<td>580<\/td>\n<\/tr>\n<tr>\n<td>Vi\u0161ina<\/td>\n<td>560<\/td>\n<td>560<\/td>\n<td>560<\/td>\n<td>560<\/td>\n<\/tr>\n<tr>\n<td colspan=\"5\">Skupna vi\u0161ina enot vklju\u010duje noge, ki so prilagojene na najni\u017eji ravni vi\u0161ine.<\/td>\n<\/tr>\n<\/tbody>\n<\/table>\n<p>&nbsp;<\/p>\n<table>\n<tbody>\n<tr>\n<td>Caratteristiche Tecniche \/ Tehni\u010dne lastnosti<\/td>\n<td>CXF 2100 TN<\/td>\n<td>CXF 2200 TN<\/td>\n<td>CXF 2100 BT<\/td>\n<td>CXF 2200 BT<\/td>\n<\/tr>\n<tr>\n<td>Temperaturno obmo\u010dje<\/td>\n<td>-2 \u00b0C \/ +8 \u00b0C<\/td>\n<td>-2 \u00b0C \/ +8 \u00b0C<\/td>\n<td>-22 \u00b0C \/ -18 \u00b0C<\/td>\n<td>-22 \u00b0C \/ -18 \u00b0C<\/td>\n<\/tr>\n<tr>\n<td>Podnebni razred<\/td>\n<td>5<\/td>\n<td>5<\/td>\n<td>4<\/td>\n<td>4<\/td>\n<\/tr>\n<tr>\n<td>Neto bruto obseg<\/td>\n<td>Pona\u0161alec 190 \/ 313,5<\/td>\n<td>Pona\u0161alec 190 \/ 313,5<\/td>\n<td>187 \u20ac \/ 313,5 \u20ac<\/td>\n<td>187 \u20ac \/ 313,5 \u20ac<\/td>\n<\/tr>\n<tr>\n<td>Telo<\/td>\n<td>AISI 304 Nerjave\u010de jeklo<\/td>\n<td>AISI 304 Nerjave\u010de jeklo<\/td>\n<td>AISI 304 Nerjave\u010de jeklo<\/td>\n<td>AISI 304 Nerjave\u010de jeklo<\/td>\n<\/tr>\n<tr>\n<td>Notranji vlo\u017eek<\/td>\n<td>AISI 304 Nerjave\u010de jeklo<\/td>\n<td>AISI 304 Nerjave\u010de jeklo<\/td>\n<td>AISI 304 Nerjave\u010de jeklo<\/td>\n<td>AISI 304 Nerjave\u010de jeklo<\/td>\n<\/tr>\n<tr>\n<td>Termostat<\/td>\n<td>Elektronska stran<\/td>\n<td>Elektronska stran<\/td>\n<td>Elektronska stran<\/td>\n<td>Elektronska stran<\/td>\n<\/tr>\n<tr>\n<td>Raven hrupa<\/td>\n<td>dB 42<\/td>\n<td>dB 42<\/td>\n<td>dB 42<\/td>\n<td>dB 42<\/td>\n<\/tr>\n<tr>\n<td>Daljinski upravljalnik<\/td>\n<td>Izbirno<\/td>\n<td>Izbirno<\/td>\n<td>Izbirno<\/td>\n<td>Izbirno<\/td>\n<\/tr>\n<tr>\n<td>Debelina izolacije<\/td>\n<td>mm 60<\/td>\n<td>mm 60<\/td>\n<td>mm 60<\/td>\n<td>mm 60<\/td>\n<\/tr>\n<tr>\n<td>Odmrzovanje<\/td>\n<td>Samodejno z elektri\u010dnim grelnikom<\/td>\n<td>Samodejno z elektri\u010dnim grelnikom<\/td>\n<td>Samodejno z elektri\u010dnim grelnikom<\/td>\n<td>Samodejno z elektri\u010dnim grelnikom<\/td>\n<\/tr>\n<tr>\n<td>Police (WxD)<\/td>\n<td>\u0161t. 2 - mm 335 x 530 + \u0161t. 2 - mm 390 x 505<\/td>\n<td>\u0161t. 2 - mm 335 x 530 + \u0161t. 2 - mm 390 x 505<\/td>\n<td>\u0161t. 2 - mm 335 x 530 + \u0161t. 2 - mm 390 x 505<\/td>\n<td>\u0161t. 2 - mm 335 x 530 + \u0161t. 2 - mm 390 x 505<\/td>\n<\/tr>\n<tr>\n<td>Samodejno zapiranje vrat<\/td>\n<td>Mehko zapiranje<\/td>\n<td>Mehko zapiranje<\/td>\n<td>Mehko zapiranje<\/td>\n<td>Mehko zapiranje<\/td>\n<\/tr>\n<tr>\n<td>Vi\u0161ina Splashback<\/td>\n<td>&#8211;<\/td>\n<td>mm 110<\/td>\n<td>&#8211;<\/td>\n<td>mm 110<\/td>\n<\/tr>\n<tr>\n<td>\/ Kolesca za noge<\/td>\n<td>4 noge<\/td>\n<td>4 noge<\/td>\n<td>4 noge<\/td>\n<td>4 noge<\/td>\n<\/tr>\n<tr>\n<td>Kole\u0161\u010dki<\/td>\n<td>Po \u017eelji - h mm 140<\/td>\n<td>Po \u017eelji - h mm 140<\/td>\n<td>Po \u017eelji - h mm 140<\/td>\n<td>Po \u017eelji - h mm 140<\/td>\n<\/tr>\n<tr>\n<td>Neto bruto te\u017ea<\/td>\n<td>Kg 98 \/ 113<\/td>\n<td>Kg 108 \/ 138<\/td>\n<td>Kg 103 \/ 118<\/td>\n<td>Kg 111 \/ 141<\/td>\n<\/tr>\n<tr>\n<td>Napetost<\/td>\n<td>V 220-240<\/td>\n<td>V 220-240<\/td>\n<td>V 220-240<\/td>\n<td>V 220-240<\/td>\n<\/tr>\n<tr>\n<td>Frekvenca<\/td>\n<td>Hz 50<\/td>\n<td>Hz 50<\/td>\n<td>Hz 50<\/td>\n<td>Hz 50<\/td>\n<\/tr>\n<tr>\n<td>Hladilno sredstvo<\/td>\n<td>R600A<\/td>\n<td>R600A<\/td>\n<td>R290<\/td>\n<td>R290<\/td>\n<\/tr>\n<tr>\n<td>Absorpcija<\/td>\n<td>W 300<\/td>\n<td>W 300<\/td>\n<td>W 470<\/td>\n<td>W 470<\/td>\n<\/tr>\n<tr>\n<td>Poraba energije<\/td>\n<td>KwH\/24H 1,72<\/td>\n<td>KwH\/24H 1,72<\/td>\n<td>KwH\/24H 5,81<\/td>\n<td>KwH\/24H 5,81<\/td>\n<\/tr>\n<\/tbody>\n<\/table>","protected":false},"excerpt":{"rendered":"<p>-20 \u00b0C \/ -10 \u00b0C Prezra\u010devana hladilna miza, dvoje vrat. Negativna temperatura<\/p>","protected":false},"featured_media":10320,"comment_status":"open","ping_status":"closed","template":"","meta":[],"product_brand":[],"product_cat":[51],"product_tag":[],"class_list":{"0":"post-10270","1":"product","2":"type-product","3":"status-publish","4":"has-post-thumbnail","6":"product_cat-kitchen-catering-cooling","8":"first","9":"instock","10":"shipping-taxable","11":"purchasable","12":"product-type-simple"},"_links":{"self":[{"href":"https:\/\/dersuessestopp.com\/sl\/wp-json\/wp\/v2\/product\/10270","targetHints":{"allow":["GET"]}}],"collection":[{"href":"https:\/\/dersuessestopp.com\/sl\/wp-json\/wp\/v2\/product"}],"about":[{"href":"https:\/\/dersuessestopp.com\/sl\/wp-json\/wp\/v2\/types\/product"}],"replies":[{"embeddable":true,"href":"https:\/\/dersuessestopp.com\/sl\/wp-json\/wp\/v2\/comments?post=10270"}],"version-history":[{"count":4,"href":"https:\/\/dersuessestopp.com\/sl\/wp-json\/wp\/v2\/product\/10270\/revisions"}],"predecessor-version":[{"id":11978,"href":"https:\/\/dersuessestopp.com\/sl\/wp-json\/wp\/v2\/product\/10270\/revisions\/11978"}],"wp:featuredmedia":[{"embeddable":true,"href":"https:\/\/dersuessestopp.com\/sl\/wp-json\/wp\/v2\/media\/10320"}],"wp:attachment":[{"href":"https:\/\/dersuessestopp.com\/sl\/wp-json\/wp\/v2\/media?parent=10270"}],"wp:term":[{"taxonomy":"product_brand","embeddable":true,"href":"https:\/\/dersuessestopp.com\/sl\/wp-json\/wp\/v2\/product_brand?post=10270"},{"taxonomy":"product_cat","embeddable":true,"href":"https:\/\/dersuessestopp.com\/sl\/wp-json\/wp\/v2\/product_cat?post=10270"},{"taxonomy":"product_tag","embeddable":true,"href":"https:\/\/dersuessestopp.com\/sl\/wp-json\/wp\/v2\/product_tag?post=10270"}],"curies":[{"name":"wp","href":"https:\/\/api.w.org\/{rel}","templated":true}]}}