{"id":10269,"date":"2025-09-29T14:58:51","date_gmt":"2025-09-29T14:58:51","guid":{"rendered":"https:\/\/dersuessestopp.com\/?post_type=product&#038;p=10269"},"modified":"2025-10-09T00:30:40","modified_gmt":"2025-10-09T00:30:40","slug":"cax-2100-tn-gn1-1","status":"publish","type":"product","link":"https:\/\/dersuessestopp.com\/sl\/product\/cax-2100-tn-gn1-1\/","title":{"rendered":"CXF 2100 TN"},"content":{"rendered":"<p data-start=\"235\" data-end=\"790\"><img decoding=\"async\" src=\"https:\/\/customer.klimaitalia.it\/api\/file\/image\/6646\" \/><\/p>\n<p>&nbsp;<\/p>\n<h2>Opis izdelka<\/h2>\n<p data-start=\"235\" data-end=\"790\">Spletna stran <strong data-start=\"239\" data-end=\"254\">CXF 2100 TN<\/strong> je profesionalni <strong data-start=\"273\" data-end=\"306\">hladilni pult z dvema vratoma<\/strong> zasnovan za komercialne kuhinje, restavracije in gostinske obrate. V celoti izdelan iz <strong data-start=\"399\" data-end=\"427\">AISI 304 nerjave\u010de jeklo<\/strong>, zagotavlja vrhunsko higieno, vzdr\u017eljivost in enostavno \u010di\u0161\u010denje. Deluje pri <strong data-start=\"504\" data-end=\"541\">temperaturno obmo\u010dje od -2 \u00b0C do +8 \u00b0C<\/strong>, omogo\u010da u\u010dinkovito hlajenje s prezra\u010devanjem, kar je idealno za shranjevanje sve\u017eih \u017eivil in sestavin. Opremljen je z <strong data-start=\"645\" data-end=\"670\">elektronski termostat<\/strong>, <strong data-start=\"672\" data-end=\"694\">vrata z mehkim zapiranjem<\/strong>, in <strong data-start=\"700\" data-end=\"721\">samodejno odmrzovanje<\/strong>, zagotavlja zanesljivo delovanje za neprekinjeno profesionalno uporabo.<\/p>\n<p data-start=\"792\" data-end=\"811\"><strong data-start=\"792\" data-end=\"809\">Klju\u010dne lastnosti:<\/strong><\/p>\n<ul data-start=\"812\" data-end=\"1178\">\n<li data-start=\"812\" data-end=\"851\">\n<p data-start=\"814\" data-end=\"851\"><strong data-start=\"814\" data-end=\"836\">Temperaturno obmo\u010dje:<\/strong> -2 \u00b0C do +8 \u00b0C<\/p>\n<\/li>\n<li data-start=\"852\" data-end=\"905\">\n<p data-start=\"854\" data-end=\"905\"><strong data-start=\"854\" data-end=\"882\">AISI 304 nerjave\u010de jeklo<\/strong> ohi\u0161je in notranja obloga<\/p>\n<\/li>\n<li data-start=\"906\" data-end=\"966\">\n<p data-start=\"908\" data-end=\"966\"><strong data-start=\"908\" data-end=\"937\">Prezra\u010devani hladilni sistem<\/strong> za stalno temperaturo<\/p>\n<\/li>\n<li data-start=\"967\" data-end=\"1007\">\n<p data-start=\"969\" data-end=\"1007\"><strong data-start=\"969\" data-end=\"1005\">Vrata z mehkim zapiranjem in samozapiranjem<\/strong><\/p>\n<\/li>\n<li data-start=\"1008\" data-end=\"1042\">\n<p data-start=\"1010\" data-end=\"1042\"><strong data-start=\"1010\" data-end=\"1040\">Samodejno elektri\u010dno odmrzovanje<\/strong><\/p>\n<\/li>\n<li data-start=\"1043\" data-end=\"1097\">\n<p data-start=\"1045\" data-end=\"1097\"><strong data-start=\"1045\" data-end=\"1073\">Izbirni Smart Link WiFi<\/strong> za oddaljeno spremljanje<\/p>\n<\/li>\n<li data-start=\"1098\" data-end=\"1138\">\n<p data-start=\"1100\" data-end=\"1138\"><strong data-start=\"1100\" data-end=\"1123\">Poraba energije:<\/strong> 1,72 kWh\/24h<\/p>\n<\/li>\n<li data-start=\"1139\" data-end=\"1178\">\n<p data-start=\"1141\" data-end=\"1178\"><strong data-start=\"1141\" data-end=\"1156\">Dimenzije:<\/strong> 1360 \u00d7 700 \u00d7 860 mm<\/p>\n<\/li>\n<\/ul>\n<h2>Tehni\u010dne specifikacije<\/h2>\n<table>\n<tbody>\n<tr>\n<td>Dimensioni mm \/ Dimenzije mm<\/td>\n<td>CXF 2100 TN<\/td>\n<td>CXF 2200 TN<\/td>\n<td>CXF 2100 BT<\/td>\n<td>CXF 2200 BT<\/td>\n<\/tr>\n<tr>\n<td>Zunanje dimenzije (DxPxV) \/ zunanje dimenzije (\u0160xGxV)<\/td>\n<td>1360 x 700 x 860*<\/td>\n<td>1360 x 700 x 960*<\/td>\n<td>1360 x 700 x 860*<\/td>\n<td>1360 x 700 x 960*<\/td>\n<\/tr>\n<tr>\n<td>Dimenzije embala\u017ee (DxPxV) \/ Dimenzije embala\u017ee (\u0160xGxV)<\/td>\n<td>1390 x 730 x 910<\/td>\n<td>1390 x 730 x 1010<\/td>\n<td>1390 x 730 x 910<\/td>\n<td>1390 x 730 x 1010<\/td>\n<\/tr>\n<tr>\n<td>A - Larghezza \/ \u0161irina<\/td>\n<td>795<\/td>\n<td>795<\/td>\n<td>795<\/td>\n<td>795<\/td>\n<\/tr>\n<tr>\n<td>B - Profondit\u00e0 \/ Globina<\/td>\n<td>580<\/td>\n<td>580<\/td>\n<td>580<\/td>\n<td>580<\/td>\n<\/tr>\n<tr>\n<td>C - Altezza \/ vi\u0161ina<\/td>\n<td>560<\/td>\n<td>560<\/td>\n<td>560<\/td>\n<td>560<\/td>\n<\/tr>\n<tr>\n<td>*L'altezza totale \u00e8 comprensiva dei piedi regolati alla minima altezza \/ Skupna vi\u0161ina enot vklju\u010duje stopala, prilagojena na najni\u017eji ravni vi\u0161ine<\/td>\n<\/tr>\n<\/tbody>\n<\/table>\n<table>\n<tbody>\n<tr>\n<td>Caratteristiche Tecniche \/ Tehni\u010dne lastnosti<\/td>\n<td>CXF 2100 TN<\/td>\n<td>CXF 2200 TN<\/td>\n<td>CXF 2100 BT<\/td>\n<td>CXF 2200 BT<\/td>\n<\/tr>\n<tr>\n<td>Temperatura \/ Temperature Range<\/td>\n<td>-2 \u00b0C \/ +8 \u00b0C<\/td>\n<td>-2 \u00b0C \/ +8 \u00b0C<\/td>\n<td>-22 \u00b0C \/ -18 \u00b0C<\/td>\n<td>-22 \u00b0C \/ -18 \u00b0C<\/td>\n<\/tr>\n<tr>\n<td>Classe Climatica \/ Podnebni razred<\/td>\n<td>5<\/td>\n<td>5<\/td>\n<td>4<\/td>\n<td>4<\/td>\n<\/tr>\n<tr>\n<td>Obseg Netto-Lordo \/ neto bruto obseg<\/td>\n<td>Pona\u0161alec 190 \/ 313,5<\/td>\n<td>Pona\u0161alec 190 \/ 313,5<\/td>\n<td>187 \u20ac \/ 313,5 \u20ac<\/td>\n<td>187 \u20ac \/ 313,5 \u20ac<\/td>\n<\/tr>\n<tr>\n<td>Superficie Esterna Body<\/td>\n<td>Acciaio Inox AISI 304 AISI 304 Iz nerjave\u010dega jekla<\/td>\n<td>Acciaio Inox AISI 304 AISI 304 Iz nerjave\u010dega jekla<\/td>\n<td>Acciaio Inox AISI 304 AISI 304 Iz nerjave\u010dega jekla<\/td>\n<td>Acciaio Inox AISI 304 AISI 304 Iz nerjave\u010dega jekla<\/td>\n<\/tr>\n<tr>\n<td>Superficie Interna Inner Liner<\/td>\n<td>Acciaio Inox AISI 304 AISI 304 Iz nerjave\u010dega jekla<\/td>\n<td>Acciaio Inox AISI 304 AISI 304 Iz nerjave\u010dega jekla<\/td>\n<td>Acciaio Inox AISI 304 AISI 304 Iz nerjave\u010dega jekla<\/td>\n<td>Acciaio Inox AISI 304 AISI 304 Iz nerjave\u010dega jekla<\/td>\n<\/tr>\n<tr>\n<td>Termostato \/ Termostat<\/td>\n<td>Elettronico \/ Electronic<\/td>\n<td>Elettronico \/ Electronic<\/td>\n<td>Elettronico \/ Electronic<\/td>\n<td>Elettronico \/ Electronic<\/td>\n<\/tr>\n<tr>\n<td>Rumorosit\u00e0 \/ raven hrupa<\/td>\n<td>dB 42<\/td>\n<td>dB 42<\/td>\n<td>dB 42<\/td>\n<td>dB 42<\/td>\n<\/tr>\n<tr>\n<td>Smart Link WiFi \/ Remote Controllo \/ Daljinski upravljalnik<\/td>\n<td>Izbirno<\/td>\n<td>Izbirno<\/td>\n<td>Izbirno<\/td>\n<td>Izbirno<\/td>\n<\/tr>\n<tr>\n<td>Spessore isolamento \/ Debelina izolacije<\/td>\n<td>mm 60<\/td>\n<td>mm 60<\/td>\n<td>mm 60<\/td>\n<td>mm 60<\/td>\n<\/tr>\n<tr>\n<td>&nbsp;<\/p>\n<p>Sbrinamento Odmrzovanje<\/td>\n<td>Automatico con resistenza elettrica Automatico z elektri\u010dnim grelnikom<\/td>\n<td>Automatico con resistenza elettrica Automatico z elektri\u010dnim grelnikom<\/td>\n<td>Automatico con resistenza elettrica Automatico z elektri\u010dnim grelnikom<\/td>\n<td>Automatico con resistenza elettrica Automatico z elektri\u010dnim grelnikom<\/td>\n<\/tr>\n<tr>\n<td>Menzolej (DxP) \/ police (\u0160xV)<\/td>\n<td>N\u00b0 2 - mm 335 x 530 +<\/p>\n<p>N\u00b0 2 - mm 390 x 505<\/td>\n<td>N\u00b0 2 - mm 335 x 530 +<\/p>\n<p>N\u00b0 2 - mm 390 x 505<\/td>\n<td>N\u00b0 2 - mm 335 x 530 +<\/p>\n<p>N\u00b0 2 - mm 390 x 505<\/td>\n<td>N\u00b0 2 - mm 335 x 530 +<\/p>\n<p>N\u00b0 2 - mm 390 x 505<\/td>\n<\/tr>\n<tr>\n<td>Chiusura automatica porta \/ Samodejno zapiranje vrat<\/td>\n<td>Chiusura ammortizzata Mehko zapiranje<\/td>\n<td>Chiusura ammortizzata Mehko zapiranje<\/td>\n<td>Chiusura ammortizzata Mehko zapiranje<\/td>\n<td>Chiusura ammortizzata Mehko zapiranje<\/td>\n<\/tr>\n<tr>\n<td>Altezza Alzatina \/ Vi\u0161ina odboja<\/td>\n<td>&#8211;<\/td>\n<td>mm 110<\/td>\n<td>&#8211;<\/td>\n<td>mm 110<\/td>\n<\/tr>\n<tr>\n<td>Ruote-Piedi \/ Kole\u0161\u010dki za noge<\/td>\n<td>4 piedi \/ 4 noge h mm 110\/170<\/td>\n<td>4 piedi \/ 4 noge h mm 110\/170<\/td>\n<td>4 piedi \/ 4 noge h mm 110\/170<\/td>\n<td>4 piedi \/ 4 noge h mm 110\/170<\/td>\n<\/tr>\n<tr>\n<td>Ruote \/ kolesca<\/td>\n<td>Po \u017eelji - h mm 140<\/td>\n<td>Po \u017eelji - h mm 140<\/td>\n<td>Po \u017eelji - h mm 140<\/td>\n<td>Po \u017eelji - h mm 140<\/td>\n<\/tr>\n<tr>\n<td>Peso Netto-Lordo \/ Neto-Gross Weight<\/td>\n<td>Kg 98 \/ 113<\/td>\n<td>Kg 108 \/ 138<\/td>\n<td>Kg 103 \/ 118<\/td>\n<td>Kg 111 \/ 141<\/td>\n<\/tr>\n<tr>\n<td>Voltaggio \/ Napetost<\/td>\n<td>V 220-240<\/td>\n<td>V 220-240<\/td>\n<td>V 220-240<\/td>\n<td>V 220-240<\/td>\n<\/tr>\n<tr>\n<td>Frequenza \/ Pogostost<\/td>\n<td>Hz 50<\/td>\n<td>Hz 50<\/td>\n<td>Hz 50<\/td>\n<td>Hz 50<\/td>\n<\/tr>\n<tr>\n<td>Refrigerante \/ Hladilno sredstvo<\/td>\n<td>R600A<\/td>\n<td>R600A<\/td>\n<td>R290<\/td>\n<td>R290<\/td>\n<\/tr>\n<tr>\n<td>Assorbimento \/ Absorpcija<\/td>\n<td>W 300<\/td>\n<td>W 300<\/td>\n<td>W 470<\/td>\n<td>W 470<\/td>\n<\/tr>\n<tr>\n<td>Consumo Energia \/ Poraba energije<\/td>\n<td>KwH\/24H 1,72<\/td>\n<td>KwH\/24H 1,72<\/td>\n<td>KwH\/24H 5,81<\/td>\n<td>KwH\/24H 5,81<\/td>\n<\/tr>\n<\/tbody>\n<\/table>\n<p>&nbsp;<\/p>","protected":false},"excerpt":{"rendered":"<p>-2 \u00b0C \/ +8 \u00b0C Prezra\u010devana hladilna miza, dvoje vrat. Pozitivna temperatura<\/p>","protected":false},"featured_media":10318,"comment_status":"open","ping_status":"closed","template":"","meta":[],"product_brand":[],"product_cat":[51],"product_tag":[],"class_list":{"0":"post-10269","1":"product","2":"type-product","3":"status-publish","4":"has-post-thumbnail","6":"product_cat-kitchen-catering-cooling","8":"first","9":"instock","10":"shipping-taxable","11":"purchasable","12":"product-type-simple"},"_links":{"self":[{"href":"https:\/\/dersuessestopp.com\/sl\/wp-json\/wp\/v2\/product\/10269","targetHints":{"allow":["GET"]}}],"collection":[{"href":"https:\/\/dersuessestopp.com\/sl\/wp-json\/wp\/v2\/product"}],"about":[{"href":"https:\/\/dersuessestopp.com\/sl\/wp-json\/wp\/v2\/types\/product"}],"replies":[{"embeddable":true,"href":"https:\/\/dersuessestopp.com\/sl\/wp-json\/wp\/v2\/comments?post=10269"}],"version-history":[{"count":3,"href":"https:\/\/dersuessestopp.com\/sl\/wp-json\/wp\/v2\/product\/10269\/revisions"}],"predecessor-version":[{"id":11994,"href":"https:\/\/dersuessestopp.com\/sl\/wp-json\/wp\/v2\/product\/10269\/revisions\/11994"}],"wp:featuredmedia":[{"embeddable":true,"href":"https:\/\/dersuessestopp.com\/sl\/wp-json\/wp\/v2\/media\/10318"}],"wp:attachment":[{"href":"https:\/\/dersuessestopp.com\/sl\/wp-json\/wp\/v2\/media?parent=10269"}],"wp:term":[{"taxonomy":"product_brand","embeddable":true,"href":"https:\/\/dersuessestopp.com\/sl\/wp-json\/wp\/v2\/product_brand?post=10269"},{"taxonomy":"product_cat","embeddable":true,"href":"https:\/\/dersuessestopp.com\/sl\/wp-json\/wp\/v2\/product_cat?post=10269"},{"taxonomy":"product_tag","embeddable":true,"href":"https:\/\/dersuessestopp.com\/sl\/wp-json\/wp\/v2\/product_tag?post=10269"}],"curies":[{"name":"wp","href":"https:\/\/api.w.org\/{rel}","templated":true}]}}