{"id":10263,"date":"2025-09-29T14:58:51","date_gmt":"2025-09-29T14:58:51","guid":{"rendered":"https:\/\/dersuessestopp.com\/?post_type=product&#038;p=10263"},"modified":"2025-10-09T03:12:28","modified_gmt":"2025-10-09T03:12:28","slug":"cax-3100-tng","status":"publish","type":"product","link":"https:\/\/dersuessestopp.com\/sl\/product\/cax-3100-tng\/","title":{"rendered":"CXF 3100 TNG"},"content":{"rendered":"<p><img decoding=\"async\" src=\"https:\/\/customer.klimaitalia.it\/api\/file\/image\/7642\" \/><\/p>\n<p data-start=\"140\" data-end=\"622\">Spletna stran <strong data-start=\"144\" data-end=\"160\">CXF 3100 TNG<\/strong> je profesionalni <strong data-start=\"179\" data-end=\"214\">prezra\u010devani hladilni pult<\/strong> s spletno stranjo . <strong data-start=\"220\" data-end=\"241\">tri steklena vrata<\/strong>, ki je idealen za gostinstvo in \u017eivilsko industrijo. Narejen iz <strong data-start=\"301\" data-end=\"329\">AISI 304 nerjave\u010de jeklo<\/strong>, zagotavlja trajnost in higieno. Deluje pri <strong data-start=\"381\" data-end=\"427\">pozitivno temperaturno obmo\u010dje od +2 \u00b0C do +8 \u00b0C<\/strong>, ima naslednje zna\u010dilnosti <strong data-start=\"441\" data-end=\"457\">Osvetlitev LED<\/strong>, <strong data-start=\"459\" data-end=\"481\">vrata z mehkim zapiranjem<\/strong>, in <strong data-start=\"490\" data-end=\"515\">elektronski termostat<\/strong> za natan\u010den nadzor temperature. Izbirni <strong data-start=\"558\" data-end=\"577\">Smart Link WiFi<\/strong> povezljivost omogo\u010da spremljanje na daljavo.<\/p>\n<p data-start=\"624\" data-end=\"643\"><strong data-start=\"624\" data-end=\"641\">Klju\u010dne lastnosti:<\/strong><\/p>\n<ul data-start=\"644\" data-end=\"1027\">\n<li data-start=\"644\" data-end=\"683\">\n<p data-start=\"646\" data-end=\"683\">Temperaturno obmo\u010dje: <strong data-start=\"665\" data-end=\"681\">+2 \u00b0C do +8 \u00b0C<\/strong><\/p>\n<\/li>\n<li data-start=\"684\" data-end=\"741\">\n<p data-start=\"686\" data-end=\"741\"><strong data-start=\"686\" data-end=\"715\">Prezra\u010devani hladilni sistem<\/strong> za enakomerno temperaturo<\/p>\n<\/li>\n<li data-start=\"742\" data-end=\"796\">\n<p data-start=\"744\" data-end=\"796\"><strong data-start=\"744\" data-end=\"772\">AISI 304 nerjave\u010de jeklo<\/strong> notranjost in zunanjost<\/p>\n<\/li>\n<li data-start=\"797\" data-end=\"848\">\n<p data-start=\"799\" data-end=\"848\"><strong data-start=\"799\" data-end=\"814\">Steklena vrata<\/strong> s spletno stranjo . <strong data-start=\"820\" data-end=\"846\">mehanizem za mehko zapiranje<\/strong><\/p>\n<\/li>\n<li data-start=\"849\" data-end=\"892\">\n<p data-start=\"851\" data-end=\"892\"><strong data-start=\"851\" data-end=\"867\">Osvetlitev LED<\/strong> za optimalno vidljivost<\/p>\n<\/li>\n<li data-start=\"893\" data-end=\"939\">\n<p data-start=\"895\" data-end=\"939\"><strong data-start=\"895\" data-end=\"916\">Samodejno odmrzovanje<\/strong> z elektri\u010dnim grelnikom<\/p>\n<\/li>\n<li data-start=\"940\" data-end=\"987\">\n<p data-start=\"942\" data-end=\"987\">Izbirno <strong data-start=\"951\" data-end=\"970\">Smart Link WiFi<\/strong> daljinski upravljalnik<\/p>\n<\/li>\n<li data-start=\"988\" data-end=\"1027\">\n<p data-start=\"990\" data-end=\"1027\">Dimenzije: <strong data-start=\"1002\" data-end=\"1025\">1795 \u00d7 700 \u00d7 860 mm<\/strong><\/p>\n<\/li>\n<\/ul>\n<p>&nbsp;<\/p>\n<table style=\"height: 424px;\" width=\"800\" cellspacing=\"0\">\n<tbody>\n<tr>\n<td bgcolor=\"#FFFFFF\">\n<p class=\"s12\">Dimenzije mm<\/p>\n<\/td>\n<td bgcolor=\"#FFFFFF\">\n<p class=\"s12\"><span dir=\"auto\">CXF 3100 TN<\/span><\/p>\n<\/td>\n<td bgcolor=\"#FFFFFF\">\n<p class=\"s12\"><span dir=\"auto\">CXF 3100 TNG<\/span><\/p>\n<\/td>\n<td bgcolor=\"#FFFFFF\">\n<p class=\"s12\"><span dir=\"auto\">CXF 3140 TN<\/span><\/p>\n<\/td>\n<td bgcolor=\"#FFFFFF\">\n<p class=\"s12\"><span dir=\"auto\">CXF 3100 BT<\/span><\/p>\n<\/td>\n<\/tr>\n<tr>\n<td>\n<p class=\"s13\">Zunanje mere (\u0160xVxV)<\/p>\n<\/td>\n<td>\n<p class=\"s13\">1795 x 700 x 860*<\/p>\n<\/td>\n<td>\n<p class=\"s13\"><span dir=\"auto\">1795 x 700 x 860*<\/span><\/p>\n<\/td>\n<td>\n<p class=\"s13\"><span dir=\"auto\">1795 x 700 x 860*<\/span><\/p>\n<\/td>\n<td>\n<p class=\"s13\"><span dir=\"auto\">1795 x 700 x 860*<\/span><\/p>\n<\/td>\n<\/tr>\n<tr>\n<td>\n<p class=\"s13\"><span dir=\"auto\">Dimenzije embala\u017ee (\u0160xVxV)<\/span><\/p>\n<\/td>\n<td>\n<p class=\"s13\">1825 x 730 x 910<\/p>\n<\/td>\n<td>\n<p class=\"s13\"><span dir=\"auto\">1825 x 730 x 910<\/span><\/p>\n<\/td>\n<td>\n<p class=\"s13\"><span dir=\"auto\">1825 x 730 x 910<\/span><\/p>\n<\/td>\n<td>\n<p class=\"s13\"><span dir=\"auto\">1825 x 730 x 910<\/span><\/p>\n<\/td>\n<\/tr>\n<tr>\n<td>\n<p class=\"s13\"><span dir=\"auto\">\u0160irina<\/span><\/p>\n<\/td>\n<td>\n<p class=\"s13\">1234<\/p>\n<\/td>\n<td>\n<p class=\"s13\"><span dir=\"auto\">1234<\/span><\/p>\n<\/td>\n<td>\n<p class=\"s13\"><span dir=\"auto\">1234<\/span><\/p>\n<\/td>\n<td>\n<p class=\"s13\"><span dir=\"auto\">1234<\/span><\/p>\n<\/td>\n<\/tr>\n<tr>\n<td>\n<p class=\"s13\"><span dir=\"auto\">Globina<\/span><\/p>\n<\/td>\n<td>\n<p class=\"s13\">580<\/p>\n<\/td>\n<td>\n<p class=\"s13\"><span dir=\"auto\">580<\/span><\/p>\n<\/td>\n<td>\n<p class=\"s13\"><span dir=\"auto\">580<\/span><\/p>\n<\/td>\n<td>\n<p class=\"s13\"><span dir=\"auto\">580<\/span><\/p>\n<\/td>\n<\/tr>\n<tr>\n<td>\n<p class=\"s13\"><span dir=\"auto\">Vi\u0161ina<\/span><\/p>\n<\/td>\n<td>\n<p class=\"s13\">560<\/p>\n<\/td>\n<td>\n<p class=\"s13\"><span dir=\"auto\">560<\/span><\/p>\n<\/td>\n<td>\n<p class=\"s13\"><span dir=\"auto\">560<\/span><\/p>\n<\/td>\n<td>\n<p class=\"s13\"><span dir=\"auto\">560<\/span><\/p>\n<\/td>\n<\/tr>\n<tr>\n<td colspan=\"5\">\n<p class=\"s13\"><span dir=\"auto\">*Celotna vi\u0161ina enot vklju\u010duje noge, ki so prilagojene na najni\u017ejo raven vi\u0161ine<\/span><\/p>\n<\/td>\n<\/tr>\n<\/tbody>\n<\/table>\n<p>&nbsp;<\/p>\n<table style=\"height: 1463px;\" width=\"1339\" cellspacing=\"0\">\n<tbody>\n<tr>\n<td bgcolor=\"#FFFFFF\">\n<p class=\"s12\"><span dir=\"auto\">Tehni\u010dne lastnosti<\/span><\/p>\n<\/td>\n<td bgcolor=\"#FFFFFF\">\n<p class=\"s12\"><span dir=\"auto\">CXF 3100 TN<\/span><\/p>\n<\/td>\n<td bgcolor=\"#FFFFFF\">\n<p class=\"s12\"><span dir=\"auto\">CXF 3100 TNG<\/span><\/p>\n<\/td>\n<td bgcolor=\"#FFFFFF\">\n<p class=\"s12\"><span dir=\"auto\">CXF 3110 \/ 3130 TN<\/span><\/p>\n<\/td>\n<td bgcolor=\"#FFFFFF\">\n<p class=\"s12\"><span dir=\"auto\">CXF 3140 TN<\/span><\/p>\n<\/td>\n<td bgcolor=\"#FFFFFF\">\n<p class=\"s12\"><span dir=\"auto\">CXF 3100 BT<\/span><\/p>\n<\/td>\n<\/tr>\n<tr>\n<td>\n<p class=\"s13\">Temperaturno obmo\u010dje<\/p>\n<\/td>\n<td>\n<p class=\"s13\">-2 \u00b0C \/ +8 \u00b0C<\/p>\n<\/td>\n<td>\n<p class=\"s13\">+2 \u00b0C \/ +8 \u00b0C<\/p>\n<\/td>\n<td>\n<p class=\"s13\"><span dir=\"auto\">-2 \u00b0C \/ +8 \u00b0C<\/span><\/p>\n<\/td>\n<td>\n<p class=\"s13\"><span dir=\"auto\">-2 \u00b0C \/ +8 \u00b0C<\/span><\/p>\n<\/td>\n<td>\n<p class=\"s13\">-22 \u00b0C \/ -18 \u00b0C<\/p>\n<\/td>\n<\/tr>\n<tr>\n<td>\n<p class=\"s13\"><span dir=\"auto\">Podnebje\u00a0<\/span><span dir=\"auto\">Razred<\/span><\/p>\n<\/td>\n<td>\n<p class=\"s13\">5<\/p>\n<\/td>\n<td>\n<p class=\"s13\">4<\/p>\n<\/td>\n<td>\n<p class=\"s13\"><span dir=\"auto\">4<\/span><\/p>\n<\/td>\n<td>\n<p class=\"s13\"><span dir=\"auto\">4<\/span><\/p>\n<\/td>\n<td>\n<p class=\"s13\"><span dir=\"auto\">4<\/span><\/p>\n<\/td>\n<\/tr>\n<tr>\n<td>\n<p class=\"s13\">Neto bruto obseg<\/p>\n<\/td>\n<td>\n<p class=\"s13\">291 \/ 358 EUR<\/p>\n<\/td>\n<td>\n<p class=\"s13\">Lt. 302 \/ 358<\/p>\n<\/td>\n<td>\n<p class=\"s13\">Poro\u010dnik 242 \/ 358<\/p>\n<\/td>\n<td>\n<p class=\"s13\">Poru\u010dnik 194 \/ 358<\/p>\n<\/td>\n<td>\n<p class=\"s13\">Poro\u010dnik 281 \/ 358<\/p>\n<\/td>\n<\/tr>\n<tr>\n<td>\n<p class=\"s13\"><span dir=\"auto\">Zunanja povr\u0161ina \/\u00a0<\/span><span dir=\"auto\">Telo<\/span><\/p>\n<\/td>\n<td>\n<p class=\"s13\"><span dir=\"auto\">AISI 304 Nerjave\u010de jeklo<\/span><\/p>\n<\/td>\n<td>\n<p class=\"s13\"><span dir=\"auto\">AISI 304 Nerjave\u010de jeklo<\/span><\/p>\n<\/td>\n<td>\n<p class=\"s13\"><span dir=\"auto\">AISI 304 Nerjave\u010de jeklo<\/span><\/p>\n<\/td>\n<td>\n<p class=\"s13\"><span dir=\"auto\">AISI 304 Nerjave\u010de jeklo<\/span><\/p>\n<\/td>\n<td>\n<p class=\"s13\"><span dir=\"auto\">AISI 304 Nerjave\u010de jeklo<\/span><\/p>\n<\/td>\n<\/tr>\n<tr>\n<td>\n<p class=\"s13\"><span dir=\"auto\">Vrata<\/span><\/p>\n<\/td>\n<td>\n<p class=\"s14\">&#8211;<\/p>\n<\/td>\n<td>\n<p class=\"s13\"><span dir=\"auto\">Steklo<\/span><span dir=\"auto\">\u200b<\/span><\/p>\n<\/td>\n<td>\n<p class=\"s14\"><span dir=\"auto\">&#8211;<\/span><\/p>\n<\/td>\n<td>\n<p class=\"s14\"><span dir=\"auto\">&#8211;<\/span><\/p>\n<\/td>\n<td>\n<p class=\"s14\"><span dir=\"auto\">&#8211;<\/span><\/p>\n<\/td>\n<\/tr>\n<tr>\n<td>\n<p class=\"s13\"><span dir=\"auto\">Notranji\u00a0<\/span><span dir=\"auto\">Podloga<\/span><\/p>\n<\/td>\n<td>\n<p class=\"s13\"><span dir=\"auto\">AISI 304 Nerjave\u010de jeklo<\/span><\/p>\n<\/td>\n<td>\n<p class=\"s13\"><span dir=\"auto\">AISI 304 Nerjave\u010de jeklo<\/span><\/p>\n<\/td>\n<td>\n<p class=\"s13\"><span dir=\"auto\">AISI 304 Nerjave\u010de jeklo<\/span><\/p>\n<\/td>\n<td>\n<p class=\"s13\"><span dir=\"auto\">AISI 304 Nerjave\u010de jeklo<\/span><\/p>\n<\/td>\n<td>\n<p class=\"s13\"><span dir=\"auto\">AISI 304 Nerjave\u010de jeklo<\/span><\/p>\n<\/td>\n<\/tr>\n<tr>\n<td>\n<p class=\"s13\"><span dir=\"auto\">Termostat<\/span><span dir=\"auto\">\u200b<\/span><\/p>\n<\/td>\n<td>\n<p class=\"s13\"><span dir=\"auto\">Elektronska stran<\/span><span dir=\"auto\">\u200b<\/span><\/p>\n<\/td>\n<td>\n<p class=\"s13\"><span dir=\"auto\">Elektronska stran<\/span><span dir=\"auto\">\u200b<\/span><\/p>\n<\/td>\n<td>\n<p class=\"s13\"><span dir=\"auto\">Elektronska stran<\/span><span dir=\"auto\">\u200b<\/span><\/p>\n<\/td>\n<td>\n<p class=\"s13\"><span dir=\"auto\">Elektronska stran<\/span><span dir=\"auto\">\u200b<\/span><\/p>\n<\/td>\n<td>\n<p class=\"s13\"><span dir=\"auto\">Elektronska stran<\/span><span dir=\"auto\">\u200b<\/span><\/p>\n<\/td>\n<\/tr>\n<tr>\n<td>\n<p class=\"s13\"><span dir=\"auto\">Hrup\u00a0<\/span><span dir=\"auto\">raven<\/span><\/p>\n<\/td>\n<td>\n<p class=\"s13\">dB 42<\/p>\n<\/td>\n<td>\n<p class=\"s13\"><span dir=\"auto\">dB 42<\/span><\/p>\n<\/td>\n<td>\n<p class=\"s13\"><span dir=\"auto\">dB 42<\/span><\/p>\n<\/td>\n<td>\n<p class=\"s13\"><span dir=\"auto\">dB 42<\/span><\/p>\n<\/td>\n<td>\n<p class=\"s13\"><span dir=\"auto\">dB 42<\/span><\/p>\n<\/td>\n<\/tr>\n<tr>\n<td>\n<p class=\"s13\">Smart Link WiFi<\/p>\n<p class=\"s13\"><span dir=\"auto\">Daljinski upravljalnik<\/span><\/p>\n<\/td>\n<td>\n<p class=\"s13\">Izbirno<\/p>\n<\/td>\n<td>\n<p class=\"s13\"><span dir=\"auto\">Izbirno<\/span><\/p>\n<\/td>\n<td>\n<p class=\"s13\"><span dir=\"auto\">Izbirno<\/span><\/p>\n<\/td>\n<td>\n<p class=\"s13\"><span dir=\"auto\">Izbirno<\/span><\/p>\n<\/td>\n<td>\n<p class=\"s13\"><span dir=\"auto\">Izbirno<\/span><\/p>\n<\/td>\n<\/tr>\n<tr>\n<td>\n<p class=\"s13\">Debelina izolacije<\/p>\n<\/td>\n<td>\n<p class=\"s13\">mm 60<\/p>\n<\/td>\n<td>\n<p class=\"s13\"><span dir=\"auto\">mm 60<\/span><\/p>\n<\/td>\n<td>\n<p class=\"s13\"><span dir=\"auto\">mm 60<\/span><\/p>\n<\/td>\n<td>\n<p class=\"s13\"><span dir=\"auto\">mm 60<\/span><\/p>\n<\/td>\n<td>\n<p class=\"s13\">m 60<\/p>\n<\/td>\n<\/tr>\n<tr>\n<td>\n<p class=\"s13\"><span dir=\"auto\">Odmrzovanje\u00a0<\/span><span dir=\"auto\">Odmrzovanje<\/span><\/p>\n<\/td>\n<td>\n<p class=\"s13\"><span dir=\"auto\">Samodejno z elektri\u010dnim pogonom\u00a0<\/span><span dir=\"auto\">grelnik<\/span><\/p>\n<\/td>\n<td>\n<p class=\"s13\"><span dir=\"auto\">Samodejno z elektri\u010dnim pogonom\u00a0<\/span><span dir=\"auto\">grelnik<\/span><\/p>\n<\/td>\n<td>\n<p class=\"s13\"><span dir=\"auto\">Samodejno z elektri\u010dnim pogonom\u00a0<\/span><span dir=\"auto\">grelnik<\/span><\/p>\n<\/td>\n<td>\n<p class=\"s13\"><span dir=\"auto\">Samodejno z elektri\u010dnim pogonom\u00a0<\/span><span dir=\"auto\">grelnik<\/span><\/p>\n<\/td>\n<td>\n<p class=\"s13\"><span dir=\"auto\">Samodejno z elektri\u010dnim pogonom\u00a0<\/span><span dir=\"auto\">grelnik<\/span><\/p>\n<\/td>\n<\/tr>\n<tr>\n<td>\n<p class=\"s13\">Police (WxD)<\/p>\n<\/td>\n<td>\n<p class=\"s13\">N\u00b0 3 - mm 335 x 530 +<\/p>\n<p class=\"s13\">N\u00b0 3 - mm 390 x 505<\/p>\n<\/td>\n<td>\n<p class=\"s13\"><span dir=\"auto\">N\u00b0 3 - mm 335 x 530 +<\/span><\/p>\n<p class=\"s13\"><span dir=\"auto\">N\u00b0 3 - mm 390 x 505<\/span><\/p>\n<\/td>\n<td>\n<p class=\"s13\">N\u00b0 2 - mm 335 x 530 +<\/p>\n<p class=\"s13\">N\u00b0 2 - mm 390 x 505<\/p>\n<\/td>\n<td>\n<p class=\"s13\">\u0161t. 1 - mm 335 x 530 +<\/p>\n<p class=\"s13\">\u0161t. 1 - mm 390 x 505<\/p>\n<\/td>\n<td>\n<p class=\"s13\"><span dir=\"auto\">N\u00b0 3 - mm 335 x 530 +<\/span><\/p>\n<p class=\"s13\"><span dir=\"auto\">N\u00b0 3 - mm 390 x 505<\/span><\/p>\n<\/td>\n<\/tr>\n<tr>\n<td>\n<p class=\"s13\"><span dir=\"auto\">Razsvetljava<\/span><span dir=\"auto\">\u200b<\/span><\/p>\n<\/td>\n<td>\n<p class=\"s14\">&#8211;<\/p>\n<\/td>\n<td>\n<p class=\"s13\">Led 3,6 W<\/p>\n<\/td>\n<td>\n<p class=\"s13\"><span dir=\"auto\">&#8211;<\/span><\/p>\n<\/td>\n<td>\n<p class=\"s13\"><span dir=\"auto\">&#8211;<\/span><\/p>\n<\/td>\n<td>\n<p class=\"s13\"><span dir=\"auto\">&#8211;<\/span><\/p>\n<\/td>\n<\/tr>\n<tr>\n<td>\n<p class=\"s13\"><span dir=\"auto\">Self-\u00a0<\/span><span dir=\"auto\">zapiranje vrat<\/span><\/p>\n<\/td>\n<td>\n<p class=\"s13\"><span dir=\"auto\">Mehko zapiranje<\/span><\/p>\n<\/td>\n<td>\n<p class=\"s13\"><span dir=\"auto\">Mehko zapiranje<\/span><\/p>\n<\/td>\n<td>\n<p class=\"s13\"><span dir=\"auto\">Mehko zapiranje<\/span><\/p>\n<\/td>\n<td>\n<p class=\"s13\"><span dir=\"auto\">Mehko zapiranje<\/span><\/p>\n<\/td>\n<td>\n<p class=\"s13\"><span dir=\"auto\">Mehko zapiranje<\/span><\/p>\n<\/td>\n<\/tr>\n<tr>\n<td>\n<p class=\"s13\"><span dir=\"auto\">Stopala<\/span><\/p>\n<\/td>\n<td>\n<p class=\"s13\">6 \u010devljev h mm 110\/170<\/p>\n<\/td>\n<td>\n<p class=\"s13\"><span dir=\"auto\">6 \u010devljev <\/span><span dir=\"auto\">h mm 110\/170<\/span><\/p>\n<\/td>\n<td>\n<p class=\"s13\"><span dir=\"auto\">\u00a0<\/span><span dir=\"auto\">6 \u010devljev\u00a0<\/span><span dir=\"auto\">h mm 110\/170<\/span><\/p>\n<\/td>\n<td>\n<p class=\"s13\"><span dir=\"auto\">6 \u010devljev <\/span><span dir=\"auto\">h mm 110\/170<\/span><\/p>\n<\/td>\n<td>\n<p class=\"s13\"><span dir=\"auto\">6 \u010devljev <\/span><span dir=\"auto\">h mm 110\/170<\/span><\/p>\n<\/td>\n<\/tr>\n<tr>\n<td>\n<p class=\"s13\"><span dir=\"auto\">Kole\u0161\u010dki<\/span><\/p>\n<\/td>\n<td>\n<p class=\"s13\">Po \u017eelji - h mm 140<\/p>\n<\/td>\n<td>\n<p class=\"s13\"><span dir=\"auto\">Po \u017eelji - h mm 140<\/span><\/p>\n<\/td>\n<td>\n<p class=\"s13\"><span dir=\"auto\">Po \u017eelji - h mm 140<\/span><\/p>\n<\/td>\n<td>\n<p class=\"s13\"><span dir=\"auto\">Po \u017eelji - h mm 140<\/span><\/p>\n<\/td>\n<td>\n<p class=\"s13\"><span dir=\"auto\">Po \u017eelji - h mm 140<\/span><\/p>\n<\/td>\n<\/tr>\n<tr>\n<td>\n<p class=\"s13\"><span dir=\"auto\">Neto -\u00a0<\/span><span dir=\"auto\">Bruto te\u017ea<\/span><\/p>\n<\/td>\n<td>\n<p class=\"s13\">Kg 134 \/ 151<\/p>\n<\/td>\n<td>\n<p class=\"s13\"><span dir=\"auto\">Kg 134 \/ 151<\/span><\/p>\n<\/td>\n<td>\n<p class=\"s13\">Kg 144 \/ 161<\/p>\n<\/td>\n<td>\n<p class=\"s13\">Kg 154 \/ 171<\/p>\n<\/td>\n<td>\n<p class=\"s13\">Kg 136 \/ 154<\/p>\n<\/td>\n<\/tr>\n<tr>\n<td>\n<p class=\"s13\"><span dir=\"auto\">Napetost<\/span><span dir=\"auto\">\u200b<\/span><\/p>\n<\/td>\n<td>\n<p class=\"s13\"><span dir=\"auto\">Pri 220-240<\/span><\/p>\n<\/td>\n<td>\n<p class=\"s13\"><span dir=\"auto\">Pri 220-240<\/span><\/p>\n<\/td>\n<td>\n<p class=\"s13\"><span dir=\"auto\">Pri 220-240<\/span><\/p>\n<\/td>\n<td>\n<p class=\"s13\"><span dir=\"auto\">Pri 220-240<\/span><\/p>\n<\/td>\n<td>\n<p class=\"s13\"><span dir=\"auto\">Pri 220-240<\/span><\/p>\n<\/td>\n<\/tr>\n<tr>\n<td>\n<p class=\"s13\"><span dir=\"auto\">Frekvenca<\/span><span dir=\"auto\">\u200b<\/span><\/p>\n<\/td>\n<td>\n<p class=\"s13\">Hz 50<\/p>\n<\/td>\n<td>\n<p class=\"s13\"><span dir=\"auto\">Hz 50<\/span><\/p>\n<\/td>\n<td>\n<p class=\"s13\"><span dir=\"auto\">Hz 50<\/span><\/p>\n<\/td>\n<td>\n<p class=\"s13\"><span dir=\"auto\">Hz 50<\/span><\/p>\n<\/td>\n<td>\n<p class=\"s13\"><span dir=\"auto\">Hz 50<\/span><\/p>\n<\/td>\n<\/tr>\n<tr>\n<td>\n<p class=\"s13\"><span dir=\"auto\">Hladilno sredstvo<\/span><\/p>\n<\/td>\n<td>\n<p class=\"s13\">R600A<\/p>\n<\/td>\n<td>\n<p class=\"s13\"><span dir=\"auto\">R600A<\/span><\/p>\n<\/td>\n<td>\n<p class=\"s13\"><span dir=\"auto\">R600A<\/span><\/p>\n<\/td>\n<td>\n<p class=\"s13\"><span dir=\"auto\">R600A<\/span><\/p>\n<\/td>\n<td>\n<p class=\"s13\"><span dir=\"auto\">R290<\/span><\/p>\n<\/td>\n<\/tr>\n<tr>\n<td>\n<p class=\"s13\"><span dir=\"auto\">Absorpcija<\/span><span dir=\"auto\">\u200b<\/span><\/p>\n<\/td>\n<td>\n<p class=\"s13\"><span dir=\"auto\">V 300<\/span><\/p>\n<\/td>\n<td>\n<p class=\"s13\"><span dir=\"auto\">V 300<\/span><\/p>\n<\/td>\n<td>\n<p class=\"s13\"><span dir=\"auto\">V 300<\/span><\/p>\n<\/td>\n<td>\n<p class=\"s13\"><span dir=\"auto\">V 300<\/span><\/p>\n<\/td>\n<td>\n<p class=\"s13\"><span dir=\"auto\">V 570<\/span><\/p>\n<\/td>\n<\/tr>\n<tr>\n<td>\n<p class=\"s13\"><span dir=\"auto\">Energija\u00a0<\/span><span dir=\"auto\">Poraba<\/span><\/p>\n<\/td>\n<td>\n<p class=\"s13\"><span dir=\"auto\">KwH\/24H 2,25<\/span><\/p>\n<\/td>\n<td>\n<p class=\"s13\"><span dir=\"auto\">KwH\/24H 3,126<\/span><\/p>\n<\/td>\n<td>\n<p class=\"s13\"><span dir=\"auto\">KwH\/24H 2,25<\/span><\/p>\n<\/td>\n<td>\n<p class=\"s13\"><span dir=\"auto\">KwH\/24H 2,18<\/span><\/p>\n<\/td>\n<td>\n<p class=\"s13\"><span dir=\"auto\">KwH\/24H 8,11<\/span><\/p>\n<\/td>\n<\/tr>\n<\/tbody>\n<\/table>\n<p>&nbsp;<\/p>","protected":false},"excerpt":{"rendered":"<p>-2 \u00b0C \/ +8 \u00b0C Hladilna miza tre ante steklena vrata prezra\u010devana. Pozitivna temperatura<\/p>","protected":false},"featured_media":10306,"comment_status":"open","ping_status":"closed","template":"","meta":[],"product_brand":[],"product_cat":[51],"product_tag":[],"class_list":{"0":"post-10263","1":"product","2":"type-product","3":"status-publish","4":"has-post-thumbnail","6":"product_cat-kitchen-catering-cooling","8":"first","9":"instock","10":"shipping-taxable","11":"purchasable","12":"product-type-simple"},"_links":{"self":[{"href":"https:\/\/dersuessestopp.com\/sl\/wp-json\/wp\/v2\/product\/10263","targetHints":{"allow":["GET"]}}],"collection":[{"href":"https:\/\/dersuessestopp.com\/sl\/wp-json\/wp\/v2\/product"}],"about":[{"href":"https:\/\/dersuessestopp.com\/sl\/wp-json\/wp\/v2\/types\/product"}],"replies":[{"embeddable":true,"href":"https:\/\/dersuessestopp.com\/sl\/wp-json\/wp\/v2\/comments?post=10263"}],"version-history":[{"count":5,"href":"https:\/\/dersuessestopp.com\/sl\/wp-json\/wp\/v2\/product\/10263\/revisions"}],"predecessor-version":[{"id":11968,"href":"https:\/\/dersuessestopp.com\/sl\/wp-json\/wp\/v2\/product\/10263\/revisions\/11968"}],"wp:featuredmedia":[{"embeddable":true,"href":"https:\/\/dersuessestopp.com\/sl\/wp-json\/wp\/v2\/media\/10306"}],"wp:attachment":[{"href":"https:\/\/dersuessestopp.com\/sl\/wp-json\/wp\/v2\/media?parent=10263"}],"wp:term":[{"taxonomy":"product_brand","embeddable":true,"href":"https:\/\/dersuessestopp.com\/sl\/wp-json\/wp\/v2\/product_brand?post=10263"},{"taxonomy":"product_cat","embeddable":true,"href":"https:\/\/dersuessestopp.com\/sl\/wp-json\/wp\/v2\/product_cat?post=10263"},{"taxonomy":"product_tag","embeddable":true,"href":"https:\/\/dersuessestopp.com\/sl\/wp-json\/wp\/v2\/product_tag?post=10263"}],"curies":[{"name":"wp","href":"https:\/\/api.w.org\/{rel}","templated":true}]}}