{"id":10204,"date":"2025-09-29T14:58:29","date_gmt":"2025-09-29T14:58:29","guid":{"rendered":"https:\/\/dersuessestopp.com\/?post_type=product&#038;p=10204"},"modified":"2025-10-09T03:27:09","modified_gmt":"2025-10-09T03:27:09","slug":"cax-4130-tn","status":"publish","type":"product","link":"https:\/\/dersuessestopp.com\/sl\/product\/cax-4130-tn\/","title":{"rendered":"CXF 4130 TN - (3 x 1\/3)"},"content":{"rendered":"<p><img decoding=\"async\" src=\"https:\/\/customer.klimaitalia.it\/api\/file\/image\/6730\" \/><\/p>\n<p>&nbsp;<\/p>\n<h2>Opis izdelka (EN)<\/h2>\n<p>Spletna stran <strong data-start=\"241\" data-end=\"256\">CXF 4130 TN<\/strong> je profesionalni <strong data-start=\"275\" data-end=\"310\">prezra\u010devani hladilni pult<\/strong> s spletno stranjo <strong data-start=\"321\" data-end=\"388\">tri vrata in en hladilni del s tremi 1\/3 predali<\/strong>, zasnovan za restavracije, hotele in gostinske kuhinje. Izdelan iz vrhunskih <strong data-start=\"466\" data-end=\"494\">AISI 304 nerjave\u010de jeklo<\/strong>, zagotavlja higieno, vzdr\u017eljivost in dolgotrajno zanesljivost. Deluje v okviru <strong data-start=\"577\" data-end=\"614\">temperaturno obmo\u010dje od -2 \u00b0C do +8 \u00b0C<\/strong>, zagotavlja stabilno in enakomerno hlajenje. Opremljen je z <strong data-start=\"673\" data-end=\"698\">elektronski termostat<\/strong>, <strong data-start=\"700\" data-end=\"734\">Vrata in predali z mehkim zapiranjem<\/strong>, in <strong data-start=\"740\" data-end=\"770\">samodejno elektri\u010dno odmrzovanje<\/strong>, zagotavlja u\u010dinkovitost in profesionalno zmogljivost.<\/p>\n<h2>Tehni\u010dne specifikacije<\/h2>\n<table>\n<tbody>\n<tr>\n<td>\u00a0Dimenzije mm<\/td>\n<td>CXF 4100 TN<\/td>\n<td>CXF 4100 BT<\/td>\n<\/tr>\n<tr>\n<td>Zunanje mere (\u0160xVxV)<\/td>\n<td>2230 x 700 x 860*<\/td>\n<td>2230 x 700 x 860*<\/td>\n<\/tr>\n<tr>\n<td>Dimenzije embala\u017ee (\u0160xVxV)<\/td>\n<td>2260 x 730 x 910<\/td>\n<td>2260 x 730 x 910<\/td>\n<\/tr>\n<tr>\n<td>\u0160irina<\/td>\n<td>1669<\/td>\n<td>1669<\/td>\n<\/tr>\n<tr>\n<td>Globina<\/td>\n<td>530<\/td>\n<td>530<\/td>\n<\/tr>\n<tr>\n<td>Vi\u0161ina<\/td>\n<td>560<\/td>\n<td>560<\/td>\n<\/tr>\n<tr>\n<td colspan=\"3\">Skupna vi\u0161ina enot vklju\u010duje noge, ki so prilagojene na najni\u017eji ravni vi\u0161ine.<\/td>\n<\/tr>\n<\/tbody>\n<\/table>\n<p>&nbsp;<\/p>\n<table>\n<tbody>\n<tr>\n<td>Tehni\u010dne lastnosti<\/td>\n<td>CXF 4100 TN<\/td>\n<td>CXF 4100 BT<\/td>\n<\/tr>\n<tr>\n<td>Temperaturno obmo\u010dje<\/td>\n<td>-2 \u00b0C \/ +8 \u00b0C<\/td>\n<td>-22 \u00b0C \/ -18 \u00b0C<\/td>\n<\/tr>\n<tr>\n<td>Podnebni razred<\/td>\n<td>5<\/td>\n<td>4<\/td>\n<\/tr>\n<tr>\n<td>Neto bruto obseg<\/td>\n<td>393 \/ 476<\/td>\n<td>393 \/ 476<\/td>\n<\/tr>\n<tr>\n<td>Telo<\/td>\n<td>AISI 304 Nerjave\u010de jeklo<\/td>\n<td>AISI 304 Nerjave\u010de jeklo<\/td>\n<\/tr>\n<tr>\n<td>Notranji vlo\u017eek<\/td>\n<td>AISI 304 Nerjave\u010de jeklo<\/td>\n<td>AISI 304 Nerjave\u010de jeklo<\/td>\n<\/tr>\n<tr>\n<td>Termostat<\/td>\n<td>Elektronska stran<\/td>\n<td>Elektronska stran<\/td>\n<\/tr>\n<tr>\n<td>Raven hrupa<\/td>\n<td>dB 42<\/td>\n<td>dB 42<\/td>\n<\/tr>\n<tr>\n<td>Daljinski upravljalnik<\/td>\n<td>Izbirno<\/td>\n<td>Izbirno<\/td>\n<\/tr>\n<tr>\n<td>Debelina izolacije<\/td>\n<td>mm 60<\/td>\n<td>m 60<\/td>\n<\/tr>\n<tr>\n<td>Odmrzovanje<\/td>\n<td>Samodejno z elektri\u010dnim grelnikom<\/td>\n<td>Samodejno z elektri\u010dnim grelnikom<\/td>\n<\/tr>\n<tr>\n<td>Police (WxD)<\/td>\n<td>\u0161t. 4 - mm 335 x 530 + \u0161t. 4 - mm 390 x 505<\/td>\n<td>\u0161t. 4 - mm 335 x 530 + \u0161t. 4 - mm 390 x 505<\/td>\n<\/tr>\n<tr>\n<td>Samodejno zapiranje vrat<\/td>\n<td>Mehko zapiranje<\/td>\n<td>Mehko zapiranje<\/td>\n<\/tr>\n<tr>\n<td>Kolesca - stopala<\/td>\n<td>6 \u010devljev<\/td>\n<td>6 \u010devljev<\/td>\n<\/tr>\n<tr>\n<td>Kole\u0161\u010dki<\/td>\n<td>Po \u017eelji - h mm 140<\/td>\n<td>Po \u017eelji - h mm 140<\/td>\n<\/tr>\n<tr>\n<td>Neto bruto te\u017ea<\/td>\n<td>Kg 153 \/ 173<\/td>\n<td>Kg 155 \/ 175<\/td>\n<\/tr>\n<tr>\n<td>Napetost<\/td>\n<td>V 220-240<\/td>\n<td>V 220-240<\/td>\n<\/tr>\n<tr>\n<td>Frekvenca<\/td>\n<td>Hz 50<\/td>\n<td>Hz 50<\/td>\n<\/tr>\n<tr>\n<td>Hladilno sredstvo<\/td>\n<td>R600A<\/td>\n<td>R290<\/td>\n<\/tr>\n<tr>\n<td>Absorpcija<\/td>\n<td>W 300<\/td>\n<td>W 660<\/td>\n<\/tr>\n<tr>\n<td>Poraba energije<\/td>\n<td>KwH\/24H 2,95<\/td>\n<td>KwH\/24H 10,68<\/td>\n<\/tr>\n<\/tbody>\n<\/table>","protected":false},"excerpt":{"rendered":"<p>-2 \u00b0C \/ +8 \u00b0C Prezra\u010devana hladilna miza, \u0161tiri vrata. Pozitivna temperatura. Izvedba z 1 hladilnim predalom paket da N.3 predali da 1\/3<\/p>","protected":false},"featured_media":10284,"comment_status":"open","ping_status":"closed","template":"","meta":[],"product_brand":[],"product_cat":[51],"product_tag":[],"class_list":{"0":"post-10204","1":"product","2":"type-product","3":"status-publish","4":"has-post-thumbnail","6":"product_cat-kitchen-catering-cooling","8":"first","9":"instock","10":"shipping-taxable","11":"purchasable","12":"product-type-simple"},"_links":{"self":[{"href":"https:\/\/dersuessestopp.com\/sl\/wp-json\/wp\/v2\/product\/10204","targetHints":{"allow":["GET"]}}],"collection":[{"href":"https:\/\/dersuessestopp.com\/sl\/wp-json\/wp\/v2\/product"}],"about":[{"href":"https:\/\/dersuessestopp.com\/sl\/wp-json\/wp\/v2\/types\/product"}],"replies":[{"embeddable":true,"href":"https:\/\/dersuessestopp.com\/sl\/wp-json\/wp\/v2\/comments?post=10204"}],"version-history":[{"count":3,"href":"https:\/\/dersuessestopp.com\/sl\/wp-json\/wp\/v2\/product\/10204\/revisions"}],"predecessor-version":[{"id":12346,"href":"https:\/\/dersuessestopp.com\/sl\/wp-json\/wp\/v2\/product\/10204\/revisions\/12346"}],"wp:featuredmedia":[{"embeddable":true,"href":"https:\/\/dersuessestopp.com\/sl\/wp-json\/wp\/v2\/media\/10284"}],"wp:attachment":[{"href":"https:\/\/dersuessestopp.com\/sl\/wp-json\/wp\/v2\/media?parent=10204"}],"wp:term":[{"taxonomy":"product_brand","embeddable":true,"href":"https:\/\/dersuessestopp.com\/sl\/wp-json\/wp\/v2\/product_brand?post=10204"},{"taxonomy":"product_cat","embeddable":true,"href":"https:\/\/dersuessestopp.com\/sl\/wp-json\/wp\/v2\/product_cat?post=10204"},{"taxonomy":"product_tag","embeddable":true,"href":"https:\/\/dersuessestopp.com\/sl\/wp-json\/wp\/v2\/product_tag?post=10204"}],"curies":[{"name":"wp","href":"https:\/\/api.w.org\/{rel}","templated":true}]}}