{"id":10198,"date":"2025-09-29T14:58:29","date_gmt":"2025-09-29T14:58:29","guid":{"rendered":"https:\/\/dersuessestopp.com\/?post_type=product&#038;p=10198"},"modified":"2025-10-09T03:50:18","modified_gmt":"2025-10-09T03:50:18","slug":"psx-2200-tn-con-alzatina","status":"publish","type":"product","link":"https:\/\/dersuessestopp.com\/sl\/product\/psx-2200-tn-con-alzatina\/","title":{"rendered":"PXF 2200 TN Z RAZPR\u0160ILOM"},"content":{"rendered":"<p>&nbsp;<\/p>\n<h2><img decoding=\"async\" src=\"https:\/\/customer.klimaitalia.it\/api\/file\/image\/6797\" \/><\/h2>\n<h2>Opis izdelka<\/h2>\n<p>Spletna stran <strong data-start=\"244\" data-end=\"259\">PXF 2200 TN<\/strong> je profesionalni <strong data-start=\"278\" data-end=\"336\">prezra\u010devani hladilni pult za pecivo z razpr\u0161ilom<\/strong>, idealen za pekarne, sla\u0161\u010di\u010darne in gostinske kuhinje. Izdelan iz visokokakovostnih <strong data-start=\"419\" data-end=\"447\">AISI 304 nerjave\u010de jeklo<\/strong>, zagotavlja higieno, trajnost in enostavno \u010di\u0161\u010denje. Delovanje v okviru <strong data-start=\"519\" data-end=\"556\">temperaturno obmo\u010dje od +2 \u00b0C do +8 \u00b0C<\/strong>, zagotavlja natan\u010dno hlajenje za pripravo peciva in shranjevanje sestavin. Opremljen je z <strong data-start=\"647\" data-end=\"674\">Samodejna vrata z mehkim zapiranjem<\/strong>, <strong data-start=\"676\" data-end=\"706\">samodejno elektri\u010dno odmrzovanje<\/strong>, in <strong data-start=\"712\" data-end=\"737\">elektronski termostat<\/strong>, zagotavlja u\u010dinkovitost in zanesljivost za profesionalno uporabo.<\/p>\n<h2>Tehni\u010dne specifikacije<\/h2>\n<table>\n<tbody>\n<tr>\n<td>Dimenzije mm<\/td>\n<td>PXF 2100 TN<\/td>\n<td>PXF 2200 TN<\/td>\n<\/tr>\n<tr>\n<td>Zunanje mere (\u0160xVxV)<\/td>\n<td>1510 x 800 x 860*<\/td>\n<td>1510 x 800 x 960*<\/td>\n<\/tr>\n<tr>\n<td>Dimenzije embala\u017ee (\u0160xVxV)<\/td>\n<td>1540 x 830 x 910<\/td>\n<td>1540 x 830 x 1010<\/td>\n<\/tr>\n<tr>\n<td>\u0160irina<\/td>\n<td>945<\/td>\n<td>945<\/td>\n<\/tr>\n<tr>\n<td>Globina<\/td>\n<td>680<\/td>\n<td>680<\/td>\n<\/tr>\n<tr>\n<td>Vi\u0161ina<\/td>\n<td>560<\/td>\n<td>560<\/td>\n<\/tr>\n<tr>\n<td colspan=\"3\">Skupna vi\u0161ina enot vklju\u010duje noge, ki so prilagojene na najni\u017eji ravni vi\u0161ine.<\/td>\n<\/tr>\n<\/tbody>\n<\/table>\n<p>&nbsp;<\/p>\n<table>\n<tbody>\n<tr>\n<td>\u00a0Tehni\u010dne lastnosti<\/td>\n<td>PXF 2100 TN<\/td>\n<td>PXF 2200 TN<\/td>\n<\/tr>\n<tr>\n<td>Temperaturno obmo\u010dje<\/td>\n<td>+2 \u00b0C \/ +8 \u00b0C<\/td>\n<td>+2 \u00b0C \/ +8 \u00b0C<\/td>\n<\/tr>\n<tr>\n<td>Podnebni razred<\/td>\n<td>5<\/td>\n<td>5<\/td>\n<\/tr>\n<tr>\n<td>Neto bruto obseg<\/td>\n<td>Poru\u010dnik 268 \/ 428<\/td>\n<td>Poru\u010dnik 268 \/ 428<\/td>\n<\/tr>\n<tr>\n<td>Telo<\/td>\n<td>AISI 304 Nerjave\u010de jeklo<\/td>\n<td>AISI 304 Nerjave\u010de jeklo<\/td>\n<\/tr>\n<tr>\n<td>Notranji vlo\u017eek<\/td>\n<td>AISI 304 Nerjave\u010de jeklo<\/td>\n<td>AISI 304 Nerjave\u010de jeklo<\/td>\n<\/tr>\n<tr>\n<td>Termostat<\/td>\n<td>Elektronska stran<\/td>\n<td>Elektronska stran<\/td>\n<\/tr>\n<tr>\n<td>Raven hrupa<\/td>\n<td>dB 42<\/td>\n<td>dB 42<\/td>\n<\/tr>\n<tr>\n<td>Daljinski upravljalnik<\/td>\n<td>Izbirno<\/td>\n<td>Izbirno<\/td>\n<\/tr>\n<tr>\n<td>Debelina izolacije<\/td>\n<td>mm 60<\/td>\n<td>mm 60<\/td>\n<\/tr>\n<tr>\n<td>Odmrzovanje<\/td>\n<td>Samodejno z elektri\u010dnim grelnikom<\/td>\n<td>Samodejno z elektri\u010dnim grelnikom<\/td>\n<\/tr>\n<tr>\n<td>Police (WxD)<\/td>\n<td>\u0161t. 2 - mm 410 x 600 + \u0161t. 2 - mm 465 x 605<\/td>\n<td>\u0161t. 2 - mm 410 x 600 + \u0161t. 2 - mm 465 x 605<\/td>\n<\/tr>\n<tr>\n<td>Samodejno zapiranje vrat<\/td>\n<td>Mehko zapiranje<\/td>\n<td>Mehko zapiranje<\/td>\n<\/tr>\n<tr>\n<td>\u00a0Kolesca - stopala<\/td>\n<td>4 noge<\/td>\n<td>4 noge<\/td>\n<\/tr>\n<tr>\n<td>Kole\u0161\u010dki<\/td>\n<td>Po \u017eelji - h mm 140<\/td>\n<td>Po \u017eelji - h mm 140<\/td>\n<\/tr>\n<tr>\n<td>Neto bruto te\u017ea<\/td>\n<td>Kg 140 \/ 155<\/td>\n<td>Kg 150 \/ 165<\/td>\n<\/tr>\n<tr>\n<td>Napetost<\/td>\n<td>V 220-240<\/td>\n<td>V 220-240<\/td>\n<\/tr>\n<tr>\n<td>Frekvenca<\/td>\n<td>Hz 50<\/td>\n<td>Hz 50<\/td>\n<\/tr>\n<tr>\n<td>Hladilno sredstvo<\/td>\n<td>R600A<\/td>\n<td>R600A<\/td>\n<\/tr>\n<tr>\n<td>Absorpcija<\/td>\n<td>W 300<\/td>\n<td>W 300<\/td>\n<\/tr>\n<tr>\n<td>Poraba energije<\/td>\n<td>KwH\/24H 1,76<\/td>\n<td>KwH\/24H 1,76<\/td>\n<\/tr>\n<\/tbody>\n<\/table>","protected":false},"excerpt":{"rendered":"<p>-2 \u00b0C \/ +8 \u00b0C Hladilna miza pasticceria due ante prezra\u010devana<\/p>","protected":false},"featured_media":10248,"comment_status":"open","ping_status":"closed","template":"","meta":[],"product_brand":[],"product_cat":[51],"product_tag":[],"class_list":{"0":"post-10198","1":"product","2":"type-product","3":"status-publish","4":"has-post-thumbnail","6":"product_cat-kitchen-catering-cooling","8":"first","9":"instock","10":"shipping-taxable","11":"purchasable","12":"product-type-simple"},"_links":{"self":[{"href":"https:\/\/dersuessestopp.com\/sl\/wp-json\/wp\/v2\/product\/10198","targetHints":{"allow":["GET"]}}],"collection":[{"href":"https:\/\/dersuessestopp.com\/sl\/wp-json\/wp\/v2\/product"}],"about":[{"href":"https:\/\/dersuessestopp.com\/sl\/wp-json\/wp\/v2\/types\/product"}],"replies":[{"embeddable":true,"href":"https:\/\/dersuessestopp.com\/sl\/wp-json\/wp\/v2\/comments?post=10198"}],"version-history":[{"count":3,"href":"https:\/\/dersuessestopp.com\/sl\/wp-json\/wp\/v2\/product\/10198\/revisions"}],"predecessor-version":[{"id":12369,"href":"https:\/\/dersuessestopp.com\/sl\/wp-json\/wp\/v2\/product\/10198\/revisions\/12369"}],"wp:featuredmedia":[{"embeddable":true,"href":"https:\/\/dersuessestopp.com\/sl\/wp-json\/wp\/v2\/media\/10248"}],"wp:attachment":[{"href":"https:\/\/dersuessestopp.com\/sl\/wp-json\/wp\/v2\/media?parent=10198"}],"wp:term":[{"taxonomy":"product_brand","embeddable":true,"href":"https:\/\/dersuessestopp.com\/sl\/wp-json\/wp\/v2\/product_brand?post=10198"},{"taxonomy":"product_cat","embeddable":true,"href":"https:\/\/dersuessestopp.com\/sl\/wp-json\/wp\/v2\/product_cat?post=10198"},{"taxonomy":"product_tag","embeddable":true,"href":"https:\/\/dersuessestopp.com\/sl\/wp-json\/wp\/v2\/product_tag?post=10198"}],"curies":[{"name":"wp","href":"https:\/\/api.w.org\/{rel}","templated":true}]}}