{"id":10197,"date":"2025-09-29T14:58:29","date_gmt":"2025-09-29T14:58:29","guid":{"rendered":"https:\/\/dersuessestopp.com\/?post_type=product&#038;p=10197"},"modified":"2025-10-09T03:43:20","modified_gmt":"2025-10-09T03:43:20","slug":"psx-3100-tn","status":"publish","type":"product","link":"https:\/\/dersuessestopp.com\/sl\/product\/psx-3100-tn\/","title":{"rendered":"PXF 3100 TN"},"content":{"rendered":"<p><img decoding=\"async\" src=\"https:\/\/customer.klimaitalia.it\/api\/file\/image\/6803\" \/><\/p>\n<p>&nbsp;<\/p>\n<h2>Opis izdelka<\/h2>\n<p>Spletna stran <strong data-start=\"237\" data-end=\"252\">PXF 3100 TN<\/strong> je profesionalni <strong data-start=\"271\" data-end=\"313\">prezra\u010devani hladilni pult za pecivo<\/strong>, zasnovan za pekarne, sla\u0161\u010di\u010darne in gostinske kuhinje. V celoti izdelan iz <strong data-start=\"395\" data-end=\"423\">AISI 304 nerjave\u010de jeklo<\/strong>, zagotavlja vrhunsko higieno, vzdr\u017eljivost in gladko delovno povr\u0161ino. Deluje v <strong data-start=\"511\" data-end=\"548\">temperaturno obmo\u010dje od +2 \u00b0C do +8 \u00b0C<\/strong>, zagotavlja enakomerno hlajenje, kar je idealno za pripravo peciva in sladic. Na spletni strani . <strong data-start=\"633\" data-end=\"655\">vrata z mehkim zapiranjem<\/strong>, <strong data-start=\"657\" data-end=\"676\">drsne police<\/strong>, <strong data-start=\"678\" data-end=\"708\">samodejno elektri\u010dno odmrzovanje<\/strong>, in <strong data-start=\"714\" data-end=\"742\">opcijski Smart Link WiFi<\/strong>, zdru\u017euje natan\u010dnost, u\u010dinkovitost in prakti\u010dnost.<\/p>\n<h2>Tehni\u010dne specifikacije<\/h2>\n<table>\n<tbody>\n<tr>\n<td>Dimenzije mm<\/td>\n<td>PXF 3100 TN<\/td>\n<td>PXF 3200 TN<\/td>\n<\/tr>\n<tr>\n<td>Zunanje mere (\u0160xVxV)<\/td>\n<td>2020 x 800 x 860*<\/td>\n<td>2020 x 800 x 960*<\/td>\n<\/tr>\n<tr>\n<td>Dimenzije embala\u017ee (\u0160xVxV)<\/td>\n<td>2050 x 830 x 910<\/td>\n<td>2050 x 830 x 1010<\/td>\n<\/tr>\n<tr>\n<td>\u0160irina<\/td>\n<td>1455<\/td>\n<td>1455<\/td>\n<\/tr>\n<tr>\n<td>Globina<\/td>\n<td>680<\/td>\n<td>680<\/td>\n<\/tr>\n<tr>\n<td>Vi\u0161ina<\/td>\n<td>560<\/td>\n<td>560<\/td>\n<\/tr>\n<tr>\n<td colspan=\"3\">Skupna vi\u0161ina enot vklju\u010duje noge, ki so prilagojene na najni\u017eji ravni vi\u0161ine.<\/td>\n<\/tr>\n<\/tbody>\n<\/table>\n<p>&nbsp;<\/p>\n<table>\n<tbody>\n<tr>\n<td>Tehni\u010dne lastnosti<\/td>\n<td>PXF 3100 TN<\/td>\n<td>PXF 3200 TN<\/td>\n<\/tr>\n<tr>\n<td>Temperaturno obmo\u010dje<\/td>\n<td>+2 \u00b0C \/ +8 \u00b0C<\/td>\n<td>+2 \u00b0C \/ +8 \u00b0C<\/td>\n<\/tr>\n<tr>\n<td>Podnebni razred<\/td>\n<td>5<\/td>\n<td>5<\/td>\n<\/tr>\n<tr>\n<td>Neto bruto obseg<\/td>\n<td>Pona\u0161alec 410 \/ 635<\/td>\n<td>Pona\u0161alec 410 \/ 635<\/td>\n<\/tr>\n<tr>\n<td>Telo<\/td>\n<td>AISI 304 Nerjave\u010de jeklo<\/td>\n<td>AISI 304 Nerjave\u010de jeklo<\/td>\n<\/tr>\n<tr>\n<td>Notranji vlo\u017eek<\/td>\n<td>AISI 304 Nerjave\u010de jeklo<\/td>\n<td>AISI 304 Nerjave\u010de jeklo<\/td>\n<\/tr>\n<tr>\n<td>Termostat<\/td>\n<td>Elektronska stran<\/td>\n<td>Elektronska stran<\/td>\n<\/tr>\n<tr>\n<td>Raven hrupa<\/td>\n<td>dB 42<\/td>\n<td>dB 42<\/td>\n<\/tr>\n<tr>\n<td>Daljinski upravljalnik<\/td>\n<td>Izbirno<\/td>\n<td>Izbirno<\/td>\n<\/tr>\n<tr>\n<td>Debelina izolacije<\/td>\n<td>mm 60<\/td>\n<td>mm 60<\/td>\n<\/tr>\n<tr>\n<td>Odmrzovanje<\/td>\n<td>Samodejno z elektri\u010dnim grelnikom<\/td>\n<td>Samodejno z elektri\u010dnim grelnikom<\/td>\n<\/tr>\n<tr>\n<td>Police (WxD)<\/td>\n<td>\u0161t. 3 - mm 410 x 600 + \u0161t. 3 - mm 465 x 605<\/td>\n<td>\u0161t. 3 - mm 410 x 600 + \u0161t. 3 - mm 465 x 605<\/td>\n<\/tr>\n<tr>\n<td>Samodejno zapiranje vrat<\/td>\n<td>Mehko zapiranje<\/td>\n<td>Mehko zapiranje<\/td>\n<\/tr>\n<tr>\n<td>Kolesca - stopala<\/td>\n<td>6 \u010devljev<\/td>\n<td>6 \u010devljev<\/td>\n<\/tr>\n<tr>\n<td>Kole\u0161\u010dki<\/td>\n<td>Po \u017eelji - h mm 140<\/td>\n<td>Po \u017eelji - h mm 140<\/td>\n<\/tr>\n<tr>\n<td>Neto bruto te\u017ea<\/td>\n<td>Kg 152 \/ 170<\/td>\n<td>Kg 162 \/ 180<\/td>\n<\/tr>\n<tr>\n<td>Napetost<\/td>\n<td>V 220-240<\/td>\n<td>V 220-240<\/td>\n<\/tr>\n<tr>\n<td>Frekvenca<\/td>\n<td>Hz 50<\/td>\n<td>Hz 50<\/td>\n<\/tr>\n<tr>\n<td>Hladilno sredstvo<\/td>\n<td>R600A<\/td>\n<td>R600A<\/td>\n<\/tr>\n<tr>\n<td>Absorpcija<\/td>\n<td>W 300<\/td>\n<td>W 300<\/td>\n<\/tr>\n<tr>\n<td>Poraba energije<\/td>\n<td>KwH\/24H 2,74<\/td>\n<td>KwH\/24H 2,74<\/td>\n<\/tr>\n<\/tbody>\n<\/table>","protected":false},"excerpt":{"rendered":"<p>-2 \u00b0C \/ +8 \u00b0C Hladilna miza pasticceria tre ante prezra\u010devana<\/p>","protected":false},"featured_media":10246,"comment_status":"open","ping_status":"closed","template":"","meta":[],"product_brand":[],"product_cat":[51],"product_tag":[],"class_list":{"0":"post-10197","1":"product","2":"type-product","3":"status-publish","4":"has-post-thumbnail","6":"product_cat-kitchen-catering-cooling","8":"first","9":"instock","10":"shipping-taxable","11":"purchasable","12":"product-type-simple"},"_links":{"self":[{"href":"https:\/\/dersuessestopp.com\/sl\/wp-json\/wp\/v2\/product\/10197","targetHints":{"allow":["GET"]}}],"collection":[{"href":"https:\/\/dersuessestopp.com\/sl\/wp-json\/wp\/v2\/product"}],"about":[{"href":"https:\/\/dersuessestopp.com\/sl\/wp-json\/wp\/v2\/types\/product"}],"replies":[{"embeddable":true,"href":"https:\/\/dersuessestopp.com\/sl\/wp-json\/wp\/v2\/comments?post=10197"}],"version-history":[{"count":3,"href":"https:\/\/dersuessestopp.com\/sl\/wp-json\/wp\/v2\/product\/10197\/revisions"}],"predecessor-version":[{"id":12364,"href":"https:\/\/dersuessestopp.com\/sl\/wp-json\/wp\/v2\/product\/10197\/revisions\/12364"}],"wp:featuredmedia":[{"embeddable":true,"href":"https:\/\/dersuessestopp.com\/sl\/wp-json\/wp\/v2\/media\/10246"}],"wp:attachment":[{"href":"https:\/\/dersuessestopp.com\/sl\/wp-json\/wp\/v2\/media?parent=10197"}],"wp:term":[{"taxonomy":"product_brand","embeddable":true,"href":"https:\/\/dersuessestopp.com\/sl\/wp-json\/wp\/v2\/product_brand?post=10197"},{"taxonomy":"product_cat","embeddable":true,"href":"https:\/\/dersuessestopp.com\/sl\/wp-json\/wp\/v2\/product_cat?post=10197"},{"taxonomy":"product_tag","embeddable":true,"href":"https:\/\/dersuessestopp.com\/sl\/wp-json\/wp\/v2\/product_tag?post=10197"}],"curies":[{"name":"wp","href":"https:\/\/api.w.org\/{rel}","templated":true}]}}